{"id":3024,"date":"2019-07-26T16:41:24","date_gmt":"2019-07-26T16:41:24","guid":{"rendered":"https:\/\/navidor.com\/equipment\/"},"modified":"2023-11-03T12:58:52","modified_gmt":"2023-11-03T12:58:52","slug":"materiel","status":"publish","type":"page","link":"https:\/\/navidor.com\/fr\/materiel\/","title":{"rendered":"Mat\u00e9riel"},"content":{"rendered":"\n<div style=\"height:80px\" aria-hidden=\"true\" class=\"wp-block-spacer\"><\/div>\n\n\n\n<div class=\"wp-block-columns has-2-columns equipment-page is-layout-flex wp-container-core-columns-is-layout-9d6595d7 wp-block-columns-is-layout-flex\">\n<div class=\"wp-block-column is-layout-flow wp-block-column-is-layout-flow\">\n<section class=\"wp-block-uagb-section uagb-section__wrap uagb-section__background-undefined uagb-block-12bb0df0\"><div class=\"uagb-section__overlay\"><\/div><div class=\"uagb-section__inner-wrap\">\n<figure class=\"wp-block-image alignleft size-full is-resized\"><img loading=\"lazy\" decoding=\"async\" width=\"544\" height=\"382\" src=\"https:\/\/navidor.com\/wp-content\/uploads\/2023\/11\/navidor-payment-solutions-equipment-physical-terminal.png\" alt=\"\" class=\"wp-image-3976\" style=\"width:150px;height:106px\" srcset=\"https:\/\/navidor.com\/wp-content\/uploads\/2023\/11\/navidor-payment-solutions-equipment-physical-terminal.png 544w, https:\/\/navidor.com\/wp-content\/uploads\/2023\/11\/navidor-payment-solutions-equipment-physical-terminal-300x211.png 300w\" sizes=\"auto, (max-width: 544px) 100vw, 544px\" \/><\/figure>\n\n\n\n<h3 class=\"wp-block-heading\"><a href=\"https:\/\/navidor.com\/fr\/materiel\/terminaux\/\">Terminaux Physiques<\/a><\/h3>\n\n\n\n<p class=\"read-more\">Faciles \u00e0 utiliser et conformes PCI<br><a href=\"https:\/\/navidor.com\/fr\/materiel\/terminaux\/\">Lire la suite<\/a><\/p>\n<\/div><\/section>\n\n\n\n<section class=\"wp-block-uagb-section uagb-section__wrap uagb-section__background-undefined uagb-block-4a0a8af2\"><div class=\"uagb-section__overlay\"><\/div><div class=\"uagb-section__inner-wrap\">\n<figure class=\"wp-block-image alignleft size-full is-resized\"><img loading=\"lazy\" decoding=\"async\" width=\"544\" height=\"382\" src=\"https:\/\/navidor.com\/wp-content\/uploads\/2023\/11\/navidor-payment-solutions-equipment-gateways-virtual-terminals.png\" alt=\"\" class=\"wp-image-3981\" style=\"width:150px;height:106px\" srcset=\"https:\/\/navidor.com\/wp-content\/uploads\/2023\/11\/navidor-payment-solutions-equipment-gateways-virtual-terminals.png 544w, https:\/\/navidor.com\/wp-content\/uploads\/2023\/11\/navidor-payment-solutions-equipment-gateways-virtual-terminals-300x211.png 300w\" sizes=\"auto, (max-width: 544px) 100vw, 544px\" \/><\/figure>\n\n\n\n<h3 class=\"wp-block-heading\"><a href=\"https:\/\/navidor.com\/fr\/materiel\/terminaux-virtuels\/\">Passerelles et terminaux virtuels<\/a><\/h3>\n\n\n\n<p class=\"read-more\">Solutions pour commerce \u00e9lectronique, commandes par t\u00e9l\u00e9phone ou courrier<br><a href=\"https:\/\/navidor.com\/fr\/materiel\/terminaux-virtuels\/\">Lire la suite<\/a><\/p>\n<\/div><\/section>\n<\/div>\n\n\n\n<div class=\"wp-block-column is-layout-flow wp-block-column-is-layout-flow\">\n<section class=\"wp-block-uagb-section uagb-section__wrap uagb-section__background-undefined uagb-block-7811b0b4\"><div class=\"uagb-section__overlay\"><\/div><div class=\"uagb-section__inner-wrap\">\n<figure class=\"wp-block-image alignleft size-full is-resized\"><img loading=\"lazy\" decoding=\"async\" width=\"544\" height=\"382\" src=\"https:\/\/navidor.com\/wp-content\/uploads\/2023\/11\/navidor-payment-solutions-equipment-mobile-payment-solutions.png\" alt=\"\" class=\"wp-image-3978\" style=\"width:150px;height:106px\" srcset=\"https:\/\/navidor.com\/wp-content\/uploads\/2023\/11\/navidor-payment-solutions-equipment-mobile-payment-solutions.png 544w, https:\/\/navidor.com\/wp-content\/uploads\/2023\/11\/navidor-payment-solutions-equipment-mobile-payment-solutions-300x211.png 300w\" sizes=\"auto, (max-width: 544px) 100vw, 544px\" \/><\/figure>\n\n\n\n<h3 class=\"wp-block-heading\"><a href=\"https:\/\/navidor.com\/fr\/materiel\/solutions-mobiles\/\">Solutions mobiles<\/a><\/h3>\n\n\n\n<p class=\"read-more\">Acceptez les cartes n&rsquo;importe o\u00f9 !<br><a href=\"https:\/\/navidor.com\/fr\/materiel\/solutions-mobiles\/\">Lire la suite<\/a><\/p>\n<\/div><\/section>\n\n\n\n<section class=\"wp-block-uagb-section uagb-section__wrap uagb-section__background-undefined uagb-block-77750248\"><div class=\"uagb-section__overlay\"><\/div><div class=\"uagb-section__inner-wrap\">\n<figure class=\"wp-block-image alignleft size-full is-resized\"><img loading=\"lazy\" decoding=\"async\" width=\"544\" height=\"382\" src=\"https:\/\/navidor.com\/wp-content\/uploads\/2023\/11\/navidor-payment-solutions-equipment-pos-systems.png\" alt=\"\" class=\"wp-image-3983\" style=\"width:150px;height:106px\" srcset=\"https:\/\/navidor.com\/wp-content\/uploads\/2023\/11\/navidor-payment-solutions-equipment-pos-systems.png 544w, https:\/\/navidor.com\/wp-content\/uploads\/2023\/11\/navidor-payment-solutions-equipment-pos-systems-300x211.png 300w\" sizes=\"auto, (max-width: 544px) 100vw, 544px\" \/><\/figure>\n\n\n\n<h3 class=\"wp-block-heading\"><a href=\"https:\/\/navidor.com\/fr\/materiel\/systemes-point-de-vente\/\">Syst\u00e8mes de point de vente<\/a><\/h3>\n\n\n\n<p class=\"read-more\">Nos solutions sont compatibles avec les principaux syst\u00e8mes de point de vente. <br><a href=\"https:\/\/navidor.com\/fr\/materiel\/systemes-point-de-vente\/\">Lire la suite<\/a><\/p>\n<\/div><\/section>\n\n\n\n<p><\/p>\n<\/div>\n<\/div>\n","protected":false},"excerpt":{"rendered":"","protected":false},"author":1,"featured_media":3893,"parent":0,"menu_order":0,"comment_status":"closed","ping_status":"closed","template":"","meta":{"_acf_changed":false,"_uag_custom_page_level_css":"","footnotes":""},"class_list":["post-3024","page","type-page","status-publish","has-post-thumbnail","hentry"],"acf":[],"yoast_head":"<!-- This site is optimized with the Yoast SEO plugin v27.2 - https:\/\/yoast.com\/product\/yoast-seo-wordpress\/ -->\n<title>Solutions en mat\u00e9riel de paiement pour tous vos besoins en ligne, point de vente ou mobile<\/title>\n<meta name=\"description\" content=\"Une s\u00e9lection de terminaux modernes et conformes \u00e0 la norme PCI, de passerelles et de terminaux virtuels, de scanners de ch\u00e8ques, de logiciels de point de vente et de solutions mobiles.\" \/>\n<meta name=\"robots\" content=\"index, follow, max-snippet:-1, max-image-preview:large, max-video-preview:-1\" \/>\n<link rel=\"canonical\" href=\"https:\/\/navidor.com\/fr\/materiel\/\" \/>\n<meta property=\"og:locale\" content=\"fr_FR\" \/>\n<meta property=\"og:type\" content=\"article\" \/>\n<meta property=\"og:title\" content=\"Solutions en mat\u00e9riel de paiement pour tous vos besoins en ligne, point de vente ou mobile\" \/>\n<meta property=\"og:description\" content=\"Une s\u00e9lection de terminaux modernes et conformes \u00e0 la norme PCI, de passerelles et de terminaux virtuels, de scanners de ch\u00e8ques, de logiciels de point de vente et de solutions mobiles.\" \/>\n<meta property=\"og:url\" content=\"https:\/\/navidor.com\/fr\/materiel\/\" \/>\n<meta property=\"og:site_name\" content=\"Navidor Payment Solutions\" \/>\n<meta property=\"article:publisher\" content=\"https:\/\/www.facebook.com\/NavidorPaymentsolutions\/\" \/>\n<meta property=\"article:modified_time\" content=\"2023-11-03T12:58:52+00:00\" \/>\n<meta property=\"og:image\" content=\"https:\/\/navidor.com\/wp-content\/uploads\/2019\/11\/navider-payment-solutions-website.png\" \/>\n\t<meta property=\"og:image:width\" content=\"1200\" \/>\n\t<meta property=\"og:image:height\" content=\"600\" \/>\n\t<meta property=\"og:image:type\" content=\"image\/png\" \/>\n<meta name=\"twitter:card\" content=\"summary_large_image\" \/>\n<meta name=\"twitter:site\" content=\"@NavidorServices\" \/>\n<meta name=\"twitter:label1\" content=\"Dur\u00e9e de lecture estim\u00e9e\" \/>\n\t<meta name=\"twitter:data1\" content=\"2 minutes\" \/>\n<script type=\"application\/ld+json\" class=\"yoast-schema-graph\">{\"@context\":\"https:\/\/schema.org\",\"@graph\":[{\"@type\":\"WebPage\",\"@id\":\"https:\/\/navidor.com\/fr\/materiel\/\",\"url\":\"https:\/\/navidor.com\/fr\/materiel\/\",\"name\":\"Solutions en mat\u00e9riel de paiement pour tous vos besoins en ligne, point de vente ou mobile\",\"isPartOf\":{\"@id\":\"https:\/\/navidor.com\/fr\/#website\"},\"primaryImageOfPage\":{\"@id\":\"https:\/\/navidor.com\/fr\/materiel\/#primaryimage\"},\"image\":{\"@id\":\"https:\/\/navidor.com\/fr\/materiel\/#primaryimage\"},\"thumbnailUrl\":\"https:\/\/navidor.com\/wp-content\/uploads\/2023\/08\/navidor-logo-2023-215-2.png\",\"datePublished\":\"2019-07-26T16:41:24+00:00\",\"dateModified\":\"2023-11-03T12:58:52+00:00\",\"description\":\"Une s\u00e9lection de terminaux modernes et conformes \u00e0 la norme PCI, de passerelles et de terminaux virtuels, de scanners de ch\u00e8ques, de logiciels de point de vente et de solutions mobiles.\",\"breadcrumb\":{\"@id\":\"https:\/\/navidor.com\/fr\/materiel\/#breadcrumb\"},\"inLanguage\":\"fr-FR\",\"potentialAction\":[{\"@type\":\"ReadAction\",\"target\":[\"https:\/\/navidor.com\/fr\/materiel\/\"]}]},{\"@type\":\"ImageObject\",\"inLanguage\":\"fr-FR\",\"@id\":\"https:\/\/navidor.com\/fr\/materiel\/#primaryimage\",\"url\":\"https:\/\/navidor.com\/wp-content\/uploads\/2023\/08\/navidor-logo-2023-215-2.png\",\"contentUrl\":\"https:\/\/navidor.com\/wp-content\/uploads\/2023\/08\/navidor-logo-2023-215-2.png\",\"width\":215,\"height\":136},{\"@type\":\"BreadcrumbList\",\"@id\":\"https:\/\/navidor.com\/fr\/materiel\/#breadcrumb\",\"itemListElement\":[{\"@type\":\"ListItem\",\"position\":1,\"name\":\"Navidor\",\"item\":\"https:\/\/navidor.com\/fr\/\"},{\"@type\":\"ListItem\",\"position\":2,\"name\":\"Mat\u00e9riel\"}]},{\"@type\":\"WebSite\",\"@id\":\"https:\/\/navidor.com\/fr\/#website\",\"url\":\"https:\/\/navidor.com\/fr\/\",\"name\":\"Navidor Payment Solutions\",\"description\":\"Payment solutions done right\",\"publisher\":{\"@id\":\"https:\/\/navidor.com\/fr\/#organization\"},\"potentialAction\":[{\"@type\":\"SearchAction\",\"target\":{\"@type\":\"EntryPoint\",\"urlTemplate\":\"https:\/\/navidor.com\/fr\/?s={search_term_string}\"},\"query-input\":{\"@type\":\"PropertyValueSpecification\",\"valueRequired\":true,\"valueName\":\"search_term_string\"}}],\"inLanguage\":\"fr-FR\"},{\"@type\":\"Organization\",\"@id\":\"https:\/\/navidor.com\/fr\/#organization\",\"name\":\"Navidor Payment Solutions\",\"url\":\"https:\/\/navidor.com\/fr\/\",\"logo\":{\"@type\":\"ImageObject\",\"inLanguage\":\"fr-FR\",\"@id\":\"https:\/\/navidor.com\/fr\/#\/schema\/logo\/image\/\",\"url\":\"https:\/\/navidor.com\/wp-content\/uploads\/2019\/11\/navider-payment-solutions-website.png\",\"contentUrl\":\"https:\/\/navidor.com\/wp-content\/uploads\/2019\/11\/navider-payment-solutions-website.png\",\"width\":1200,\"height\":600,\"caption\":\"Navidor Payment Solutions\"},\"image\":{\"@id\":\"https:\/\/navidor.com\/fr\/#\/schema\/logo\/image\/\"},\"sameAs\":[\"https:\/\/www.facebook.com\/NavidorPaymentsolutions\/\",\"https:\/\/x.com\/NavidorServices\",\"https:\/\/www.linkedin.com\/company\/navidor-merchant-services\/\",\"https:\/\/www.instagram.com\/navidor.payment.solutions\/\"]}]}<\/script>\n<!-- \/ Yoast SEO plugin. -->","yoast_head_json":{"title":"Solutions en mat\u00e9riel de paiement pour tous vos besoins en ligne, point de vente ou mobile","description":"Une s\u00e9lection de terminaux modernes et conformes \u00e0 la norme PCI, de passerelles et de terminaux virtuels, de scanners de ch\u00e8ques, de logiciels de point de vente et de solutions mobiles.","robots":{"index":"index","follow":"follow","max-snippet":"max-snippet:-1","max-image-preview":"max-image-preview:large","max-video-preview":"max-video-preview:-1"},"canonical":"https:\/\/navidor.com\/fr\/materiel\/","og_locale":"fr_FR","og_type":"article","og_title":"Solutions en mat\u00e9riel de paiement pour tous vos besoins en ligne, point de vente ou mobile","og_description":"Une s\u00e9lection de terminaux modernes et conformes \u00e0 la norme PCI, de passerelles et de terminaux virtuels, de scanners de ch\u00e8ques, de logiciels de point de vente et de solutions mobiles.","og_url":"https:\/\/navidor.com\/fr\/materiel\/","og_site_name":"Navidor Payment Solutions","article_publisher":"https:\/\/www.facebook.com\/NavidorPaymentsolutions\/","article_modified_time":"2023-11-03T12:58:52+00:00","og_image":[{"width":1200,"height":600,"url":"https:\/\/navidor.com\/wp-content\/uploads\/2019\/11\/navider-payment-solutions-website.png","type":"image\/png"}],"twitter_card":"summary_large_image","twitter_site":"@NavidorServices","twitter_misc":{"Dur\u00e9e de lecture estim\u00e9e":"2 minutes"},"schema":{"@context":"https:\/\/schema.org","@graph":[{"@type":"WebPage","@id":"https:\/\/navidor.com\/fr\/materiel\/","url":"https:\/\/navidor.com\/fr\/materiel\/","name":"Solutions en mat\u00e9riel de paiement pour tous vos besoins en ligne, point de vente ou mobile","isPartOf":{"@id":"https:\/\/navidor.com\/fr\/#website"},"primaryImageOfPage":{"@id":"https:\/\/navidor.com\/fr\/materiel\/#primaryimage"},"image":{"@id":"https:\/\/navidor.com\/fr\/materiel\/#primaryimage"},"thumbnailUrl":"https:\/\/navidor.com\/wp-content\/uploads\/2023\/08\/navidor-logo-2023-215-2.png","datePublished":"2019-07-26T16:41:24+00:00","dateModified":"2023-11-03T12:58:52+00:00","description":"Une s\u00e9lection de terminaux modernes et conformes \u00e0 la norme PCI, de passerelles et de terminaux virtuels, de scanners de ch\u00e8ques, de logiciels de point de vente et de solutions mobiles.","breadcrumb":{"@id":"https:\/\/navidor.com\/fr\/materiel\/#breadcrumb"},"inLanguage":"fr-FR","potentialAction":[{"@type":"ReadAction","target":["https:\/\/navidor.com\/fr\/materiel\/"]}]},{"@type":"ImageObject","inLanguage":"fr-FR","@id":"https:\/\/navidor.com\/fr\/materiel\/#primaryimage","url":"https:\/\/navidor.com\/wp-content\/uploads\/2023\/08\/navidor-logo-2023-215-2.png","contentUrl":"https:\/\/navidor.com\/wp-content\/uploads\/2023\/08\/navidor-logo-2023-215-2.png","width":215,"height":136},{"@type":"BreadcrumbList","@id":"https:\/\/navidor.com\/fr\/materiel\/#breadcrumb","itemListElement":[{"@type":"ListItem","position":1,"name":"Navidor","item":"https:\/\/navidor.com\/fr\/"},{"@type":"ListItem","position":2,"name":"Mat\u00e9riel"}]},{"@type":"WebSite","@id":"https:\/\/navidor.com\/fr\/#website","url":"https:\/\/navidor.com\/fr\/","name":"Navidor Payment Solutions","description":"Payment solutions done right","publisher":{"@id":"https:\/\/navidor.com\/fr\/#organization"},"potentialAction":[{"@type":"SearchAction","target":{"@type":"EntryPoint","urlTemplate":"https:\/\/navidor.com\/fr\/?s={search_term_string}"},"query-input":{"@type":"PropertyValueSpecification","valueRequired":true,"valueName":"search_term_string"}}],"inLanguage":"fr-FR"},{"@type":"Organization","@id":"https:\/\/navidor.com\/fr\/#organization","name":"Navidor Payment Solutions","url":"https:\/\/navidor.com\/fr\/","logo":{"@type":"ImageObject","inLanguage":"fr-FR","@id":"https:\/\/navidor.com\/fr\/#\/schema\/logo\/image\/","url":"https:\/\/navidor.com\/wp-content\/uploads\/2019\/11\/navider-payment-solutions-website.png","contentUrl":"https:\/\/navidor.com\/wp-content\/uploads\/2019\/11\/navider-payment-solutions-website.png","width":1200,"height":600,"caption":"Navidor Payment Solutions"},"image":{"@id":"https:\/\/navidor.com\/fr\/#\/schema\/logo\/image\/"},"sameAs":["https:\/\/www.facebook.com\/NavidorPaymentsolutions\/","https:\/\/x.com\/NavidorServices","https:\/\/www.linkedin.com\/company\/navidor-merchant-services\/","https:\/\/www.instagram.com\/navidor.payment.solutions\/"]}]}},"uagb_featured_image_src":{"full":["https:\/\/navidor.com\/wp-content\/uploads\/2023\/08\/navidor-logo-2023-215-2.png",215,136,false],"thumbnail":["https:\/\/navidor.com\/wp-content\/uploads\/2023\/08\/navidor-logo-2023-215-2-150x136.png",150,136,true],"medium":["https:\/\/navidor.com\/wp-content\/uploads\/2023\/08\/navidor-logo-2023-215-2.png",215,136,false],"medium_large":["https:\/\/navidor.com\/wp-content\/uploads\/2023\/08\/navidor-logo-2023-215-2.png",215,136,false],"large":["https:\/\/navidor.com\/wp-content\/uploads\/2023\/08\/navidor-logo-2023-215-2.png",215,136,false],"1536x1536":["https:\/\/navidor.com\/wp-content\/uploads\/2023\/08\/navidor-logo-2023-215-2.png",215,136,false],"2048x2048":["https:\/\/navidor.com\/wp-content\/uploads\/2023\/08\/navidor-logo-2023-215-2.png",215,136,false],"gform-image-choice-sm":["https:\/\/navidor.com\/wp-content\/uploads\/2023\/08\/navidor-logo-2023-215-2.png",215,136,false],"gform-image-choice-md":["https:\/\/navidor.com\/wp-content\/uploads\/2023\/08\/navidor-logo-2023-215-2.png",215,136,false],"gform-image-choice-lg":["https:\/\/navidor.com\/wp-content\/uploads\/2023\/08\/navidor-logo-2023-215-2.png",215,136,false]},"uagb_author_info":{"display_name":"navidor","author_link":"https:\/\/navidor.com\/fr\/author\/navidor\/"},"uagb_comment_info":0,"uagb_excerpt":null,"_links":{"self":[{"href":"https:\/\/navidor.com\/fr\/wp-json\/wp\/v2\/pages\/3024","targetHints":{"allow":["GET"]}}],"collection":[{"href":"https:\/\/navidor.com\/fr\/wp-json\/wp\/v2\/pages"}],"about":[{"href":"https:\/\/navidor.com\/fr\/wp-json\/wp\/v2\/types\/page"}],"author":[{"embeddable":true,"href":"https:\/\/navidor.com\/fr\/wp-json\/wp\/v2\/users\/1"}],"replies":[{"embeddable":true,"href":"https:\/\/navidor.com\/fr\/wp-json\/wp\/v2\/comments?post=3024"}],"version-history":[{"count":6,"href":"https:\/\/navidor.com\/fr\/wp-json\/wp\/v2\/pages\/3024\/revisions"}],"predecessor-version":[{"id":4045,"href":"https:\/\/navidor.com\/fr\/wp-json\/wp\/v2\/pages\/3024\/revisions\/4045"}],"wp:featuredmedia":[{"embeddable":true,"href":"https:\/\/navidor.com\/fr\/wp-json\/wp\/v2\/media\/3893"}],"wp:attachment":[{"href":"https:\/\/navidor.com\/fr\/wp-json\/wp\/v2\/media?parent=3024"}],"curies":[{"name":"wp","href":"https:\/\/api.w.org\/{rel}","templated":true}]}}