{"id":3026,"date":"2019-02-10T16:42:05","date_gmt":"2019-02-10T16:42:05","guid":{"rendered":"https:\/\/navidor.com\/equipment\/mobile-solutions\/"},"modified":"2024-04-17T19:42:03","modified_gmt":"2024-04-17T19:42:03","slug":"solutions-mobiles","status":"publish","type":"page","link":"https:\/\/navidor.com\/fr\/materiel\/solutions-mobiles\/","title":{"rendered":"Solutions mobiles"},"content":{"rendered":"<style>.kb-image3026_7dc826-02.kb-image-is-ratio-size, .kb-image3026_7dc826-02 .kb-image-is-ratio-size{max-width:325px;width:100%;}.wp-block-kadence-column > .kt-inside-inner-col > .kb-image3026_7dc826-02.kb-image-is-ratio-size, .wp-block-kadence-column > .kt-inside-inner-col > .kb-image3026_7dc826-02 .kb-image-is-ratio-size{align-self:unset;}.kb-image3026_7dc826-02 figure{max-width:325px;}.kb-image3026_7dc826-02 .image-is-svg, .kb-image3026_7dc826-02 .image-is-svg img{width:100%;}.kb-image3026_7dc826-02 .kb-image-has-overlay:after{opacity:0.3;}<\/style>\n<div class=\"wp-block-kadence-image kb-image3026_7dc826-02\"><figure class=\"alignright size-full is-resized\"><img decoding=\"async\" src=\"https:\/\/navidor.com\/wp-content\/uploads\/2023\/11\/navidor-payment-solutions-equipment-mobile-payment-solutions.png\" alt=\"\" class=\"kb-img wp-image-3978\" width=\"325px\" height=\"106\" srcset=\"https:\/\/navidor.com\/wp-content\/uploads\/2023\/11\/navidor-payment-solutions-equipment-mobile-payment-solutions.png 544w, https:\/\/navidor.com\/wp-content\/uploads\/2023\/11\/navidor-payment-solutions-equipment-mobile-payment-solutions-300x211.png 300w\" sizes=\"(max-width: 544px) 100vw, 544px\" \/><\/figure><\/div>\n\n\n\n<p>Que vous utilisiez un iPhone, iPad ou Android, nous avons une solution mobile pour vous !<\/p>\n\n\n\n<h2 class=\"wp-block-heading\">Les avantages de l&rsquo;encaissement mobile<\/h2>\n\n\n\n<ul class=\"two-cols checkmark-list wp-block-list\">\n<li>Possibilit\u00e9 d&rsquo;accepter des paiements en d\u00e9placement pour ne jamais manquer une vente\u00a0!<\/li>\n\n\n\n<li>\u00c9tant donn\u00e9 que la carte est physiquement pr\u00e9sente, les tarifs appliqu\u00e9s sont moins chers que les tarifs en environnement \u00ab\u00a0carte non-pr\u00e9sente\u00a0\u00bb.<\/li>\n\n\n\n<li>Les appareils sont petits et l\u00e9gers, facilitant le transport<\/li>\n\n\n\n<li>Aucun c\u00e2ble n\u00e9cessaire<\/li>\n\n\n\n<li>Tr\u00e8s simple d&rsquo;utilisation et moins chronophage qu&rsquo;une autorisation t\u00e9l\u00e9phonique<\/li>\n\n\n\n<li>Encaissement des cartes de cr\u00e9dit en temps r\u00e9el : vous obtenez une r\u00e9ponse d&rsquo;approbation ou de refus au moment de la <span class='tooltipsall tooltip_post_id_1041 classtoolTips1041'>transaction<\/span>.<\/li>\n<\/ul>\n\n\n\n<p>Les solutions mobiles sont \u00e9galement une excellente solution pour les d\u00e9taillants occup\u00e9s! Vous pouvez \u00e9quiper votre \u00e9quipe de vente avec des appareils mobiles de sorte que vos clients peuvent \u00e9viter d\u2019attendre dans les longues files d\u2019attente.<\/p>\n\n\n\r\n<div id=\"cta-block_d2ea943a97d47afe413b405c7ceac3f0\" class=\"cta iminterested\">\r\n    <a href=\"#\">Contactez-nous pour en savoir plus<\/a>\r\n<\/div>\n\n\n<div class=\"wp-block-columns has-5-columns equipment-menu is-layout-flex wp-container-core-columns-is-layout-9d6595d7 wp-block-columns-is-layout-flex\">\n<div class=\"wp-block-column is-layout-flow wp-block-column-is-layout-flow\">\n<figure class=\"wp-block-image aligncenter size-full\"><img loading=\"lazy\" decoding=\"async\" width=\"544\" height=\"382\" src=\"https:\/\/navidor.com\/wp-content\/uploads\/2023\/11\/navidor-payment-solutions-equipment-physical-terminal.png\" alt=\"\" class=\"wp-image-3976\" style=\"object-fit:cover\" srcset=\"https:\/\/navidor.com\/wp-content\/uploads\/2023\/11\/navidor-payment-solutions-equipment-physical-terminal.png 544w, https:\/\/navidor.com\/wp-content\/uploads\/2023\/11\/navidor-payment-solutions-equipment-physical-terminal-300x211.png 300w\" sizes=\"auto, (max-width: 544px) 100vw, 544px\" \/><\/figure>\n\n\n\n<p class=\"has-text-align-center\"><a href=\"https:\/\/navidor.com\/fr\/materiel\/terminaux\/\" data-type=\"page\" data-id=\"3028\">Terminaux<\/a><\/p>\n<\/div>\n\n\n\n<div class=\"wp-block-column is-layout-flow wp-block-column-is-layout-flow\">\n<figure class=\"wp-block-image aligncenter size-full\"><img loading=\"lazy\" decoding=\"async\" width=\"544\" height=\"382\" src=\"https:\/\/navidor.com\/wp-content\/uploads\/2023\/11\/navidor-payment-solutions-equipment-mobile-payment-solutions.png\" alt=\"\" class=\"wp-image-3978\" style=\"object-fit:cover\" srcset=\"https:\/\/navidor.com\/wp-content\/uploads\/2023\/11\/navidor-payment-solutions-equipment-mobile-payment-solutions.png 544w, https:\/\/navidor.com\/wp-content\/uploads\/2023\/11\/navidor-payment-solutions-equipment-mobile-payment-solutions-300x211.png 300w\" sizes=\"auto, (max-width: 544px) 100vw, 544px\" \/><\/figure>\n\n\n\n<p class=\"has-text-align-center\"><a href=\"https:\/\/navidor.com\/fr\/materiel\/solutions-mobiles\/\" data-type=\"page\" data-id=\"3026\">Solutions mobiles<\/a><\/p>\n<\/div>\n\n\n\n<div class=\"wp-block-column is-layout-flow wp-block-column-is-layout-flow\">\n<figure class=\"wp-block-image aligncenter size-full\"><img loading=\"lazy\" decoding=\"async\" width=\"544\" height=\"382\" src=\"https:\/\/navidor.com\/wp-content\/uploads\/2023\/11\/navidor-payment-solutions-equipment-gateways-virtual-terminals.png\" alt=\"\" class=\"wp-image-3981\" style=\"object-fit:cover\" srcset=\"https:\/\/navidor.com\/wp-content\/uploads\/2023\/11\/navidor-payment-solutions-equipment-gateways-virtual-terminals.png 544w, https:\/\/navidor.com\/wp-content\/uploads\/2023\/11\/navidor-payment-solutions-equipment-gateways-virtual-terminals-300x211.png 300w\" sizes=\"auto, (max-width: 544px) 100vw, 544px\" \/><\/figure>\n\n\n\n<p class=\"has-text-align-center\"><a href=\"https:\/\/navidor.com\/fr\/materiel\/terminaux-virtuels\/\" data-type=\"page\" data-id=\"3029\">Passerelles \/ Terminaux virtuels<\/a><\/p>\n<\/div>\n\n\n\n<div class=\"wp-block-column is-layout-flow wp-block-column-is-layout-flow\">\n<figure class=\"wp-block-image aligncenter size-full\"><img loading=\"lazy\" decoding=\"async\" width=\"544\" height=\"382\" src=\"https:\/\/navidor.com\/wp-content\/uploads\/2023\/11\/navidor-payment-solutions-equipment-pos-systems.png\" alt=\"\" class=\"wp-image-3983\" style=\"object-fit:cover\" srcset=\"https:\/\/navidor.com\/wp-content\/uploads\/2023\/11\/navidor-payment-solutions-equipment-pos-systems.png 544w, https:\/\/navidor.com\/wp-content\/uploads\/2023\/11\/navidor-payment-solutions-equipment-pos-systems-300x211.png 300w\" sizes=\"auto, (max-width: 544px) 100vw, 544px\" \/><\/figure>\n\n\n\n<p class=\"has-text-align-center\"><a href=\"https:\/\/navidor.com\/fr\/materiel\/systemes-point-de-vente\/\" data-type=\"page\" data-id=\"3027\">Syst\u00e8mes de point de vente<\/a><\/p>\n<\/div>\n<\/div>\n\n\n\n<p><\/p>\n","protected":false},"excerpt":{"rendered":"<p>Que vous utilisiez un iPhone, iPad ou Android, nous avons une solution mobile pour vous ! Les avantages de l&rsquo;encaissement mobile Les solutions mobiles sont \u00e9galement une excellente solution pour les d\u00e9taillants occup\u00e9s! Vous pouvez \u00e9quiper votre \u00e9quipe de vente avec des appareils mobiles de sorte que vos clients peuvent \u00e9viter d\u2019attendre dans les longues [&#8230;]\n","protected":false},"author":1,"featured_media":3978,"parent":3024,"menu_order":0,"comment_status":"closed","ping_status":"closed","template":"page-blank-sub-nav-vertical.php","meta":{"_acf_changed":false,"_uag_custom_page_level_css":"","footnotes":""},"class_list":["post-3026","page","type-page","status-publish","has-post-thumbnail","hentry"],"acf":[],"yoast_head":"<!-- This site is optimized with the Yoast SEO plugin v27.2 - https:\/\/yoast.com\/product\/yoast-seo-wordpress\/ -->\n<title>R\u00e8glement mobile - acceptez les cartes n&#039;importe o\u00f9 et ne manquez pas une vente !<\/title>\n<meta name=\"description\" content=\"Que vous utilisiez un iPhone, un iPad, un Android ou un Blackberry, nous avons une solution mobile pour vous ! \u00c9quipez votre \u00e9quipe commerciale d&#039;appareils mobiles.\" \/>\n<meta name=\"robots\" content=\"index, follow, max-snippet:-1, max-image-preview:large, max-video-preview:-1\" \/>\n<link rel=\"canonical\" href=\"https:\/\/navidor.com\/fr\/materiel\/solutions-mobiles\/\" \/>\n<meta property=\"og:locale\" content=\"fr_FR\" \/>\n<meta property=\"og:type\" content=\"article\" \/>\n<meta property=\"og:title\" content=\"R\u00e8glement mobile - acceptez les cartes n&#039;importe o\u00f9 et ne manquez pas une vente !\" \/>\n<meta property=\"og:description\" content=\"Que vous utilisiez un iPhone, un iPad, un Android ou un Blackberry, nous avons une solution mobile pour vous ! \u00c9quipez votre \u00e9quipe commerciale d&#039;appareils mobiles.\" \/>\n<meta property=\"og:url\" content=\"https:\/\/navidor.com\/fr\/materiel\/solutions-mobiles\/\" \/>\n<meta property=\"og:site_name\" content=\"Navidor Payment Solutions\" \/>\n<meta property=\"article:publisher\" content=\"https:\/\/www.facebook.com\/NavidorPaymentsolutions\/\" \/>\n<meta property=\"article:modified_time\" content=\"2024-04-17T19:42:03+00:00\" \/>\n<meta property=\"og:image\" content=\"https:\/\/navidor.com\/wp-content\/uploads\/2023\/11\/navidor-payment-solutions-equipment-mobile-payment-solutions.png\" \/>\n\t<meta property=\"og:image:width\" content=\"544\" \/>\n\t<meta property=\"og:image:height\" content=\"382\" \/>\n\t<meta property=\"og:image:type\" content=\"image\/png\" \/>\n<meta name=\"twitter:card\" content=\"summary_large_image\" \/>\n<meta name=\"twitter:site\" content=\"@NavidorServices\" \/>\n<meta name=\"twitter:label1\" content=\"Dur\u00e9e de lecture estim\u00e9e\" \/>\n\t<meta name=\"twitter:data1\" content=\"2 minutes\" \/>\n<script type=\"application\/ld+json\" class=\"yoast-schema-graph\">{\"@context\":\"https:\/\/schema.org\",\"@graph\":[{\"@type\":\"WebPage\",\"@id\":\"https:\/\/navidor.com\/fr\/materiel\/solutions-mobiles\/\",\"url\":\"https:\/\/navidor.com\/fr\/materiel\/solutions-mobiles\/\",\"name\":\"R\u00e8glement mobile - acceptez les cartes n'importe o\u00f9 et ne manquez pas une vente !\",\"isPartOf\":{\"@id\":\"https:\/\/navidor.com\/fr\/#website\"},\"primaryImageOfPage\":{\"@id\":\"https:\/\/navidor.com\/fr\/materiel\/solutions-mobiles\/#primaryimage\"},\"image\":{\"@id\":\"https:\/\/navidor.com\/fr\/materiel\/solutions-mobiles\/#primaryimage\"},\"thumbnailUrl\":\"https:\/\/navidor.com\/wp-content\/uploads\/2023\/11\/navidor-payment-solutions-equipment-mobile-payment-solutions.png\",\"datePublished\":\"2019-02-10T16:42:05+00:00\",\"dateModified\":\"2024-04-17T19:42:03+00:00\",\"description\":\"Que vous utilisiez un iPhone, un iPad, un Android ou un Blackberry, nous avons une solution mobile pour vous ! \u00c9quipez votre \u00e9quipe commerciale d'appareils mobiles.\",\"breadcrumb\":{\"@id\":\"https:\/\/navidor.com\/fr\/materiel\/solutions-mobiles\/#breadcrumb\"},\"inLanguage\":\"fr-FR\",\"potentialAction\":[{\"@type\":\"ReadAction\",\"target\":[\"https:\/\/navidor.com\/fr\/materiel\/solutions-mobiles\/\"]}]},{\"@type\":\"ImageObject\",\"inLanguage\":\"fr-FR\",\"@id\":\"https:\/\/navidor.com\/fr\/materiel\/solutions-mobiles\/#primaryimage\",\"url\":\"https:\/\/navidor.com\/wp-content\/uploads\/2023\/11\/navidor-payment-solutions-equipment-mobile-payment-solutions.png\",\"contentUrl\":\"https:\/\/navidor.com\/wp-content\/uploads\/2023\/11\/navidor-payment-solutions-equipment-mobile-payment-solutions.png\",\"width\":544,\"height\":382},{\"@type\":\"BreadcrumbList\",\"@id\":\"https:\/\/navidor.com\/fr\/materiel\/solutions-mobiles\/#breadcrumb\",\"itemListElement\":[{\"@type\":\"ListItem\",\"position\":1,\"name\":\"Navidor\",\"item\":\"https:\/\/navidor.com\/fr\/\"},{\"@type\":\"ListItem\",\"position\":2,\"name\":\"Mat\u00e9riel\",\"item\":\"https:\/\/navidor.com\/fr\/materiel\/\"},{\"@type\":\"ListItem\",\"position\":3,\"name\":\"Solutions mobiles\"}]},{\"@type\":\"WebSite\",\"@id\":\"https:\/\/navidor.com\/fr\/#website\",\"url\":\"https:\/\/navidor.com\/fr\/\",\"name\":\"Navidor Payment Solutions\",\"description\":\"Payment solutions done right\",\"publisher\":{\"@id\":\"https:\/\/navidor.com\/fr\/#organization\"},\"potentialAction\":[{\"@type\":\"SearchAction\",\"target\":{\"@type\":\"EntryPoint\",\"urlTemplate\":\"https:\/\/navidor.com\/fr\/?s={search_term_string}\"},\"query-input\":{\"@type\":\"PropertyValueSpecification\",\"valueRequired\":true,\"valueName\":\"search_term_string\"}}],\"inLanguage\":\"fr-FR\"},{\"@type\":\"Organization\",\"@id\":\"https:\/\/navidor.com\/fr\/#organization\",\"name\":\"Navidor Payment Solutions\",\"url\":\"https:\/\/navidor.com\/fr\/\",\"logo\":{\"@type\":\"ImageObject\",\"inLanguage\":\"fr-FR\",\"@id\":\"https:\/\/navidor.com\/fr\/#\/schema\/logo\/image\/\",\"url\":\"https:\/\/navidor.com\/wp-content\/uploads\/2019\/11\/navider-payment-solutions-website.png\",\"contentUrl\":\"https:\/\/navidor.com\/wp-content\/uploads\/2019\/11\/navider-payment-solutions-website.png\",\"width\":1200,\"height\":600,\"caption\":\"Navidor Payment Solutions\"},\"image\":{\"@id\":\"https:\/\/navidor.com\/fr\/#\/schema\/logo\/image\/\"},\"sameAs\":[\"https:\/\/www.facebook.com\/NavidorPaymentsolutions\/\",\"https:\/\/x.com\/NavidorServices\",\"https:\/\/www.linkedin.com\/company\/navidor-merchant-services\/\",\"https:\/\/www.instagram.com\/navidor.payment.solutions\/\"]}]}<\/script>\n<!-- \/ Yoast SEO plugin. -->","yoast_head_json":{"title":"R\u00e8glement mobile - acceptez les cartes n'importe o\u00f9 et ne manquez pas une vente !","description":"Que vous utilisiez un iPhone, un iPad, un Android ou un Blackberry, nous avons une solution mobile pour vous ! \u00c9quipez votre \u00e9quipe commerciale d'appareils mobiles.","robots":{"index":"index","follow":"follow","max-snippet":"max-snippet:-1","max-image-preview":"max-image-preview:large","max-video-preview":"max-video-preview:-1"},"canonical":"https:\/\/navidor.com\/fr\/materiel\/solutions-mobiles\/","og_locale":"fr_FR","og_type":"article","og_title":"R\u00e8glement mobile - acceptez les cartes n'importe o\u00f9 et ne manquez pas une vente !","og_description":"Que vous utilisiez un iPhone, un iPad, un Android ou un Blackberry, nous avons une solution mobile pour vous ! \u00c9quipez votre \u00e9quipe commerciale d'appareils mobiles.","og_url":"https:\/\/navidor.com\/fr\/materiel\/solutions-mobiles\/","og_site_name":"Navidor Payment Solutions","article_publisher":"https:\/\/www.facebook.com\/NavidorPaymentsolutions\/","article_modified_time":"2024-04-17T19:42:03+00:00","og_image":[{"width":544,"height":382,"url":"https:\/\/navidor.com\/wp-content\/uploads\/2023\/11\/navidor-payment-solutions-equipment-mobile-payment-solutions.png","type":"image\/png"}],"twitter_card":"summary_large_image","twitter_site":"@NavidorServices","twitter_misc":{"Dur\u00e9e de lecture estim\u00e9e":"2 minutes"},"schema":{"@context":"https:\/\/schema.org","@graph":[{"@type":"WebPage","@id":"https:\/\/navidor.com\/fr\/materiel\/solutions-mobiles\/","url":"https:\/\/navidor.com\/fr\/materiel\/solutions-mobiles\/","name":"R\u00e8glement mobile - acceptez les cartes n'importe o\u00f9 et ne manquez pas une vente !","isPartOf":{"@id":"https:\/\/navidor.com\/fr\/#website"},"primaryImageOfPage":{"@id":"https:\/\/navidor.com\/fr\/materiel\/solutions-mobiles\/#primaryimage"},"image":{"@id":"https:\/\/navidor.com\/fr\/materiel\/solutions-mobiles\/#primaryimage"},"thumbnailUrl":"https:\/\/navidor.com\/wp-content\/uploads\/2023\/11\/navidor-payment-solutions-equipment-mobile-payment-solutions.png","datePublished":"2019-02-10T16:42:05+00:00","dateModified":"2024-04-17T19:42:03+00:00","description":"Que vous utilisiez un iPhone, un iPad, un Android ou un Blackberry, nous avons une solution mobile pour vous ! \u00c9quipez votre \u00e9quipe commerciale d'appareils mobiles.","breadcrumb":{"@id":"https:\/\/navidor.com\/fr\/materiel\/solutions-mobiles\/#breadcrumb"},"inLanguage":"fr-FR","potentialAction":[{"@type":"ReadAction","target":["https:\/\/navidor.com\/fr\/materiel\/solutions-mobiles\/"]}]},{"@type":"ImageObject","inLanguage":"fr-FR","@id":"https:\/\/navidor.com\/fr\/materiel\/solutions-mobiles\/#primaryimage","url":"https:\/\/navidor.com\/wp-content\/uploads\/2023\/11\/navidor-payment-solutions-equipment-mobile-payment-solutions.png","contentUrl":"https:\/\/navidor.com\/wp-content\/uploads\/2023\/11\/navidor-payment-solutions-equipment-mobile-payment-solutions.png","width":544,"height":382},{"@type":"BreadcrumbList","@id":"https:\/\/navidor.com\/fr\/materiel\/solutions-mobiles\/#breadcrumb","itemListElement":[{"@type":"ListItem","position":1,"name":"Navidor","item":"https:\/\/navidor.com\/fr\/"},{"@type":"ListItem","position":2,"name":"Mat\u00e9riel","item":"https:\/\/navidor.com\/fr\/materiel\/"},{"@type":"ListItem","position":3,"name":"Solutions mobiles"}]},{"@type":"WebSite","@id":"https:\/\/navidor.com\/fr\/#website","url":"https:\/\/navidor.com\/fr\/","name":"Navidor Payment Solutions","description":"Payment solutions done right","publisher":{"@id":"https:\/\/navidor.com\/fr\/#organization"},"potentialAction":[{"@type":"SearchAction","target":{"@type":"EntryPoint","urlTemplate":"https:\/\/navidor.com\/fr\/?s={search_term_string}"},"query-input":{"@type":"PropertyValueSpecification","valueRequired":true,"valueName":"search_term_string"}}],"inLanguage":"fr-FR"},{"@type":"Organization","@id":"https:\/\/navidor.com\/fr\/#organization","name":"Navidor Payment Solutions","url":"https:\/\/navidor.com\/fr\/","logo":{"@type":"ImageObject","inLanguage":"fr-FR","@id":"https:\/\/navidor.com\/fr\/#\/schema\/logo\/image\/","url":"https:\/\/navidor.com\/wp-content\/uploads\/2019\/11\/navider-payment-solutions-website.png","contentUrl":"https:\/\/navidor.com\/wp-content\/uploads\/2019\/11\/navider-payment-solutions-website.png","width":1200,"height":600,"caption":"Navidor Payment Solutions"},"image":{"@id":"https:\/\/navidor.com\/fr\/#\/schema\/logo\/image\/"},"sameAs":["https:\/\/www.facebook.com\/NavidorPaymentsolutions\/","https:\/\/x.com\/NavidorServices","https:\/\/www.linkedin.com\/company\/navidor-merchant-services\/","https:\/\/www.instagram.com\/navidor.payment.solutions\/"]}]}},"uagb_featured_image_src":{"full":["https:\/\/navidor.com\/wp-content\/uploads\/2023\/11\/navidor-payment-solutions-equipment-mobile-payment-solutions.png",544,382,false],"thumbnail":["https:\/\/navidor.com\/wp-content\/uploads\/2023\/11\/navidor-payment-solutions-equipment-mobile-payment-solutions-150x150.png",150,150,true],"medium":["https:\/\/navidor.com\/wp-content\/uploads\/2023\/11\/navidor-payment-solutions-equipment-mobile-payment-solutions-300x211.png",300,211,true],"medium_large":["https:\/\/navidor.com\/wp-content\/uploads\/2023\/11\/navidor-payment-solutions-equipment-mobile-payment-solutions.png",544,382,false],"large":["https:\/\/navidor.com\/wp-content\/uploads\/2023\/11\/navidor-payment-solutions-equipment-mobile-payment-solutions.png",544,382,false],"1536x1536":["https:\/\/navidor.com\/wp-content\/uploads\/2023\/11\/navidor-payment-solutions-equipment-mobile-payment-solutions.png",544,382,false],"2048x2048":["https:\/\/navidor.com\/wp-content\/uploads\/2023\/11\/navidor-payment-solutions-equipment-mobile-payment-solutions.png",544,382,false],"gform-image-choice-sm":["https:\/\/navidor.com\/wp-content\/uploads\/2023\/11\/navidor-payment-solutions-equipment-mobile-payment-solutions.png",300,211,false],"gform-image-choice-md":["https:\/\/navidor.com\/wp-content\/uploads\/2023\/11\/navidor-payment-solutions-equipment-mobile-payment-solutions.png",400,281,false],"gform-image-choice-lg":["https:\/\/navidor.com\/wp-content\/uploads\/2023\/11\/navidor-payment-solutions-equipment-mobile-payment-solutions.png",544,382,false]},"uagb_author_info":{"display_name":"navidor","author_link":"https:\/\/navidor.com\/fr\/author\/navidor\/"},"uagb_comment_info":0,"uagb_excerpt":"Que vous utilisiez un iPhone, iPad ou Android, nous avons une solution mobile pour vous ! Les avantages de l&rsquo;encaissement mobile Les solutions mobiles sont \u00e9galement une excellente solution pour les d\u00e9taillants occup\u00e9s! Vous pouvez \u00e9quiper votre \u00e9quipe de vente avec des appareils mobiles de sorte que vos clients peuvent \u00e9viter d\u2019attendre dans les longues\u2026","_links":{"self":[{"href":"https:\/\/navidor.com\/fr\/wp-json\/wp\/v2\/pages\/3026","targetHints":{"allow":["GET"]}}],"collection":[{"href":"https:\/\/navidor.com\/fr\/wp-json\/wp\/v2\/pages"}],"about":[{"href":"https:\/\/navidor.com\/fr\/wp-json\/wp\/v2\/types\/page"}],"author":[{"embeddable":true,"href":"https:\/\/navidor.com\/fr\/wp-json\/wp\/v2\/users\/1"}],"replies":[{"embeddable":true,"href":"https:\/\/navidor.com\/fr\/wp-json\/wp\/v2\/comments?post=3026"}],"version-history":[{"count":10,"href":"https:\/\/navidor.com\/fr\/wp-json\/wp\/v2\/pages\/3026\/revisions"}],"predecessor-version":[{"id":4219,"href":"https:\/\/navidor.com\/fr\/wp-json\/wp\/v2\/pages\/3026\/revisions\/4219"}],"up":[{"embeddable":true,"href":"https:\/\/navidor.com\/fr\/wp-json\/wp\/v2\/pages\/3024"}],"wp:featuredmedia":[{"embeddable":true,"href":"https:\/\/navidor.com\/fr\/wp-json\/wp\/v2\/media\/3978"}],"wp:attachment":[{"href":"https:\/\/navidor.com\/fr\/wp-json\/wp\/v2\/media?parent=3026"}],"curies":[{"name":"wp","href":"https:\/\/api.w.org\/{rel}","templated":true}]}}