{"id":3028,"date":"2019-01-26T16:41:30","date_gmt":"2019-01-26T16:41:30","guid":{"rendered":"https:\/\/navidor.com\/equipment\/terminals\/"},"modified":"2024-04-17T19:38:51","modified_gmt":"2024-04-17T19:38:51","slug":"terminaux","status":"publish","type":"page","link":"https:\/\/navidor.com\/fr\/materiel\/terminaux\/","title":{"rendered":"Terminaux"},"content":{"rendered":"<style>.kb-image3028_d86017-ec.kb-image-is-ratio-size, .kb-image3028_d86017-ec .kb-image-is-ratio-size{max-width:325px;width:100%;}.wp-block-kadence-column > .kt-inside-inner-col > .kb-image3028_d86017-ec.kb-image-is-ratio-size, .wp-block-kadence-column > .kt-inside-inner-col > .kb-image3028_d86017-ec .kb-image-is-ratio-size{align-self:unset;}.kb-image3028_d86017-ec figure{max-width:325px;}.kb-image3028_d86017-ec .image-is-svg, .kb-image3028_d86017-ec .image-is-svg img{width:100%;}.kb-image3028_d86017-ec .kb-image-has-overlay:after{opacity:0.3;}<\/style>\n<div class=\"wp-block-kadence-image kb-image3028_d86017-ec\"><figure class=\"alignright size-full is-resized\"><img decoding=\"async\" src=\"https:\/\/navidor.com\/wp-content\/uploads\/2023\/11\/navidor-payment-solutions-equipment-physical-terminal.png\" alt=\"\" class=\"kb-img wp-image-3976\" width=\"325px\" height=\"158\" srcset=\"https:\/\/navidor.com\/wp-content\/uploads\/2023\/11\/navidor-payment-solutions-equipment-physical-terminal.png 544w, https:\/\/navidor.com\/wp-content\/uploads\/2023\/11\/navidor-payment-solutions-equipment-physical-terminal-300x211.png 300w\" sizes=\"(max-width: 544px) 100vw, 544px\" \/><\/figure><\/div>\n\n\n\n<p>Les terminaux physiques sont utilis\u00e9s par les commer\u00e7ants et lors des commandes par correspondance ou par t\u00e9l\u00e9phonique pour traiter les transactions par carte de cr\u00e9dit et de d\u00e9bit. La plupart des terminaux physiques peuvent \u00eatre configur\u00e9s pour accepter les cartes-cadeaux et les cartes de fid\u00e9lit\u00e9.<\/p>\n\n\n\n<h1 class=\"wp-block-heading\">Les terminaux fournis par Navidor sont:<\/h1>\n\n\n\n<ul class=\"two-cols checkmark-list wp-block-list\">\n<li>Facile \u00e0 utiliser<\/li>\n\n\n\n<li>Compatible EMV<\/li>\n\n\n\n<li>Conforme PCI<\/li>\n\n\n\n<li>Capable de prendre en charge un clavier num\u00e9rique<\/li>\n\n\n\n<li>Capable de traitement sans contact ou sans fil (\u00e0 la demande)<\/li>\n\n\n\n<li>Dans certains cas, capable d&rsquo;\u00eatre programm\u00e9s \u00e0 distance pour faciliter le d\u00e9pannage<\/li>\n\n\n\n<li>T\u00e9l\u00e9charg\u00e9 et configur\u00e9 pour votre compte marchand<\/li>\n<\/ul>\n\n\n\n<p>Si vous poss\u00e9dez d\u00e9j\u00e0 un <span class='tooltipsall tooltip_post_id_1035 classtoolTips1035'>terminal<\/span> physique, nous pourrons peut-\u00eatre le reprogrammer pour vous une fois que vous aurez commenc\u00e9 le traitement des paiements avec Navidor.<\/p>\n\n\n\r\n<div id=\"cta-block_e77a94a0c408df14e6854b8a4dd64398\" class=\"cta iminterested\">\r\n    <a href=\"#\">Contactez-nous pour en savoir plus<\/a>\r\n<\/div>\n\n\n<div class=\"wp-block-columns has-5-columns equipment-menu is-layout-flex wp-container-core-columns-is-layout-9d6595d7 wp-block-columns-is-layout-flex\">\n<div class=\"wp-block-column is-layout-flow wp-block-column-is-layout-flow\">\n<figure class=\"wp-block-image aligncenter size-full\"><img loading=\"lazy\" decoding=\"async\" width=\"544\" height=\"382\" src=\"https:\/\/navidor.com\/wp-content\/uploads\/2023\/11\/navidor-payment-solutions-equipment-physical-terminal.png\" alt=\"\" class=\"wp-image-3976\" style=\"object-fit:cover\" srcset=\"https:\/\/navidor.com\/wp-content\/uploads\/2023\/11\/navidor-payment-solutions-equipment-physical-terminal.png 544w, https:\/\/navidor.com\/wp-content\/uploads\/2023\/11\/navidor-payment-solutions-equipment-physical-terminal-300x211.png 300w\" sizes=\"auto, (max-width: 544px) 100vw, 544px\" \/><\/figure>\n\n\n\n<p class=\"has-text-align-center\"><a href=\"https:\/\/navidor.com\/fr\/materiel\/terminaux\/\" data-type=\"page\" data-id=\"3028\">Terminaux<\/a><\/p>\n<\/div>\n\n\n\n<div class=\"wp-block-column is-layout-flow wp-block-column-is-layout-flow\">\n<figure class=\"wp-block-image aligncenter size-full\"><img loading=\"lazy\" decoding=\"async\" width=\"544\" height=\"382\" src=\"https:\/\/navidor.com\/wp-content\/uploads\/2023\/11\/navidor-payment-solutions-equipment-mobile-payment-solutions.png\" alt=\"\" class=\"wp-image-3978\" style=\"object-fit:cover\" srcset=\"https:\/\/navidor.com\/wp-content\/uploads\/2023\/11\/navidor-payment-solutions-equipment-mobile-payment-solutions.png 544w, https:\/\/navidor.com\/wp-content\/uploads\/2023\/11\/navidor-payment-solutions-equipment-mobile-payment-solutions-300x211.png 300w\" sizes=\"auto, (max-width: 544px) 100vw, 544px\" \/><\/figure>\n\n\n\n<p class=\"has-text-align-center\"><a href=\"https:\/\/navidor.com\/fr\/materiel\/solutions-mobiles\/\" data-type=\"page\" data-id=\"3026\">Solutions mobiles<\/a><\/p>\n<\/div>\n\n\n\n<div class=\"wp-block-column is-layout-flow wp-block-column-is-layout-flow\">\n<figure class=\"wp-block-image aligncenter size-full\"><img loading=\"lazy\" decoding=\"async\" width=\"544\" height=\"382\" src=\"https:\/\/navidor.com\/wp-content\/uploads\/2023\/11\/navidor-payment-solutions-equipment-gateways-virtual-terminals.png\" alt=\"\" class=\"wp-image-3981\" style=\"object-fit:cover\" srcset=\"https:\/\/navidor.com\/wp-content\/uploads\/2023\/11\/navidor-payment-solutions-equipment-gateways-virtual-terminals.png 544w, https:\/\/navidor.com\/wp-content\/uploads\/2023\/11\/navidor-payment-solutions-equipment-gateways-virtual-terminals-300x211.png 300w\" sizes=\"auto, (max-width: 544px) 100vw, 544px\" \/><\/figure>\n\n\n\n<p class=\"has-text-align-center\"><a href=\"https:\/\/navidor.com\/fr\/materiel\/terminaux-virtuels\/\" data-type=\"page\" data-id=\"3029\">Passerelles \/ Terminaux virtuels<\/a><\/p>\n<\/div>\n\n\n\n<div class=\"wp-block-column is-layout-flow wp-block-column-is-layout-flow\">\n<figure class=\"wp-block-image aligncenter size-full\"><img loading=\"lazy\" decoding=\"async\" width=\"544\" height=\"382\" src=\"https:\/\/navidor.com\/wp-content\/uploads\/2023\/11\/navidor-payment-solutions-equipment-pos-systems.png\" alt=\"\" class=\"wp-image-3983\" style=\"object-fit:cover\" srcset=\"https:\/\/navidor.com\/wp-content\/uploads\/2023\/11\/navidor-payment-solutions-equipment-pos-systems.png 544w, https:\/\/navidor.com\/wp-content\/uploads\/2023\/11\/navidor-payment-solutions-equipment-pos-systems-300x211.png 300w\" sizes=\"auto, (max-width: 544px) 100vw, 544px\" \/><\/figure>\n\n\n\n<p class=\"has-text-align-center\"><a href=\"https:\/\/navidor.com\/fr\/materiel\/systemes-point-de-vente\/\" data-type=\"page\" data-id=\"3027\">Syst\u00e8mes de point de vente<\/a><\/p>\n<\/div>\n<\/div>\n\n\n\n<p><\/p>\n","protected":false},"excerpt":{"rendered":"<p>Les terminaux physiques sont utilis\u00e9s par les commer\u00e7ants et lors des commandes par correspondance ou par t\u00e9l\u00e9phonique pour traiter les transactions par carte de cr\u00e9dit et de d\u00e9bit. La plupart des terminaux physiques peuvent \u00eatre configur\u00e9s pour accepter les cartes-cadeaux et les cartes de fid\u00e9lit\u00e9. Les terminaux fournis par Navidor sont: Si vous poss\u00e9dez d\u00e9j\u00e0 [&#8230;]\n","protected":false},"author":1,"featured_media":3976,"parent":3024,"menu_order":0,"comment_status":"closed","ping_status":"closed","template":"page-blank-sub-nav-vertical.php","meta":{"_acf_changed":false,"_uag_custom_page_level_css":"","footnotes":""},"class_list":["post-3028","page","type-page","status-publish","has-post-thumbnail","hentry"],"acf":[],"yoast_head":"<!-- This site is optimized with the Yoast SEO plugin v27.2 - https:\/\/yoast.com\/product\/yoast-seo-wordpress\/ -->\n<title>Nos terminaux de cartes de cr\u00e9dit sont compatibles EMV et conformes PCI<\/title>\n<meta name=\"description\" content=\"Acceptez les cartes de cr\u00e9dit et de d\u00e9bit. La plupart des terminaux physiques peuvent \u00eatre configur\u00e9s pour accepter les cartes-cadeaux et les cartes de fid\u00e9lit\u00e9. Nous configurerons votre terminal et vous assistons dans la mise en place.\" \/>\n<meta name=\"robots\" content=\"index, follow, max-snippet:-1, max-image-preview:large, max-video-preview:-1\" \/>\n<link rel=\"canonical\" href=\"https:\/\/navidor.com\/fr\/materiel\/terminaux\/\" \/>\n<meta property=\"og:locale\" content=\"fr_FR\" \/>\n<meta property=\"og:type\" content=\"article\" \/>\n<meta property=\"og:title\" content=\"Nos terminaux de cartes de cr\u00e9dit sont compatibles EMV et conformes PCI\" \/>\n<meta property=\"og:description\" content=\"Acceptez les cartes de cr\u00e9dit et de d\u00e9bit. La plupart des terminaux physiques peuvent \u00eatre configur\u00e9s pour accepter les cartes-cadeaux et les cartes de fid\u00e9lit\u00e9. Nous configurerons votre terminal et vous assistons dans la mise en place.\" \/>\n<meta property=\"og:url\" content=\"https:\/\/navidor.com\/fr\/materiel\/terminaux\/\" \/>\n<meta property=\"og:site_name\" content=\"Navidor Payment Solutions\" \/>\n<meta property=\"article:publisher\" content=\"https:\/\/www.facebook.com\/NavidorPaymentsolutions\/\" \/>\n<meta property=\"article:modified_time\" content=\"2024-04-17T19:38:51+00:00\" \/>\n<meta property=\"og:image\" content=\"https:\/\/navidor.com\/wp-content\/uploads\/2023\/11\/navidor-payment-solutions-equipment-physical-terminal.png\" \/>\n\t<meta property=\"og:image:width\" content=\"544\" \/>\n\t<meta property=\"og:image:height\" content=\"382\" \/>\n\t<meta property=\"og:image:type\" content=\"image\/png\" \/>\n<meta name=\"twitter:card\" content=\"summary_large_image\" \/>\n<meta name=\"twitter:site\" content=\"@NavidorServices\" \/>\n<meta name=\"twitter:label1\" content=\"Dur\u00e9e de lecture estim\u00e9e\" \/>\n\t<meta name=\"twitter:data1\" content=\"2 minutes\" \/>\n<script type=\"application\/ld+json\" class=\"yoast-schema-graph\">{\"@context\":\"https:\/\/schema.org\",\"@graph\":[{\"@type\":\"WebPage\",\"@id\":\"https:\/\/navidor.com\/fr\/materiel\/terminaux\/\",\"url\":\"https:\/\/navidor.com\/fr\/materiel\/terminaux\/\",\"name\":\"Nos terminaux de cartes de cr\u00e9dit sont compatibles EMV et conformes PCI\",\"isPartOf\":{\"@id\":\"https:\/\/navidor.com\/fr\/#website\"},\"primaryImageOfPage\":{\"@id\":\"https:\/\/navidor.com\/fr\/materiel\/terminaux\/#primaryimage\"},\"image\":{\"@id\":\"https:\/\/navidor.com\/fr\/materiel\/terminaux\/#primaryimage\"},\"thumbnailUrl\":\"https:\/\/navidor.com\/wp-content\/uploads\/2023\/11\/navidor-payment-solutions-equipment-physical-terminal.png\",\"datePublished\":\"2019-01-26T16:41:30+00:00\",\"dateModified\":\"2024-04-17T19:38:51+00:00\",\"description\":\"Acceptez les cartes de cr\u00e9dit et de d\u00e9bit. La plupart des terminaux physiques peuvent \u00eatre configur\u00e9s pour accepter les cartes-cadeaux et les cartes de fid\u00e9lit\u00e9. Nous configurerons votre terminal et vous assistons dans la mise en place.\",\"breadcrumb\":{\"@id\":\"https:\/\/navidor.com\/fr\/materiel\/terminaux\/#breadcrumb\"},\"inLanguage\":\"fr-FR\",\"potentialAction\":[{\"@type\":\"ReadAction\",\"target\":[\"https:\/\/navidor.com\/fr\/materiel\/terminaux\/\"]}]},{\"@type\":\"ImageObject\",\"inLanguage\":\"fr-FR\",\"@id\":\"https:\/\/navidor.com\/fr\/materiel\/terminaux\/#primaryimage\",\"url\":\"https:\/\/navidor.com\/wp-content\/uploads\/2023\/11\/navidor-payment-solutions-equipment-physical-terminal.png\",\"contentUrl\":\"https:\/\/navidor.com\/wp-content\/uploads\/2023\/11\/navidor-payment-solutions-equipment-physical-terminal.png\",\"width\":544,\"height\":382},{\"@type\":\"BreadcrumbList\",\"@id\":\"https:\/\/navidor.com\/fr\/materiel\/terminaux\/#breadcrumb\",\"itemListElement\":[{\"@type\":\"ListItem\",\"position\":1,\"name\":\"Navidor\",\"item\":\"https:\/\/navidor.com\/fr\/\"},{\"@type\":\"ListItem\",\"position\":2,\"name\":\"Mat\u00e9riel\",\"item\":\"https:\/\/navidor.com\/fr\/materiel\/\"},{\"@type\":\"ListItem\",\"position\":3,\"name\":\"Terminaux\"}]},{\"@type\":\"WebSite\",\"@id\":\"https:\/\/navidor.com\/fr\/#website\",\"url\":\"https:\/\/navidor.com\/fr\/\",\"name\":\"Navidor Payment Solutions\",\"description\":\"Payment solutions done right\",\"publisher\":{\"@id\":\"https:\/\/navidor.com\/fr\/#organization\"},\"potentialAction\":[{\"@type\":\"SearchAction\",\"target\":{\"@type\":\"EntryPoint\",\"urlTemplate\":\"https:\/\/navidor.com\/fr\/?s={search_term_string}\"},\"query-input\":{\"@type\":\"PropertyValueSpecification\",\"valueRequired\":true,\"valueName\":\"search_term_string\"}}],\"inLanguage\":\"fr-FR\"},{\"@type\":\"Organization\",\"@id\":\"https:\/\/navidor.com\/fr\/#organization\",\"name\":\"Navidor Payment Solutions\",\"url\":\"https:\/\/navidor.com\/fr\/\",\"logo\":{\"@type\":\"ImageObject\",\"inLanguage\":\"fr-FR\",\"@id\":\"https:\/\/navidor.com\/fr\/#\/schema\/logo\/image\/\",\"url\":\"https:\/\/navidor.com\/wp-content\/uploads\/2019\/11\/navider-payment-solutions-website.png\",\"contentUrl\":\"https:\/\/navidor.com\/wp-content\/uploads\/2019\/11\/navider-payment-solutions-website.png\",\"width\":1200,\"height\":600,\"caption\":\"Navidor Payment Solutions\"},\"image\":{\"@id\":\"https:\/\/navidor.com\/fr\/#\/schema\/logo\/image\/\"},\"sameAs\":[\"https:\/\/www.facebook.com\/NavidorPaymentsolutions\/\",\"https:\/\/x.com\/NavidorServices\",\"https:\/\/www.linkedin.com\/company\/navidor-merchant-services\/\",\"https:\/\/www.instagram.com\/navidor.payment.solutions\/\"]}]}<\/script>\n<!-- \/ Yoast SEO plugin. -->","yoast_head_json":{"title":"Nos terminaux de cartes de cr\u00e9dit sont compatibles EMV et conformes PCI","description":"Acceptez les cartes de cr\u00e9dit et de d\u00e9bit. La plupart des terminaux physiques peuvent \u00eatre configur\u00e9s pour accepter les cartes-cadeaux et les cartes de fid\u00e9lit\u00e9. Nous configurerons votre terminal et vous assistons dans la mise en place.","robots":{"index":"index","follow":"follow","max-snippet":"max-snippet:-1","max-image-preview":"max-image-preview:large","max-video-preview":"max-video-preview:-1"},"canonical":"https:\/\/navidor.com\/fr\/materiel\/terminaux\/","og_locale":"fr_FR","og_type":"article","og_title":"Nos terminaux de cartes de cr\u00e9dit sont compatibles EMV et conformes PCI","og_description":"Acceptez les cartes de cr\u00e9dit et de d\u00e9bit. La plupart des terminaux physiques peuvent \u00eatre configur\u00e9s pour accepter les cartes-cadeaux et les cartes de fid\u00e9lit\u00e9. Nous configurerons votre terminal et vous assistons dans la mise en place.","og_url":"https:\/\/navidor.com\/fr\/materiel\/terminaux\/","og_site_name":"Navidor Payment Solutions","article_publisher":"https:\/\/www.facebook.com\/NavidorPaymentsolutions\/","article_modified_time":"2024-04-17T19:38:51+00:00","og_image":[{"width":544,"height":382,"url":"https:\/\/navidor.com\/wp-content\/uploads\/2023\/11\/navidor-payment-solutions-equipment-physical-terminal.png","type":"image\/png"}],"twitter_card":"summary_large_image","twitter_site":"@NavidorServices","twitter_misc":{"Dur\u00e9e de lecture estim\u00e9e":"2 minutes"},"schema":{"@context":"https:\/\/schema.org","@graph":[{"@type":"WebPage","@id":"https:\/\/navidor.com\/fr\/materiel\/terminaux\/","url":"https:\/\/navidor.com\/fr\/materiel\/terminaux\/","name":"Nos terminaux de cartes de cr\u00e9dit sont compatibles EMV et conformes PCI","isPartOf":{"@id":"https:\/\/navidor.com\/fr\/#website"},"primaryImageOfPage":{"@id":"https:\/\/navidor.com\/fr\/materiel\/terminaux\/#primaryimage"},"image":{"@id":"https:\/\/navidor.com\/fr\/materiel\/terminaux\/#primaryimage"},"thumbnailUrl":"https:\/\/navidor.com\/wp-content\/uploads\/2023\/11\/navidor-payment-solutions-equipment-physical-terminal.png","datePublished":"2019-01-26T16:41:30+00:00","dateModified":"2024-04-17T19:38:51+00:00","description":"Acceptez les cartes de cr\u00e9dit et de d\u00e9bit. La plupart des terminaux physiques peuvent \u00eatre configur\u00e9s pour accepter les cartes-cadeaux et les cartes de fid\u00e9lit\u00e9. Nous configurerons votre terminal et vous assistons dans la mise en place.","breadcrumb":{"@id":"https:\/\/navidor.com\/fr\/materiel\/terminaux\/#breadcrumb"},"inLanguage":"fr-FR","potentialAction":[{"@type":"ReadAction","target":["https:\/\/navidor.com\/fr\/materiel\/terminaux\/"]}]},{"@type":"ImageObject","inLanguage":"fr-FR","@id":"https:\/\/navidor.com\/fr\/materiel\/terminaux\/#primaryimage","url":"https:\/\/navidor.com\/wp-content\/uploads\/2023\/11\/navidor-payment-solutions-equipment-physical-terminal.png","contentUrl":"https:\/\/navidor.com\/wp-content\/uploads\/2023\/11\/navidor-payment-solutions-equipment-physical-terminal.png","width":544,"height":382},{"@type":"BreadcrumbList","@id":"https:\/\/navidor.com\/fr\/materiel\/terminaux\/#breadcrumb","itemListElement":[{"@type":"ListItem","position":1,"name":"Navidor","item":"https:\/\/navidor.com\/fr\/"},{"@type":"ListItem","position":2,"name":"Mat\u00e9riel","item":"https:\/\/navidor.com\/fr\/materiel\/"},{"@type":"ListItem","position":3,"name":"Terminaux"}]},{"@type":"WebSite","@id":"https:\/\/navidor.com\/fr\/#website","url":"https:\/\/navidor.com\/fr\/","name":"Navidor Payment Solutions","description":"Payment solutions done right","publisher":{"@id":"https:\/\/navidor.com\/fr\/#organization"},"potentialAction":[{"@type":"SearchAction","target":{"@type":"EntryPoint","urlTemplate":"https:\/\/navidor.com\/fr\/?s={search_term_string}"},"query-input":{"@type":"PropertyValueSpecification","valueRequired":true,"valueName":"search_term_string"}}],"inLanguage":"fr-FR"},{"@type":"Organization","@id":"https:\/\/navidor.com\/fr\/#organization","name":"Navidor Payment Solutions","url":"https:\/\/navidor.com\/fr\/","logo":{"@type":"ImageObject","inLanguage":"fr-FR","@id":"https:\/\/navidor.com\/fr\/#\/schema\/logo\/image\/","url":"https:\/\/navidor.com\/wp-content\/uploads\/2019\/11\/navider-payment-solutions-website.png","contentUrl":"https:\/\/navidor.com\/wp-content\/uploads\/2019\/11\/navider-payment-solutions-website.png","width":1200,"height":600,"caption":"Navidor Payment Solutions"},"image":{"@id":"https:\/\/navidor.com\/fr\/#\/schema\/logo\/image\/"},"sameAs":["https:\/\/www.facebook.com\/NavidorPaymentsolutions\/","https:\/\/x.com\/NavidorServices","https:\/\/www.linkedin.com\/company\/navidor-merchant-services\/","https:\/\/www.instagram.com\/navidor.payment.solutions\/"]}]}},"uagb_featured_image_src":{"full":["https:\/\/navidor.com\/wp-content\/uploads\/2023\/11\/navidor-payment-solutions-equipment-physical-terminal.png",544,382,false],"thumbnail":["https:\/\/navidor.com\/wp-content\/uploads\/2023\/11\/navidor-payment-solutions-equipment-physical-terminal-150x150.png",150,150,true],"medium":["https:\/\/navidor.com\/wp-content\/uploads\/2023\/11\/navidor-payment-solutions-equipment-physical-terminal-300x211.png",300,211,true],"medium_large":["https:\/\/navidor.com\/wp-content\/uploads\/2023\/11\/navidor-payment-solutions-equipment-physical-terminal.png",544,382,false],"large":["https:\/\/navidor.com\/wp-content\/uploads\/2023\/11\/navidor-payment-solutions-equipment-physical-terminal.png",544,382,false],"1536x1536":["https:\/\/navidor.com\/wp-content\/uploads\/2023\/11\/navidor-payment-solutions-equipment-physical-terminal.png",544,382,false],"2048x2048":["https:\/\/navidor.com\/wp-content\/uploads\/2023\/11\/navidor-payment-solutions-equipment-physical-terminal.png",544,382,false],"gform-image-choice-sm":["https:\/\/navidor.com\/wp-content\/uploads\/2023\/11\/navidor-payment-solutions-equipment-physical-terminal.png",300,211,false],"gform-image-choice-md":["https:\/\/navidor.com\/wp-content\/uploads\/2023\/11\/navidor-payment-solutions-equipment-physical-terminal.png",400,281,false],"gform-image-choice-lg":["https:\/\/navidor.com\/wp-content\/uploads\/2023\/11\/navidor-payment-solutions-equipment-physical-terminal.png",544,382,false]},"uagb_author_info":{"display_name":"navidor","author_link":"https:\/\/navidor.com\/fr\/author\/navidor\/"},"uagb_comment_info":0,"uagb_excerpt":"Les terminaux physiques sont utilis\u00e9s par les commer\u00e7ants et lors des commandes par correspondance ou par t\u00e9l\u00e9phonique pour traiter les transactions par carte de cr\u00e9dit et de d\u00e9bit. La plupart des terminaux physiques peuvent \u00eatre configur\u00e9s pour accepter les cartes-cadeaux et les cartes de fid\u00e9lit\u00e9. Les terminaux fournis par Navidor sont: Si vous poss\u00e9dez d\u00e9j\u00e0\u2026","_links":{"self":[{"href":"https:\/\/navidor.com\/fr\/wp-json\/wp\/v2\/pages\/3028","targetHints":{"allow":["GET"]}}],"collection":[{"href":"https:\/\/navidor.com\/fr\/wp-json\/wp\/v2\/pages"}],"about":[{"href":"https:\/\/navidor.com\/fr\/wp-json\/wp\/v2\/types\/page"}],"author":[{"embeddable":true,"href":"https:\/\/navidor.com\/fr\/wp-json\/wp\/v2\/users\/1"}],"replies":[{"embeddable":true,"href":"https:\/\/navidor.com\/fr\/wp-json\/wp\/v2\/comments?post=3028"}],"version-history":[{"count":5,"href":"https:\/\/navidor.com\/fr\/wp-json\/wp\/v2\/pages\/3028\/revisions"}],"predecessor-version":[{"id":4214,"href":"https:\/\/navidor.com\/fr\/wp-json\/wp\/v2\/pages\/3028\/revisions\/4214"}],"up":[{"embeddable":true,"href":"https:\/\/navidor.com\/fr\/wp-json\/wp\/v2\/pages\/3024"}],"wp:featuredmedia":[{"embeddable":true,"href":"https:\/\/navidor.com\/fr\/wp-json\/wp\/v2\/media\/3976"}],"wp:attachment":[{"href":"https:\/\/navidor.com\/fr\/wp-json\/wp\/v2\/media?parent=3028"}],"curies":[{"name":"wp","href":"https:\/\/api.w.org\/{rel}","templated":true}]}}