{"id":3029,"date":"2019-03-26T16:41:36","date_gmt":"2019-03-26T16:41:36","guid":{"rendered":"https:\/\/navidor.com\/equipment\/virtual-terminal\/"},"modified":"2024-04-17T19:39:32","modified_gmt":"2024-04-17T19:39:32","slug":"terminaux-virtuels","status":"publish","type":"page","link":"https:\/\/navidor.com\/fr\/materiel\/terminaux-virtuels\/","title":{"rendered":"Terminaux virtuels"},"content":{"rendered":"\n<figure class=\"wp-block-image alignright size-full is-resized\"><img loading=\"lazy\" decoding=\"async\" width=\"544\" height=\"382\" src=\"https:\/\/navidor.com\/wp-content\/uploads\/2023\/11\/navidor-payment-solutions-equipment-gateways-virtual-terminals.png\" alt=\"\" class=\"wp-image-3981\" style=\"width:325px\" srcset=\"https:\/\/navidor.com\/wp-content\/uploads\/2023\/11\/navidor-payment-solutions-equipment-gateways-virtual-terminals.png 544w, https:\/\/navidor.com\/wp-content\/uploads\/2023\/11\/navidor-payment-solutions-equipment-gateways-virtual-terminals-300x211.png 300w\" sizes=\"auto, (max-width: 544px) 100vw, 544px\" \/><\/figure>\n\n\n\n<p>Les passerelles et terminaux virtuels sont principalement utilis\u00e9s par les commer\u00e7ants <span class='tooltipsall tooltip_post_id_980 classtoolTips980'>e-commerce<\/span> et vente par t\u00e9l\u00e9phone ou par correspondance.<\/p>\n\n\n\n<h2 class=\"wp-block-heading\">Quelle est la diff\u00e9rence entre une passerelle de paiement et un <span class='tooltipsall tooltip_post_id_1035 classtoolTips1035'>terminal<\/span> virtuel ?<\/h2>\n\n\n\n<ul class=\"wp-block-list\">\n<li>Une <strong>passerelle de paiement<\/strong> est un programme int\u00e9gr\u00e9 au site Web du commer\u00e7ant permettant aux clients de soumettre des paiements en ligne.<\/li>\n\n\n\n<li>Un <strong>terminal virtuel <\/strong>est un terminal en ligne auquel un commer\u00e7ant se connecte afin de saisir des transactions lors de la prise de paiements par t\u00e9l\u00e9phone ou par courrier\/t\u00e9l\u00e9copieur.<\/li>\n<\/ul>\n\n\n<div class=\"clearfix\"><div class=\"listing-item one-third first\"><span class=\"image\"><img loading=\"lazy\" decoding=\"async\" width=\"150\" height=\"150\" src=\"https:\/\/navidor.com\/wp-content\/uploads\/2019\/09\/navidor_merchant_services_e_processing_network_square-150x150.png\" class=\"attachment-thumbnail size-thumbnail wp-post-image\" alt=\"\" srcset=\"https:\/\/navidor.com\/wp-content\/uploads\/2019\/09\/navidor_merchant_services_e_processing_network_square-150x150.png 150w, https:\/\/navidor.com\/wp-content\/uploads\/2019\/09\/navidor_merchant_services_e_processing_network_square-300x300.png 300w, https:\/\/navidor.com\/wp-content\/uploads\/2019\/09\/navidor_merchant_services_e_processing_network_square-400x400.png 400w, https:\/\/navidor.com\/wp-content\/uploads\/2019\/09\/navidor_merchant_services_e_processing_network_square.png 481w\" sizes=\"auto, (max-width: 150px) 100vw, 150px\" \/><\/span> <\/div><div class=\"listing-item one-third\"><span class=\"image\"><img loading=\"lazy\" decoding=\"async\" width=\"150\" height=\"150\" src=\"https:\/\/navidor.com\/wp-content\/uploads\/2019\/09\/navidor_merchant_services_authorize_net_square-150x150.png\" class=\"attachment-thumbnail size-thumbnail wp-post-image\" alt=\"\" srcset=\"https:\/\/navidor.com\/wp-content\/uploads\/2019\/09\/navidor_merchant_services_authorize_net_square-150x150.png 150w, https:\/\/navidor.com\/wp-content\/uploads\/2019\/09\/navidor_merchant_services_authorize_net_square-300x300.png 300w, https:\/\/navidor.com\/wp-content\/uploads\/2019\/09\/navidor_merchant_services_authorize_net_square-400x400.png 400w, https:\/\/navidor.com\/wp-content\/uploads\/2019\/09\/navidor_merchant_services_authorize_net_square.png 481w\" sizes=\"auto, (max-width: 150px) 100vw, 150px\" \/><\/span> <\/div><div class=\"listing-item one-third\"><span class=\"image\"><img loading=\"lazy\" decoding=\"async\" width=\"150\" height=\"150\" src=\"https:\/\/navidor.com\/wp-content\/uploads\/2019\/10\/navidor-payment-solutions-worldline-square-150x150.png\" class=\"attachment-thumbnail size-thumbnail wp-post-image\" alt=\"\" srcset=\"https:\/\/navidor.com\/wp-content\/uploads\/2019\/10\/navidor-payment-solutions-worldline-square-150x150.png 150w, https:\/\/navidor.com\/wp-content\/uploads\/2019\/10\/navidor-payment-solutions-worldline-square-300x300.png 300w, https:\/\/navidor.com\/wp-content\/uploads\/2019\/10\/navidor-payment-solutions-worldline-square.png 481w\" sizes=\"auto, (max-width: 150px) 100vw, 150px\" \/><\/span> <\/div><\/div>\n\n\n\n<h2 class=\"wp-block-heading\">Navidor fonctionne avec de nombreuses passerelles et terminaux virtuels, dont:<\/h2>\n\n\n\n<ul class=\"two-cols wp-block-list\">\n<li>Authorize.net<\/li>\n\n\n\n<li>eProcessing Network<\/li>\n\n\n\n<li>SmartPay<\/li>\n\n\n\n<li>Tgate<\/li>\n\n\n\n<li>Ingenico Payment Gateway<\/li>\n\n\n\n<li>Payline by Monext<\/li>\n\n\n\n<li>CardPointe by CardConnect<\/li>\n<\/ul>\n\n\n\n<p><a href=\"https:\/\/navidor.com\/fr\/a-propos\/contactez-nous\/\">Contactez-nous<\/a>&nbsp;si votre solution n&rsquo;est pas dans cette liste.<\/p>\n\n\n\n<div class=\"wp-block-columns has-5-columns equipment-menu is-layout-flex wp-container-core-columns-is-layout-9d6595d7 wp-block-columns-is-layout-flex\">\n<div class=\"wp-block-column is-layout-flow wp-block-column-is-layout-flow\">\n<figure class=\"wp-block-image aligncenter size-full\"><img loading=\"lazy\" decoding=\"async\" width=\"544\" height=\"382\" src=\"https:\/\/navidor.com\/wp-content\/uploads\/2023\/11\/navidor-payment-solutions-equipment-physical-terminal.png\" alt=\"\" class=\"wp-image-3976\" style=\"object-fit:cover\" srcset=\"https:\/\/navidor.com\/wp-content\/uploads\/2023\/11\/navidor-payment-solutions-equipment-physical-terminal.png 544w, https:\/\/navidor.com\/wp-content\/uploads\/2023\/11\/navidor-payment-solutions-equipment-physical-terminal-300x211.png 300w\" sizes=\"auto, (max-width: 544px) 100vw, 544px\" \/><\/figure>\n\n\n\n<p class=\"has-text-align-center\"><a href=\"https:\/\/navidor.com\/fr\/materiel\/terminaux\/\" data-type=\"page\" data-id=\"3028\">Terminaux<\/a><\/p>\n<\/div>\n\n\n\n<div class=\"wp-block-column is-layout-flow wp-block-column-is-layout-flow\">\n<figure class=\"wp-block-image aligncenter size-full\"><img loading=\"lazy\" decoding=\"async\" width=\"544\" height=\"382\" src=\"https:\/\/navidor.com\/wp-content\/uploads\/2023\/11\/navidor-payment-solutions-equipment-mobile-payment-solutions.png\" alt=\"\" class=\"wp-image-3978\" style=\"object-fit:cover\" srcset=\"https:\/\/navidor.com\/wp-content\/uploads\/2023\/11\/navidor-payment-solutions-equipment-mobile-payment-solutions.png 544w, https:\/\/navidor.com\/wp-content\/uploads\/2023\/11\/navidor-payment-solutions-equipment-mobile-payment-solutions-300x211.png 300w\" sizes=\"auto, (max-width: 544px) 100vw, 544px\" \/><\/figure>\n\n\n\n<p class=\"has-text-align-center\"><a href=\"https:\/\/navidor.com\/fr\/materiel\/solutions-mobiles\/\" data-type=\"page\" data-id=\"3026\">Solutions mobiles<\/a><\/p>\n<\/div>\n\n\n\n<div class=\"wp-block-column is-layout-flow wp-block-column-is-layout-flow\">\n<figure class=\"wp-block-image aligncenter size-full\"><img loading=\"lazy\" decoding=\"async\" width=\"544\" height=\"382\" src=\"https:\/\/navidor.com\/wp-content\/uploads\/2023\/11\/navidor-payment-solutions-equipment-gateways-virtual-terminals.png\" alt=\"\" class=\"wp-image-3981\" style=\"object-fit:cover\" srcset=\"https:\/\/navidor.com\/wp-content\/uploads\/2023\/11\/navidor-payment-solutions-equipment-gateways-virtual-terminals.png 544w, https:\/\/navidor.com\/wp-content\/uploads\/2023\/11\/navidor-payment-solutions-equipment-gateways-virtual-terminals-300x211.png 300w\" sizes=\"auto, (max-width: 544px) 100vw, 544px\" \/><\/figure>\n\n\n\n<p class=\"has-text-align-center\"><a href=\"https:\/\/navidor.com\/fr\/materiel\/terminaux-virtuels\/\" data-type=\"page\" data-id=\"3029\">Passerelles \/ Terminaux virtuels<\/a><\/p>\n<\/div>\n\n\n\n<div class=\"wp-block-column is-layout-flow wp-block-column-is-layout-flow\">\n<figure class=\"wp-block-image aligncenter size-full\"><img loading=\"lazy\" decoding=\"async\" width=\"544\" height=\"382\" src=\"https:\/\/navidor.com\/wp-content\/uploads\/2023\/11\/navidor-payment-solutions-equipment-pos-systems.png\" alt=\"\" class=\"wp-image-3983\" style=\"object-fit:cover\" srcset=\"https:\/\/navidor.com\/wp-content\/uploads\/2023\/11\/navidor-payment-solutions-equipment-pos-systems.png 544w, https:\/\/navidor.com\/wp-content\/uploads\/2023\/11\/navidor-payment-solutions-equipment-pos-systems-300x211.png 300w\" sizes=\"auto, (max-width: 544px) 100vw, 544px\" \/><\/figure>\n\n\n\n<p class=\"has-text-align-center\"><a href=\"https:\/\/navidor.com\/fr\/materiel\/systemes-point-de-vente\/\" data-type=\"page\" data-id=\"3027\">Syst\u00e8mes de point de vente<\/a><\/p>\n<\/div>\n<\/div>\n\n\n\n<p><\/p>\n","protected":false},"excerpt":{"rendered":"<p>Les passerelles et terminaux virtuels sont principalement utilis\u00e9s par les commer\u00e7ants e-commerce et vente par t\u00e9l\u00e9phone ou par correspondance. Quelle est la diff\u00e9rence entre une passerelle de paiement et un terminal virtuel ? Navidor fonctionne avec de nombreuses passerelles et terminaux virtuels, dont: Contactez-nous&nbsp;si votre solution n&rsquo;est pas dans cette liste.<\/p>\n","protected":false},"author":1,"featured_media":3981,"parent":3024,"menu_order":0,"comment_status":"closed","ping_status":"closed","template":"page-blank-sub-nav-vertical.php","meta":{"_acf_changed":false,"_uag_custom_page_level_css":"","footnotes":""},"class_list":["post-3029","page","type-page","status-publish","has-post-thumbnail","hentry"],"acf":[],"yoast_head":"<!-- This site is optimized with the Yoast SEO plugin v27.2 - https:\/\/yoast.com\/product\/yoast-seo-wordpress\/ -->\n<title>Des passerelles de paiement et des terminaux virtuels adapt\u00e9s \u00e0 vos besoins<\/title>\n<meta name=\"description\" content=\"Les passerelles de paiement et terminaux virtuels sont principalement utilis\u00e9s par les commerces \u00e9lectroniques, les ventes par correspondance ou par t\u00e9l\u00e9phone.\" \/>\n<meta name=\"robots\" content=\"index, follow, max-snippet:-1, max-image-preview:large, max-video-preview:-1\" \/>\n<link rel=\"canonical\" href=\"https:\/\/navidor.com\/fr\/materiel\/terminaux-virtuels\/\" \/>\n<meta property=\"og:locale\" content=\"fr_FR\" \/>\n<meta property=\"og:type\" content=\"article\" \/>\n<meta property=\"og:title\" content=\"Des passerelles de paiement et des terminaux virtuels adapt\u00e9s \u00e0 vos besoins\" \/>\n<meta property=\"og:description\" content=\"Les passerelles de paiement et terminaux virtuels sont principalement utilis\u00e9s par les commerces \u00e9lectroniques, les ventes par correspondance ou par t\u00e9l\u00e9phone.\" \/>\n<meta property=\"og:url\" content=\"https:\/\/navidor.com\/fr\/materiel\/terminaux-virtuels\/\" \/>\n<meta property=\"og:site_name\" content=\"Navidor Payment Solutions\" \/>\n<meta property=\"article:publisher\" content=\"https:\/\/www.facebook.com\/NavidorPaymentsolutions\/\" \/>\n<meta property=\"article:modified_time\" content=\"2024-04-17T19:39:32+00:00\" \/>\n<meta property=\"og:image\" content=\"https:\/\/navidor.com\/wp-content\/uploads\/2023\/11\/navidor-payment-solutions-equipment-gateways-virtual-terminals.png\" \/>\n\t<meta property=\"og:image:width\" content=\"544\" \/>\n\t<meta property=\"og:image:height\" content=\"382\" \/>\n\t<meta property=\"og:image:type\" content=\"image\/png\" \/>\n<meta name=\"twitter:card\" content=\"summary_large_image\" \/>\n<meta name=\"twitter:site\" content=\"@NavidorServices\" \/>\n<meta name=\"twitter:label1\" content=\"Dur\u00e9e de lecture estim\u00e9e\" \/>\n\t<meta name=\"twitter:data1\" content=\"2 minutes\" \/>\n<script type=\"application\/ld+json\" class=\"yoast-schema-graph\">{\"@context\":\"https:\/\/schema.org\",\"@graph\":[{\"@type\":\"WebPage\",\"@id\":\"https:\/\/navidor.com\/fr\/materiel\/terminaux-virtuels\/\",\"url\":\"https:\/\/navidor.com\/fr\/materiel\/terminaux-virtuels\/\",\"name\":\"Des passerelles de paiement et des terminaux virtuels adapt\u00e9s \u00e0 vos besoins\",\"isPartOf\":{\"@id\":\"https:\/\/navidor.com\/fr\/#website\"},\"primaryImageOfPage\":{\"@id\":\"https:\/\/navidor.com\/fr\/materiel\/terminaux-virtuels\/#primaryimage\"},\"image\":{\"@id\":\"https:\/\/navidor.com\/fr\/materiel\/terminaux-virtuels\/#primaryimage\"},\"thumbnailUrl\":\"https:\/\/navidor.com\/wp-content\/uploads\/2023\/11\/navidor-payment-solutions-equipment-gateways-virtual-terminals.png\",\"datePublished\":\"2019-03-26T16:41:36+00:00\",\"dateModified\":\"2024-04-17T19:39:32+00:00\",\"description\":\"Les passerelles de paiement et terminaux virtuels sont principalement utilis\u00e9s par les commerces \u00e9lectroniques, les ventes par correspondance ou par t\u00e9l\u00e9phone.\",\"breadcrumb\":{\"@id\":\"https:\/\/navidor.com\/fr\/materiel\/terminaux-virtuels\/#breadcrumb\"},\"inLanguage\":\"fr-FR\",\"potentialAction\":[{\"@type\":\"ReadAction\",\"target\":[\"https:\/\/navidor.com\/fr\/materiel\/terminaux-virtuels\/\"]}]},{\"@type\":\"ImageObject\",\"inLanguage\":\"fr-FR\",\"@id\":\"https:\/\/navidor.com\/fr\/materiel\/terminaux-virtuels\/#primaryimage\",\"url\":\"https:\/\/navidor.com\/wp-content\/uploads\/2023\/11\/navidor-payment-solutions-equipment-gateways-virtual-terminals.png\",\"contentUrl\":\"https:\/\/navidor.com\/wp-content\/uploads\/2023\/11\/navidor-payment-solutions-equipment-gateways-virtual-terminals.png\",\"width\":544,\"height\":382},{\"@type\":\"BreadcrumbList\",\"@id\":\"https:\/\/navidor.com\/fr\/materiel\/terminaux-virtuels\/#breadcrumb\",\"itemListElement\":[{\"@type\":\"ListItem\",\"position\":1,\"name\":\"Navidor\",\"item\":\"https:\/\/navidor.com\/fr\/\"},{\"@type\":\"ListItem\",\"position\":2,\"name\":\"Mat\u00e9riel\",\"item\":\"https:\/\/navidor.com\/fr\/materiel\/\"},{\"@type\":\"ListItem\",\"position\":3,\"name\":\"Terminaux virtuels\"}]},{\"@type\":\"WebSite\",\"@id\":\"https:\/\/navidor.com\/fr\/#website\",\"url\":\"https:\/\/navidor.com\/fr\/\",\"name\":\"Navidor Payment Solutions\",\"description\":\"Payment solutions done right\",\"publisher\":{\"@id\":\"https:\/\/navidor.com\/fr\/#organization\"},\"potentialAction\":[{\"@type\":\"SearchAction\",\"target\":{\"@type\":\"EntryPoint\",\"urlTemplate\":\"https:\/\/navidor.com\/fr\/?s={search_term_string}\"},\"query-input\":{\"@type\":\"PropertyValueSpecification\",\"valueRequired\":true,\"valueName\":\"search_term_string\"}}],\"inLanguage\":\"fr-FR\"},{\"@type\":\"Organization\",\"@id\":\"https:\/\/navidor.com\/fr\/#organization\",\"name\":\"Navidor Payment Solutions\",\"url\":\"https:\/\/navidor.com\/fr\/\",\"logo\":{\"@type\":\"ImageObject\",\"inLanguage\":\"fr-FR\",\"@id\":\"https:\/\/navidor.com\/fr\/#\/schema\/logo\/image\/\",\"url\":\"https:\/\/navidor.com\/wp-content\/uploads\/2019\/11\/navider-payment-solutions-website.png\",\"contentUrl\":\"https:\/\/navidor.com\/wp-content\/uploads\/2019\/11\/navider-payment-solutions-website.png\",\"width\":1200,\"height\":600,\"caption\":\"Navidor Payment Solutions\"},\"image\":{\"@id\":\"https:\/\/navidor.com\/fr\/#\/schema\/logo\/image\/\"},\"sameAs\":[\"https:\/\/www.facebook.com\/NavidorPaymentsolutions\/\",\"https:\/\/x.com\/NavidorServices\",\"https:\/\/www.linkedin.com\/company\/navidor-merchant-services\/\",\"https:\/\/www.instagram.com\/navidor.payment.solutions\/\"]}]}<\/script>\n<!-- \/ Yoast SEO plugin. -->","yoast_head_json":{"title":"Des passerelles de paiement et des terminaux virtuels adapt\u00e9s \u00e0 vos besoins","description":"Les passerelles de paiement et terminaux virtuels sont principalement utilis\u00e9s par les commerces \u00e9lectroniques, les ventes par correspondance ou par t\u00e9l\u00e9phone.","robots":{"index":"index","follow":"follow","max-snippet":"max-snippet:-1","max-image-preview":"max-image-preview:large","max-video-preview":"max-video-preview:-1"},"canonical":"https:\/\/navidor.com\/fr\/materiel\/terminaux-virtuels\/","og_locale":"fr_FR","og_type":"article","og_title":"Des passerelles de paiement et des terminaux virtuels adapt\u00e9s \u00e0 vos besoins","og_description":"Les passerelles de paiement et terminaux virtuels sont principalement utilis\u00e9s par les commerces \u00e9lectroniques, les ventes par correspondance ou par t\u00e9l\u00e9phone.","og_url":"https:\/\/navidor.com\/fr\/materiel\/terminaux-virtuels\/","og_site_name":"Navidor Payment Solutions","article_publisher":"https:\/\/www.facebook.com\/NavidorPaymentsolutions\/","article_modified_time":"2024-04-17T19:39:32+00:00","og_image":[{"width":544,"height":382,"url":"https:\/\/navidor.com\/wp-content\/uploads\/2023\/11\/navidor-payment-solutions-equipment-gateways-virtual-terminals.png","type":"image\/png"}],"twitter_card":"summary_large_image","twitter_site":"@NavidorServices","twitter_misc":{"Dur\u00e9e de lecture estim\u00e9e":"2 minutes"},"schema":{"@context":"https:\/\/schema.org","@graph":[{"@type":"WebPage","@id":"https:\/\/navidor.com\/fr\/materiel\/terminaux-virtuels\/","url":"https:\/\/navidor.com\/fr\/materiel\/terminaux-virtuels\/","name":"Des passerelles de paiement et des terminaux virtuels adapt\u00e9s \u00e0 vos besoins","isPartOf":{"@id":"https:\/\/navidor.com\/fr\/#website"},"primaryImageOfPage":{"@id":"https:\/\/navidor.com\/fr\/materiel\/terminaux-virtuels\/#primaryimage"},"image":{"@id":"https:\/\/navidor.com\/fr\/materiel\/terminaux-virtuels\/#primaryimage"},"thumbnailUrl":"https:\/\/navidor.com\/wp-content\/uploads\/2023\/11\/navidor-payment-solutions-equipment-gateways-virtual-terminals.png","datePublished":"2019-03-26T16:41:36+00:00","dateModified":"2024-04-17T19:39:32+00:00","description":"Les passerelles de paiement et terminaux virtuels sont principalement utilis\u00e9s par les commerces \u00e9lectroniques, les ventes par correspondance ou par t\u00e9l\u00e9phone.","breadcrumb":{"@id":"https:\/\/navidor.com\/fr\/materiel\/terminaux-virtuels\/#breadcrumb"},"inLanguage":"fr-FR","potentialAction":[{"@type":"ReadAction","target":["https:\/\/navidor.com\/fr\/materiel\/terminaux-virtuels\/"]}]},{"@type":"ImageObject","inLanguage":"fr-FR","@id":"https:\/\/navidor.com\/fr\/materiel\/terminaux-virtuels\/#primaryimage","url":"https:\/\/navidor.com\/wp-content\/uploads\/2023\/11\/navidor-payment-solutions-equipment-gateways-virtual-terminals.png","contentUrl":"https:\/\/navidor.com\/wp-content\/uploads\/2023\/11\/navidor-payment-solutions-equipment-gateways-virtual-terminals.png","width":544,"height":382},{"@type":"BreadcrumbList","@id":"https:\/\/navidor.com\/fr\/materiel\/terminaux-virtuels\/#breadcrumb","itemListElement":[{"@type":"ListItem","position":1,"name":"Navidor","item":"https:\/\/navidor.com\/fr\/"},{"@type":"ListItem","position":2,"name":"Mat\u00e9riel","item":"https:\/\/navidor.com\/fr\/materiel\/"},{"@type":"ListItem","position":3,"name":"Terminaux virtuels"}]},{"@type":"WebSite","@id":"https:\/\/navidor.com\/fr\/#website","url":"https:\/\/navidor.com\/fr\/","name":"Navidor Payment Solutions","description":"Payment solutions done right","publisher":{"@id":"https:\/\/navidor.com\/fr\/#organization"},"potentialAction":[{"@type":"SearchAction","target":{"@type":"EntryPoint","urlTemplate":"https:\/\/navidor.com\/fr\/?s={search_term_string}"},"query-input":{"@type":"PropertyValueSpecification","valueRequired":true,"valueName":"search_term_string"}}],"inLanguage":"fr-FR"},{"@type":"Organization","@id":"https:\/\/navidor.com\/fr\/#organization","name":"Navidor Payment Solutions","url":"https:\/\/navidor.com\/fr\/","logo":{"@type":"ImageObject","inLanguage":"fr-FR","@id":"https:\/\/navidor.com\/fr\/#\/schema\/logo\/image\/","url":"https:\/\/navidor.com\/wp-content\/uploads\/2019\/11\/navider-payment-solutions-website.png","contentUrl":"https:\/\/navidor.com\/wp-content\/uploads\/2019\/11\/navider-payment-solutions-website.png","width":1200,"height":600,"caption":"Navidor Payment Solutions"},"image":{"@id":"https:\/\/navidor.com\/fr\/#\/schema\/logo\/image\/"},"sameAs":["https:\/\/www.facebook.com\/NavidorPaymentsolutions\/","https:\/\/x.com\/NavidorServices","https:\/\/www.linkedin.com\/company\/navidor-merchant-services\/","https:\/\/www.instagram.com\/navidor.payment.solutions\/"]}]}},"uagb_featured_image_src":{"full":["https:\/\/navidor.com\/wp-content\/uploads\/2023\/11\/navidor-payment-solutions-equipment-gateways-virtual-terminals.png",544,382,false],"thumbnail":["https:\/\/navidor.com\/wp-content\/uploads\/2023\/11\/navidor-payment-solutions-equipment-gateways-virtual-terminals-150x150.png",150,150,true],"medium":["https:\/\/navidor.com\/wp-content\/uploads\/2023\/11\/navidor-payment-solutions-equipment-gateways-virtual-terminals-300x211.png",300,211,true],"medium_large":["https:\/\/navidor.com\/wp-content\/uploads\/2023\/11\/navidor-payment-solutions-equipment-gateways-virtual-terminals.png",544,382,false],"large":["https:\/\/navidor.com\/wp-content\/uploads\/2023\/11\/navidor-payment-solutions-equipment-gateways-virtual-terminals.png",544,382,false],"1536x1536":["https:\/\/navidor.com\/wp-content\/uploads\/2023\/11\/navidor-payment-solutions-equipment-gateways-virtual-terminals.png",544,382,false],"2048x2048":["https:\/\/navidor.com\/wp-content\/uploads\/2023\/11\/navidor-payment-solutions-equipment-gateways-virtual-terminals.png",544,382,false],"gform-image-choice-sm":["https:\/\/navidor.com\/wp-content\/uploads\/2023\/11\/navidor-payment-solutions-equipment-gateways-virtual-terminals.png",300,211,false],"gform-image-choice-md":["https:\/\/navidor.com\/wp-content\/uploads\/2023\/11\/navidor-payment-solutions-equipment-gateways-virtual-terminals.png",400,281,false],"gform-image-choice-lg":["https:\/\/navidor.com\/wp-content\/uploads\/2023\/11\/navidor-payment-solutions-equipment-gateways-virtual-terminals.png",544,382,false]},"uagb_author_info":{"display_name":"navidor","author_link":"https:\/\/navidor.com\/fr\/author\/navidor\/"},"uagb_comment_info":0,"uagb_excerpt":"Les passerelles et terminaux virtuels sont principalement utilis\u00e9s par les commer\u00e7ants e-commerce et vente par t\u00e9l\u00e9phone ou par correspondance. Quelle est la diff\u00e9rence entre une passerelle de paiement et un terminal virtuel ? Navidor fonctionne avec de nombreuses passerelles et terminaux virtuels, dont: Contactez-nous&nbsp;si votre solution n&rsquo;est pas dans cette liste.","_links":{"self":[{"href":"https:\/\/navidor.com\/fr\/wp-json\/wp\/v2\/pages\/3029","targetHints":{"allow":["GET"]}}],"collection":[{"href":"https:\/\/navidor.com\/fr\/wp-json\/wp\/v2\/pages"}],"about":[{"href":"https:\/\/navidor.com\/fr\/wp-json\/wp\/v2\/types\/page"}],"author":[{"embeddable":true,"href":"https:\/\/navidor.com\/fr\/wp-json\/wp\/v2\/users\/1"}],"replies":[{"embeddable":true,"href":"https:\/\/navidor.com\/fr\/wp-json\/wp\/v2\/comments?post=3029"}],"version-history":[{"count":4,"href":"https:\/\/navidor.com\/fr\/wp-json\/wp\/v2\/pages\/3029\/revisions"}],"predecessor-version":[{"id":4215,"href":"https:\/\/navidor.com\/fr\/wp-json\/wp\/v2\/pages\/3029\/revisions\/4215"}],"up":[{"embeddable":true,"href":"https:\/\/navidor.com\/fr\/wp-json\/wp\/v2\/pages\/3024"}],"wp:featuredmedia":[{"embeddable":true,"href":"https:\/\/navidor.com\/fr\/wp-json\/wp\/v2\/media\/3981"}],"wp:attachment":[{"href":"https:\/\/navidor.com\/fr\/wp-json\/wp\/v2\/media?parent=3029"}],"curies":[{"name":"wp","href":"https:\/\/api.w.org\/{rel}","templated":true}]}}