{"id":3034,"date":"2019-10-06T22:22:54","date_gmt":"2019-10-06T22:22:54","guid":{"rendered":"https:\/\/navidor.com\/payment-solutions\/"},"modified":"2025-04-01T14:58:47","modified_gmt":"2025-04-01T14:58:47","slug":"moyens-paiements","status":"publish","type":"page","link":"https:\/\/navidor.com\/fr\/moyens-paiements\/","title":{"rendered":"Moyens de paiements"},"content":{"rendered":"\n<div style=\"height:40px\" aria-hidden=\"true\" class=\"wp-block-spacer\"><\/div>\n\n\n\n<div class=\"wp-block-columns has-2-columns equipment-page is-layout-flex wp-container-core-columns-is-layout-9d6595d7 wp-block-columns-is-layout-flex\">\n<div class=\"wp-block-column is-layout-flow wp-block-column-is-layout-flow\">\n<section class=\"wp-block-uagb-section uagb-section__wrap uagb-section__background-undefined uagb-block-1f6e0531\"><div class=\"uagb-section__overlay\"><\/div><div class=\"uagb-section__inner-wrap\">\n<figure class=\"wp-block-image alignleft size-full is-resized\"><img loading=\"lazy\" decoding=\"async\" width=\"544\" height=\"382\" src=\"https:\/\/navidor.com\/wp-content\/uploads\/2023\/11\/navidor-payment-solutions-credit-card-processing.png\" alt=\"\" class=\"wp-image-3956\" style=\"width:150px;height:106px\" srcset=\"https:\/\/navidor.com\/wp-content\/uploads\/2023\/11\/navidor-payment-solutions-credit-card-processing.png 544w, https:\/\/navidor.com\/wp-content\/uploads\/2023\/11\/navidor-payment-solutions-credit-card-processing-300x211.png 300w\" sizes=\"auto, (max-width: 544px) 100vw, 544px\" \/><\/figure>\n\n\n\n<h3 class=\"wp-block-heading\"><a href=\"https:\/\/navidor.com\/fr\/moyens-paiements\/acceptez-cartes-credit\/\">Traitement des cartes bancaires<\/a><\/h3>\n\n\n\n<p class=\"read-more\">Acceptez les cartes de cr\u00e9dit et de d\u00e9bit et augmentez vos ventes.<br><a href=\"https:\/\/navidor.com\/fr\/moyens-paiements\/acceptez-cartes-credit\/\">Lire la suite<\/a><\/p>\n<\/div><\/section>\n\n\n\n<section class=\"wp-block-uagb-section uagb-section__wrap uagb-section__background-undefined uagb-block-03fac9d0\"><div class=\"uagb-section__overlay\"><\/div><div class=\"uagb-section__inner-wrap\">\n<figure class=\"wp-block-image alignleft size-full is-resized\"><img loading=\"lazy\" decoding=\"async\" width=\"544\" height=\"382\" src=\"https:\/\/navidor.com\/wp-content\/uploads\/2023\/11\/navidor-payment-solutions-ach.png\" alt=\"\" class=\"wp-image-3964\" style=\"width:150px;height:106px\" srcset=\"https:\/\/navidor.com\/wp-content\/uploads\/2023\/11\/navidor-payment-solutions-ach.png 544w, https:\/\/navidor.com\/wp-content\/uploads\/2023\/11\/navidor-payment-solutions-ach-300x211.png 300w\" sizes=\"auto, (max-width: 544px) 100vw, 544px\" \/><\/figure>\n\n\n\n<h3 class=\"wp-block-heading\"><a href=\"https:\/\/navidor.com\/fr\/moyens-paiements\/prelevement-direct-sur-compte-bancaire\/\">D\u00e9bit direct<\/a><\/h3>\n\n\n\n<p class=\"read-more\">Configurer le d\u00e9bit automatique du compte courant d&rsquo;un client.<br><a href=\"https:\/\/navidor.com\/fr\/moyens-paiements\/prelevement-direct-sur-compte-bancaire\/\">Lire la suite<\/a><\/p>\n<\/div><\/section>\n\n\n\n<section class=\"wp-block-uagb-section uagb-section__wrap uagb-section__background-undefined uagb-block-400d5932\"><div class=\"uagb-section__overlay\"><\/div><div class=\"uagb-section__inner-wrap\">\n<figure class=\"wp-block-image alignleft size-full is-resized\"><img loading=\"lazy\" decoding=\"async\" width=\"544\" height=\"382\" src=\"https:\/\/navidor.com\/wp-content\/uploads\/2023\/11\/navidor-payment-solutions-international-transfers.png\" alt=\"\" class=\"wp-image-3969\" style=\"object-fit:cover;width:150px;height:106px\" srcset=\"https:\/\/navidor.com\/wp-content\/uploads\/2023\/11\/navidor-payment-solutions-international-transfers.png 544w, https:\/\/navidor.com\/wp-content\/uploads\/2023\/11\/navidor-payment-solutions-international-transfers-300x211.png 300w\" sizes=\"auto, (max-width: 544px) 100vw, 544px\" \/><\/figure>\n\n\n\n<h3 class=\"wp-block-heading\"><a href=\"https:\/\/navidor.com\/fr\/moyens-paiements\/transferts-internationaux\/\">Transferts Internationaux<\/a> <\/h3>\n\n\n\n<p class=\"read-more\">Des services de transfert internationaux adapt\u00e9s et \u00e9conomiques. <br><a href=\"https:\/\/navidor.com\/fr\/moyens-paiements\/transferts-internationaux\/\">Lire la suite<\/a><\/p>\n<\/div><\/section>\n<\/div>\n\n\n\n<div class=\"wp-block-column is-layout-flow wp-block-column-is-layout-flow\">\n<section class=\"wp-block-uagb-section uagb-section__wrap uagb-section__background-undefined uagb-block-0345dff8\"><div class=\"uagb-section__overlay\"><\/div><div class=\"uagb-section__inner-wrap\">\n<figure class=\"wp-block-image alignleft size-full is-resized\"><img loading=\"lazy\" decoding=\"async\" width=\"544\" height=\"382\" src=\"https:\/\/navidor.com\/wp-content\/uploads\/2023\/11\/navidor-payment-solutions-multicurrency.png\" alt=\"\" class=\"wp-image-3958\" style=\"width:150px;height:106px\" srcset=\"https:\/\/navidor.com\/wp-content\/uploads\/2023\/11\/navidor-payment-solutions-multicurrency.png 544w, https:\/\/navidor.com\/wp-content\/uploads\/2023\/11\/navidor-payment-solutions-multicurrency-300x211.png 300w\" sizes=\"auto, (max-width: 544px) 100vw, 544px\" \/><\/figure>\n\n\n\n<h3 class=\"wp-block-heading\"><a href=\"https:\/\/navidor.com\/fr\/moyens-paiements\/paiements-en-devises\/\">Multi-devises et transnational<\/a><\/h3>\n\n\n\n<p class=\"read-more\">Ciblez de nouveaux march\u00e9s et convertissez plus.<br><a href=\"https:\/\/navidor.com\/fr\/moyens-paiements\/paiements-en-devises\/\">Lire la suite<\/a><\/p>\n<\/div><\/section>\n\n\n\n<section class=\"wp-block-uagb-section uagb-section__wrap uagb-section__background-undefined uagb-block-4d9efe1c\"><div class=\"uagb-section__overlay\"><\/div><div class=\"uagb-section__inner-wrap\">\n<figure class=\"wp-block-image alignleft size-full is-resized\"><img loading=\"lazy\" decoding=\"async\" width=\"544\" height=\"382\" src=\"https:\/\/navidor.com\/wp-content\/uploads\/2023\/11\/navidor-payment-solutions-chinese-payments.png\" alt=\"\" class=\"wp-image-3962\" style=\"width:150px;height:106px\" srcset=\"https:\/\/navidor.com\/wp-content\/uploads\/2023\/11\/navidor-payment-solutions-chinese-payments.png 544w, https:\/\/navidor.com\/wp-content\/uploads\/2023\/11\/navidor-payment-solutions-chinese-payments-300x211.png 300w\" sizes=\"auto, (max-width: 544px) 100vw, 544px\" \/><\/figure>\n\n\n\n<h3 class=\"wp-block-heading\"><a href=\"https:\/\/navidor.com\/fr\/moyens-paiements\/paiments-chinois\/\">Paiements chinois<\/a><\/h3>\n\n\n\n<p class=\"read-more\">Acceptez Alipay et WeChat Pay, les m\u00e9thodes de paiement pr\u00e9f\u00e9r\u00e9es par les consommateurs chinois.<br><a href=\"https:\/\/navidor.com\/fr\/moyens-paiements\/paiments-chinois\/\">Lire la suite<\/a><\/p>\n<\/div><\/section>\n\n\n\n<section class=\"wp-block-uagb-section uagb-section__wrap uagb-section__background-undefined uagb-block-fee8b586\"><div class=\"uagb-section__overlay\"><\/div><div class=\"uagb-section__inner-wrap\">\n<figure class=\"wp-block-image alignleft size-full is-resized\"><img loading=\"lazy\" decoding=\"async\" width=\"544\" height=\"382\" src=\"https:\/\/navidor.com\/wp-content\/uploads\/2023\/11\/navidor-payment-solutions-electronic-checks.png\" alt=\"\" class=\"wp-image-3966\" style=\"object-fit:cover;width:150px;height:106px\" srcset=\"https:\/\/navidor.com\/wp-content\/uploads\/2023\/11\/navidor-payment-solutions-electronic-checks.png 544w, https:\/\/navidor.com\/wp-content\/uploads\/2023\/11\/navidor-payment-solutions-electronic-checks-300x211.png 300w\" sizes=\"auto, (max-width: 544px) 100vw, 544px\" \/><\/figure>\n\n\n\n<h3 class=\"wp-block-heading\"><a href=\"https:\/\/navidor.com\/fr\/moyens-paiements\/traitement-cheques-electroniques\/\">Ch\u00e8ques \u00e9lectroniques<\/a><\/h3>\n\n\n\n<p class=\"read-more\">Traitez les ch\u00e8ques par voie \u00e9lectronique.<br><a href=\"https:\/\/navidor.com\/fr\/moyens-paiements\/traitement-cheques-electroniques\/\">Lire la suite<\/a><\/p>\n<\/div><\/section>\n\n\n\n<section class=\"wp-block-uagb-section uagb-section__wrap uagb-section__background-none uagb-block-96102701\"><div class=\"uagb-section__overlay\"><\/div><div class=\"uagb-section__inner-wrap\">\n<figure class=\"wp-block-image alignleft size-full is-resized\"><img loading=\"lazy\" decoding=\"async\" width=\"544\" height=\"382\" src=\"https:\/\/navidor.com\/wp-content\/uploads\/2023\/11\/navidor-payment-solutions-services-alternative-payments.png\" alt=\"\" class=\"wp-image-4011\" style=\"object-fit:cover;width:150px;height:106px\" srcset=\"https:\/\/navidor.com\/wp-content\/uploads\/2023\/11\/navidor-payment-solutions-services-alternative-payments.png 544w, https:\/\/navidor.com\/wp-content\/uploads\/2023\/11\/navidor-payment-solutions-services-alternative-payments-300x211.png 300w\" sizes=\"auto, (max-width: 544px) 100vw, 544px\" \/><\/figure>\n\n\n\n<h3 class=\"wp-block-heading\"><a href=\"https:\/\/navidor.com\/fr\/a-propos\/contactez-nous\/\">R\u00e8glements alternatifs<\/a><\/h3>\n\n\n\n<p class=\"read-more\"><br><a href=\"https:\/\/navidor.com\/fr\/a-propos\/contactez-nous\/\">Contactez-nous<\/a><\/p>\n<\/div><\/section>\n\n\n\n<p><\/p>\n<\/div>\n<\/div>\n","protected":false},"excerpt":{"rendered":"","protected":false},"author":1,"featured_media":3893,"parent":0,"menu_order":0,"comment_status":"closed","ping_status":"closed","template":"","meta":{"_acf_changed":false,"_uag_custom_page_level_css":"","footnotes":""},"class_list":["post-3034","page","type-page","status-publish","has-post-thumbnail","hentry"],"acf":[],"yoast_head":"<!-- This site is optimized with the Yoast SEO plugin v27.2 - https:\/\/yoast.com\/product\/yoast-seo-wordpress\/ -->\n<title>Navidor vous conseille et vous propose les bonnes solutions de paiements selon vos besoins.<\/title>\n<meta name=\"description\" content=\"Augmentez vos ventes en acceptant les cartes de cr\u00e9dit et de d\u00e9bit, les pr\u00e9l\u00e8vements directs sur comptes bancaires (ACH debit), les paiements internationaux, le multi-devises et les ch\u00e8ques \u00e9lectroniques.\" \/>\n<meta name=\"robots\" content=\"index, follow, max-snippet:-1, max-image-preview:large, max-video-preview:-1\" \/>\n<link rel=\"canonical\" href=\"https:\/\/navidor.com\/fr\/moyens-paiements\/\" \/>\n<meta property=\"og:locale\" content=\"fr_FR\" \/>\n<meta property=\"og:type\" content=\"article\" \/>\n<meta property=\"og:title\" content=\"Navidor vous conseille et vous propose les bonnes solutions de paiements selon vos besoins.\" \/>\n<meta property=\"og:description\" content=\"Augmentez vos ventes en acceptant les cartes de cr\u00e9dit et de d\u00e9bit, les pr\u00e9l\u00e8vements directs sur comptes bancaires (ACH debit), les paiements internationaux, le multi-devises et les ch\u00e8ques \u00e9lectroniques.\" \/>\n<meta property=\"og:url\" content=\"https:\/\/navidor.com\/fr\/moyens-paiements\/\" \/>\n<meta property=\"og:site_name\" content=\"Navidor Payment Solutions\" \/>\n<meta property=\"article:publisher\" content=\"https:\/\/www.facebook.com\/NavidorPaymentsolutions\/\" \/>\n<meta property=\"article:modified_time\" content=\"2025-04-01T14:58:47+00:00\" \/>\n<meta property=\"og:image\" content=\"https:\/\/navidor.com\/wp-content\/uploads\/2023\/08\/navidor-logo-2023-215-2.png\" \/>\n\t<meta property=\"og:image:width\" content=\"215\" \/>\n\t<meta property=\"og:image:height\" content=\"136\" \/>\n\t<meta property=\"og:image:type\" content=\"image\/png\" \/>\n<meta name=\"twitter:card\" content=\"summary_large_image\" \/>\n<meta name=\"twitter:site\" content=\"@NavidorServices\" \/>\n<meta name=\"twitter:label1\" content=\"Dur\u00e9e de lecture estim\u00e9e\" \/>\n\t<meta name=\"twitter:data1\" content=\"3 minutes\" \/>\n<script type=\"application\/ld+json\" class=\"yoast-schema-graph\">{\"@context\":\"https:\/\/schema.org\",\"@graph\":[{\"@type\":\"WebPage\",\"@id\":\"https:\/\/navidor.com\/fr\/moyens-paiements\/\",\"url\":\"https:\/\/navidor.com\/fr\/moyens-paiements\/\",\"name\":\"Navidor vous conseille et vous propose les bonnes solutions de paiements selon vos besoins.\",\"isPartOf\":{\"@id\":\"https:\/\/navidor.com\/fr\/#website\"},\"primaryImageOfPage\":{\"@id\":\"https:\/\/navidor.com\/fr\/moyens-paiements\/#primaryimage\"},\"image\":{\"@id\":\"https:\/\/navidor.com\/fr\/moyens-paiements\/#primaryimage\"},\"thumbnailUrl\":\"https:\/\/navidor.com\/wp-content\/uploads\/2023\/08\/navidor-logo-2023-215-2.png\",\"datePublished\":\"2019-10-06T22:22:54+00:00\",\"dateModified\":\"2025-04-01T14:58:47+00:00\",\"description\":\"Augmentez vos ventes en acceptant les cartes de cr\u00e9dit et de d\u00e9bit, les pr\u00e9l\u00e8vements directs sur comptes bancaires (ACH debit), les paiements internationaux, le multi-devises et les ch\u00e8ques \u00e9lectroniques.\",\"breadcrumb\":{\"@id\":\"https:\/\/navidor.com\/fr\/moyens-paiements\/#breadcrumb\"},\"inLanguage\":\"fr-FR\",\"potentialAction\":[{\"@type\":\"ReadAction\",\"target\":[\"https:\/\/navidor.com\/fr\/moyens-paiements\/\"]}]},{\"@type\":\"ImageObject\",\"inLanguage\":\"fr-FR\",\"@id\":\"https:\/\/navidor.com\/fr\/moyens-paiements\/#primaryimage\",\"url\":\"https:\/\/navidor.com\/wp-content\/uploads\/2023\/08\/navidor-logo-2023-215-2.png\",\"contentUrl\":\"https:\/\/navidor.com\/wp-content\/uploads\/2023\/08\/navidor-logo-2023-215-2.png\",\"width\":215,\"height\":136},{\"@type\":\"BreadcrumbList\",\"@id\":\"https:\/\/navidor.com\/fr\/moyens-paiements\/#breadcrumb\",\"itemListElement\":[{\"@type\":\"ListItem\",\"position\":1,\"name\":\"Navidor\",\"item\":\"https:\/\/navidor.com\/fr\/\"},{\"@type\":\"ListItem\",\"position\":2,\"name\":\"Moyens de paiements\"}]},{\"@type\":\"WebSite\",\"@id\":\"https:\/\/navidor.com\/fr\/#website\",\"url\":\"https:\/\/navidor.com\/fr\/\",\"name\":\"Navidor Payment Solutions\",\"description\":\"Payment solutions done right\",\"publisher\":{\"@id\":\"https:\/\/navidor.com\/fr\/#organization\"},\"potentialAction\":[{\"@type\":\"SearchAction\",\"target\":{\"@type\":\"EntryPoint\",\"urlTemplate\":\"https:\/\/navidor.com\/fr\/?s={search_term_string}\"},\"query-input\":{\"@type\":\"PropertyValueSpecification\",\"valueRequired\":true,\"valueName\":\"search_term_string\"}}],\"inLanguage\":\"fr-FR\"},{\"@type\":\"Organization\",\"@id\":\"https:\/\/navidor.com\/fr\/#organization\",\"name\":\"Navidor Payment Solutions\",\"url\":\"https:\/\/navidor.com\/fr\/\",\"logo\":{\"@type\":\"ImageObject\",\"inLanguage\":\"fr-FR\",\"@id\":\"https:\/\/navidor.com\/fr\/#\/schema\/logo\/image\/\",\"url\":\"https:\/\/navidor.com\/wp-content\/uploads\/2019\/11\/navider-payment-solutions-website.png\",\"contentUrl\":\"https:\/\/navidor.com\/wp-content\/uploads\/2019\/11\/navider-payment-solutions-website.png\",\"width\":1200,\"height\":600,\"caption\":\"Navidor Payment Solutions\"},\"image\":{\"@id\":\"https:\/\/navidor.com\/fr\/#\/schema\/logo\/image\/\"},\"sameAs\":[\"https:\/\/www.facebook.com\/NavidorPaymentsolutions\/\",\"https:\/\/x.com\/NavidorServices\",\"https:\/\/www.linkedin.com\/company\/navidor-merchant-services\/\",\"https:\/\/www.instagram.com\/navidor.payment.solutions\/\"]}]}<\/script>\n<!-- \/ Yoast SEO plugin. -->","yoast_head_json":{"title":"Navidor vous conseille et vous propose les bonnes solutions de paiements selon vos besoins.","description":"Augmentez vos ventes en acceptant les cartes de cr\u00e9dit et de d\u00e9bit, les pr\u00e9l\u00e8vements directs sur comptes bancaires (ACH debit), les paiements internationaux, le multi-devises et les ch\u00e8ques \u00e9lectroniques.","robots":{"index":"index","follow":"follow","max-snippet":"max-snippet:-1","max-image-preview":"max-image-preview:large","max-video-preview":"max-video-preview:-1"},"canonical":"https:\/\/navidor.com\/fr\/moyens-paiements\/","og_locale":"fr_FR","og_type":"article","og_title":"Navidor vous conseille et vous propose les bonnes solutions de paiements selon vos besoins.","og_description":"Augmentez vos ventes en acceptant les cartes de cr\u00e9dit et de d\u00e9bit, les pr\u00e9l\u00e8vements directs sur comptes bancaires (ACH debit), les paiements internationaux, le multi-devises et les ch\u00e8ques \u00e9lectroniques.","og_url":"https:\/\/navidor.com\/fr\/moyens-paiements\/","og_site_name":"Navidor Payment Solutions","article_publisher":"https:\/\/www.facebook.com\/NavidorPaymentsolutions\/","article_modified_time":"2025-04-01T14:58:47+00:00","og_image":[{"width":215,"height":136,"url":"https:\/\/navidor.com\/wp-content\/uploads\/2023\/08\/navidor-logo-2023-215-2.png","type":"image\/png"}],"twitter_card":"summary_large_image","twitter_site":"@NavidorServices","twitter_misc":{"Dur\u00e9e de lecture estim\u00e9e":"3 minutes"},"schema":{"@context":"https:\/\/schema.org","@graph":[{"@type":"WebPage","@id":"https:\/\/navidor.com\/fr\/moyens-paiements\/","url":"https:\/\/navidor.com\/fr\/moyens-paiements\/","name":"Navidor vous conseille et vous propose les bonnes solutions de paiements selon vos besoins.","isPartOf":{"@id":"https:\/\/navidor.com\/fr\/#website"},"primaryImageOfPage":{"@id":"https:\/\/navidor.com\/fr\/moyens-paiements\/#primaryimage"},"image":{"@id":"https:\/\/navidor.com\/fr\/moyens-paiements\/#primaryimage"},"thumbnailUrl":"https:\/\/navidor.com\/wp-content\/uploads\/2023\/08\/navidor-logo-2023-215-2.png","datePublished":"2019-10-06T22:22:54+00:00","dateModified":"2025-04-01T14:58:47+00:00","description":"Augmentez vos ventes en acceptant les cartes de cr\u00e9dit et de d\u00e9bit, les pr\u00e9l\u00e8vements directs sur comptes bancaires (ACH debit), les paiements internationaux, le multi-devises et les ch\u00e8ques \u00e9lectroniques.","breadcrumb":{"@id":"https:\/\/navidor.com\/fr\/moyens-paiements\/#breadcrumb"},"inLanguage":"fr-FR","potentialAction":[{"@type":"ReadAction","target":["https:\/\/navidor.com\/fr\/moyens-paiements\/"]}]},{"@type":"ImageObject","inLanguage":"fr-FR","@id":"https:\/\/navidor.com\/fr\/moyens-paiements\/#primaryimage","url":"https:\/\/navidor.com\/wp-content\/uploads\/2023\/08\/navidor-logo-2023-215-2.png","contentUrl":"https:\/\/navidor.com\/wp-content\/uploads\/2023\/08\/navidor-logo-2023-215-2.png","width":215,"height":136},{"@type":"BreadcrumbList","@id":"https:\/\/navidor.com\/fr\/moyens-paiements\/#breadcrumb","itemListElement":[{"@type":"ListItem","position":1,"name":"Navidor","item":"https:\/\/navidor.com\/fr\/"},{"@type":"ListItem","position":2,"name":"Moyens de paiements"}]},{"@type":"WebSite","@id":"https:\/\/navidor.com\/fr\/#website","url":"https:\/\/navidor.com\/fr\/","name":"Navidor Payment Solutions","description":"Payment solutions done right","publisher":{"@id":"https:\/\/navidor.com\/fr\/#organization"},"potentialAction":[{"@type":"SearchAction","target":{"@type":"EntryPoint","urlTemplate":"https:\/\/navidor.com\/fr\/?s={search_term_string}"},"query-input":{"@type":"PropertyValueSpecification","valueRequired":true,"valueName":"search_term_string"}}],"inLanguage":"fr-FR"},{"@type":"Organization","@id":"https:\/\/navidor.com\/fr\/#organization","name":"Navidor Payment Solutions","url":"https:\/\/navidor.com\/fr\/","logo":{"@type":"ImageObject","inLanguage":"fr-FR","@id":"https:\/\/navidor.com\/fr\/#\/schema\/logo\/image\/","url":"https:\/\/navidor.com\/wp-content\/uploads\/2019\/11\/navider-payment-solutions-website.png","contentUrl":"https:\/\/navidor.com\/wp-content\/uploads\/2019\/11\/navider-payment-solutions-website.png","width":1200,"height":600,"caption":"Navidor Payment Solutions"},"image":{"@id":"https:\/\/navidor.com\/fr\/#\/schema\/logo\/image\/"},"sameAs":["https:\/\/www.facebook.com\/NavidorPaymentsolutions\/","https:\/\/x.com\/NavidorServices","https:\/\/www.linkedin.com\/company\/navidor-merchant-services\/","https:\/\/www.instagram.com\/navidor.payment.solutions\/"]}]}},"uagb_featured_image_src":{"full":["https:\/\/navidor.com\/wp-content\/uploads\/2023\/08\/navidor-logo-2023-215-2.png",215,136,false],"thumbnail":["https:\/\/navidor.com\/wp-content\/uploads\/2023\/08\/navidor-logo-2023-215-2-150x136.png",150,136,true],"medium":["https:\/\/navidor.com\/wp-content\/uploads\/2023\/08\/navidor-logo-2023-215-2.png",215,136,false],"medium_large":["https:\/\/navidor.com\/wp-content\/uploads\/2023\/08\/navidor-logo-2023-215-2.png",215,136,false],"large":["https:\/\/navidor.com\/wp-content\/uploads\/2023\/08\/navidor-logo-2023-215-2.png",215,136,false],"1536x1536":["https:\/\/navidor.com\/wp-content\/uploads\/2023\/08\/navidor-logo-2023-215-2.png",215,136,false],"2048x2048":["https:\/\/navidor.com\/wp-content\/uploads\/2023\/08\/navidor-logo-2023-215-2.png",215,136,false],"gform-image-choice-sm":["https:\/\/navidor.com\/wp-content\/uploads\/2023\/08\/navidor-logo-2023-215-2.png",215,136,false],"gform-image-choice-md":["https:\/\/navidor.com\/wp-content\/uploads\/2023\/08\/navidor-logo-2023-215-2.png",215,136,false],"gform-image-choice-lg":["https:\/\/navidor.com\/wp-content\/uploads\/2023\/08\/navidor-logo-2023-215-2.png",215,136,false]},"uagb_author_info":{"display_name":"navidor","author_link":"https:\/\/navidor.com\/fr\/author\/navidor\/"},"uagb_comment_info":0,"uagb_excerpt":null,"_links":{"self":[{"href":"https:\/\/navidor.com\/fr\/wp-json\/wp\/v2\/pages\/3034","targetHints":{"allow":["GET"]}}],"collection":[{"href":"https:\/\/navidor.com\/fr\/wp-json\/wp\/v2\/pages"}],"about":[{"href":"https:\/\/navidor.com\/fr\/wp-json\/wp\/v2\/types\/page"}],"author":[{"embeddable":true,"href":"https:\/\/navidor.com\/fr\/wp-json\/wp\/v2\/users\/1"}],"replies":[{"embeddable":true,"href":"https:\/\/navidor.com\/fr\/wp-json\/wp\/v2\/comments?post=3034"}],"version-history":[{"count":9,"href":"https:\/\/navidor.com\/fr\/wp-json\/wp\/v2\/pages\/3034\/revisions"}],"predecessor-version":[{"id":4473,"href":"https:\/\/navidor.com\/fr\/wp-json\/wp\/v2\/pages\/3034\/revisions\/4473"}],"wp:featuredmedia":[{"embeddable":true,"href":"https:\/\/navidor.com\/fr\/wp-json\/wp\/v2\/media\/3893"}],"wp:attachment":[{"href":"https:\/\/navidor.com\/fr\/wp-json\/wp\/v2\/media?parent=3034"}],"curies":[{"name":"wp","href":"https:\/\/api.w.org\/{rel}","templated":true}]}}