{"id":3036,"date":"2019-05-12T20:46:22","date_gmt":"2019-05-12T20:46:22","guid":{"rendered":"https:\/\/navidor.com\/payment-solutions\/ach-debit\/"},"modified":"2024-04-17T19:46:00","modified_gmt":"2024-04-17T19:46:00","slug":"prelevement-direct-sur-compte-bancaire","status":"publish","type":"page","link":"https:\/\/navidor.com\/fr\/moyens-paiements\/prelevement-direct-sur-compte-bancaire\/","title":{"rendered":"Pr\u00e9l\u00e8vement Direct sur compte bancaire"},"content":{"rendered":"\n<figure class=\"wp-block-image alignright size-full is-resized\"><img loading=\"lazy\" decoding=\"async\" width=\"544\" height=\"382\" src=\"https:\/\/navidor.com\/wp-content\/uploads\/2023\/11\/navidor-payment-solutions-ach.png\" alt=\"\" class=\"wp-image-3964\" style=\"width:325px\" srcset=\"https:\/\/navidor.com\/wp-content\/uploads\/2023\/11\/navidor-payment-solutions-ach.png 544w, https:\/\/navidor.com\/wp-content\/uploads\/2023\/11\/navidor-payment-solutions-ach-300x211.png 300w\" sizes=\"auto, (max-width: 544px) 100vw, 544px\" \/><\/figure>\n\n\n\n<h2 class=\"wp-block-heading\">Direct Debit Solutions<\/h2>\n\n\n\n<p>Nos solutions de pr\u00e9l\u00e8vement automatique permettent aux commer\u00e7ants de configurer des d\u00e9bits autoris\u00e9s \u00e0 partir du compte bancaire d&rsquo;un client.<\/p>\n\n\n\n<h3 class=\"wp-block-heading\">D\u00e9bit direct <span class='tooltipsall tooltip_post_id_955 classtoolTips955'>ACH<\/span><\/h3>\n\n\n\n<p>Permet aux commer\u00e7ants de d\u00e9biter des montants directement des comptes bancaires personnels ou professionnels du client. La facturation r\u00e9currente est disponible.<\/p>\n\n\n\n<ol class=\"wp-block-list\">\n<li>Le consommateur ou l&rsquo;entreprise fournit une autorisation \u00e9crite par correspondance, t\u00e9l\u00e9copie ou face \u00e0 face pour un d\u00e9bit \u00e9lectronique ACH sur son compte courant.<\/li>\n\n\n\n<li>Les informations de <span class='tooltipsall tooltip_post_id_1041 classtoolTips1041'>transaction<\/span> sont t\u00e9l\u00e9charg\u00e9es vers le processeur via diverses options, notamment un <span class='tooltipsall tooltip_post_id_1035 classtoolTips1035'>terminal<\/span> virtuel, une passerelle de paiement ou la transmission de fichiers \u00e9lectronique group\u00e9e.<\/li>\n\n\n\n<li>Les fonds sont d\u00e9bit\u00e9s \u00e9lectroniquement du compte courant du client.<\/li>\n\n\n\n<li>Une fois la transaction valid\u00e9e, les fonds sont d\u00e9pos\u00e9s \u00e9lectroniquement sur le compte du commer\u00e7ant en 2 \u00e0 5 jours ouvrables.<\/li>\n<\/ol>\n\n\n\n<p class=\"cta\"><a href=\"#freequote\">Demandez un devis gratuit<\/a><\/p>\n\n\n\n<h3 class=\"wp-block-heading\">T\u00e9l\u00e9-D\u00e9bit<\/h3>\n\n\n\n<p>Les commer\u00e7ants peuvent d\u00e9biter le compte courant des consommateurs, de n&rsquo;importe o\u00f9, en utilisant n&rsquo;importe quel t\u00e9l\u00e9phone \u00e0 touches.<\/p>\n\n\n<div class=\"clearfix\"><div class=\"listing-item one-fourth first\"><span class=\"image\"><img loading=\"lazy\" decoding=\"async\" width=\"150\" height=\"150\" src=\"https:\/\/navidor.com\/wp-content\/uploads\/2019\/09\/navidor_merchant_services_paya_services_square-150x150.png\" class=\"attachment-thumbnail size-thumbnail wp-post-image\" alt=\"\" srcset=\"https:\/\/navidor.com\/wp-content\/uploads\/2019\/09\/navidor_merchant_services_paya_services_square-150x150.png 150w, https:\/\/navidor.com\/wp-content\/uploads\/2019\/09\/navidor_merchant_services_paya_services_square-300x300.png 300w, https:\/\/navidor.com\/wp-content\/uploads\/2019\/09\/navidor_merchant_services_paya_services_square-400x400.png 400w, https:\/\/navidor.com\/wp-content\/uploads\/2019\/09\/navidor_merchant_services_paya_services_square.png 481w\" sizes=\"auto, (max-width: 150px) 100vw, 150px\" \/><\/span> <\/div><div class=\"listing-item one-fourth\"><span class=\"image\"><img loading=\"lazy\" decoding=\"async\" width=\"150\" height=\"150\" src=\"https:\/\/navidor.com\/wp-content\/uploads\/2019\/09\/navidor_merchant_services_e_processing_network_square-150x150.png\" class=\"attachment-thumbnail size-thumbnail wp-post-image\" alt=\"\" srcset=\"https:\/\/navidor.com\/wp-content\/uploads\/2019\/09\/navidor_merchant_services_e_processing_network_square-150x150.png 150w, https:\/\/navidor.com\/wp-content\/uploads\/2019\/09\/navidor_merchant_services_e_processing_network_square-300x300.png 300w, https:\/\/navidor.com\/wp-content\/uploads\/2019\/09\/navidor_merchant_services_e_processing_network_square-400x400.png 400w, https:\/\/navidor.com\/wp-content\/uploads\/2019\/09\/navidor_merchant_services_e_processing_network_square.png 481w\" sizes=\"auto, (max-width: 150px) 100vw, 150px\" \/><\/span> <\/div><\/div>\n","protected":false},"excerpt":{"rendered":"<p>Traitez les ch\u00e8ques par voie \u00e9lectronique ou d\u00e9bitez directement le compte bancaire de vos clients<\/p>\n","protected":false},"author":1,"featured_media":3964,"parent":3034,"menu_order":0,"comment_status":"closed","ping_status":"closed","template":"page-blank-sub-nav-vertical.php","meta":{"_acf_changed":false,"_uag_custom_page_level_css":"","footnotes":""},"class_list":["post-3036","page","type-page","status-publish","has-post-thumbnail","hentry"],"acf":[],"yoast_head":"<!-- This site is optimized with the Yoast SEO plugin v27.2 - https:\/\/yoast.com\/product\/yoast-seo-wordpress\/ -->\n<title>Acceptez les ch\u00e8ques par voie \u00e9lectronique ou d\u00e9bitez le compte bancaire de vos clients<\/title>\n<meta name=\"description\" content=\"Nos solutions de pr\u00e9l\u00e8vement direct permettent aux commer\u00e7ants de configurer des d\u00e9bits autoris\u00e9s \u00e0 partir du compte bancaire d&#039;un client.\" \/>\n<meta name=\"robots\" content=\"index, follow, max-snippet:-1, max-image-preview:large, max-video-preview:-1\" \/>\n<link rel=\"canonical\" href=\"https:\/\/navidor.com\/fr\/moyens-paiements\/prelevement-direct-sur-compte-bancaire\/\" \/>\n<meta property=\"og:locale\" content=\"fr_FR\" \/>\n<meta property=\"og:type\" content=\"article\" \/>\n<meta property=\"og:title\" content=\"Acceptez les ch\u00e8ques par voie \u00e9lectronique ou d\u00e9bitez le compte bancaire de vos clients\" \/>\n<meta property=\"og:description\" content=\"Nos solutions de pr\u00e9l\u00e8vement direct permettent aux commer\u00e7ants de configurer des d\u00e9bits autoris\u00e9s \u00e0 partir du compte bancaire d&#039;un client.\" \/>\n<meta property=\"og:url\" content=\"https:\/\/navidor.com\/fr\/moyens-paiements\/prelevement-direct-sur-compte-bancaire\/\" \/>\n<meta property=\"og:site_name\" content=\"Navidor Payment Solutions\" \/>\n<meta property=\"article:publisher\" content=\"https:\/\/www.facebook.com\/NavidorPaymentsolutions\/\" \/>\n<meta property=\"article:modified_time\" content=\"2024-04-17T19:46:00+00:00\" \/>\n<meta property=\"og:image\" content=\"https:\/\/navidor.com\/wp-content\/uploads\/2023\/11\/navidor-payment-solutions-ach.png\" \/>\n\t<meta property=\"og:image:width\" content=\"544\" \/>\n\t<meta property=\"og:image:height\" content=\"382\" \/>\n\t<meta property=\"og:image:type\" content=\"image\/png\" \/>\n<meta name=\"twitter:card\" content=\"summary_large_image\" \/>\n<meta name=\"twitter:site\" content=\"@NavidorServices\" \/>\n<meta name=\"twitter:label1\" content=\"Dur\u00e9e de lecture estim\u00e9e\" \/>\n\t<meta name=\"twitter:data1\" content=\"2 minutes\" \/>\n<script type=\"application\/ld+json\" class=\"yoast-schema-graph\">{\"@context\":\"https:\/\/schema.org\",\"@graph\":[{\"@type\":\"WebPage\",\"@id\":\"https:\/\/navidor.com\/fr\/moyens-paiements\/prelevement-direct-sur-compte-bancaire\/\",\"url\":\"https:\/\/navidor.com\/fr\/moyens-paiements\/prelevement-direct-sur-compte-bancaire\/\",\"name\":\"Acceptez les ch\u00e8ques par voie \u00e9lectronique ou d\u00e9bitez le compte bancaire de vos clients\",\"isPartOf\":{\"@id\":\"https:\/\/navidor.com\/fr\/#website\"},\"primaryImageOfPage\":{\"@id\":\"https:\/\/navidor.com\/fr\/moyens-paiements\/prelevement-direct-sur-compte-bancaire\/#primaryimage\"},\"image\":{\"@id\":\"https:\/\/navidor.com\/fr\/moyens-paiements\/prelevement-direct-sur-compte-bancaire\/#primaryimage\"},\"thumbnailUrl\":\"https:\/\/navidor.com\/wp-content\/uploads\/2023\/11\/navidor-payment-solutions-ach.png\",\"datePublished\":\"2019-05-12T20:46:22+00:00\",\"dateModified\":\"2024-04-17T19:46:00+00:00\",\"description\":\"Nos solutions de pr\u00e9l\u00e8vement direct permettent aux commer\u00e7ants de configurer des d\u00e9bits autoris\u00e9s \u00e0 partir du compte bancaire d'un client.\",\"breadcrumb\":{\"@id\":\"https:\/\/navidor.com\/fr\/moyens-paiements\/prelevement-direct-sur-compte-bancaire\/#breadcrumb\"},\"inLanguage\":\"fr-FR\",\"potentialAction\":[{\"@type\":\"ReadAction\",\"target\":[\"https:\/\/navidor.com\/fr\/moyens-paiements\/prelevement-direct-sur-compte-bancaire\/\"]}]},{\"@type\":\"ImageObject\",\"inLanguage\":\"fr-FR\",\"@id\":\"https:\/\/navidor.com\/fr\/moyens-paiements\/prelevement-direct-sur-compte-bancaire\/#primaryimage\",\"url\":\"https:\/\/navidor.com\/wp-content\/uploads\/2023\/11\/navidor-payment-solutions-ach.png\",\"contentUrl\":\"https:\/\/navidor.com\/wp-content\/uploads\/2023\/11\/navidor-payment-solutions-ach.png\",\"width\":544,\"height\":382},{\"@type\":\"BreadcrumbList\",\"@id\":\"https:\/\/navidor.com\/fr\/moyens-paiements\/prelevement-direct-sur-compte-bancaire\/#breadcrumb\",\"itemListElement\":[{\"@type\":\"ListItem\",\"position\":1,\"name\":\"Navidor\",\"item\":\"https:\/\/navidor.com\/fr\/\"},{\"@type\":\"ListItem\",\"position\":2,\"name\":\"Moyens de paiements\",\"item\":\"https:\/\/navidor.com\/fr\/moyens-paiements\/\"},{\"@type\":\"ListItem\",\"position\":3,\"name\":\"Pr\u00e9l\u00e8vement Direct sur compte bancaire\"}]},{\"@type\":\"WebSite\",\"@id\":\"https:\/\/navidor.com\/fr\/#website\",\"url\":\"https:\/\/navidor.com\/fr\/\",\"name\":\"Navidor Payment Solutions\",\"description\":\"Payment solutions done right\",\"publisher\":{\"@id\":\"https:\/\/navidor.com\/fr\/#organization\"},\"potentialAction\":[{\"@type\":\"SearchAction\",\"target\":{\"@type\":\"EntryPoint\",\"urlTemplate\":\"https:\/\/navidor.com\/fr\/?s={search_term_string}\"},\"query-input\":{\"@type\":\"PropertyValueSpecification\",\"valueRequired\":true,\"valueName\":\"search_term_string\"}}],\"inLanguage\":\"fr-FR\"},{\"@type\":\"Organization\",\"@id\":\"https:\/\/navidor.com\/fr\/#organization\",\"name\":\"Navidor Payment Solutions\",\"url\":\"https:\/\/navidor.com\/fr\/\",\"logo\":{\"@type\":\"ImageObject\",\"inLanguage\":\"fr-FR\",\"@id\":\"https:\/\/navidor.com\/fr\/#\/schema\/logo\/image\/\",\"url\":\"https:\/\/navidor.com\/wp-content\/uploads\/2019\/11\/navider-payment-solutions-website.png\",\"contentUrl\":\"https:\/\/navidor.com\/wp-content\/uploads\/2019\/11\/navider-payment-solutions-website.png\",\"width\":1200,\"height\":600,\"caption\":\"Navidor Payment Solutions\"},\"image\":{\"@id\":\"https:\/\/navidor.com\/fr\/#\/schema\/logo\/image\/\"},\"sameAs\":[\"https:\/\/www.facebook.com\/NavidorPaymentsolutions\/\",\"https:\/\/x.com\/NavidorServices\",\"https:\/\/www.linkedin.com\/company\/navidor-merchant-services\/\",\"https:\/\/www.instagram.com\/navidor.payment.solutions\/\"]}]}<\/script>\n<!-- \/ Yoast SEO plugin. -->","yoast_head_json":{"title":"Acceptez les ch\u00e8ques par voie \u00e9lectronique ou d\u00e9bitez le compte bancaire de vos clients","description":"Nos solutions de pr\u00e9l\u00e8vement direct permettent aux commer\u00e7ants de configurer des d\u00e9bits autoris\u00e9s \u00e0 partir du compte bancaire d'un client.","robots":{"index":"index","follow":"follow","max-snippet":"max-snippet:-1","max-image-preview":"max-image-preview:large","max-video-preview":"max-video-preview:-1"},"canonical":"https:\/\/navidor.com\/fr\/moyens-paiements\/prelevement-direct-sur-compte-bancaire\/","og_locale":"fr_FR","og_type":"article","og_title":"Acceptez les ch\u00e8ques par voie \u00e9lectronique ou d\u00e9bitez le compte bancaire de vos clients","og_description":"Nos solutions de pr\u00e9l\u00e8vement direct permettent aux commer\u00e7ants de configurer des d\u00e9bits autoris\u00e9s \u00e0 partir du compte bancaire d'un client.","og_url":"https:\/\/navidor.com\/fr\/moyens-paiements\/prelevement-direct-sur-compte-bancaire\/","og_site_name":"Navidor Payment Solutions","article_publisher":"https:\/\/www.facebook.com\/NavidorPaymentsolutions\/","article_modified_time":"2024-04-17T19:46:00+00:00","og_image":[{"width":544,"height":382,"url":"https:\/\/navidor.com\/wp-content\/uploads\/2023\/11\/navidor-payment-solutions-ach.png","type":"image\/png"}],"twitter_card":"summary_large_image","twitter_site":"@NavidorServices","twitter_misc":{"Dur\u00e9e de lecture estim\u00e9e":"2 minutes"},"schema":{"@context":"https:\/\/schema.org","@graph":[{"@type":"WebPage","@id":"https:\/\/navidor.com\/fr\/moyens-paiements\/prelevement-direct-sur-compte-bancaire\/","url":"https:\/\/navidor.com\/fr\/moyens-paiements\/prelevement-direct-sur-compte-bancaire\/","name":"Acceptez les ch\u00e8ques par voie \u00e9lectronique ou d\u00e9bitez le compte bancaire de vos clients","isPartOf":{"@id":"https:\/\/navidor.com\/fr\/#website"},"primaryImageOfPage":{"@id":"https:\/\/navidor.com\/fr\/moyens-paiements\/prelevement-direct-sur-compte-bancaire\/#primaryimage"},"image":{"@id":"https:\/\/navidor.com\/fr\/moyens-paiements\/prelevement-direct-sur-compte-bancaire\/#primaryimage"},"thumbnailUrl":"https:\/\/navidor.com\/wp-content\/uploads\/2023\/11\/navidor-payment-solutions-ach.png","datePublished":"2019-05-12T20:46:22+00:00","dateModified":"2024-04-17T19:46:00+00:00","description":"Nos solutions de pr\u00e9l\u00e8vement direct permettent aux commer\u00e7ants de configurer des d\u00e9bits autoris\u00e9s \u00e0 partir du compte bancaire d'un client.","breadcrumb":{"@id":"https:\/\/navidor.com\/fr\/moyens-paiements\/prelevement-direct-sur-compte-bancaire\/#breadcrumb"},"inLanguage":"fr-FR","potentialAction":[{"@type":"ReadAction","target":["https:\/\/navidor.com\/fr\/moyens-paiements\/prelevement-direct-sur-compte-bancaire\/"]}]},{"@type":"ImageObject","inLanguage":"fr-FR","@id":"https:\/\/navidor.com\/fr\/moyens-paiements\/prelevement-direct-sur-compte-bancaire\/#primaryimage","url":"https:\/\/navidor.com\/wp-content\/uploads\/2023\/11\/navidor-payment-solutions-ach.png","contentUrl":"https:\/\/navidor.com\/wp-content\/uploads\/2023\/11\/navidor-payment-solutions-ach.png","width":544,"height":382},{"@type":"BreadcrumbList","@id":"https:\/\/navidor.com\/fr\/moyens-paiements\/prelevement-direct-sur-compte-bancaire\/#breadcrumb","itemListElement":[{"@type":"ListItem","position":1,"name":"Navidor","item":"https:\/\/navidor.com\/fr\/"},{"@type":"ListItem","position":2,"name":"Moyens de paiements","item":"https:\/\/navidor.com\/fr\/moyens-paiements\/"},{"@type":"ListItem","position":3,"name":"Pr\u00e9l\u00e8vement Direct sur compte bancaire"}]},{"@type":"WebSite","@id":"https:\/\/navidor.com\/fr\/#website","url":"https:\/\/navidor.com\/fr\/","name":"Navidor Payment Solutions","description":"Payment solutions done right","publisher":{"@id":"https:\/\/navidor.com\/fr\/#organization"},"potentialAction":[{"@type":"SearchAction","target":{"@type":"EntryPoint","urlTemplate":"https:\/\/navidor.com\/fr\/?s={search_term_string}"},"query-input":{"@type":"PropertyValueSpecification","valueRequired":true,"valueName":"search_term_string"}}],"inLanguage":"fr-FR"},{"@type":"Organization","@id":"https:\/\/navidor.com\/fr\/#organization","name":"Navidor Payment Solutions","url":"https:\/\/navidor.com\/fr\/","logo":{"@type":"ImageObject","inLanguage":"fr-FR","@id":"https:\/\/navidor.com\/fr\/#\/schema\/logo\/image\/","url":"https:\/\/navidor.com\/wp-content\/uploads\/2019\/11\/navider-payment-solutions-website.png","contentUrl":"https:\/\/navidor.com\/wp-content\/uploads\/2019\/11\/navider-payment-solutions-website.png","width":1200,"height":600,"caption":"Navidor Payment Solutions"},"image":{"@id":"https:\/\/navidor.com\/fr\/#\/schema\/logo\/image\/"},"sameAs":["https:\/\/www.facebook.com\/NavidorPaymentsolutions\/","https:\/\/x.com\/NavidorServices","https:\/\/www.linkedin.com\/company\/navidor-merchant-services\/","https:\/\/www.instagram.com\/navidor.payment.solutions\/"]}]}},"uagb_featured_image_src":{"full":["https:\/\/navidor.com\/wp-content\/uploads\/2023\/11\/navidor-payment-solutions-ach.png",544,382,false],"thumbnail":["https:\/\/navidor.com\/wp-content\/uploads\/2023\/11\/navidor-payment-solutions-ach-150x150.png",150,150,true],"medium":["https:\/\/navidor.com\/wp-content\/uploads\/2023\/11\/navidor-payment-solutions-ach-300x211.png",300,211,true],"medium_large":["https:\/\/navidor.com\/wp-content\/uploads\/2023\/11\/navidor-payment-solutions-ach.png",544,382,false],"large":["https:\/\/navidor.com\/wp-content\/uploads\/2023\/11\/navidor-payment-solutions-ach.png",544,382,false],"1536x1536":["https:\/\/navidor.com\/wp-content\/uploads\/2023\/11\/navidor-payment-solutions-ach.png",544,382,false],"2048x2048":["https:\/\/navidor.com\/wp-content\/uploads\/2023\/11\/navidor-payment-solutions-ach.png",544,382,false],"gform-image-choice-sm":["https:\/\/navidor.com\/wp-content\/uploads\/2023\/11\/navidor-payment-solutions-ach.png",300,211,false],"gform-image-choice-md":["https:\/\/navidor.com\/wp-content\/uploads\/2023\/11\/navidor-payment-solutions-ach.png",400,281,false],"gform-image-choice-lg":["https:\/\/navidor.com\/wp-content\/uploads\/2023\/11\/navidor-payment-solutions-ach.png",544,382,false]},"uagb_author_info":{"display_name":"navidor","author_link":"https:\/\/navidor.com\/fr\/author\/navidor\/"},"uagb_comment_info":0,"uagb_excerpt":"Traitez les ch\u00e8ques par voie \u00e9lectronique ou d\u00e9bitez directement le compte bancaire de vos clients","_links":{"self":[{"href":"https:\/\/navidor.com\/fr\/wp-json\/wp\/v2\/pages\/3036","targetHints":{"allow":["GET"]}}],"collection":[{"href":"https:\/\/navidor.com\/fr\/wp-json\/wp\/v2\/pages"}],"about":[{"href":"https:\/\/navidor.com\/fr\/wp-json\/wp\/v2\/types\/page"}],"author":[{"embeddable":true,"href":"https:\/\/navidor.com\/fr\/wp-json\/wp\/v2\/users\/1"}],"replies":[{"embeddable":true,"href":"https:\/\/navidor.com\/fr\/wp-json\/wp\/v2\/comments?post=3036"}],"version-history":[{"count":5,"href":"https:\/\/navidor.com\/fr\/wp-json\/wp\/v2\/pages\/3036\/revisions"}],"predecessor-version":[{"id":4227,"href":"https:\/\/navidor.com\/fr\/wp-json\/wp\/v2\/pages\/3036\/revisions\/4227"}],"up":[{"embeddable":true,"href":"https:\/\/navidor.com\/fr\/wp-json\/wp\/v2\/pages\/3034"}],"wp:featuredmedia":[{"embeddable":true,"href":"https:\/\/navidor.com\/fr\/wp-json\/wp\/v2\/media\/3964"}],"wp:attachment":[{"href":"https:\/\/navidor.com\/fr\/wp-json\/wp\/v2\/media?parent=3036"}],"curies":[{"name":"wp","href":"https:\/\/api.w.org\/{rel}","templated":true}]}}