{"id":3037,"date":"2019-04-09T00:47:56","date_gmt":"2019-04-09T00:47:56","guid":{"rendered":"https:\/\/navidor.com\/payment-solutions\/chinese-payments\/"},"modified":"2024-04-17T19:44:26","modified_gmt":"2024-04-17T19:44:26","slug":"paiments-chinois","status":"publish","type":"page","link":"https:\/\/navidor.com\/fr\/moyens-paiements\/paiments-chinois\/","title":{"rendered":"Paiements chinois"},"content":{"rendered":"\n<figure class=\"wp-block-image alignright size-full is-resized\"><img loading=\"lazy\" decoding=\"async\" width=\"544\" height=\"382\" src=\"https:\/\/navidor.com\/wp-content\/uploads\/2023\/11\/navidor-payment-solutions-chinese-payments.png\" alt=\"\" class=\"wp-image-3962\" style=\"width:325px\" srcset=\"https:\/\/navidor.com\/wp-content\/uploads\/2023\/11\/navidor-payment-solutions-chinese-payments.png 544w, https:\/\/navidor.com\/wp-content\/uploads\/2023\/11\/navidor-payment-solutions-chinese-payments-300x211.png 300w\" sizes=\"auto, (max-width: 544px) 100vw, 544px\" \/><\/figure>\n\n\n\n<p>Ajoutez le moyen de paiement pr\u00e9f\u00e9r\u00e9 des consommateurs chinois, d\u00e9veloppez votre commerce de d\u00e9tail ou en ligne avec Alipay et WeChat Pay.<\/p>\n\n\n\n<h3 class=\"wp-block-heading\">Qu\u2019est-ce qu\u2019Alipay et WeChat Pay?<\/h3>\n\n\n\n<p>Alipay et WeChat Pay sont des solutions de paiement bas\u00e9es sur codes QR et sont les m\u00e9thodes d&rsquo;encaissement les plus populaires en Chine, privil\u00e9gi\u00e9es par plus d\u2019un milliard d\u2019utilisateurs actifs.<\/p>\n\n\n\n<p>En 2017, le volume des transactions de paiements mobiles a atteint 18 trillions de dollars en Chine.<\/p>\n\n\n\n<div class=\"wp-block-columns has-2-columns margin-bottom-0 is-layout-flex wp-container-core-columns-is-layout-9d6595d7 wp-block-columns-is-layout-flex\">\n<div class=\"wp-block-column is-layout-flow wp-block-column-is-layout-flow\">\n<figure class=\"wp-block-image aligncenter is-resized margin-bottom-0\"><img loading=\"lazy\" decoding=\"async\" width=\"300\" height=\"128\" src=\"https:\/\/navidor.com\/wp-content\/uploads\/2019\/10\/navidor_merchant_services_alipay-300x128.png\" alt=\"\" class=\"wp-image-2933\" style=\"width:225px;height:96px\" srcset=\"https:\/\/navidor.com\/wp-content\/uploads\/2019\/10\/navidor_merchant_services_alipay-300x128.png 300w, https:\/\/navidor.com\/wp-content\/uploads\/2019\/10\/navidor_merchant_services_alipay.png 481w\" sizes=\"auto, (max-width: 300px) 100vw, 300px\" \/><\/figure>\n<\/div>\n\n\n\n<div class=\"wp-block-column is-layout-flow wp-block-column-is-layout-flow\">\n<figure class=\"wp-block-image aligncenter is-resized margin-bottom-0\"><img loading=\"lazy\" decoding=\"async\" width=\"300\" height=\"128\" src=\"https:\/\/navidor.com\/wp-content\/uploads\/2019\/10\/navidor_merchant_services_wechat_pay-300x128.png\" alt=\"\" class=\"wp-image-2932\" style=\"width:225px;height:96px\" srcset=\"https:\/\/navidor.com\/wp-content\/uploads\/2019\/10\/navidor_merchant_services_wechat_pay-300x128.png 300w, https:\/\/navidor.com\/wp-content\/uploads\/2019\/10\/navidor_merchant_services_wechat_pay.png 481w\" sizes=\"auto, (max-width: 300px) 100vw, 300px\" \/><\/figure>\n<\/div>\n<\/div>\n\n\n\n<h2 class=\"wp-block-heading\">Pourquoi accepter Alipay et WeChat Pay?<\/h2>\n\n\n\n<p>WeChat Pay et Alipay sont les m\u00e9thodes de paiement pr\u00e9f\u00e9r\u00e9es des voyageurs chinois. Il y a plus de quatre millions de touristes chinois aux \u00c9tats-Unis, d\u00e9pensant entre 30 et 40 milliards de dollars par an.<\/p>\n\n\n\r\n<div id=\"cta-block_3b205b6bb36f8a22749416e93b3f7823\" class=\"cta iminterested alignright\">\r\n    <a href=\"#\">Vous souhaitez accepter Alipay et WeChat ? Contactez-nous !<\/a>\r\n<\/div>\n\n\n<p><strong>Les touristes chinois connaissent de nombreuses difficult\u00e9s de paiement lorsqu&rsquo;ils effectuent des achats \u00e0 l&rsquo;\u00e9tranger<\/strong>. Pour les commer\u00e7ants qui souhaitent capitaliser sur l&rsquo;\u00e9norme march\u00e9 chinois, <strong>il est essentiel d&rsquo;\u00e9liminer les obstacles et de faire en sorte que les voyageurs chinois se sentent \u00e0 l&rsquo;aise et accueillis<\/strong>.<\/p>\n\n\n\n<h2 class=\"wp-block-heading\">Acceptez les paiements \u00e0 tout moment, n&rsquo;importe o\u00f9<\/h2>\n\n\n\n<p>Que vous acceptiez des paiements dans un magasin, sur votre mobile, ordinateur ou sur Internet, nous avons les solutions vous permettant de r\u00e9pondre \u00e0 la demande des clients en toutes situations.<\/p>\n\n\n\n<div class=\"wp-block-columns has-2-columns is-layout-flex wp-container-core-columns-is-layout-9d6595d7 wp-block-columns-is-layout-flex\">\n<div class=\"wp-block-column is-layout-flow wp-block-column-is-layout-flow\">\n<figure class=\"wp-block-image\"><img loading=\"lazy\" decoding=\"async\" width=\"300\" height=\"214\" src=\"https:\/\/navidor.com\/wp-content\/uploads\/2019\/10\/citcon-integration-300x214.png\" alt=\"\" class=\"wp-image-2966\" srcset=\"https:\/\/navidor.com\/wp-content\/uploads\/2019\/10\/citcon-integration-300x214.png 300w, https:\/\/navidor.com\/wp-content\/uploads\/2019\/10\/citcon-integration.png 761w\" sizes=\"auto, (max-width: 300px) 100vw, 300px\" \/><\/figure>\n<\/div>\n\n\n\n<div class=\"wp-block-column is-layout-flow wp-block-column-is-layout-flow\">\n<ul class=\"checkmark-list wp-block-list\">\n<li>Int\u00e9gration API<\/li>\n\n\n\n<li>Paiement h\u00e9berg\u00e9<\/li>\n\n\n\n<li>Compte officiel WeChat<\/li>\n\n\n\n<li>Facturation digitale<\/li>\n\n\n\n<li>Citcon Mobile<\/li>\n\n\n\n<li>Terminaux autonomes ou int\u00e9gration aux <span class='tooltipsall tooltip_post_id_1013 classtoolTips1013'>POS<\/span><\/li>\n<\/ul>\n<\/div>\n<\/div>\n\n\n\n<figure class=\"wp-block-image\"><img loading=\"lazy\" decoding=\"async\" width=\"1024\" height=\"433\" src=\"https:\/\/navidor.com\/wp-content\/uploads\/2019\/10\/navidor-payments-chinese-citcon-alipay-wechat-1024x433.jpg\" alt=\"\" class=\"wp-image-2930\" srcset=\"https:\/\/navidor.com\/wp-content\/uploads\/2019\/10\/navidor-payments-chinese-citcon-alipay-wechat-1024x433.jpg 1024w, https:\/\/navidor.com\/wp-content\/uploads\/2019\/10\/navidor-payments-chinese-citcon-alipay-wechat-300x127.jpg 300w, https:\/\/navidor.com\/wp-content\/uploads\/2019\/10\/navidor-payments-chinese-citcon-alipay-wechat-768x325.jpg 768w, https:\/\/navidor.com\/wp-content\/uploads\/2019\/10\/navidor-payments-chinese-citcon-alipay-wechat-500x211.jpg 500w, https:\/\/navidor.com\/wp-content\/uploads\/2019\/10\/navidor-payments-chinese-citcon-alipay-wechat-800x338.jpg 800w, https:\/\/navidor.com\/wp-content\/uploads\/2019\/10\/navidor-payments-chinese-citcon-alipay-wechat.jpg 1216w\" sizes=\"auto, (max-width: 1024px) 100vw, 1024px\" \/><\/figure>\n\n\n\n<p><\/p>\n\n\n\n<h2 class=\"wp-block-heading\"> Avantages pour les commer\u00e7ants <\/h2>\n\n\n\n<ul class=\"two-cols checkmark-list wp-block-list\">\n<li>Augmenter le trafic<\/li>\n\n\n\n<li>Meilleur engagement<\/li>\n\n\n\n<li>Paiement rapide<\/li>\n\n\n\n<li>\u00c9change de devises en temps r\u00e9el<\/li>\n\n\n\n<li>Protection contre la fraude<\/li>\n\n\n\n<li>Taux comp\u00e9titifs<\/li>\n\n\n\n<li>Int\u00e9gration facile<\/li>\n\n\n\n<li>Gestion centralis\u00e9e<\/li>\n<\/ul>\n","protected":false},"excerpt":{"rendered":"<p>Alipay et WeChat Pay sont votre porte d&rsquo;entr\u00e9e vers 1 milliard de consommateurs chinois<\/p>\n","protected":false},"author":1,"featured_media":3962,"parent":3034,"menu_order":0,"comment_status":"closed","ping_status":"closed","template":"page-blank-sub-nav-vertical.php","meta":{"_acf_changed":false,"_uag_custom_page_level_css":"","footnotes":""},"class_list":["post-3037","page","type-page","status-publish","has-post-thumbnail","hentry"],"acf":[],"yoast_head":"<!-- This site is optimized with the Yoast SEO plugin v27.2 - https:\/\/yoast.com\/product\/yoast-seo-wordpress\/ -->\n<title>Acceptez les methodes de paiement chinoises les plus populaires<\/title>\n<meta name=\"description\" content=\"Alipay et WeChat Pay sont votre porte d&#039;entr\u00e9e vers 1 milliard de consommateurs chinois\" \/>\n<meta name=\"robots\" content=\"index, follow, max-snippet:-1, max-image-preview:large, max-video-preview:-1\" \/>\n<link rel=\"canonical\" href=\"https:\/\/navidor.com\/fr\/moyens-paiements\/paiments-chinois\/\" \/>\n<meta property=\"og:locale\" content=\"fr_FR\" \/>\n<meta property=\"og:type\" content=\"article\" \/>\n<meta property=\"og:title\" content=\"Acceptez les methodes de paiement chinoises les plus populaires\" \/>\n<meta property=\"og:description\" content=\"Alipay et WeChat Pay sont votre porte d&#039;entr\u00e9e vers 1 milliard de consommateurs chinois\" \/>\n<meta property=\"og:url\" content=\"https:\/\/navidor.com\/fr\/moyens-paiements\/paiments-chinois\/\" \/>\n<meta property=\"og:site_name\" content=\"Navidor Payment Solutions\" \/>\n<meta property=\"article:publisher\" content=\"https:\/\/www.facebook.com\/NavidorPaymentsolutions\/\" \/>\n<meta property=\"article:modified_time\" content=\"2024-04-17T19:44:26+00:00\" \/>\n<meta property=\"og:image\" content=\"https:\/\/navidor.com\/wp-content\/uploads\/2023\/11\/navidor-payment-solutions-chinese-payments.png\" \/>\n\t<meta property=\"og:image:width\" content=\"544\" \/>\n\t<meta property=\"og:image:height\" content=\"382\" \/>\n\t<meta property=\"og:image:type\" content=\"image\/png\" \/>\n<meta name=\"twitter:card\" content=\"summary_large_image\" \/>\n<meta name=\"twitter:site\" content=\"@NavidorServices\" \/>\n<meta name=\"twitter:label1\" content=\"Dur\u00e9e de lecture estim\u00e9e\" \/>\n\t<meta name=\"twitter:data1\" content=\"3 minutes\" \/>\n<script type=\"application\/ld+json\" class=\"yoast-schema-graph\">{\"@context\":\"https:\/\/schema.org\",\"@graph\":[{\"@type\":\"WebPage\",\"@id\":\"https:\/\/navidor.com\/fr\/moyens-paiements\/paiments-chinois\/\",\"url\":\"https:\/\/navidor.com\/fr\/moyens-paiements\/paiments-chinois\/\",\"name\":\"Acceptez les methodes de paiement chinoises les plus populaires\",\"isPartOf\":{\"@id\":\"https:\/\/navidor.com\/fr\/#website\"},\"primaryImageOfPage\":{\"@id\":\"https:\/\/navidor.com\/fr\/moyens-paiements\/paiments-chinois\/#primaryimage\"},\"image\":{\"@id\":\"https:\/\/navidor.com\/fr\/moyens-paiements\/paiments-chinois\/#primaryimage\"},\"thumbnailUrl\":\"https:\/\/navidor.com\/wp-content\/uploads\/2023\/11\/navidor-payment-solutions-chinese-payments.png\",\"datePublished\":\"2019-04-09T00:47:56+00:00\",\"dateModified\":\"2024-04-17T19:44:26+00:00\",\"description\":\"Alipay et WeChat Pay sont votre porte d'entr\u00e9e vers 1 milliard de consommateurs chinois\",\"breadcrumb\":{\"@id\":\"https:\/\/navidor.com\/fr\/moyens-paiements\/paiments-chinois\/#breadcrumb\"},\"inLanguage\":\"fr-FR\",\"potentialAction\":[{\"@type\":\"ReadAction\",\"target\":[\"https:\/\/navidor.com\/fr\/moyens-paiements\/paiments-chinois\/\"]}]},{\"@type\":\"ImageObject\",\"inLanguage\":\"fr-FR\",\"@id\":\"https:\/\/navidor.com\/fr\/moyens-paiements\/paiments-chinois\/#primaryimage\",\"url\":\"https:\/\/navidor.com\/wp-content\/uploads\/2023\/11\/navidor-payment-solutions-chinese-payments.png\",\"contentUrl\":\"https:\/\/navidor.com\/wp-content\/uploads\/2023\/11\/navidor-payment-solutions-chinese-payments.png\",\"width\":544,\"height\":382},{\"@type\":\"BreadcrumbList\",\"@id\":\"https:\/\/navidor.com\/fr\/moyens-paiements\/paiments-chinois\/#breadcrumb\",\"itemListElement\":[{\"@type\":\"ListItem\",\"position\":1,\"name\":\"Navidor\",\"item\":\"https:\/\/navidor.com\/fr\/\"},{\"@type\":\"ListItem\",\"position\":2,\"name\":\"Moyens de paiements\",\"item\":\"https:\/\/navidor.com\/fr\/moyens-paiements\/\"},{\"@type\":\"ListItem\",\"position\":3,\"name\":\"Paiements chinois\"}]},{\"@type\":\"WebSite\",\"@id\":\"https:\/\/navidor.com\/fr\/#website\",\"url\":\"https:\/\/navidor.com\/fr\/\",\"name\":\"Navidor Payment Solutions\",\"description\":\"Payment solutions done right\",\"publisher\":{\"@id\":\"https:\/\/navidor.com\/fr\/#organization\"},\"potentialAction\":[{\"@type\":\"SearchAction\",\"target\":{\"@type\":\"EntryPoint\",\"urlTemplate\":\"https:\/\/navidor.com\/fr\/?s={search_term_string}\"},\"query-input\":{\"@type\":\"PropertyValueSpecification\",\"valueRequired\":true,\"valueName\":\"search_term_string\"}}],\"inLanguage\":\"fr-FR\"},{\"@type\":\"Organization\",\"@id\":\"https:\/\/navidor.com\/fr\/#organization\",\"name\":\"Navidor Payment Solutions\",\"url\":\"https:\/\/navidor.com\/fr\/\",\"logo\":{\"@type\":\"ImageObject\",\"inLanguage\":\"fr-FR\",\"@id\":\"https:\/\/navidor.com\/fr\/#\/schema\/logo\/image\/\",\"url\":\"https:\/\/navidor.com\/wp-content\/uploads\/2019\/11\/navider-payment-solutions-website.png\",\"contentUrl\":\"https:\/\/navidor.com\/wp-content\/uploads\/2019\/11\/navider-payment-solutions-website.png\",\"width\":1200,\"height\":600,\"caption\":\"Navidor Payment Solutions\"},\"image\":{\"@id\":\"https:\/\/navidor.com\/fr\/#\/schema\/logo\/image\/\"},\"sameAs\":[\"https:\/\/www.facebook.com\/NavidorPaymentsolutions\/\",\"https:\/\/x.com\/NavidorServices\",\"https:\/\/www.linkedin.com\/company\/navidor-merchant-services\/\",\"https:\/\/www.instagram.com\/navidor.payment.solutions\/\"]}]}<\/script>\n<!-- \/ Yoast SEO plugin. -->","yoast_head_json":{"title":"Acceptez les methodes de paiement chinoises les plus populaires","description":"Alipay et WeChat Pay sont votre porte d'entr\u00e9e vers 1 milliard de consommateurs chinois","robots":{"index":"index","follow":"follow","max-snippet":"max-snippet:-1","max-image-preview":"max-image-preview:large","max-video-preview":"max-video-preview:-1"},"canonical":"https:\/\/navidor.com\/fr\/moyens-paiements\/paiments-chinois\/","og_locale":"fr_FR","og_type":"article","og_title":"Acceptez les methodes de paiement chinoises les plus populaires","og_description":"Alipay et WeChat Pay sont votre porte d'entr\u00e9e vers 1 milliard de consommateurs chinois","og_url":"https:\/\/navidor.com\/fr\/moyens-paiements\/paiments-chinois\/","og_site_name":"Navidor Payment Solutions","article_publisher":"https:\/\/www.facebook.com\/NavidorPaymentsolutions\/","article_modified_time":"2024-04-17T19:44:26+00:00","og_image":[{"width":544,"height":382,"url":"https:\/\/navidor.com\/wp-content\/uploads\/2023\/11\/navidor-payment-solutions-chinese-payments.png","type":"image\/png"}],"twitter_card":"summary_large_image","twitter_site":"@NavidorServices","twitter_misc":{"Dur\u00e9e de lecture estim\u00e9e":"3 minutes"},"schema":{"@context":"https:\/\/schema.org","@graph":[{"@type":"WebPage","@id":"https:\/\/navidor.com\/fr\/moyens-paiements\/paiments-chinois\/","url":"https:\/\/navidor.com\/fr\/moyens-paiements\/paiments-chinois\/","name":"Acceptez les methodes de paiement chinoises les plus populaires","isPartOf":{"@id":"https:\/\/navidor.com\/fr\/#website"},"primaryImageOfPage":{"@id":"https:\/\/navidor.com\/fr\/moyens-paiements\/paiments-chinois\/#primaryimage"},"image":{"@id":"https:\/\/navidor.com\/fr\/moyens-paiements\/paiments-chinois\/#primaryimage"},"thumbnailUrl":"https:\/\/navidor.com\/wp-content\/uploads\/2023\/11\/navidor-payment-solutions-chinese-payments.png","datePublished":"2019-04-09T00:47:56+00:00","dateModified":"2024-04-17T19:44:26+00:00","description":"Alipay et WeChat Pay sont votre porte d'entr\u00e9e vers 1 milliard de consommateurs chinois","breadcrumb":{"@id":"https:\/\/navidor.com\/fr\/moyens-paiements\/paiments-chinois\/#breadcrumb"},"inLanguage":"fr-FR","potentialAction":[{"@type":"ReadAction","target":["https:\/\/navidor.com\/fr\/moyens-paiements\/paiments-chinois\/"]}]},{"@type":"ImageObject","inLanguage":"fr-FR","@id":"https:\/\/navidor.com\/fr\/moyens-paiements\/paiments-chinois\/#primaryimage","url":"https:\/\/navidor.com\/wp-content\/uploads\/2023\/11\/navidor-payment-solutions-chinese-payments.png","contentUrl":"https:\/\/navidor.com\/wp-content\/uploads\/2023\/11\/navidor-payment-solutions-chinese-payments.png","width":544,"height":382},{"@type":"BreadcrumbList","@id":"https:\/\/navidor.com\/fr\/moyens-paiements\/paiments-chinois\/#breadcrumb","itemListElement":[{"@type":"ListItem","position":1,"name":"Navidor","item":"https:\/\/navidor.com\/fr\/"},{"@type":"ListItem","position":2,"name":"Moyens de paiements","item":"https:\/\/navidor.com\/fr\/moyens-paiements\/"},{"@type":"ListItem","position":3,"name":"Paiements chinois"}]},{"@type":"WebSite","@id":"https:\/\/navidor.com\/fr\/#website","url":"https:\/\/navidor.com\/fr\/","name":"Navidor Payment Solutions","description":"Payment solutions done right","publisher":{"@id":"https:\/\/navidor.com\/fr\/#organization"},"potentialAction":[{"@type":"SearchAction","target":{"@type":"EntryPoint","urlTemplate":"https:\/\/navidor.com\/fr\/?s={search_term_string}"},"query-input":{"@type":"PropertyValueSpecification","valueRequired":true,"valueName":"search_term_string"}}],"inLanguage":"fr-FR"},{"@type":"Organization","@id":"https:\/\/navidor.com\/fr\/#organization","name":"Navidor Payment Solutions","url":"https:\/\/navidor.com\/fr\/","logo":{"@type":"ImageObject","inLanguage":"fr-FR","@id":"https:\/\/navidor.com\/fr\/#\/schema\/logo\/image\/","url":"https:\/\/navidor.com\/wp-content\/uploads\/2019\/11\/navider-payment-solutions-website.png","contentUrl":"https:\/\/navidor.com\/wp-content\/uploads\/2019\/11\/navider-payment-solutions-website.png","width":1200,"height":600,"caption":"Navidor Payment Solutions"},"image":{"@id":"https:\/\/navidor.com\/fr\/#\/schema\/logo\/image\/"},"sameAs":["https:\/\/www.facebook.com\/NavidorPaymentsolutions\/","https:\/\/x.com\/NavidorServices","https:\/\/www.linkedin.com\/company\/navidor-merchant-services\/","https:\/\/www.instagram.com\/navidor.payment.solutions\/"]}]}},"uagb_featured_image_src":{"full":["https:\/\/navidor.com\/wp-content\/uploads\/2023\/11\/navidor-payment-solutions-chinese-payments.png",544,382,false],"thumbnail":["https:\/\/navidor.com\/wp-content\/uploads\/2023\/11\/navidor-payment-solutions-chinese-payments-150x150.png",150,150,true],"medium":["https:\/\/navidor.com\/wp-content\/uploads\/2023\/11\/navidor-payment-solutions-chinese-payments-300x211.png",300,211,true],"medium_large":["https:\/\/navidor.com\/wp-content\/uploads\/2023\/11\/navidor-payment-solutions-chinese-payments.png",544,382,false],"large":["https:\/\/navidor.com\/wp-content\/uploads\/2023\/11\/navidor-payment-solutions-chinese-payments.png",544,382,false],"1536x1536":["https:\/\/navidor.com\/wp-content\/uploads\/2023\/11\/navidor-payment-solutions-chinese-payments.png",544,382,false],"2048x2048":["https:\/\/navidor.com\/wp-content\/uploads\/2023\/11\/navidor-payment-solutions-chinese-payments.png",544,382,false],"gform-image-choice-sm":["https:\/\/navidor.com\/wp-content\/uploads\/2023\/11\/navidor-payment-solutions-chinese-payments.png",300,211,false],"gform-image-choice-md":["https:\/\/navidor.com\/wp-content\/uploads\/2023\/11\/navidor-payment-solutions-chinese-payments.png",400,281,false],"gform-image-choice-lg":["https:\/\/navidor.com\/wp-content\/uploads\/2023\/11\/navidor-payment-solutions-chinese-payments.png",544,382,false]},"uagb_author_info":{"display_name":"navidor","author_link":"https:\/\/navidor.com\/fr\/author\/navidor\/"},"uagb_comment_info":0,"uagb_excerpt":"Alipay et WeChat Pay sont votre porte d'entr\u00e9e vers 1 milliard de consommateurs chinois","_links":{"self":[{"href":"https:\/\/navidor.com\/fr\/wp-json\/wp\/v2\/pages\/3037","targetHints":{"allow":["GET"]}}],"collection":[{"href":"https:\/\/navidor.com\/fr\/wp-json\/wp\/v2\/pages"}],"about":[{"href":"https:\/\/navidor.com\/fr\/wp-json\/wp\/v2\/types\/page"}],"author":[{"embeddable":true,"href":"https:\/\/navidor.com\/fr\/wp-json\/wp\/v2\/users\/1"}],"replies":[{"embeddable":true,"href":"https:\/\/navidor.com\/fr\/wp-json\/wp\/v2\/comments?post=3037"}],"version-history":[{"count":18,"href":"https:\/\/navidor.com\/fr\/wp-json\/wp\/v2\/pages\/3037\/revisions"}],"predecessor-version":[{"id":4224,"href":"https:\/\/navidor.com\/fr\/wp-json\/wp\/v2\/pages\/3037\/revisions\/4224"}],"up":[{"embeddable":true,"href":"https:\/\/navidor.com\/fr\/wp-json\/wp\/v2\/pages\/3034"}],"wp:featuredmedia":[{"embeddable":true,"href":"https:\/\/navidor.com\/fr\/wp-json\/wp\/v2\/media\/3962"}],"wp:attachment":[{"href":"https:\/\/navidor.com\/fr\/wp-json\/wp\/v2\/media?parent=3037"}],"curies":[{"name":"wp","href":"https:\/\/api.w.org\/{rel}","templated":true}]}}