{"id":3040,"date":"2019-06-26T16:41:05","date_gmt":"2019-06-26T16:41:05","guid":{"rendered":"https:\/\/navidor.com\/payment-solutions\/electronic-check-processing\/"},"modified":"2024-04-17T19:46:59","modified_gmt":"2024-04-17T19:46:59","slug":"traitement-cheques-electroniques","status":"publish","type":"page","link":"https:\/\/navidor.com\/fr\/moyens-paiements\/traitement-cheques-electroniques\/","title":{"rendered":"Ch\u00e8ques \u00e9lectroniques"},"content":{"rendered":"<style>.kb-image3040_74a90d-9f.kb-image-is-ratio-size, .kb-image3040_74a90d-9f .kb-image-is-ratio-size{max-width:325px;width:100%;}.wp-block-kadence-column > .kt-inside-inner-col > .kb-image3040_74a90d-9f.kb-image-is-ratio-size, .wp-block-kadence-column > .kt-inside-inner-col > .kb-image3040_74a90d-9f .kb-image-is-ratio-size{align-self:unset;}.kb-image3040_74a90d-9f figure{max-width:325px;}.kb-image3040_74a90d-9f .image-is-svg, .kb-image3040_74a90d-9f .image-is-svg img{width:100%;}.kb-image3040_74a90d-9f .kb-image-has-overlay:after{opacity:0.3;}<\/style>\n<div class=\"wp-block-kadence-image kb-image3040_74a90d-9f\"><figure class=\"alignright size-full\"><img loading=\"lazy\" decoding=\"async\" width=\"544\" height=\"382\" src=\"https:\/\/navidor.com\/wp-content\/uploads\/2023\/11\/navidor-payment-solutions-electronic-checks.png\" alt=\"\" class=\"kb-img wp-image-3966\" srcset=\"https:\/\/navidor.com\/wp-content\/uploads\/2023\/11\/navidor-payment-solutions-electronic-checks.png 544w, https:\/\/navidor.com\/wp-content\/uploads\/2023\/11\/navidor-payment-solutions-electronic-checks-300x211.png 300w\" sizes=\"auto, (max-width: 544px) 100vw, 544px\" \/><\/figure><\/div>\n\n\n\n<h2 class=\"wp-block-heading\">Solutions de traitement des ch\u00e8ques \u00e9lectroniques<\/h2>\n\n\n\n<p>Nos solutions de traitement des ch\u00e8ques \u00e9lectroniques transforment les ch\u00e8ques papier en transactions \u00e9lectroniques.<\/p>\n\n\n\n<p>Encaissez des ch\u00e8ques sans jamais vous rendre \u00e0 la banque !<\/p>\n\n\n\n<h3 class=\"wp-block-heading\">Les avantages d&rsquo;accepter les ch\u00e8ques par voie \u00e9lectronique<\/h3>\n\n\n\n<ul class=\"wp-block-list\">\n<li>Augmentez vos ventes en acceptant les ch\u00e8ques en toute s\u00e9curit\u00e9<\/li>\n\n\n\n<li>Disponibilit\u00e9 plus rapide des fonds<\/li>\n\n\n\n<li>\u00c9limine le travail de manipulation des ch\u00e8ques et les d\u00e9placements \u00e0 la banque<\/li>\n\n\n\n<li>R\u00e9duisez les frais bancaires associ\u00e9s aux retours de ch\u00e8ques et aux frais divers de traitement, \u00e9liminez les ch\u00e8ques sans provision et autres frais bancaires<\/li>\n\n\n\n<li>S\u00e9curit\u00e9 renforc\u00e9e &#8211; plus s\u00fbre que les esp\u00e8ces et ch\u00e8ques papier<\/li>\n\n\n\n<li>Rapports en ligne gratuits et d\u00e9taill\u00e9s de toutes les activit\u00e9s<\/li>\n<\/ul>\n\n\n\n<h3 class=\"wp-block-heading\">Conversion sur le point de vente<\/h3>\n\n\n\n<p>Utilis\u00e9 pour les transactions en face \u00e0 face. Permet aux commer\u00e7ants d\u2019encaisser les ch\u00e8ques comme une carte de cr\u00e9dit.<\/p>\n\n\n\r\n<div id=\"cta-block_f4159dfb54c0a25c420c5f2c26375bba\" class=\"cta iminterested alignright\">\r\n    <a href=\"#\">Vous souhaitez accepter les ch\u00e8ques \u00e9lectroniques ? Contactez-nous aujourd&rsquo;hui !<\/a>\r\n<\/div>\n\n\n<ol class=\"wp-block-list\">\n<li>Les ch\u00e8ques papier sont accept\u00e9s lors des transactions en face \u00e0 face au point de vente.<\/li>\n\n\n\n<li>Les ch\u00e8ques sont trait\u00e9s via un lecteur connect\u00e9 \u00e0 un <span class='tooltipsall tooltip_post_id_1035 classtoolTips1035'>terminal<\/span> de carte de cr\u00e9dit.<\/li>\n\n\n\n<li>Les fonds sont d\u00e9bit\u00e9s \u00e9lectroniquement du compte courant du consommateur.<\/li>\n\n\n\n<li>Les fonds sont ensuite d\u00e9pos\u00e9s \u00e9lectroniquement sur le compte bancaire du commer\u00e7ant dans un d\u00e9lai de 2 \u00e0 3 jours ouvr\u00e9s<\/li>\n<\/ol>\n\n\n\n<h3 class=\"wp-block-heading\"> Check 21<\/h3>\n\n\n\n<p class=\"has-text-align-left\">Permet aux commer\u00e7ants d&rsquo;accepter tout type de ch\u00e8que, dans un point de vente ou dans un environnement consommateur non pr\u00e9sent. Option \u00ab garantie de l\u2019encaissement \u00bb disponible.<\/p>\n\n\n\n<ol class=\"wp-block-list\">\n<li>Les ch\u00e8ques papier sont re\u00e7us par la poste, dans une bo\u00eete de d\u00e9p\u00f4t ou en personne (permet d\u2019accepter tous les types de ch\u00e8ques au point de vente et dans les environnements non pr\u00e9sents).<\/li>\n\n\n\n<li>Les ch\u00e8ques sont trait\u00e9s via un scanner de ch\u00e8ques connect\u00e9 \u00e0 un PC (scanner ayant la capacit\u00e9 de num\u00e9riser les deux c\u00f4t\u00e9s du ch\u00e8que).<\/li>\n\n\n\n<li>Les fonds sont d\u00e9bit\u00e9s \u00e9lectroniquement du compte bancaire du consommateur.<\/li>\n\n\n\n<li>Les fonds sont ensuite d\u00e9pos\u00e9s \u00e9lectroniquement sur le compte du commer\u00e7ant en 2-3 jours. Les marchands peuvent utiliser un compte bancaire existant.<\/li>\n<\/ol>\n\n\n\n<h3 class=\"wp-block-heading\">E-checks<\/h3>\n\n\n\n<p>Permet aux commer\u00e7ants d&rsquo;accepter les paiements via:<\/p>\n\n\n\n<ul class=\"wp-block-list\">\n<li>D\u00e9bit direct (initi\u00e9 par le client)<\/li>\n\n\n\n<li>E-commerce<\/li>\n\n\n\n<li>Facture \u00e9lectronique<\/li>\n<\/ul>\n\n\n\n<ol class=\"wp-block-list\">\n<li>Le consommateur effectue la <span class='tooltipsall tooltip_post_id_1041 classtoolTips1041'>transaction<\/span> sur la page de paiement du site marchand. Le consommateur accepte express\u00e9ment la transaction, ce qui donne l&rsquo;autorisation de d\u00e9biter instantan\u00e9ment son compte bancaire.<\/li>\n\n\n\n<li>La passerelle de paiement communique avec le processeur qui fournit une approbation ou un refus instantan\u00e9.<\/li>\n\n\n\n<li>Les fonds sont d\u00e9bit\u00e9s \u00e9lectroniquement du compte bancaire du client.<\/li>\n\n\n\n<li>Les fonds sont d\u00e9pos\u00e9s \u00e9lectroniquement sur le compte bancaire du commer\u00e7ant dans un d\u00e9lai de 1 \u00e0 5 jours ouvrables.<\/li>\n<\/ol>\n\n\n\n<h3 class=\"wp-block-heading\">Ch\u00e8ques par t\u00e9l\u00e9phone<\/h3>\n\n\n\n<p>Permet aux commer\u00e7ants d\u2019accepter les ch\u00e8ques des clients par t\u00e9l\u00e9phone. Les fonds sont envoy\u00e9s via <span class='tooltipsall tooltip_post_id_955 classtoolTips955'>ACH<\/span> et peuvent \u00eatre garantis (optionnel).<\/p>\n\n\n\n<ol class=\"wp-block-list\">\n<li>Le consommateur donne son autorisation \u00e9crite ou verbale (enregistr\u00e9e) pour d\u00e9biter \u00e9lectroniquement son compte bancaire.<\/li>\n\n\n\n<li>Les informations sur les transactions sont transmises au processeur via une vari\u00e9t\u00e9 d&rsquo;options, y compris des terminaux virtuels bas\u00e9s sur le Web, des passerelles de paiement tierces certifi\u00e9es, une API de services Web ou le t\u00e9l\u00e9chargement de fichiers par lots.<\/li>\n\n\n\n<li>Les fonds sont d\u00e9bit\u00e9s \u00e9lectroniquement du compte bancaire du client.<\/li>\n\n\n\n<li>Les fonds sont ensuite d\u00e9pos\u00e9s \u00e9lectroniquement sur le compte bancaire du commer\u00e7ant en 1 \u00e0 5 jours ouvrables.<\/li>\n<\/ol>\n\n\n\n<h3 class=\"wp-block-heading\">Transfert des frais vers les clients (\u00ab <em>Consumer Convenience Fee<\/em> \u00bb)<\/h3>\n\n\n\n<p>Permet aux commer\u00e7ants de r\u00e9percuter les co\u00fbts d\u2019encaissement sur le client, ce qui entra\u00eene un traitement sans frais.<\/p>\n\n\n\n<p>Cette option offre aux commer\u00e7ants la possibilit\u00e9 de r\u00e9percuter les co\u00fbts de traitement des ch\u00e8ques sur les consommateurs. Les clients paient les frais de traitement n\u00e9cessaires pour couvrir la transaction. Les entreprises sont en mesure de b\u00e9n\u00e9ficier d&rsquo;un traitement rapide et s\u00e9curis\u00e9 des ch\u00e8ques sans frais.<\/p>\n","protected":false},"excerpt":{"rendered":"<p>Encaissez des ch\u00e8ques sans jamais vous rendre \u00e0 la banque !<\/p>\n","protected":false},"author":1,"featured_media":3966,"parent":3034,"menu_order":0,"comment_status":"closed","ping_status":"closed","template":"page-blank-sub-nav-vertical.php","meta":{"_acf_changed":false,"_uag_custom_page_level_css":"","footnotes":""},"class_list":["post-3040","page","type-page","status-publish","has-post-thumbnail","hentry"],"acf":[],"yoast_head":"<!-- This site is optimized with the Yoast SEO plugin v27.2 - https:\/\/yoast.com\/product\/yoast-seo-wordpress\/ -->\n<title>L&#039;encaissement des ch\u00e8ques \u00e9lectroniques transforme les ch\u00e8ques papier en transactions \u00e9lectroniques.<\/title>\n<meta name=\"description\" content=\"Encaissez les ch\u00e8ques par voie \u00e9lectronique sans jamais avoir \u00e0 vous rendre \u00e0 la banque. Les solutions d&#039;encaissement des ch\u00e8ques \u00e9lectroniques transforment les ch\u00e8ques papier en transactions \u00e9lectroniques.\" \/>\n<meta name=\"robots\" content=\"index, follow, max-snippet:-1, max-image-preview:large, max-video-preview:-1\" \/>\n<link rel=\"canonical\" href=\"https:\/\/navidor.com\/fr\/moyens-paiements\/traitement-cheques-electroniques\/\" \/>\n<meta property=\"og:locale\" content=\"fr_FR\" \/>\n<meta property=\"og:type\" content=\"article\" \/>\n<meta property=\"og:title\" content=\"L&#039;encaissement des ch\u00e8ques \u00e9lectroniques transforme les ch\u00e8ques papier en transactions \u00e9lectroniques.\" \/>\n<meta property=\"og:description\" content=\"Encaissez les ch\u00e8ques par voie \u00e9lectronique sans jamais avoir \u00e0 vous rendre \u00e0 la banque. Les solutions d&#039;encaissement des ch\u00e8ques \u00e9lectroniques transforment les ch\u00e8ques papier en transactions \u00e9lectroniques.\" \/>\n<meta property=\"og:url\" content=\"https:\/\/navidor.com\/fr\/moyens-paiements\/traitement-cheques-electroniques\/\" \/>\n<meta property=\"og:site_name\" content=\"Navidor Payment Solutions\" \/>\n<meta property=\"article:publisher\" content=\"https:\/\/www.facebook.com\/NavidorPaymentsolutions\/\" \/>\n<meta property=\"article:modified_time\" content=\"2024-04-17T19:46:59+00:00\" \/>\n<meta property=\"og:image\" content=\"https:\/\/navidor.com\/wp-content\/uploads\/2023\/11\/navidor-payment-solutions-electronic-checks.png\" \/>\n\t<meta property=\"og:image:width\" content=\"544\" \/>\n\t<meta property=\"og:image:height\" content=\"382\" \/>\n\t<meta property=\"og:image:type\" content=\"image\/png\" \/>\n<meta name=\"twitter:card\" content=\"summary_large_image\" \/>\n<meta name=\"twitter:site\" content=\"@NavidorServices\" \/>\n<meta name=\"twitter:label1\" content=\"Dur\u00e9e de lecture estim\u00e9e\" \/>\n\t<meta name=\"twitter:data1\" content=\"3 minutes\" \/>\n<script type=\"application\/ld+json\" class=\"yoast-schema-graph\">{\"@context\":\"https:\/\/schema.org\",\"@graph\":[{\"@type\":\"WebPage\",\"@id\":\"https:\/\/navidor.com\/fr\/moyens-paiements\/traitement-cheques-electroniques\/\",\"url\":\"https:\/\/navidor.com\/fr\/moyens-paiements\/traitement-cheques-electroniques\/\",\"name\":\"L'encaissement des ch\u00e8ques \u00e9lectroniques transforme les ch\u00e8ques papier en transactions \u00e9lectroniques.\",\"isPartOf\":{\"@id\":\"https:\/\/navidor.com\/fr\/#website\"},\"primaryImageOfPage\":{\"@id\":\"https:\/\/navidor.com\/fr\/moyens-paiements\/traitement-cheques-electroniques\/#primaryimage\"},\"image\":{\"@id\":\"https:\/\/navidor.com\/fr\/moyens-paiements\/traitement-cheques-electroniques\/#primaryimage\"},\"thumbnailUrl\":\"https:\/\/navidor.com\/wp-content\/uploads\/2023\/11\/navidor-payment-solutions-electronic-checks.png\",\"datePublished\":\"2019-06-26T16:41:05+00:00\",\"dateModified\":\"2024-04-17T19:46:59+00:00\",\"description\":\"Encaissez les ch\u00e8ques par voie \u00e9lectronique sans jamais avoir \u00e0 vous rendre \u00e0 la banque. Les solutions d'encaissement des ch\u00e8ques \u00e9lectroniques transforment les ch\u00e8ques papier en transactions \u00e9lectroniques.\",\"breadcrumb\":{\"@id\":\"https:\/\/navidor.com\/fr\/moyens-paiements\/traitement-cheques-electroniques\/#breadcrumb\"},\"inLanguage\":\"fr-FR\",\"potentialAction\":[{\"@type\":\"ReadAction\",\"target\":[\"https:\/\/navidor.com\/fr\/moyens-paiements\/traitement-cheques-electroniques\/\"]}]},{\"@type\":\"ImageObject\",\"inLanguage\":\"fr-FR\",\"@id\":\"https:\/\/navidor.com\/fr\/moyens-paiements\/traitement-cheques-electroniques\/#primaryimage\",\"url\":\"https:\/\/navidor.com\/wp-content\/uploads\/2023\/11\/navidor-payment-solutions-electronic-checks.png\",\"contentUrl\":\"https:\/\/navidor.com\/wp-content\/uploads\/2023\/11\/navidor-payment-solutions-electronic-checks.png\",\"width\":544,\"height\":382},{\"@type\":\"BreadcrumbList\",\"@id\":\"https:\/\/navidor.com\/fr\/moyens-paiements\/traitement-cheques-electroniques\/#breadcrumb\",\"itemListElement\":[{\"@type\":\"ListItem\",\"position\":1,\"name\":\"Navidor\",\"item\":\"https:\/\/navidor.com\/fr\/\"},{\"@type\":\"ListItem\",\"position\":2,\"name\":\"Moyens de paiements\",\"item\":\"https:\/\/navidor.com\/fr\/moyens-paiements\/\"},{\"@type\":\"ListItem\",\"position\":3,\"name\":\"Ch\u00e8ques \u00e9lectroniques\"}]},{\"@type\":\"WebSite\",\"@id\":\"https:\/\/navidor.com\/fr\/#website\",\"url\":\"https:\/\/navidor.com\/fr\/\",\"name\":\"Navidor Payment Solutions\",\"description\":\"Payment solutions done right\",\"publisher\":{\"@id\":\"https:\/\/navidor.com\/fr\/#organization\"},\"potentialAction\":[{\"@type\":\"SearchAction\",\"target\":{\"@type\":\"EntryPoint\",\"urlTemplate\":\"https:\/\/navidor.com\/fr\/?s={search_term_string}\"},\"query-input\":{\"@type\":\"PropertyValueSpecification\",\"valueRequired\":true,\"valueName\":\"search_term_string\"}}],\"inLanguage\":\"fr-FR\"},{\"@type\":\"Organization\",\"@id\":\"https:\/\/navidor.com\/fr\/#organization\",\"name\":\"Navidor Payment Solutions\",\"url\":\"https:\/\/navidor.com\/fr\/\",\"logo\":{\"@type\":\"ImageObject\",\"inLanguage\":\"fr-FR\",\"@id\":\"https:\/\/navidor.com\/fr\/#\/schema\/logo\/image\/\",\"url\":\"https:\/\/navidor.com\/wp-content\/uploads\/2019\/11\/navider-payment-solutions-website.png\",\"contentUrl\":\"https:\/\/navidor.com\/wp-content\/uploads\/2019\/11\/navider-payment-solutions-website.png\",\"width\":1200,\"height\":600,\"caption\":\"Navidor Payment Solutions\"},\"image\":{\"@id\":\"https:\/\/navidor.com\/fr\/#\/schema\/logo\/image\/\"},\"sameAs\":[\"https:\/\/www.facebook.com\/NavidorPaymentsolutions\/\",\"https:\/\/x.com\/NavidorServices\",\"https:\/\/www.linkedin.com\/company\/navidor-merchant-services\/\",\"https:\/\/www.instagram.com\/navidor.payment.solutions\/\"]}]}<\/script>\n<!-- \/ Yoast SEO plugin. -->","yoast_head_json":{"title":"L'encaissement des ch\u00e8ques \u00e9lectroniques transforme les ch\u00e8ques papier en transactions \u00e9lectroniques.","description":"Encaissez les ch\u00e8ques par voie \u00e9lectronique sans jamais avoir \u00e0 vous rendre \u00e0 la banque. Les solutions d'encaissement des ch\u00e8ques \u00e9lectroniques transforment les ch\u00e8ques papier en transactions \u00e9lectroniques.","robots":{"index":"index","follow":"follow","max-snippet":"max-snippet:-1","max-image-preview":"max-image-preview:large","max-video-preview":"max-video-preview:-1"},"canonical":"https:\/\/navidor.com\/fr\/moyens-paiements\/traitement-cheques-electroniques\/","og_locale":"fr_FR","og_type":"article","og_title":"L'encaissement des ch\u00e8ques \u00e9lectroniques transforme les ch\u00e8ques papier en transactions \u00e9lectroniques.","og_description":"Encaissez les ch\u00e8ques par voie \u00e9lectronique sans jamais avoir \u00e0 vous rendre \u00e0 la banque. Les solutions d'encaissement des ch\u00e8ques \u00e9lectroniques transforment les ch\u00e8ques papier en transactions \u00e9lectroniques.","og_url":"https:\/\/navidor.com\/fr\/moyens-paiements\/traitement-cheques-electroniques\/","og_site_name":"Navidor Payment Solutions","article_publisher":"https:\/\/www.facebook.com\/NavidorPaymentsolutions\/","article_modified_time":"2024-04-17T19:46:59+00:00","og_image":[{"width":544,"height":382,"url":"https:\/\/navidor.com\/wp-content\/uploads\/2023\/11\/navidor-payment-solutions-electronic-checks.png","type":"image\/png"}],"twitter_card":"summary_large_image","twitter_site":"@NavidorServices","twitter_misc":{"Dur\u00e9e de lecture estim\u00e9e":"3 minutes"},"schema":{"@context":"https:\/\/schema.org","@graph":[{"@type":"WebPage","@id":"https:\/\/navidor.com\/fr\/moyens-paiements\/traitement-cheques-electroniques\/","url":"https:\/\/navidor.com\/fr\/moyens-paiements\/traitement-cheques-electroniques\/","name":"L'encaissement des ch\u00e8ques \u00e9lectroniques transforme les ch\u00e8ques papier en transactions \u00e9lectroniques.","isPartOf":{"@id":"https:\/\/navidor.com\/fr\/#website"},"primaryImageOfPage":{"@id":"https:\/\/navidor.com\/fr\/moyens-paiements\/traitement-cheques-electroniques\/#primaryimage"},"image":{"@id":"https:\/\/navidor.com\/fr\/moyens-paiements\/traitement-cheques-electroniques\/#primaryimage"},"thumbnailUrl":"https:\/\/navidor.com\/wp-content\/uploads\/2023\/11\/navidor-payment-solutions-electronic-checks.png","datePublished":"2019-06-26T16:41:05+00:00","dateModified":"2024-04-17T19:46:59+00:00","description":"Encaissez les ch\u00e8ques par voie \u00e9lectronique sans jamais avoir \u00e0 vous rendre \u00e0 la banque. Les solutions d'encaissement des ch\u00e8ques \u00e9lectroniques transforment les ch\u00e8ques papier en transactions \u00e9lectroniques.","breadcrumb":{"@id":"https:\/\/navidor.com\/fr\/moyens-paiements\/traitement-cheques-electroniques\/#breadcrumb"},"inLanguage":"fr-FR","potentialAction":[{"@type":"ReadAction","target":["https:\/\/navidor.com\/fr\/moyens-paiements\/traitement-cheques-electroniques\/"]}]},{"@type":"ImageObject","inLanguage":"fr-FR","@id":"https:\/\/navidor.com\/fr\/moyens-paiements\/traitement-cheques-electroniques\/#primaryimage","url":"https:\/\/navidor.com\/wp-content\/uploads\/2023\/11\/navidor-payment-solutions-electronic-checks.png","contentUrl":"https:\/\/navidor.com\/wp-content\/uploads\/2023\/11\/navidor-payment-solutions-electronic-checks.png","width":544,"height":382},{"@type":"BreadcrumbList","@id":"https:\/\/navidor.com\/fr\/moyens-paiements\/traitement-cheques-electroniques\/#breadcrumb","itemListElement":[{"@type":"ListItem","position":1,"name":"Navidor","item":"https:\/\/navidor.com\/fr\/"},{"@type":"ListItem","position":2,"name":"Moyens de paiements","item":"https:\/\/navidor.com\/fr\/moyens-paiements\/"},{"@type":"ListItem","position":3,"name":"Ch\u00e8ques \u00e9lectroniques"}]},{"@type":"WebSite","@id":"https:\/\/navidor.com\/fr\/#website","url":"https:\/\/navidor.com\/fr\/","name":"Navidor Payment Solutions","description":"Payment solutions done right","publisher":{"@id":"https:\/\/navidor.com\/fr\/#organization"},"potentialAction":[{"@type":"SearchAction","target":{"@type":"EntryPoint","urlTemplate":"https:\/\/navidor.com\/fr\/?s={search_term_string}"},"query-input":{"@type":"PropertyValueSpecification","valueRequired":true,"valueName":"search_term_string"}}],"inLanguage":"fr-FR"},{"@type":"Organization","@id":"https:\/\/navidor.com\/fr\/#organization","name":"Navidor Payment Solutions","url":"https:\/\/navidor.com\/fr\/","logo":{"@type":"ImageObject","inLanguage":"fr-FR","@id":"https:\/\/navidor.com\/fr\/#\/schema\/logo\/image\/","url":"https:\/\/navidor.com\/wp-content\/uploads\/2019\/11\/navider-payment-solutions-website.png","contentUrl":"https:\/\/navidor.com\/wp-content\/uploads\/2019\/11\/navider-payment-solutions-website.png","width":1200,"height":600,"caption":"Navidor Payment Solutions"},"image":{"@id":"https:\/\/navidor.com\/fr\/#\/schema\/logo\/image\/"},"sameAs":["https:\/\/www.facebook.com\/NavidorPaymentsolutions\/","https:\/\/x.com\/NavidorServices","https:\/\/www.linkedin.com\/company\/navidor-merchant-services\/","https:\/\/www.instagram.com\/navidor.payment.solutions\/"]}]}},"uagb_featured_image_src":{"full":["https:\/\/navidor.com\/wp-content\/uploads\/2023\/11\/navidor-payment-solutions-electronic-checks.png",544,382,false],"thumbnail":["https:\/\/navidor.com\/wp-content\/uploads\/2023\/11\/navidor-payment-solutions-electronic-checks-150x150.png",150,150,true],"medium":["https:\/\/navidor.com\/wp-content\/uploads\/2023\/11\/navidor-payment-solutions-electronic-checks-300x211.png",300,211,true],"medium_large":["https:\/\/navidor.com\/wp-content\/uploads\/2023\/11\/navidor-payment-solutions-electronic-checks.png",544,382,false],"large":["https:\/\/navidor.com\/wp-content\/uploads\/2023\/11\/navidor-payment-solutions-electronic-checks.png",544,382,false],"1536x1536":["https:\/\/navidor.com\/wp-content\/uploads\/2023\/11\/navidor-payment-solutions-electronic-checks.png",544,382,false],"2048x2048":["https:\/\/navidor.com\/wp-content\/uploads\/2023\/11\/navidor-payment-solutions-electronic-checks.png",544,382,false],"gform-image-choice-sm":["https:\/\/navidor.com\/wp-content\/uploads\/2023\/11\/navidor-payment-solutions-electronic-checks.png",300,211,false],"gform-image-choice-md":["https:\/\/navidor.com\/wp-content\/uploads\/2023\/11\/navidor-payment-solutions-electronic-checks.png",400,281,false],"gform-image-choice-lg":["https:\/\/navidor.com\/wp-content\/uploads\/2023\/11\/navidor-payment-solutions-electronic-checks.png",544,382,false]},"uagb_author_info":{"display_name":"navidor","author_link":"https:\/\/navidor.com\/fr\/author\/navidor\/"},"uagb_comment_info":0,"uagb_excerpt":"Encaissez des ch\u00e8ques sans jamais vous rendre \u00e0 la banque !","_links":{"self":[{"href":"https:\/\/navidor.com\/fr\/wp-json\/wp\/v2\/pages\/3040","targetHints":{"allow":["GET"]}}],"collection":[{"href":"https:\/\/navidor.com\/fr\/wp-json\/wp\/v2\/pages"}],"about":[{"href":"https:\/\/navidor.com\/fr\/wp-json\/wp\/v2\/types\/page"}],"author":[{"embeddable":true,"href":"https:\/\/navidor.com\/fr\/wp-json\/wp\/v2\/users\/1"}],"replies":[{"embeddable":true,"href":"https:\/\/navidor.com\/fr\/wp-json\/wp\/v2\/comments?post=3040"}],"version-history":[{"count":7,"href":"https:\/\/navidor.com\/fr\/wp-json\/wp\/v2\/pages\/3040\/revisions"}],"predecessor-version":[{"id":4229,"href":"https:\/\/navidor.com\/fr\/wp-json\/wp\/v2\/pages\/3040\/revisions\/4229"}],"up":[{"embeddable":true,"href":"https:\/\/navidor.com\/fr\/wp-json\/wp\/v2\/pages\/3034"}],"wp:featuredmedia":[{"embeddable":true,"href":"https:\/\/navidor.com\/fr\/wp-json\/wp\/v2\/media\/3966"}],"wp:attachment":[{"href":"https:\/\/navidor.com\/fr\/wp-json\/wp\/v2\/media?parent=3040"}],"curies":[{"name":"wp","href":"https:\/\/api.w.org\/{rel}","templated":true}]}}