{"id":3041,"date":"2019-07-26T16:43:05","date_gmt":"2019-07-26T16:43:05","guid":{"rendered":"https:\/\/navidor.com\/payment-solutions\/international-money-transfers\/"},"modified":"2024-04-17T19:52:44","modified_gmt":"2024-04-17T19:52:44","slug":"transferts-internationaux","status":"publish","type":"page","link":"https:\/\/navidor.com\/fr\/moyens-paiements\/transferts-internationaux\/","title":{"rendered":"Transferts internationaux"},"content":{"rendered":"\n<div class=\"wp-block-group is-content-justification-right is-nowrap is-layout-flex wp-container-core-group-is-layout-fd526d70 wp-block-group-is-layout-flex\">\n<p>Si vous transf\u00e9rez de l&rsquo;argent \u00e0 l&rsquo;\u00e9tranger en utilisant le circuit traditionnel des banques, alors vous perdez probablement beaucoup d&rsquo;argent sur les frais de transfert et les taux de change. Avec Navidor et son r\u00e9seau de partenaires, envoyer de l&rsquo;argent \u00e0 l&rsquo;\u00e9tranger n&rsquo;a jamais \u00e9t\u00e9 aussi simple ni aussi \u00ablow-cost\u00bb!<\/p>\n\n\n\n<div class=\"wp-block-columns is-layout-flex wp-container-core-columns-is-layout-9d6595d7 wp-block-columns-is-layout-flex\">\n<div class=\"wp-block-column is-layout-flow wp-block-column-is-layout-flow\" style=\"flex-basis:100%\"><\/div>\n<\/div>\n\n\n\n<div class=\"wp-block-columns is-layout-flex wp-container-core-columns-is-layout-9d6595d7 wp-block-columns-is-layout-flex\">\n<div class=\"wp-block-column is-layout-flow wp-block-column-is-layout-flow\" style=\"flex-basis:100%\">\n<div class=\"wp-block-columns is-layout-flex wp-container-core-columns-is-layout-9d6595d7 wp-block-columns-is-layout-flex\">\n<div class=\"wp-block-column is-layout-flow wp-block-column-is-layout-flow\" style=\"flex-basis:100%\"><\/div>\n<\/div>\n<\/div>\n<\/div>\n<\/div>\n\n\n\n<figure class=\"wp-block-image alignright size-full is-resized is-style-default\"><img loading=\"lazy\" decoding=\"async\" width=\"544\" height=\"382\" src=\"https:\/\/navidor.com\/wp-content\/uploads\/2023\/11\/navidor-payment-solutions-international-transfers.png\" alt=\"\" class=\"wp-image-3969\" style=\"width:325px\" srcset=\"https:\/\/navidor.com\/wp-content\/uploads\/2023\/11\/navidor-payment-solutions-international-transfers.png 544w, https:\/\/navidor.com\/wp-content\/uploads\/2023\/11\/navidor-payment-solutions-international-transfers-300x211.png 300w\" sizes=\"auto, (max-width: 544px) 100vw, 544px\" \/><\/figure>\n\n\n\r\n<div id=\"cta-block_7adf8f8a6aec7c6417acb6afd26e5d5d\" class=\"cta iminterested aligncenter\">\r\n    <a href=\"#\">Je souhaite discuter de solutions de transferts internationaux avec quelqu&rsquo;un<\/a>\r\n<\/div>\n\n\n<div class=\"wp-block-columns has-2-columns is-layout-flex wp-container-core-columns-is-layout-9d6595d7 wp-block-columns-is-layout-flex\">\n<div class=\"wp-block-column is-layout-flow wp-block-column-is-layout-flow\">\n<div class=\"wp-block-columns has-2-columns is-layout-flex wp-container-core-columns-is-layout-9d6595d7 wp-block-columns-is-layout-flex\">\n<div class=\"wp-block-column is-layout-flow wp-block-column-is-layout-flow\">\n<figure class=\"wp-block-image aligncenter is-resized\"><a href=\"https:\/\/navidor.com\/fr\/moyens-paiements\/transferts-internationaux\/transfermate\/\"><img loading=\"lazy\" decoding=\"async\" width=\"300\" height=\"139\" src=\"https:\/\/navidor.com\/wp-content\/uploads\/2019\/09\/navidor-partners-transfermate.png\" alt=\"TransferMate Global Payments\" class=\"wp-image-2835\" style=\"width:225px;height:104px\" \/><\/a><\/figure>\n\n\n\n<p>TransferMate est un fournisseur international de paiement international offrant aux particuliers et aux entreprises un service de transfert d&rsquo;argent international comp\u00e9titif et ultra rapide. <\/p>\n\n\n\n<p class=\"read-more\"><a href=\"https:\/\/navidor.com\/fr\/moyens-paiements\/transferts-internationaux\/transfermate\/\">Lire la suite<\/a><\/p>\n<\/div>\n\n\n\n<div class=\"wp-block-column is-layout-flow wp-block-column-is-layout-flow\">\n<figure class=\"wp-block-image aligncenter size-full is-resized\"><a href=\"https:\/\/navidor.com\/fr\/moyens-paiements\/transferts-internationaux\/ofx\/\"><img loading=\"lazy\" decoding=\"async\" width=\"300\" height=\"128\" src=\"https:\/\/navidor.com\/wp-content\/uploads\/2021\/08\/ofx-logo.png\" alt=\"ofx-logo\" class=\"wp-image-3465\" style=\"width:225px;height:104px\" \/><\/a><\/figure>\n\n\n\n<p>OFX aide les particuliers et les entreprises \u00e0 transf\u00e9rer de l\u2019argent \u00e0 l\u2019\u00e9tranger de mani\u00e8re simple et s\u00e9curis\u00e9e : tarifs pr\u00e9f\u00e9rentiels, assistance 24h\/24 et 7j\/7 vers plus de 190 pays et plus de 55 devises.<\/p>\n\n\n\n<p class=\"read-more\"><a href=\"https:\/\/navidor.com\/fr\/moyens-paiements\/transferts-internationaux\/ofx\/\">Lire la suite<\/a><\/p>\n<\/div>\n<\/div>\n<\/div>\n<\/div>\n","protected":false},"excerpt":{"rendered":"<p>Des transferts internationaux moins chers.<\/p>\n","protected":false},"author":1,"featured_media":3969,"parent":3034,"menu_order":0,"comment_status":"closed","ping_status":"closed","template":"page-blank-sub-nav-vertical.php","meta":{"_acf_changed":false,"_uag_custom_page_level_css":"","footnotes":""},"class_list":["post-3041","page","type-page","status-publish","has-post-thumbnail","hentry"],"acf":[],"yoast_head":"<!-- This site is optimized with the Yoast SEO plugin v27.2 - https:\/\/yoast.com\/product\/yoast-seo-wordpress\/ -->\n<title>Transferts d&#039;argent internationaux - frais de transfert r\u00e9duits et meilleurs taux de change<\/title>\n<meta name=\"description\" content=\"Si vous transf\u00e9rez de l&#039;argent \u00e0 l&#039;\u00e9tranger en utilisant le circuit traditionnel des banques, alors vous perdez probablement beaucoup d&#039;argent sur les frais de transfert et les taux de change. Avec Navidor et son r\u00e9seau de partenaires, envoyer de l&#039;argent \u00e0 l&#039;\u00e9tranger n&#039;a jamais \u00e9t\u00e9 aussi simple ni aussi \u00ablow-cost\u00bb!\" \/>\n<meta name=\"robots\" content=\"index, follow, max-snippet:-1, max-image-preview:large, max-video-preview:-1\" \/>\n<link rel=\"canonical\" href=\"https:\/\/navidor.com\/fr\/moyens-paiements\/transferts-internationaux\/\" \/>\n<meta property=\"og:locale\" content=\"fr_FR\" \/>\n<meta property=\"og:type\" content=\"article\" \/>\n<meta property=\"og:title\" content=\"Transferts d&#039;argent internationaux - frais de transfert r\u00e9duits et meilleurs taux de change\" \/>\n<meta property=\"og:description\" content=\"Si vous transf\u00e9rez de l&#039;argent \u00e0 l&#039;\u00e9tranger en utilisant le circuit traditionnel des banques, alors vous perdez probablement beaucoup d&#039;argent sur les frais de transfert et les taux de change. Avec Navidor et son r\u00e9seau de partenaires, envoyer de l&#039;argent \u00e0 l&#039;\u00e9tranger n&#039;a jamais \u00e9t\u00e9 aussi simple ni aussi \u00ablow-cost\u00bb!\" \/>\n<meta property=\"og:url\" content=\"https:\/\/navidor.com\/fr\/moyens-paiements\/transferts-internationaux\/\" \/>\n<meta property=\"og:site_name\" content=\"Navidor Payment Solutions\" \/>\n<meta property=\"article:publisher\" content=\"https:\/\/www.facebook.com\/NavidorPaymentsolutions\/\" \/>\n<meta property=\"article:modified_time\" content=\"2024-04-17T19:52:44+00:00\" \/>\n<meta property=\"og:image\" content=\"https:\/\/navidor.com\/wp-content\/uploads\/2023\/11\/navidor-payment-solutions-international-transfers.png\" \/>\n\t<meta property=\"og:image:width\" content=\"544\" \/>\n\t<meta property=\"og:image:height\" content=\"382\" \/>\n\t<meta property=\"og:image:type\" content=\"image\/png\" \/>\n<meta name=\"twitter:card\" content=\"summary_large_image\" \/>\n<meta name=\"twitter:site\" content=\"@NavidorServices\" \/>\n<meta name=\"twitter:label1\" content=\"Dur\u00e9e de lecture estim\u00e9e\" \/>\n\t<meta name=\"twitter:data1\" content=\"2 minutes\" \/>\n<script type=\"application\/ld+json\" class=\"yoast-schema-graph\">{\"@context\":\"https:\/\/schema.org\",\"@graph\":[{\"@type\":\"WebPage\",\"@id\":\"https:\/\/navidor.com\/fr\/moyens-paiements\/transferts-internationaux\/\",\"url\":\"https:\/\/navidor.com\/fr\/moyens-paiements\/transferts-internationaux\/\",\"name\":\"Transferts d'argent internationaux - frais de transfert r\u00e9duits et meilleurs taux de change\",\"isPartOf\":{\"@id\":\"https:\/\/navidor.com\/fr\/#website\"},\"primaryImageOfPage\":{\"@id\":\"https:\/\/navidor.com\/fr\/moyens-paiements\/transferts-internationaux\/#primaryimage\"},\"image\":{\"@id\":\"https:\/\/navidor.com\/fr\/moyens-paiements\/transferts-internationaux\/#primaryimage\"},\"thumbnailUrl\":\"https:\/\/navidor.com\/wp-content\/uploads\/2023\/11\/navidor-payment-solutions-international-transfers.png\",\"datePublished\":\"2019-07-26T16:43:05+00:00\",\"dateModified\":\"2024-04-17T19:52:44+00:00\",\"description\":\"Si vous transf\u00e9rez de l'argent \u00e0 l'\u00e9tranger en utilisant le circuit traditionnel des banques, alors vous perdez probablement beaucoup d'argent sur les frais de transfert et les taux de change. Avec Navidor et son r\u00e9seau de partenaires, envoyer de l'argent \u00e0 l'\u00e9tranger n'a jamais \u00e9t\u00e9 aussi simple ni aussi \u00ablow-cost\u00bb!\",\"breadcrumb\":{\"@id\":\"https:\/\/navidor.com\/fr\/moyens-paiements\/transferts-internationaux\/#breadcrumb\"},\"inLanguage\":\"fr-FR\",\"potentialAction\":[{\"@type\":\"ReadAction\",\"target\":[\"https:\/\/navidor.com\/fr\/moyens-paiements\/transferts-internationaux\/\"]}]},{\"@type\":\"ImageObject\",\"inLanguage\":\"fr-FR\",\"@id\":\"https:\/\/navidor.com\/fr\/moyens-paiements\/transferts-internationaux\/#primaryimage\",\"url\":\"https:\/\/navidor.com\/wp-content\/uploads\/2023\/11\/navidor-payment-solutions-international-transfers.png\",\"contentUrl\":\"https:\/\/navidor.com\/wp-content\/uploads\/2023\/11\/navidor-payment-solutions-international-transfers.png\",\"width\":544,\"height\":382},{\"@type\":\"BreadcrumbList\",\"@id\":\"https:\/\/navidor.com\/fr\/moyens-paiements\/transferts-internationaux\/#breadcrumb\",\"itemListElement\":[{\"@type\":\"ListItem\",\"position\":1,\"name\":\"Navidor\",\"item\":\"https:\/\/navidor.com\/fr\/\"},{\"@type\":\"ListItem\",\"position\":2,\"name\":\"Moyens de paiements\",\"item\":\"https:\/\/navidor.com\/fr\/moyens-paiements\/\"},{\"@type\":\"ListItem\",\"position\":3,\"name\":\"Transferts internationaux\"}]},{\"@type\":\"WebSite\",\"@id\":\"https:\/\/navidor.com\/fr\/#website\",\"url\":\"https:\/\/navidor.com\/fr\/\",\"name\":\"Navidor Payment Solutions\",\"description\":\"Payment solutions done right\",\"publisher\":{\"@id\":\"https:\/\/navidor.com\/fr\/#organization\"},\"potentialAction\":[{\"@type\":\"SearchAction\",\"target\":{\"@type\":\"EntryPoint\",\"urlTemplate\":\"https:\/\/navidor.com\/fr\/?s={search_term_string}\"},\"query-input\":{\"@type\":\"PropertyValueSpecification\",\"valueRequired\":true,\"valueName\":\"search_term_string\"}}],\"inLanguage\":\"fr-FR\"},{\"@type\":\"Organization\",\"@id\":\"https:\/\/navidor.com\/fr\/#organization\",\"name\":\"Navidor Payment Solutions\",\"url\":\"https:\/\/navidor.com\/fr\/\",\"logo\":{\"@type\":\"ImageObject\",\"inLanguage\":\"fr-FR\",\"@id\":\"https:\/\/navidor.com\/fr\/#\/schema\/logo\/image\/\",\"url\":\"https:\/\/navidor.com\/wp-content\/uploads\/2019\/11\/navider-payment-solutions-website.png\",\"contentUrl\":\"https:\/\/navidor.com\/wp-content\/uploads\/2019\/11\/navider-payment-solutions-website.png\",\"width\":1200,\"height\":600,\"caption\":\"Navidor Payment Solutions\"},\"image\":{\"@id\":\"https:\/\/navidor.com\/fr\/#\/schema\/logo\/image\/\"},\"sameAs\":[\"https:\/\/www.facebook.com\/NavidorPaymentsolutions\/\",\"https:\/\/x.com\/NavidorServices\",\"https:\/\/www.linkedin.com\/company\/navidor-merchant-services\/\",\"https:\/\/www.instagram.com\/navidor.payment.solutions\/\"]}]}<\/script>\n<!-- \/ Yoast SEO plugin. -->","yoast_head_json":{"title":"Transferts d'argent internationaux - frais de transfert r\u00e9duits et meilleurs taux de change","description":"Si vous transf\u00e9rez de l'argent \u00e0 l'\u00e9tranger en utilisant le circuit traditionnel des banques, alors vous perdez probablement beaucoup d'argent sur les frais de transfert et les taux de change. Avec Navidor et son r\u00e9seau de partenaires, envoyer de l'argent \u00e0 l'\u00e9tranger n'a jamais \u00e9t\u00e9 aussi simple ni aussi \u00ablow-cost\u00bb!","robots":{"index":"index","follow":"follow","max-snippet":"max-snippet:-1","max-image-preview":"max-image-preview:large","max-video-preview":"max-video-preview:-1"},"canonical":"https:\/\/navidor.com\/fr\/moyens-paiements\/transferts-internationaux\/","og_locale":"fr_FR","og_type":"article","og_title":"Transferts d'argent internationaux - frais de transfert r\u00e9duits et meilleurs taux de change","og_description":"Si vous transf\u00e9rez de l'argent \u00e0 l'\u00e9tranger en utilisant le circuit traditionnel des banques, alors vous perdez probablement beaucoup d'argent sur les frais de transfert et les taux de change. Avec Navidor et son r\u00e9seau de partenaires, envoyer de l'argent \u00e0 l'\u00e9tranger n'a jamais \u00e9t\u00e9 aussi simple ni aussi \u00ablow-cost\u00bb!","og_url":"https:\/\/navidor.com\/fr\/moyens-paiements\/transferts-internationaux\/","og_site_name":"Navidor Payment Solutions","article_publisher":"https:\/\/www.facebook.com\/NavidorPaymentsolutions\/","article_modified_time":"2024-04-17T19:52:44+00:00","og_image":[{"width":544,"height":382,"url":"https:\/\/navidor.com\/wp-content\/uploads\/2023\/11\/navidor-payment-solutions-international-transfers.png","type":"image\/png"}],"twitter_card":"summary_large_image","twitter_site":"@NavidorServices","twitter_misc":{"Dur\u00e9e de lecture estim\u00e9e":"2 minutes"},"schema":{"@context":"https:\/\/schema.org","@graph":[{"@type":"WebPage","@id":"https:\/\/navidor.com\/fr\/moyens-paiements\/transferts-internationaux\/","url":"https:\/\/navidor.com\/fr\/moyens-paiements\/transferts-internationaux\/","name":"Transferts d'argent internationaux - frais de transfert r\u00e9duits et meilleurs taux de change","isPartOf":{"@id":"https:\/\/navidor.com\/fr\/#website"},"primaryImageOfPage":{"@id":"https:\/\/navidor.com\/fr\/moyens-paiements\/transferts-internationaux\/#primaryimage"},"image":{"@id":"https:\/\/navidor.com\/fr\/moyens-paiements\/transferts-internationaux\/#primaryimage"},"thumbnailUrl":"https:\/\/navidor.com\/wp-content\/uploads\/2023\/11\/navidor-payment-solutions-international-transfers.png","datePublished":"2019-07-26T16:43:05+00:00","dateModified":"2024-04-17T19:52:44+00:00","description":"Si vous transf\u00e9rez de l'argent \u00e0 l'\u00e9tranger en utilisant le circuit traditionnel des banques, alors vous perdez probablement beaucoup d'argent sur les frais de transfert et les taux de change. Avec Navidor et son r\u00e9seau de partenaires, envoyer de l'argent \u00e0 l'\u00e9tranger n'a jamais \u00e9t\u00e9 aussi simple ni aussi \u00ablow-cost\u00bb!","breadcrumb":{"@id":"https:\/\/navidor.com\/fr\/moyens-paiements\/transferts-internationaux\/#breadcrumb"},"inLanguage":"fr-FR","potentialAction":[{"@type":"ReadAction","target":["https:\/\/navidor.com\/fr\/moyens-paiements\/transferts-internationaux\/"]}]},{"@type":"ImageObject","inLanguage":"fr-FR","@id":"https:\/\/navidor.com\/fr\/moyens-paiements\/transferts-internationaux\/#primaryimage","url":"https:\/\/navidor.com\/wp-content\/uploads\/2023\/11\/navidor-payment-solutions-international-transfers.png","contentUrl":"https:\/\/navidor.com\/wp-content\/uploads\/2023\/11\/navidor-payment-solutions-international-transfers.png","width":544,"height":382},{"@type":"BreadcrumbList","@id":"https:\/\/navidor.com\/fr\/moyens-paiements\/transferts-internationaux\/#breadcrumb","itemListElement":[{"@type":"ListItem","position":1,"name":"Navidor","item":"https:\/\/navidor.com\/fr\/"},{"@type":"ListItem","position":2,"name":"Moyens de paiements","item":"https:\/\/navidor.com\/fr\/moyens-paiements\/"},{"@type":"ListItem","position":3,"name":"Transferts internationaux"}]},{"@type":"WebSite","@id":"https:\/\/navidor.com\/fr\/#website","url":"https:\/\/navidor.com\/fr\/","name":"Navidor Payment Solutions","description":"Payment solutions done right","publisher":{"@id":"https:\/\/navidor.com\/fr\/#organization"},"potentialAction":[{"@type":"SearchAction","target":{"@type":"EntryPoint","urlTemplate":"https:\/\/navidor.com\/fr\/?s={search_term_string}"},"query-input":{"@type":"PropertyValueSpecification","valueRequired":true,"valueName":"search_term_string"}}],"inLanguage":"fr-FR"},{"@type":"Organization","@id":"https:\/\/navidor.com\/fr\/#organization","name":"Navidor Payment Solutions","url":"https:\/\/navidor.com\/fr\/","logo":{"@type":"ImageObject","inLanguage":"fr-FR","@id":"https:\/\/navidor.com\/fr\/#\/schema\/logo\/image\/","url":"https:\/\/navidor.com\/wp-content\/uploads\/2019\/11\/navider-payment-solutions-website.png","contentUrl":"https:\/\/navidor.com\/wp-content\/uploads\/2019\/11\/navider-payment-solutions-website.png","width":1200,"height":600,"caption":"Navidor Payment Solutions"},"image":{"@id":"https:\/\/navidor.com\/fr\/#\/schema\/logo\/image\/"},"sameAs":["https:\/\/www.facebook.com\/NavidorPaymentsolutions\/","https:\/\/x.com\/NavidorServices","https:\/\/www.linkedin.com\/company\/navidor-merchant-services\/","https:\/\/www.instagram.com\/navidor.payment.solutions\/"]}]}},"uagb_featured_image_src":{"full":["https:\/\/navidor.com\/wp-content\/uploads\/2023\/11\/navidor-payment-solutions-international-transfers.png",544,382,false],"thumbnail":["https:\/\/navidor.com\/wp-content\/uploads\/2023\/11\/navidor-payment-solutions-international-transfers-150x150.png",150,150,true],"medium":["https:\/\/navidor.com\/wp-content\/uploads\/2023\/11\/navidor-payment-solutions-international-transfers-300x211.png",300,211,true],"medium_large":["https:\/\/navidor.com\/wp-content\/uploads\/2023\/11\/navidor-payment-solutions-international-transfers.png",544,382,false],"large":["https:\/\/navidor.com\/wp-content\/uploads\/2023\/11\/navidor-payment-solutions-international-transfers.png",544,382,false],"1536x1536":["https:\/\/navidor.com\/wp-content\/uploads\/2023\/11\/navidor-payment-solutions-international-transfers.png",544,382,false],"2048x2048":["https:\/\/navidor.com\/wp-content\/uploads\/2023\/11\/navidor-payment-solutions-international-transfers.png",544,382,false],"gform-image-choice-sm":["https:\/\/navidor.com\/wp-content\/uploads\/2023\/11\/navidor-payment-solutions-international-transfers.png",300,211,false],"gform-image-choice-md":["https:\/\/navidor.com\/wp-content\/uploads\/2023\/11\/navidor-payment-solutions-international-transfers.png",400,281,false],"gform-image-choice-lg":["https:\/\/navidor.com\/wp-content\/uploads\/2023\/11\/navidor-payment-solutions-international-transfers.png",544,382,false]},"uagb_author_info":{"display_name":"navidor","author_link":"https:\/\/navidor.com\/fr\/author\/navidor\/"},"uagb_comment_info":0,"uagb_excerpt":"Des transferts internationaux moins chers.","_links":{"self":[{"href":"https:\/\/navidor.com\/fr\/wp-json\/wp\/v2\/pages\/3041","targetHints":{"allow":["GET"]}}],"collection":[{"href":"https:\/\/navidor.com\/fr\/wp-json\/wp\/v2\/pages"}],"about":[{"href":"https:\/\/navidor.com\/fr\/wp-json\/wp\/v2\/types\/page"}],"author":[{"embeddable":true,"href":"https:\/\/navidor.com\/fr\/wp-json\/wp\/v2\/users\/1"}],"replies":[{"embeddable":true,"href":"https:\/\/navidor.com\/fr\/wp-json\/wp\/v2\/comments?post=3041"}],"version-history":[{"count":16,"href":"https:\/\/navidor.com\/fr\/wp-json\/wp\/v2\/pages\/3041\/revisions"}],"predecessor-version":[{"id":4233,"href":"https:\/\/navidor.com\/fr\/wp-json\/wp\/v2\/pages\/3041\/revisions\/4233"}],"up":[{"embeddable":true,"href":"https:\/\/navidor.com\/fr\/wp-json\/wp\/v2\/pages\/3034"}],"wp:featuredmedia":[{"embeddable":true,"href":"https:\/\/navidor.com\/fr\/wp-json\/wp\/v2\/media\/3969"}],"wp:attachment":[{"href":"https:\/\/navidor.com\/fr\/wp-json\/wp\/v2\/media?parent=3041"}],"curies":[{"name":"wp","href":"https:\/\/api.w.org\/{rel}","templated":true}]}}