{"id":3044,"date":"2019-02-26T16:40:56","date_gmt":"2019-02-26T16:40:56","guid":{"rendered":"https:\/\/navidor.com\/payment-solutions\/multi-currency-international\/"},"modified":"2024-04-17T19:42:43","modified_gmt":"2024-04-17T19:42:43","slug":"paiements-en-devises","status":"publish","type":"page","link":"https:\/\/navidor.com\/fr\/moyens-paiements\/paiements-en-devises\/","title":{"rendered":"Paiements en devises"},"content":{"rendered":"\n<figure class=\"wp-block-image alignright size-full is-resized\"><img loading=\"lazy\" decoding=\"async\" width=\"544\" height=\"382\" src=\"https:\/\/navidor.com\/wp-content\/uploads\/2023\/11\/navidor-payment-solutions-multicurrency.png\" alt=\"\" class=\"wp-image-3958\" style=\"width:325px\" srcset=\"https:\/\/navidor.com\/wp-content\/uploads\/2023\/11\/navidor-payment-solutions-multicurrency.png 544w, https:\/\/navidor.com\/wp-content\/uploads\/2023\/11\/navidor-payment-solutions-multicurrency-300x211.png 300w\" sizes=\"auto, (max-width: 544px) 100vw, 544px\" \/><\/figure>\n\n\n\n<p>Le traitement multi-devises est disponible pour les commer\u00e7ants, restaurants, h\u00f4tels et commerces \u00e9lectroniques.<\/p>\n\n\n\n<p>Les commer\u00e7ants peuvent accepter les cartes de cr\u00e9dit des titulaires de cartes internationales et nationales, avec la facilit\u00e9 d\u2019un compte marchand unique. Ils peuvent fixer des prix dans plusieurs devises, cibler de nouveaux march\u00e9s et conclure davantage de ventes, contribuant ainsi \u00e0 transformer des visiteurs internationaux en acheteurs.<\/p>\n\n\n\n<h3 class=\"wp-block-heading\">Vente en ligne en devises<\/h3>\n\n\n\n<p>Les commer\u00e7ants peuvent augmenter leurs revenus mondiaux en acceptant et en traitant les paiements de clients du monde entier dans leurs magasins de commerce \u00e9lectronique.<\/p>\n\n\n\r\n<div id=\"cta-block_f1ef0feec4ec4e8996a927530828861f\" class=\"cta iminterested alignleft\">\r\n    <a href=\"#\">J&rsquo;aimerai en savoir plus sur le traitement multi-devises<\/a>\r\n<\/div>\n\n\n<p>Ciblez de nouveaux march\u00e9s en \u00e9tablissant vos prix dans plusieurs devises tout en \u00e9tant pay\u00e9 dans la v\u00f4tre! Nous fournissons des passerelles de paiement aux commer\u00e7ants am\u00e9ricains et canadiens qui sont des solutions de paiement multidevises conformes \u00e0 la norme PCI et un traitement complet des cartes de cr\u00e9dit en ligne de bout en bout pour les appareils mobiles Web, iOS et Android.<\/p>\n\n\n\n<h4 class=\"wp-block-heading\">Avantages pour les acheteurs<\/h4>\n\n\n\n<ul class=\"wp-block-list\">\n<li><strong>Pas de surprises<\/strong><br>Les clients voient le montant exact de leur achat dans leur devise nationale au moment de la vente et sur leur relev\u00e9.<\/li>\n\n\n\n<li><strong>Certitude<\/strong><br>Les voyageurs d\u2019agr\u00e9ment ont la certitude de conna\u00eetre le co\u00fbt final dans la devise qu\u2019ils comprennent le mieux \u2013 la leur.<\/li>\n\n\n\n<li><strong>Pratique pour les professionnels<\/strong><br>Les voyageurs d\u2019affaires appr\u00e9cient la commodit\u00e9 d\u2019une comptabilit\u00e9 pr\u00e9cise des d\u00e9penses.<\/li>\n<\/ul>\n\n\n\n<h3 class=\"wp-block-heading\">Comment fonctionne le multi-devises dans un environnement avec carte pr\u00e9sente<\/h3>\n\n\n\n<ul class=\"wp-block-list\">\n<li>Les transactions MasterCard\u00ae ou Visa\u00ae \u00e9ligibles sont automatiquement identifi\u00e9es au point de vente une fois que la carte est gliss\u00e9e ou saisie.<\/li>\n\n\n\n<li>Le <span class='tooltipsall tooltip_post_id_1035 classtoolTips1035'>terminal<\/span> imprime le re\u00e7u affichant le total de la <span class='tooltipsall tooltip_post_id_1041 classtoolTips1041'>transaction<\/span> dans la devise locale, le taux de change ET la devise nationale du client.<\/li>\n\n\n\n<li>Le client s\u00e9lectionne sa devise sur le ticket de caisse et signe le ticket de caisse<\/li>\n\n\n\n<li>Le montant final sur le re\u00e7u du client correspondra au montant sur son relev\u00e9 de facturation de carte de cr\u00e9dit.<\/li>\n<\/ul>\n\n\n\n<h3 class=\"wp-block-heading\">Les avantages d&rsquo;accepter plusieurs devises<\/h3>\n\n\n\n<ul class=\"checkmark-list two-cols wp-block-list\">\n<li>Attirer de nouveaux clients internationaux<\/li>\n\n\n\n<li>Encourager la fid\u00e9lisation<\/li>\n\n\n\n<li>Cr\u00e9er une exp\u00e9rience de tarification personnalis\u00e9e<\/li>\n\n\n\n<li>Offrir un service client sup\u00e9rieur<\/li>\n\n\n\n<li>Les clients sont satisfaits de voir le montant exact de leur achat dans leur devise locale<\/li>\n\n\n\n<li>R\u00e9duire les disputes de paiement \u00e9mises par les clients qui ne reconnaissent pas les transactions<\/li>\n<\/ul>\n\n\n\n<figure class=\"wp-block-gallery columns-3 wp-block-gallery-1 is-layout-flex wp-block-gallery-is-layout-flex\"><ul class=\"blocks-gallery-grid\"><li class=\"blocks-gallery-item\"><figure><a href=\"https:\/\/navidor.com\/wp-content\/uploads\/2019\/09\/navidor-merchant-account-multi-currency-receipts-2.jpg\"><img loading=\"lazy\" decoding=\"async\" width=\"420\" height=\"168\" src=\"https:\/\/navidor.com\/wp-content\/uploads\/2019\/09\/navidor-merchant-account-multi-currency-receipts-2.jpg\" alt=\"\" data-id=\"626\" data-link=\"https:\/\/navidor.com\/credit-card-processing\/international-processing\/navidor-merchant-account-multi-currency-receipts-2\/#main\" class=\"wp-image-2818\" srcset=\"https:\/\/navidor.com\/wp-content\/uploads\/2019\/09\/navidor-merchant-account-multi-currency-receipts-2.jpg 420w, https:\/\/navidor.com\/wp-content\/uploads\/2019\/09\/navidor-merchant-account-multi-currency-receipts-2-300x120.jpg 300w\" sizes=\"auto, (max-width: 420px) 100vw, 420px\" \/><\/a><\/figure><\/li><li class=\"blocks-gallery-item\"><figure><a href=\"https:\/\/navidor.com\/wp-content\/uploads\/2019\/09\/navidor-merchant-account-multi-currency-receipts-3.jpg\"><img loading=\"lazy\" decoding=\"async\" width=\"420\" height=\"168\" src=\"https:\/\/navidor.com\/wp-content\/uploads\/2019\/09\/navidor-merchant-account-multi-currency-receipts-3.jpg\" alt=\"\" data-id=\"627\" data-link=\"https:\/\/navidor.com\/credit-card-processing\/international-processing\/navidor-merchant-account-multi-currency-receipts-3\/#main\" class=\"wp-image-2819\" srcset=\"https:\/\/navidor.com\/wp-content\/uploads\/2019\/09\/navidor-merchant-account-multi-currency-receipts-3.jpg 420w, https:\/\/navidor.com\/wp-content\/uploads\/2019\/09\/navidor-merchant-account-multi-currency-receipts-3-300x120.jpg 300w\" sizes=\"auto, (max-width: 420px) 100vw, 420px\" \/><\/a><\/figure><\/li><li class=\"blocks-gallery-item\"><figure><a href=\"https:\/\/navidor.com\/wp-content\/uploads\/2019\/09\/navidor-merchant-account-multi-currency-receipts-1.jpg\"><img loading=\"lazy\" decoding=\"async\" width=\"420\" height=\"168\" src=\"https:\/\/navidor.com\/wp-content\/uploads\/2019\/09\/navidor-merchant-account-multi-currency-receipts-1.jpg\" alt=\"\" data-id=\"628\" data-link=\"https:\/\/navidor.com\/credit-card-processing\/international-processing\/navidor-merchant-account-multi-currency-receipts-1\/#main\" class=\"wp-image-2820\" srcset=\"https:\/\/navidor.com\/wp-content\/uploads\/2019\/09\/navidor-merchant-account-multi-currency-receipts-1.jpg 420w, https:\/\/navidor.com\/wp-content\/uploads\/2019\/09\/navidor-merchant-account-multi-currency-receipts-1-300x120.jpg 300w\" sizes=\"auto, (max-width: 420px) 100vw, 420px\" \/><\/a><\/figure><\/li><\/ul><\/figure>\n\n\n\r\n<div id=\"cta-block_2ba976f686ac70c92a4063fa71e4ad8f\" class=\"cta iminterested aligncenter\">\r\n    <a href=\"#\">En savoir plus sur l&rsquo;acceptation multi-devises<\/a>\r\n<\/div>\n\n\n<hr class=\"wp-block-separator has-css-opacity\" \/>\n\n\n\n<h2 class=\"wp-block-heading\">Comptes Marchands Internationaux<\/h2>\n\n\n\n<h3 class=\"wp-block-heading\">Solutions internationales<\/h3>\n\n\n\n<div class=\"wp-block-image\"><figure class=\"alignright\"><img loading=\"lazy\" decoding=\"async\" width=\"300\" height=\"211\" src=\"https:\/\/navidor.com\/wp-content\/uploads\/2019\/10\/navidor-merchant-services-cross-border-payments-300x211.jpg\" alt=\"\" class=\"wp-image-2914\" srcset=\"https:\/\/navidor.com\/wp-content\/uploads\/2019\/10\/navidor-merchant-services-cross-border-payments-300x211.jpg 300w, https:\/\/navidor.com\/wp-content\/uploads\/2019\/10\/navidor-merchant-services-cross-border-payments-500x351.jpg 500w, https:\/\/navidor.com\/wp-content\/uploads\/2019\/10\/navidor-merchant-services-cross-border-payments.jpg 544w\" sizes=\"auto, (max-width: 300px) 100vw, 300px\" \/><\/figure><\/div>\n\n\n\n<p>Compte tenu de la mondialisation de l&rsquo;\u00e9conomie mondiale, de nombreux commer\u00e7ants ont \u00e9largi leur port\u00e9e en vendant des produits au-del\u00e0 de leurs fronti\u00e8res nationales. Nous encourageons les commer\u00e7ants \u00e0 consid\u00e9rer les avantages de permettre aux clients de payer dans leur devise d&rsquo;origine, car il est prouv\u00e9 que les consommateurs pr\u00e9f\u00e8rent faire leurs achats et acheter dans la devise qu&rsquo;ils connaissent le mieux: la leur!<\/p>\n\n\n\n<p>Gr\u00e2ce \u00e0 leur pr\u00e9sence locale dans des pays du monde entier, nos partenaires proposent des solutions de paiement globales.<\/p>\n\n\n\n<p>Nous aidons les commer\u00e7ants \u00e0 am\u00e9liorer leur efficacit\u00e9 op\u00e9rationnelle et \u00e0 contr\u00f4ler leur co\u00fbt global de traitement des paiements en n&rsquo;ayant pas \u00e0 entretenir de relations avec de multiples fournisseurs, avec diff\u00e9rents processus et syst\u00e8mes de reporting.<\/p>\n\n\n\n<p>Que votre entreprise soit situ\u00e9e aux \u00c9tats-Unis, en Europe ou partout dans le monde, nous pouvons trouver des solutions personnalis\u00e9es pour vos besoins.<\/p>\n\n\n\n<h3 class=\"wp-block-heading\">Devises accept\u00e9es \/ Conditions de compte bancaire<\/h3>\n\n\n\n<ul class=\"wp-block-list\">\n<li>Plus de 150 devises accept\u00e9es<\/li>\n\n\n\n<li>R\u00e8glement disponible dans plus de 15 devises diff\u00e9rentes<\/li>\n\n\n\n<li>Le compte bancaire peut \u00eatre situ\u00e9 n&rsquo;importe o\u00f9 dans le monde<\/li>\n<\/ul>\n\n\n\n<h3 class=\"wp-block-heading\">Types de Cartes accept\u00e9es<\/h3>\n\n\n\n<ul class=\"wp-block-list\">\n<li>Visa, Mastercard, American Express<\/li>\n\n\n\n<li>Modes de paiement locaux dans certains pays<\/li>\n<\/ul>\n\n\n\n<h3 class=\"wp-block-heading\">Types d&rsquo;entreprises accept\u00e9es<\/h3>\n\n\n\n<ul class=\"wp-block-list\">\n<li>Toute entreprise l\u00e9gale op\u00e9rant par t\u00e9l\u00e9phone, courrier ou Internet<\/li>\n\n\n\n<li>Les profils \u00ab&nbsp;\u00e0 haut risque&nbsp;\u00bb peuvent \u00eatre approuv\u00e9s au cas par cas<\/li>\n\n\n\n<li>Les commerces physiques situ\u00e9s en dehors des \u00c9tats-Unis peuvent \u00eatre approuv\u00e9s au cas par cas<\/li>\n\n\n\n<li>Les commer\u00e7ants aux \u00c9tats-Unis sans num\u00e9ro de s\u00e9curit\u00e9 sociale<\/li>\n<\/ul>\n\n\n\r\n<div id=\"cta-block_47c6fe55ffe3912a57436909a92b571b\" class=\"cta iminterested aligncenter\">\r\n    <a href=\"#\">En savoir plus sur les paiements transfrontaliers<\/a>\r\n<\/div>","protected":false},"excerpt":{"rendered":"<p>Accepter les cartes de cr\u00e9dit internationales, \u00e9tablissez vos prix en multiple devises. Ciblez de nouveaux march\u00e9s et g\u00e9n\u00e9rez plus de ventes avec nos solutions de paiement multi-devises.<\/p>\n","protected":false},"author":1,"featured_media":3958,"parent":3034,"menu_order":0,"comment_status":"closed","ping_status":"closed","template":"page-blank-sub-nav-vertical.php","meta":{"_acf_changed":false,"_uag_custom_page_level_css":"","footnotes":""},"class_list":["post-3044","page","type-page","status-publish","has-post-thumbnail","hentry"],"acf":[],"yoast_head":"<!-- This site is optimized with the Yoast SEO plugin v27.2 - https:\/\/yoast.com\/product\/yoast-seo-wordpress\/ -->\n<title>Solutions de paiement internationale, multi-devises et transfrontalier<\/title>\n<meta name=\"description\" content=\"Accepter les cartes de cr\u00e9dit internationales, \u00e9tablissez vos prix en multiple devises. Ciblez de nouveaux march\u00e9s et g\u00e9n\u00e9rez plus de ventes avec nos solutions de paiement multi-devises.\" \/>\n<meta name=\"robots\" content=\"index, follow, max-snippet:-1, max-image-preview:large, max-video-preview:-1\" \/>\n<link rel=\"canonical\" href=\"https:\/\/navidor.com\/fr\/moyens-paiements\/paiements-en-devises\/\" \/>\n<meta property=\"og:locale\" content=\"fr_FR\" \/>\n<meta property=\"og:type\" content=\"article\" \/>\n<meta property=\"og:title\" content=\"Solutions de paiement internationale, multi-devises et transfrontalier\" \/>\n<meta property=\"og:description\" content=\"Accepter les cartes de cr\u00e9dit internationales, \u00e9tablissez vos prix en multiple devises. Ciblez de nouveaux march\u00e9s et g\u00e9n\u00e9rez plus de ventes avec nos solutions de paiement multi-devises.\" \/>\n<meta property=\"og:url\" content=\"https:\/\/navidor.com\/fr\/moyens-paiements\/paiements-en-devises\/\" \/>\n<meta property=\"og:site_name\" content=\"Navidor Payment Solutions\" \/>\n<meta property=\"article:publisher\" content=\"https:\/\/www.facebook.com\/NavidorPaymentsolutions\/\" \/>\n<meta property=\"article:modified_time\" content=\"2024-04-17T19:42:43+00:00\" \/>\n<meta property=\"og:image\" content=\"https:\/\/navidor.com\/wp-content\/uploads\/2023\/11\/navidor-payment-solutions-multicurrency.png\" \/>\n\t<meta property=\"og:image:width\" content=\"544\" \/>\n\t<meta property=\"og:image:height\" content=\"382\" \/>\n\t<meta property=\"og:image:type\" content=\"image\/png\" \/>\n<meta name=\"twitter:card\" content=\"summary_large_image\" \/>\n<meta name=\"twitter:site\" content=\"@NavidorServices\" \/>\n<meta name=\"twitter:label1\" content=\"Dur\u00e9e de lecture estim\u00e9e\" \/>\n\t<meta name=\"twitter:data1\" content=\"4 minutes\" \/>\n<script type=\"application\/ld+json\" class=\"yoast-schema-graph\">{\"@context\":\"https:\/\/schema.org\",\"@graph\":[{\"@type\":\"WebPage\",\"@id\":\"https:\/\/navidor.com\/fr\/moyens-paiements\/paiements-en-devises\/\",\"url\":\"https:\/\/navidor.com\/fr\/moyens-paiements\/paiements-en-devises\/\",\"name\":\"Solutions de paiement internationale, multi-devises et transfrontalier\",\"isPartOf\":{\"@id\":\"https:\/\/navidor.com\/fr\/#website\"},\"primaryImageOfPage\":{\"@id\":\"https:\/\/navidor.com\/fr\/moyens-paiements\/paiements-en-devises\/#primaryimage\"},\"image\":{\"@id\":\"https:\/\/navidor.com\/fr\/moyens-paiements\/paiements-en-devises\/#primaryimage\"},\"thumbnailUrl\":\"https:\/\/navidor.com\/wp-content\/uploads\/2023\/11\/navidor-payment-solutions-multicurrency.png\",\"datePublished\":\"2019-02-26T16:40:56+00:00\",\"dateModified\":\"2024-04-17T19:42:43+00:00\",\"description\":\"Accepter les cartes de cr\u00e9dit internationales, \u00e9tablissez vos prix en multiple devises. Ciblez de nouveaux march\u00e9s et g\u00e9n\u00e9rez plus de ventes avec nos solutions de paiement multi-devises.\",\"breadcrumb\":{\"@id\":\"https:\/\/navidor.com\/fr\/moyens-paiements\/paiements-en-devises\/#breadcrumb\"},\"inLanguage\":\"fr-FR\",\"potentialAction\":[{\"@type\":\"ReadAction\",\"target\":[\"https:\/\/navidor.com\/fr\/moyens-paiements\/paiements-en-devises\/\"]}]},{\"@type\":\"ImageObject\",\"inLanguage\":\"fr-FR\",\"@id\":\"https:\/\/navidor.com\/fr\/moyens-paiements\/paiements-en-devises\/#primaryimage\",\"url\":\"https:\/\/navidor.com\/wp-content\/uploads\/2023\/11\/navidor-payment-solutions-multicurrency.png\",\"contentUrl\":\"https:\/\/navidor.com\/wp-content\/uploads\/2023\/11\/navidor-payment-solutions-multicurrency.png\",\"width\":544,\"height\":382},{\"@type\":\"BreadcrumbList\",\"@id\":\"https:\/\/navidor.com\/fr\/moyens-paiements\/paiements-en-devises\/#breadcrumb\",\"itemListElement\":[{\"@type\":\"ListItem\",\"position\":1,\"name\":\"Navidor\",\"item\":\"https:\/\/navidor.com\/fr\/\"},{\"@type\":\"ListItem\",\"position\":2,\"name\":\"Moyens de paiements\",\"item\":\"https:\/\/navidor.com\/fr\/moyens-paiements\/\"},{\"@type\":\"ListItem\",\"position\":3,\"name\":\"Paiements en devises\"}]},{\"@type\":\"WebSite\",\"@id\":\"https:\/\/navidor.com\/fr\/#website\",\"url\":\"https:\/\/navidor.com\/fr\/\",\"name\":\"Navidor Payment Solutions\",\"description\":\"Payment solutions done right\",\"publisher\":{\"@id\":\"https:\/\/navidor.com\/fr\/#organization\"},\"potentialAction\":[{\"@type\":\"SearchAction\",\"target\":{\"@type\":\"EntryPoint\",\"urlTemplate\":\"https:\/\/navidor.com\/fr\/?s={search_term_string}\"},\"query-input\":{\"@type\":\"PropertyValueSpecification\",\"valueRequired\":true,\"valueName\":\"search_term_string\"}}],\"inLanguage\":\"fr-FR\"},{\"@type\":\"Organization\",\"@id\":\"https:\/\/navidor.com\/fr\/#organization\",\"name\":\"Navidor Payment Solutions\",\"url\":\"https:\/\/navidor.com\/fr\/\",\"logo\":{\"@type\":\"ImageObject\",\"inLanguage\":\"fr-FR\",\"@id\":\"https:\/\/navidor.com\/fr\/#\/schema\/logo\/image\/\",\"url\":\"https:\/\/navidor.com\/wp-content\/uploads\/2019\/11\/navider-payment-solutions-website.png\",\"contentUrl\":\"https:\/\/navidor.com\/wp-content\/uploads\/2019\/11\/navider-payment-solutions-website.png\",\"width\":1200,\"height\":600,\"caption\":\"Navidor Payment Solutions\"},\"image\":{\"@id\":\"https:\/\/navidor.com\/fr\/#\/schema\/logo\/image\/\"},\"sameAs\":[\"https:\/\/www.facebook.com\/NavidorPaymentsolutions\/\",\"https:\/\/x.com\/NavidorServices\",\"https:\/\/www.linkedin.com\/company\/navidor-merchant-services\/\",\"https:\/\/www.instagram.com\/navidor.payment.solutions\/\"]}]}<\/script>\n<!-- \/ Yoast SEO plugin. -->","yoast_head_json":{"title":"Solutions de paiement internationale, multi-devises et transfrontalier","description":"Accepter les cartes de cr\u00e9dit internationales, \u00e9tablissez vos prix en multiple devises. Ciblez de nouveaux march\u00e9s et g\u00e9n\u00e9rez plus de ventes avec nos solutions de paiement multi-devises.","robots":{"index":"index","follow":"follow","max-snippet":"max-snippet:-1","max-image-preview":"max-image-preview:large","max-video-preview":"max-video-preview:-1"},"canonical":"https:\/\/navidor.com\/fr\/moyens-paiements\/paiements-en-devises\/","og_locale":"fr_FR","og_type":"article","og_title":"Solutions de paiement internationale, multi-devises et transfrontalier","og_description":"Accepter les cartes de cr\u00e9dit internationales, \u00e9tablissez vos prix en multiple devises. Ciblez de nouveaux march\u00e9s et g\u00e9n\u00e9rez plus de ventes avec nos solutions de paiement multi-devises.","og_url":"https:\/\/navidor.com\/fr\/moyens-paiements\/paiements-en-devises\/","og_site_name":"Navidor Payment Solutions","article_publisher":"https:\/\/www.facebook.com\/NavidorPaymentsolutions\/","article_modified_time":"2024-04-17T19:42:43+00:00","og_image":[{"width":544,"height":382,"url":"https:\/\/navidor.com\/wp-content\/uploads\/2023\/11\/navidor-payment-solutions-multicurrency.png","type":"image\/png"}],"twitter_card":"summary_large_image","twitter_site":"@NavidorServices","twitter_misc":{"Dur\u00e9e de lecture estim\u00e9e":"4 minutes"},"schema":{"@context":"https:\/\/schema.org","@graph":[{"@type":"WebPage","@id":"https:\/\/navidor.com\/fr\/moyens-paiements\/paiements-en-devises\/","url":"https:\/\/navidor.com\/fr\/moyens-paiements\/paiements-en-devises\/","name":"Solutions de paiement internationale, multi-devises et transfrontalier","isPartOf":{"@id":"https:\/\/navidor.com\/fr\/#website"},"primaryImageOfPage":{"@id":"https:\/\/navidor.com\/fr\/moyens-paiements\/paiements-en-devises\/#primaryimage"},"image":{"@id":"https:\/\/navidor.com\/fr\/moyens-paiements\/paiements-en-devises\/#primaryimage"},"thumbnailUrl":"https:\/\/navidor.com\/wp-content\/uploads\/2023\/11\/navidor-payment-solutions-multicurrency.png","datePublished":"2019-02-26T16:40:56+00:00","dateModified":"2024-04-17T19:42:43+00:00","description":"Accepter les cartes de cr\u00e9dit internationales, \u00e9tablissez vos prix en multiple devises. Ciblez de nouveaux march\u00e9s et g\u00e9n\u00e9rez plus de ventes avec nos solutions de paiement multi-devises.","breadcrumb":{"@id":"https:\/\/navidor.com\/fr\/moyens-paiements\/paiements-en-devises\/#breadcrumb"},"inLanguage":"fr-FR","potentialAction":[{"@type":"ReadAction","target":["https:\/\/navidor.com\/fr\/moyens-paiements\/paiements-en-devises\/"]}]},{"@type":"ImageObject","inLanguage":"fr-FR","@id":"https:\/\/navidor.com\/fr\/moyens-paiements\/paiements-en-devises\/#primaryimage","url":"https:\/\/navidor.com\/wp-content\/uploads\/2023\/11\/navidor-payment-solutions-multicurrency.png","contentUrl":"https:\/\/navidor.com\/wp-content\/uploads\/2023\/11\/navidor-payment-solutions-multicurrency.png","width":544,"height":382},{"@type":"BreadcrumbList","@id":"https:\/\/navidor.com\/fr\/moyens-paiements\/paiements-en-devises\/#breadcrumb","itemListElement":[{"@type":"ListItem","position":1,"name":"Navidor","item":"https:\/\/navidor.com\/fr\/"},{"@type":"ListItem","position":2,"name":"Moyens de paiements","item":"https:\/\/navidor.com\/fr\/moyens-paiements\/"},{"@type":"ListItem","position":3,"name":"Paiements en devises"}]},{"@type":"WebSite","@id":"https:\/\/navidor.com\/fr\/#website","url":"https:\/\/navidor.com\/fr\/","name":"Navidor Payment Solutions","description":"Payment solutions done right","publisher":{"@id":"https:\/\/navidor.com\/fr\/#organization"},"potentialAction":[{"@type":"SearchAction","target":{"@type":"EntryPoint","urlTemplate":"https:\/\/navidor.com\/fr\/?s={search_term_string}"},"query-input":{"@type":"PropertyValueSpecification","valueRequired":true,"valueName":"search_term_string"}}],"inLanguage":"fr-FR"},{"@type":"Organization","@id":"https:\/\/navidor.com\/fr\/#organization","name":"Navidor Payment Solutions","url":"https:\/\/navidor.com\/fr\/","logo":{"@type":"ImageObject","inLanguage":"fr-FR","@id":"https:\/\/navidor.com\/fr\/#\/schema\/logo\/image\/","url":"https:\/\/navidor.com\/wp-content\/uploads\/2019\/11\/navider-payment-solutions-website.png","contentUrl":"https:\/\/navidor.com\/wp-content\/uploads\/2019\/11\/navider-payment-solutions-website.png","width":1200,"height":600,"caption":"Navidor Payment Solutions"},"image":{"@id":"https:\/\/navidor.com\/fr\/#\/schema\/logo\/image\/"},"sameAs":["https:\/\/www.facebook.com\/NavidorPaymentsolutions\/","https:\/\/x.com\/NavidorServices","https:\/\/www.linkedin.com\/company\/navidor-merchant-services\/","https:\/\/www.instagram.com\/navidor.payment.solutions\/"]}]}},"uagb_featured_image_src":{"full":["https:\/\/navidor.com\/wp-content\/uploads\/2023\/11\/navidor-payment-solutions-multicurrency.png",544,382,false],"thumbnail":["https:\/\/navidor.com\/wp-content\/uploads\/2023\/11\/navidor-payment-solutions-multicurrency-150x150.png",150,150,true],"medium":["https:\/\/navidor.com\/wp-content\/uploads\/2023\/11\/navidor-payment-solutions-multicurrency-300x211.png",300,211,true],"medium_large":["https:\/\/navidor.com\/wp-content\/uploads\/2023\/11\/navidor-payment-solutions-multicurrency.png",544,382,false],"large":["https:\/\/navidor.com\/wp-content\/uploads\/2023\/11\/navidor-payment-solutions-multicurrency.png",544,382,false],"1536x1536":["https:\/\/navidor.com\/wp-content\/uploads\/2023\/11\/navidor-payment-solutions-multicurrency.png",544,382,false],"2048x2048":["https:\/\/navidor.com\/wp-content\/uploads\/2023\/11\/navidor-payment-solutions-multicurrency.png",544,382,false],"gform-image-choice-sm":["https:\/\/navidor.com\/wp-content\/uploads\/2023\/11\/navidor-payment-solutions-multicurrency.png",300,211,false],"gform-image-choice-md":["https:\/\/navidor.com\/wp-content\/uploads\/2023\/11\/navidor-payment-solutions-multicurrency.png",400,281,false],"gform-image-choice-lg":["https:\/\/navidor.com\/wp-content\/uploads\/2023\/11\/navidor-payment-solutions-multicurrency.png",544,382,false]},"uagb_author_info":{"display_name":"navidor","author_link":"https:\/\/navidor.com\/fr\/author\/navidor\/"},"uagb_comment_info":0,"uagb_excerpt":"Accepter les cartes de cr\u00e9dit internationales, \u00e9tablissez vos prix en multiple devises. Ciblez de nouveaux march\u00e9s et g\u00e9n\u00e9rez plus de ventes avec nos solutions de paiement multi-devises.","_links":{"self":[{"href":"https:\/\/navidor.com\/fr\/wp-json\/wp\/v2\/pages\/3044","targetHints":{"allow":["GET"]}}],"collection":[{"href":"https:\/\/navidor.com\/fr\/wp-json\/wp\/v2\/pages"}],"about":[{"href":"https:\/\/navidor.com\/fr\/wp-json\/wp\/v2\/types\/page"}],"author":[{"embeddable":true,"href":"https:\/\/navidor.com\/fr\/wp-json\/wp\/v2\/users\/1"}],"replies":[{"embeddable":true,"href":"https:\/\/navidor.com\/fr\/wp-json\/wp\/v2\/comments?post=3044"}],"version-history":[{"count":18,"href":"https:\/\/navidor.com\/fr\/wp-json\/wp\/v2\/pages\/3044\/revisions"}],"predecessor-version":[{"id":4220,"href":"https:\/\/navidor.com\/fr\/wp-json\/wp\/v2\/pages\/3044\/revisions\/4220"}],"up":[{"embeddable":true,"href":"https:\/\/navidor.com\/fr\/wp-json\/wp\/v2\/pages\/3034"}],"wp:featuredmedia":[{"embeddable":true,"href":"https:\/\/navidor.com\/fr\/wp-json\/wp\/v2\/media\/3958"}],"wp:attachment":[{"href":"https:\/\/navidor.com\/fr\/wp-json\/wp\/v2\/media?parent=3044"}],"curies":[{"name":"wp","href":"https:\/\/api.w.org\/{rel}","templated":true}]}}