{"id":3046,"date":"2019-07-26T16:42:42","date_gmt":"2019-07-26T16:42:42","guid":{"rendered":"https:\/\/navidor.com\/services\/"},"modified":"2024-12-06T17:13:44","modified_gmt":"2024-12-06T17:13:44","slug":"services","status":"publish","type":"page","link":"https:\/\/navidor.com\/fr\/services\/","title":{"rendered":"Services"},"content":{"rendered":"\n<div style=\"height:40px\" aria-hidden=\"true\" class=\"wp-block-spacer\"><\/div>\n\n\n\n<div class=\"wp-block-columns has-2-columns equipment-page is-layout-flex wp-container-core-columns-is-layout-9d6595d7 wp-block-columns-is-layout-flex\">\n<div class=\"wp-block-column is-layout-flow wp-block-column-is-layout-flow\">\n<section class=\"wp-block-uagb-section uagb-section__wrap uagb-section__background-undefined uagb-block-b1277bde\"><div class=\"uagb-section__overlay\"><\/div><div class=\"uagb-section__inner-wrap\">\n<figure class=\"wp-block-image alignleft size-thumbnail is-resized\"><img loading=\"lazy\" decoding=\"async\" width=\"150\" height=\"150\" src=\"https:\/\/navidor.com\/wp-content\/uploads\/2023\/11\/navidor-payment-solutions-services-cash-flow-150x150.png\" alt=\"\" class=\"wp-image-3994\" \/><\/figure>\n\n\n\n<h3 class=\"wp-block-heading\"><a href=\"https:\/\/navidor.com\/fr\/services\/aide-tresorerie\/\">Aide \u00e0 la tr\u00e9sorerie<\/a><\/h3>\n\n\n\n<p class=\"read-more\">Navidor propose des solutions d&rsquo;avances de tr\u00e9sorerie et de pr\u00eats.<br><a href=\"https:\/\/navidor.com\/fr\/services\/aide-tresorerie\/\">Lire la suite<\/a><\/p>\n<\/div><\/section>\n\n\n\n<section class=\"wp-block-uagb-section uagb-section__wrap uagb-section__background-undefined uagb-block-55cc4808\"><div class=\"uagb-section__overlay\"><\/div><div class=\"uagb-section__inner-wrap\">\n<figure class=\"wp-block-image alignleft size-thumbnail is-resized\"><img loading=\"lazy\" decoding=\"async\" width=\"150\" height=\"150\" src=\"https:\/\/navidor.com\/wp-content\/uploads\/2023\/11\/navidor-payment-solutions-services-gift-cards-150x150.png\" alt=\"\" class=\"wp-image-3998\" \/><\/figure>\n\n\n\n<h3 class=\"wp-block-heading\"><a href=\"https:\/\/navidor.com\/fr\/services\/cartes-cadeaux\/\">Cartes Cadeaux<\/a><\/h3>\n\n\n\n<p class=\"read-more\">Un bon moyen d&rsquo;augmenter les ventes et de fid\u00e9liser les clients&nbsp;!<br><a href=\"https:\/\/navidor.com\/fr\/services\/cartes-cadeaux\/\">Lire la suite<\/a><\/p>\n<\/div><\/section>\n\n\n\n<section class=\"wp-block-uagb-section uagb-section__wrap uagb-section__background-undefined uagb-block-82d1851b\"><div class=\"uagb-section__overlay\"><\/div><div class=\"uagb-section__inner-wrap\">\n<figure class=\"wp-block-image alignleft size-thumbnail is-resized\"><img loading=\"lazy\" decoding=\"async\" width=\"150\" height=\"150\" src=\"https:\/\/navidor.com\/wp-content\/uploads\/2023\/11\/navidor-payment-solutions-services-custom-reporting-150x150.png\" alt=\"\" class=\"wp-image-4002\" \/><\/figure>\n\n\n\n<h3 class=\"wp-block-heading\"><a href=\"https:\/\/navidor.com\/fr\/services\/rapports-personnalises\/\">Rapports personnalis\u00e9s<\/a><\/h3>\n\n\n\n<p class=\"read-more\">Rapports personnalis\u00e9s et d\u00e9taill\u00e9s.<br><a href=\"https:\/\/navidor.com\/fr\/services\/rapports-personnalises\/\">Lire la suite<\/a><\/p>\n<\/div><\/section>\n\n\n\n<section class=\"wp-block-uagb-section uagb-section__wrap uagb-section__background-none uagb-block-4c640fd3\"><div class=\"uagb-section__overlay\"><\/div><div class=\"uagb-section__inner-wrap\">\n<figure class=\"wp-block-image alignleft size-thumbnail is-resized\"><img loading=\"lazy\" decoding=\"async\" width=\"150\" height=\"150\" src=\"https:\/\/navidor.com\/wp-content\/uploads\/2023\/11\/navidor-payment-solutions-services-accounting-150x150.png\" alt=\"\" class=\"wp-image-4022\" \/><\/figure>\n\n\n\n<h3 class=\"wp-block-heading\"><a href=\"https:\/\/navidor.com\/fr\/services\/synchronisation-automatique-encaissements-comptabilite\/\">Int\u00e9gration comptable<\/a><\/h3>\n\n\n\n<p class=\"read-more\">Synchronisation automatique des encaissements en comptabilit\u00e9<br><a href=\"https:\/\/navidor.com\/fr\/services\/synchronisation-automatique-encaissements-comptabilite\/\">Lire la suite<\/a><\/p>\n<\/div><\/section>\n\n\n\n<section class=\"wp-block-uagb-section uagb-section__wrap uagb-section__background-none uagb-block-edbbfbff\"><div class=\"uagb-section__overlay\"><\/div><div class=\"uagb-section__inner-wrap\">\n<figure class=\"wp-block-image alignleft size-thumbnail is-resized\"><img loading=\"lazy\" decoding=\"async\" width=\"150\" height=\"150\" src=\"https:\/\/navidor.com\/wp-content\/uploads\/2023\/11\/navidor-payment-solutions-services-payment-links-150x150.png\" alt=\"\" class=\"wp-image-4026\" \/><\/figure>\n\n\n\n<h3 class=\"wp-block-heading\"><a href=\"https:\/\/navidor.com\/fr\/services\/paiements-links-pay-by-link\/\">Lien de paiement<\/a><\/h3>\n\n\n\n<p class=\"read-more\">Transformez vos paiements avec \u201cPay by Link\u201d<br><a href=\"https:\/\/navidor.com\/fr\/services\/paiements-links-pay-by-link\/\">Lire la suite<\/a><\/p>\n<\/div><\/section>\n<\/div>\n\n\n\n<div class=\"wp-block-column is-layout-flow wp-block-column-is-layout-flow\">\n<section class=\"wp-block-uagb-section uagb-section__wrap uagb-section__background-undefined uagb-block-3295c422\"><div class=\"uagb-section__overlay\"><\/div><div class=\"uagb-section__inner-wrap\">\n<figure class=\"wp-block-image alignleft size-thumbnail is-resized\"><img loading=\"lazy\" decoding=\"async\" width=\"150\" height=\"150\" src=\"https:\/\/navidor.com\/wp-content\/uploads\/2023\/11\/navidor-payment-solutions-services-electronic-invoicing-150x150.png\" alt=\"\" class=\"wp-image-3996\" \/><\/figure>\n\n\n\n<h3 class=\"wp-block-heading\"><a href=\"https:\/\/navidor.com\/fr\/services\/facturation-electronique\/\">Facturation \u00e9lectronique<\/a><\/h3>\n\n\n\n<p class=\"read-more\">Vos clients peuvent payer leurs factures en ligne via un lien cliquable.<br><a href=\"https:\/\/navidor.com\/fr\/services\/facturation-electronique\/\">Lire la suite<\/a><\/p>\n<\/div><\/section>\n\n\n\n<section class=\"wp-block-uagb-section uagb-section__wrap uagb-section__background-undefined uagb-block-bb8fc60a\"><div class=\"uagb-section__overlay\"><\/div><div class=\"uagb-section__inner-wrap\">\n<figure class=\"wp-block-image alignleft size-thumbnail is-resized\"><img loading=\"lazy\" decoding=\"async\" width=\"150\" height=\"150\" src=\"https:\/\/navidor.com\/wp-content\/uploads\/2023\/11\/navidor-payment-solutions-services-loyalty-programs-150x150.png\" alt=\"\" class=\"wp-image-4000\" \/><\/figure>\n\n\n\n<h3 class=\"wp-block-heading\"><a href=\"https:\/\/navidor.com\/fr\/services\/programmes-fidelite\/\">Programmes de fid\u00e9lit\u00e9<\/a><\/h3>\n\n\n\n<p class=\"read-more\">Augmentent les ventes et aident \u00e0 la fid\u00e9lisation des clients.<br><a href=\"https:\/\/navidor.com\/fr\/services\/programmes-fidelite\/\">Lire la suite<\/a><\/p>\n<\/div><\/section>\n\n\n\n<section class=\"wp-block-uagb-section uagb-section__wrap uagb-section__background-none uagb-block-b04fdff4\"><div class=\"uagb-section__overlay\"><\/div><div class=\"uagb-section__inner-wrap\">\n<figure class=\"wp-block-image alignleft size-thumbnail is-resized\"><img loading=\"lazy\" decoding=\"async\" width=\"150\" height=\"150\" src=\"https:\/\/navidor.com\/wp-content\/uploads\/2023\/11\/navidor-payment-solutions-services-3d-secure-150x150.png\" alt=\"\" class=\"wp-image-4030\" \/><\/figure>\n\n\n\n<h3 class=\"wp-block-heading\"><a href=\"https:\/\/navidor.com\/fr\/services\/3d-secure\/\">3D Secure<\/a><\/h3>\n\n\n\n<p class=\"read-more\">La protection suppl\u00e9mentaire contre la fraude<br><a href=\"https:\/\/navidor.com\/fr\/services\/3d-secure\/\">Lire la suite<\/a><\/p>\n<\/div><\/section>\n\n\n\n<section class=\"wp-block-uagb-section uagb-section__wrap uagb-section__background-none uagb-block-a64ceb76\"><div class=\"uagb-section__overlay\"><\/div><div class=\"uagb-section__inner-wrap\">\n<figure class=\"wp-block-image alignleft size-thumbnail is-resized\"><img loading=\"lazy\" decoding=\"async\" width=\"150\" height=\"150\" src=\"https:\/\/navidor.com\/wp-content\/uploads\/2023\/11\/navidor-payment-solutions-services-l2-l3-processing-150x150.png\" alt=\"\" class=\"wp-image-4024\" \/><\/figure>\n\n\n\n<h3 class=\"wp-block-heading\"><a href=\"https:\/\/navidor.com\/fr\/services\/methodes-l2-l3\/\">Traitement L2 &#8211; L3<\/a><\/h3>\n\n\n\n<p class=\"read-more\">Des \u00e9conomies accrues <br><a href=\"https:\/\/navidor.com\/fr\/services\/methodes-l2-l3\/\">Lire la suite<\/a><\/p>\n<\/div><\/section>\n\n\n\n<section class=\"wp-block-uagb-section uagb-section__wrap uagb-section__background-none uagb-block-144ef532\"><div class=\"uagb-section__overlay\"><\/div><div class=\"uagb-section__inner-wrap\">\n<figure class=\"wp-block-image alignleft size-thumbnail is-resized\"><img loading=\"lazy\" decoding=\"async\" width=\"150\" height=\"150\" src=\"https:\/\/navidor.com\/wp-content\/uploads\/2023\/11\/navidor-payment-solutions-services-surcharging-150x150.png\" alt=\"\" class=\"wp-image-4028\" \/><\/figure>\n\n\n\n<h3 class=\"wp-block-heading\"><a href=\"https:\/\/navidor.com\/fr\/services\/surcharging-cash-discount-dual-pricing\/\">Surcharges<\/a><\/h3>\n\n\n\n<p class=\"read-more\">Cash Discount, Dual Pricing &amp; Surcharging<br><a href=\"https:\/\/navidor.com\/fr\/services\/surcharging-cash-discount-dual-pricing\/\">Lire la suite<\/a><\/p>\n<\/div><\/section>\n<\/div>\n<\/div>\n\n\n<p><!--EndFragment--><\/p>","protected":false},"excerpt":{"rendered":"","protected":false},"author":1,"featured_media":3893,"parent":0,"menu_order":0,"comment_status":"closed","ping_status":"closed","template":"","meta":{"_acf_changed":false,"_uag_custom_page_level_css":"","footnotes":""},"class_list":["post-3046","page","type-page","status-publish","has-post-thumbnail","hentry"],"acf":[],"yoast_head":"<!-- This site is optimized with the Yoast SEO plugin v27.2 - https:\/\/yoast.com\/product\/yoast-seo-wordpress\/ -->\n<title>Solutions de paiement pour les commer\u00e7ants - Navidor Payment Solutions<\/title>\n<meta name=\"description\" content=\"Navidor propose des solutions d&#039;avances de tr\u00e9sorerie, des cartes-cadeaux, des programmes de fid\u00e9lisation, des solutions de facturation \u00e9lectronique et un reporting personnalis\u00e9 pour les commer\u00e7ants.\" \/>\n<meta name=\"robots\" content=\"index, follow, max-snippet:-1, max-image-preview:large, max-video-preview:-1\" \/>\n<link rel=\"canonical\" href=\"https:\/\/navidor.com\/fr\/services\/\" \/>\n<meta property=\"og:locale\" content=\"fr_FR\" \/>\n<meta property=\"og:type\" content=\"article\" \/>\n<meta property=\"og:title\" content=\"Solutions de paiement pour les commer\u00e7ants - Navidor Payment Solutions\" \/>\n<meta property=\"og:description\" content=\"Navidor propose des solutions d&#039;avances de tr\u00e9sorerie, des cartes-cadeaux, des programmes de fid\u00e9lisation, des solutions de facturation \u00e9lectronique et un reporting personnalis\u00e9 pour les commer\u00e7ants.\" \/>\n<meta property=\"og:url\" content=\"https:\/\/navidor.com\/fr\/services\/\" \/>\n<meta property=\"og:site_name\" content=\"Navidor Payment Solutions\" \/>\n<meta property=\"article:publisher\" content=\"https:\/\/www.facebook.com\/NavidorPaymentsolutions\/\" \/>\n<meta property=\"article:modified_time\" content=\"2024-12-06T17:13:44+00:00\" \/>\n<meta property=\"og:image\" content=\"https:\/\/navidor.com\/wp-content\/uploads\/2023\/08\/navidor-logo-2023-215-2.png\" \/>\n\t<meta property=\"og:image:width\" content=\"215\" \/>\n\t<meta property=\"og:image:height\" content=\"136\" \/>\n\t<meta property=\"og:image:type\" content=\"image\/png\" \/>\n<meta name=\"twitter:card\" content=\"summary_large_image\" \/>\n<meta name=\"twitter:site\" content=\"@NavidorServices\" \/>\n<meta name=\"twitter:label1\" content=\"Dur\u00e9e de lecture estim\u00e9e\" \/>\n\t<meta name=\"twitter:data1\" content=\"3 minutes\" \/>\n<script type=\"application\/ld+json\" class=\"yoast-schema-graph\">{\"@context\":\"https:\/\/schema.org\",\"@graph\":[{\"@type\":\"WebPage\",\"@id\":\"https:\/\/navidor.com\/fr\/services\/\",\"url\":\"https:\/\/navidor.com\/fr\/services\/\",\"name\":\"Solutions de paiement pour les commer\u00e7ants - Navidor Payment Solutions\",\"isPartOf\":{\"@id\":\"https:\/\/navidor.com\/fr\/#website\"},\"primaryImageOfPage\":{\"@id\":\"https:\/\/navidor.com\/fr\/services\/#primaryimage\"},\"image\":{\"@id\":\"https:\/\/navidor.com\/fr\/services\/#primaryimage\"},\"thumbnailUrl\":\"https:\/\/navidor.com\/wp-content\/uploads\/2023\/08\/navidor-logo-2023-215-2.png\",\"datePublished\":\"2019-07-26T16:42:42+00:00\",\"dateModified\":\"2024-12-06T17:13:44+00:00\",\"description\":\"Navidor propose des solutions d'avances de tr\u00e9sorerie, des cartes-cadeaux, des programmes de fid\u00e9lisation, des solutions de facturation \u00e9lectronique et un reporting personnalis\u00e9 pour les commer\u00e7ants.\",\"breadcrumb\":{\"@id\":\"https:\/\/navidor.com\/fr\/services\/#breadcrumb\"},\"inLanguage\":\"fr-FR\",\"potentialAction\":[{\"@type\":\"ReadAction\",\"target\":[\"https:\/\/navidor.com\/fr\/services\/\"]}]},{\"@type\":\"ImageObject\",\"inLanguage\":\"fr-FR\",\"@id\":\"https:\/\/navidor.com\/fr\/services\/#primaryimage\",\"url\":\"https:\/\/navidor.com\/wp-content\/uploads\/2023\/08\/navidor-logo-2023-215-2.png\",\"contentUrl\":\"https:\/\/navidor.com\/wp-content\/uploads\/2023\/08\/navidor-logo-2023-215-2.png\",\"width\":215,\"height\":136},{\"@type\":\"BreadcrumbList\",\"@id\":\"https:\/\/navidor.com\/fr\/services\/#breadcrumb\",\"itemListElement\":[{\"@type\":\"ListItem\",\"position\":1,\"name\":\"Navidor\",\"item\":\"https:\/\/navidor.com\/fr\/\"},{\"@type\":\"ListItem\",\"position\":2,\"name\":\"Services\"}]},{\"@type\":\"WebSite\",\"@id\":\"https:\/\/navidor.com\/fr\/#website\",\"url\":\"https:\/\/navidor.com\/fr\/\",\"name\":\"Navidor Payment Solutions\",\"description\":\"Payment solutions done right\",\"publisher\":{\"@id\":\"https:\/\/navidor.com\/fr\/#organization\"},\"potentialAction\":[{\"@type\":\"SearchAction\",\"target\":{\"@type\":\"EntryPoint\",\"urlTemplate\":\"https:\/\/navidor.com\/fr\/?s={search_term_string}\"},\"query-input\":{\"@type\":\"PropertyValueSpecification\",\"valueRequired\":true,\"valueName\":\"search_term_string\"}}],\"inLanguage\":\"fr-FR\"},{\"@type\":\"Organization\",\"@id\":\"https:\/\/navidor.com\/fr\/#organization\",\"name\":\"Navidor Payment Solutions\",\"url\":\"https:\/\/navidor.com\/fr\/\",\"logo\":{\"@type\":\"ImageObject\",\"inLanguage\":\"fr-FR\",\"@id\":\"https:\/\/navidor.com\/fr\/#\/schema\/logo\/image\/\",\"url\":\"https:\/\/navidor.com\/wp-content\/uploads\/2019\/11\/navider-payment-solutions-website.png\",\"contentUrl\":\"https:\/\/navidor.com\/wp-content\/uploads\/2019\/11\/navider-payment-solutions-website.png\",\"width\":1200,\"height\":600,\"caption\":\"Navidor Payment Solutions\"},\"image\":{\"@id\":\"https:\/\/navidor.com\/fr\/#\/schema\/logo\/image\/\"},\"sameAs\":[\"https:\/\/www.facebook.com\/NavidorPaymentsolutions\/\",\"https:\/\/x.com\/NavidorServices\",\"https:\/\/www.linkedin.com\/company\/navidor-merchant-services\/\",\"https:\/\/www.instagram.com\/navidor.payment.solutions\/\"]}]}<\/script>\n<!-- \/ Yoast SEO plugin. -->","yoast_head_json":{"title":"Solutions de paiement pour les commer\u00e7ants - Navidor Payment Solutions","description":"Navidor propose des solutions d'avances de tr\u00e9sorerie, des cartes-cadeaux, des programmes de fid\u00e9lisation, des solutions de facturation \u00e9lectronique et un reporting personnalis\u00e9 pour les commer\u00e7ants.","robots":{"index":"index","follow":"follow","max-snippet":"max-snippet:-1","max-image-preview":"max-image-preview:large","max-video-preview":"max-video-preview:-1"},"canonical":"https:\/\/navidor.com\/fr\/services\/","og_locale":"fr_FR","og_type":"article","og_title":"Solutions de paiement pour les commer\u00e7ants - Navidor Payment Solutions","og_description":"Navidor propose des solutions d'avances de tr\u00e9sorerie, des cartes-cadeaux, des programmes de fid\u00e9lisation, des solutions de facturation \u00e9lectronique et un reporting personnalis\u00e9 pour les commer\u00e7ants.","og_url":"https:\/\/navidor.com\/fr\/services\/","og_site_name":"Navidor Payment Solutions","article_publisher":"https:\/\/www.facebook.com\/NavidorPaymentsolutions\/","article_modified_time":"2024-12-06T17:13:44+00:00","og_image":[{"width":215,"height":136,"url":"https:\/\/navidor.com\/wp-content\/uploads\/2023\/08\/navidor-logo-2023-215-2.png","type":"image\/png"}],"twitter_card":"summary_large_image","twitter_site":"@NavidorServices","twitter_misc":{"Dur\u00e9e de lecture estim\u00e9e":"3 minutes"},"schema":{"@context":"https:\/\/schema.org","@graph":[{"@type":"WebPage","@id":"https:\/\/navidor.com\/fr\/services\/","url":"https:\/\/navidor.com\/fr\/services\/","name":"Solutions de paiement pour les commer\u00e7ants - Navidor Payment Solutions","isPartOf":{"@id":"https:\/\/navidor.com\/fr\/#website"},"primaryImageOfPage":{"@id":"https:\/\/navidor.com\/fr\/services\/#primaryimage"},"image":{"@id":"https:\/\/navidor.com\/fr\/services\/#primaryimage"},"thumbnailUrl":"https:\/\/navidor.com\/wp-content\/uploads\/2023\/08\/navidor-logo-2023-215-2.png","datePublished":"2019-07-26T16:42:42+00:00","dateModified":"2024-12-06T17:13:44+00:00","description":"Navidor propose des solutions d'avances de tr\u00e9sorerie, des cartes-cadeaux, des programmes de fid\u00e9lisation, des solutions de facturation \u00e9lectronique et un reporting personnalis\u00e9 pour les commer\u00e7ants.","breadcrumb":{"@id":"https:\/\/navidor.com\/fr\/services\/#breadcrumb"},"inLanguage":"fr-FR","potentialAction":[{"@type":"ReadAction","target":["https:\/\/navidor.com\/fr\/services\/"]}]},{"@type":"ImageObject","inLanguage":"fr-FR","@id":"https:\/\/navidor.com\/fr\/services\/#primaryimage","url":"https:\/\/navidor.com\/wp-content\/uploads\/2023\/08\/navidor-logo-2023-215-2.png","contentUrl":"https:\/\/navidor.com\/wp-content\/uploads\/2023\/08\/navidor-logo-2023-215-2.png","width":215,"height":136},{"@type":"BreadcrumbList","@id":"https:\/\/navidor.com\/fr\/services\/#breadcrumb","itemListElement":[{"@type":"ListItem","position":1,"name":"Navidor","item":"https:\/\/navidor.com\/fr\/"},{"@type":"ListItem","position":2,"name":"Services"}]},{"@type":"WebSite","@id":"https:\/\/navidor.com\/fr\/#website","url":"https:\/\/navidor.com\/fr\/","name":"Navidor Payment Solutions","description":"Payment solutions done right","publisher":{"@id":"https:\/\/navidor.com\/fr\/#organization"},"potentialAction":[{"@type":"SearchAction","target":{"@type":"EntryPoint","urlTemplate":"https:\/\/navidor.com\/fr\/?s={search_term_string}"},"query-input":{"@type":"PropertyValueSpecification","valueRequired":true,"valueName":"search_term_string"}}],"inLanguage":"fr-FR"},{"@type":"Organization","@id":"https:\/\/navidor.com\/fr\/#organization","name":"Navidor Payment Solutions","url":"https:\/\/navidor.com\/fr\/","logo":{"@type":"ImageObject","inLanguage":"fr-FR","@id":"https:\/\/navidor.com\/fr\/#\/schema\/logo\/image\/","url":"https:\/\/navidor.com\/wp-content\/uploads\/2019\/11\/navider-payment-solutions-website.png","contentUrl":"https:\/\/navidor.com\/wp-content\/uploads\/2019\/11\/navider-payment-solutions-website.png","width":1200,"height":600,"caption":"Navidor Payment Solutions"},"image":{"@id":"https:\/\/navidor.com\/fr\/#\/schema\/logo\/image\/"},"sameAs":["https:\/\/www.facebook.com\/NavidorPaymentsolutions\/","https:\/\/x.com\/NavidorServices","https:\/\/www.linkedin.com\/company\/navidor-merchant-services\/","https:\/\/www.instagram.com\/navidor.payment.solutions\/"]}]}},"uagb_featured_image_src":{"full":["https:\/\/navidor.com\/wp-content\/uploads\/2023\/08\/navidor-logo-2023-215-2.png",215,136,false],"thumbnail":["https:\/\/navidor.com\/wp-content\/uploads\/2023\/08\/navidor-logo-2023-215-2-150x136.png",150,136,true],"medium":["https:\/\/navidor.com\/wp-content\/uploads\/2023\/08\/navidor-logo-2023-215-2.png",215,136,false],"medium_large":["https:\/\/navidor.com\/wp-content\/uploads\/2023\/08\/navidor-logo-2023-215-2.png",215,136,false],"large":["https:\/\/navidor.com\/wp-content\/uploads\/2023\/08\/navidor-logo-2023-215-2.png",215,136,false],"1536x1536":["https:\/\/navidor.com\/wp-content\/uploads\/2023\/08\/navidor-logo-2023-215-2.png",215,136,false],"2048x2048":["https:\/\/navidor.com\/wp-content\/uploads\/2023\/08\/navidor-logo-2023-215-2.png",215,136,false],"gform-image-choice-sm":["https:\/\/navidor.com\/wp-content\/uploads\/2023\/08\/navidor-logo-2023-215-2.png",215,136,false],"gform-image-choice-md":["https:\/\/navidor.com\/wp-content\/uploads\/2023\/08\/navidor-logo-2023-215-2.png",215,136,false],"gform-image-choice-lg":["https:\/\/navidor.com\/wp-content\/uploads\/2023\/08\/navidor-logo-2023-215-2.png",215,136,false]},"uagb_author_info":{"display_name":"navidor","author_link":"https:\/\/navidor.com\/fr\/author\/navidor\/"},"uagb_comment_info":0,"uagb_excerpt":null,"_links":{"self":[{"href":"https:\/\/navidor.com\/fr\/wp-json\/wp\/v2\/pages\/3046","targetHints":{"allow":["GET"]}}],"collection":[{"href":"https:\/\/navidor.com\/fr\/wp-json\/wp\/v2\/pages"}],"about":[{"href":"https:\/\/navidor.com\/fr\/wp-json\/wp\/v2\/types\/page"}],"author":[{"embeddable":true,"href":"https:\/\/navidor.com\/fr\/wp-json\/wp\/v2\/users\/1"}],"replies":[{"embeddable":true,"href":"https:\/\/navidor.com\/fr\/wp-json\/wp\/v2\/comments?post=3046"}],"version-history":[{"count":15,"href":"https:\/\/navidor.com\/fr\/wp-json\/wp\/v2\/pages\/3046\/revisions"}],"predecessor-version":[{"id":4379,"href":"https:\/\/navidor.com\/fr\/wp-json\/wp\/v2\/pages\/3046\/revisions\/4379"}],"wp:featuredmedia":[{"embeddable":true,"href":"https:\/\/navidor.com\/fr\/wp-json\/wp\/v2\/media\/3893"}],"wp:attachment":[{"href":"https:\/\/navidor.com\/fr\/wp-json\/wp\/v2\/media?parent=3046"}],"curies":[{"name":"wp","href":"https:\/\/api.w.org\/{rel}","templated":true}]}}