{"id":3047,"date":"2019-01-26T16:42:52","date_gmt":"2019-01-26T16:42:52","guid":{"rendered":"https:\/\/navidor.com\/services\/cash-flow-solutions\/"},"modified":"2024-04-17T19:29:35","modified_gmt":"2024-04-17T19:29:35","slug":"aide-tresorerie","status":"publish","type":"page","link":"https:\/\/navidor.com\/fr\/services\/aide-tresorerie\/","title":{"rendered":"Aide \u00e0 la tr\u00e9sorerie"},"content":{"rendered":"\n<figure class=\"wp-block-image alignright size-full is-resized\"><img loading=\"lazy\" decoding=\"async\" width=\"544\" height=\"382\" src=\"https:\/\/navidor.com\/wp-content\/uploads\/2023\/11\/navidor-payment-solutions-services-cash-flow.png\" alt=\"\" class=\"wp-image-3994\" style=\"width:325px\" srcset=\"https:\/\/navidor.com\/wp-content\/uploads\/2023\/11\/navidor-payment-solutions-services-cash-flow.png 544w, https:\/\/navidor.com\/wp-content\/uploads\/2023\/11\/navidor-payment-solutions-services-cash-flow-300x211.png 300w\" sizes=\"auto, (max-width: 544px) 100vw, 544px\" \/><\/figure>\n\n\n\n<h2 class=\"wp-block-heading\">Avance de fonds<\/h2>\n\n\n\n<p>Une <strong>avance de fonds<\/strong> est une solution de financement bas\u00e9e sur un pourcentage des futurs encaissements par carte de cr\u00e9dit.<\/p>\n\n\n\n<p>Par exemple: si vous avez besoin de $10 000, vous obtenez les fonds maintenant et 20% de vos futurs d\u00e9p\u00f4ts par carte de cr\u00e9dit seront affect\u00e9s au remboursement de l&rsquo;avance qui vous a \u00e9t\u00e9 faite.<\/p>\n\n\n\n<h2 class=\"wp-block-heading\">Pr\u00eat classique<\/h2>\n\n\n\n<p>Pour les commer\u00e7ants qui ne sont pas \u00e9ligibles aux solutions d&rsquo;avance de fonds ci-dessus.<\/p>\n\n\n\n<h3 class=\"wp-block-heading\">Avantages<\/h3>\n\n\n\n<ul class=\"wp-block-list\">\n<li>En g\u00e9n\u00e9ral moins co\u00fbteux qu&rsquo;un programme d&rsquo;avance de fonds<\/li>\n\n\n\n<li>Simple remboursement fixe via un <span class='tooltipsall tooltip_post_id_955 classtoolTips955'>ACH<\/span> quotidien<\/li>\n\n\n\n<li>Permet aux commer\u00e7ants acceptant peu de cartes bancaires mais ayant des volumes de ventes \u00e9lev\u00e9s d&rsquo;obtenir plus d&rsquo;argent qu&rsquo;avec un programme d&rsquo;avance de fonds<\/li>\n<\/ul>\n\n\n\r\n<div id=\"cta-block_b9d8f78060459f2c65e4693106030b40\" class=\"cta iminterested aligncenter\">\r\n    <a href=\"#\">En savoir plus sur les aides \u00e0 la tr\u00e9sorerie<\/a>\r\n<\/div>\n\n<style>.wp-block-kadence-spacer.kt-block-spacer-3047_f24fc7-03 .kt-block-spacer{height:60px;}.wp-block-kadence-spacer.kt-block-spacer-3047_f24fc7-03 .kt-divider{border-top-width:1px;height:1px;border-top-color:#053679;width:80%;border-top-style:solid;}<\/style>\n<div class=\"wp-block-kadence-spacer aligncenter kt-block-spacer-3047_f24fc7-03\"><div class=\"kt-block-spacer kt-block-spacer-halign-center\"><hr class=\"kt-divider\" \/><\/div><\/div>\n","protected":false},"excerpt":{"rendered":"<p>Navidor Payment Solutions offre des solutions d&rsquo;avances de fonds et de pr\u00eats pour les besoins de tr\u00e9sorerie de votre entreprise.<\/p>\n","protected":false},"author":1,"featured_media":3994,"parent":3046,"menu_order":0,"comment_status":"closed","ping_status":"closed","template":"page-blank-sub-nav-vertical.php","meta":{"_acf_changed":false,"_uag_custom_page_level_css":"","footnotes":""},"class_list":["post-3047","page","type-page","status-publish","has-post-thumbnail","hentry"],"acf":[],"yoast_head":"<!-- This site is optimized with the Yoast SEO plugin v27.2 - https:\/\/yoast.com\/product\/yoast-seo-wordpress\/ -->\n<title>Aide \u00e0 la tr\u00e9sorerie - avance de fonds et pr\u00eats pour votre entreprise<\/title>\n<meta name=\"description\" content=\"Navidor Payment Services offre des solutions d&#039;avances de fonds et de pr\u00eats pour les besoins de tr\u00e9sorerie de votre entreprise.\" \/>\n<meta name=\"robots\" content=\"index, follow, max-snippet:-1, max-image-preview:large, max-video-preview:-1\" \/>\n<link rel=\"canonical\" href=\"https:\/\/navidor.com\/fr\/services\/aide-tresorerie\/\" \/>\n<meta property=\"og:locale\" content=\"fr_FR\" \/>\n<meta property=\"og:type\" content=\"article\" \/>\n<meta property=\"og:title\" content=\"Aide \u00e0 la tr\u00e9sorerie - avance de fonds et pr\u00eats pour votre entreprise\" \/>\n<meta property=\"og:description\" content=\"Navidor Payment Services offre des solutions d&#039;avances de fonds et de pr\u00eats pour les besoins de tr\u00e9sorerie de votre entreprise.\" \/>\n<meta property=\"og:url\" content=\"https:\/\/navidor.com\/fr\/services\/aide-tresorerie\/\" \/>\n<meta property=\"og:site_name\" content=\"Navidor Payment Solutions\" \/>\n<meta property=\"article:publisher\" content=\"https:\/\/www.facebook.com\/NavidorPaymentsolutions\/\" \/>\n<meta property=\"article:modified_time\" content=\"2024-04-17T19:29:35+00:00\" \/>\n<meta property=\"og:image\" content=\"https:\/\/navidor.com\/wp-content\/uploads\/2023\/11\/navidor-payment-solutions-services-cash-flow.png\" \/>\n\t<meta property=\"og:image:width\" content=\"544\" \/>\n\t<meta property=\"og:image:height\" content=\"382\" \/>\n\t<meta property=\"og:image:type\" content=\"image\/png\" \/>\n<meta name=\"twitter:card\" content=\"summary_large_image\" \/>\n<meta name=\"twitter:site\" content=\"@NavidorServices\" \/>\n<meta name=\"twitter:label1\" content=\"Dur\u00e9e de lecture estim\u00e9e\" \/>\n\t<meta name=\"twitter:data1\" content=\"1 minute\" \/>\n<script type=\"application\/ld+json\" class=\"yoast-schema-graph\">{\"@context\":\"https:\/\/schema.org\",\"@graph\":[{\"@type\":\"WebPage\",\"@id\":\"https:\/\/navidor.com\/fr\/services\/aide-tresorerie\/\",\"url\":\"https:\/\/navidor.com\/fr\/services\/aide-tresorerie\/\",\"name\":\"Aide \u00e0 la tr\u00e9sorerie - avance de fonds et pr\u00eats pour votre entreprise\",\"isPartOf\":{\"@id\":\"https:\/\/navidor.com\/fr\/#website\"},\"primaryImageOfPage\":{\"@id\":\"https:\/\/navidor.com\/fr\/services\/aide-tresorerie\/#primaryimage\"},\"image\":{\"@id\":\"https:\/\/navidor.com\/fr\/services\/aide-tresorerie\/#primaryimage\"},\"thumbnailUrl\":\"https:\/\/navidor.com\/wp-content\/uploads\/2023\/11\/navidor-payment-solutions-services-cash-flow.png\",\"datePublished\":\"2019-01-26T16:42:52+00:00\",\"dateModified\":\"2024-04-17T19:29:35+00:00\",\"description\":\"Navidor Payment Services offre des solutions d'avances de fonds et de pr\u00eats pour les besoins de tr\u00e9sorerie de votre entreprise.\",\"breadcrumb\":{\"@id\":\"https:\/\/navidor.com\/fr\/services\/aide-tresorerie\/#breadcrumb\"},\"inLanguage\":\"fr-FR\",\"potentialAction\":[{\"@type\":\"ReadAction\",\"target\":[\"https:\/\/navidor.com\/fr\/services\/aide-tresorerie\/\"]}]},{\"@type\":\"ImageObject\",\"inLanguage\":\"fr-FR\",\"@id\":\"https:\/\/navidor.com\/fr\/services\/aide-tresorerie\/#primaryimage\",\"url\":\"https:\/\/navidor.com\/wp-content\/uploads\/2023\/11\/navidor-payment-solutions-services-cash-flow.png\",\"contentUrl\":\"https:\/\/navidor.com\/wp-content\/uploads\/2023\/11\/navidor-payment-solutions-services-cash-flow.png\",\"width\":544,\"height\":382},{\"@type\":\"BreadcrumbList\",\"@id\":\"https:\/\/navidor.com\/fr\/services\/aide-tresorerie\/#breadcrumb\",\"itemListElement\":[{\"@type\":\"ListItem\",\"position\":1,\"name\":\"Navidor\",\"item\":\"https:\/\/navidor.com\/fr\/\"},{\"@type\":\"ListItem\",\"position\":2,\"name\":\"Services\",\"item\":\"https:\/\/navidor.com\/fr\/services\/\"},{\"@type\":\"ListItem\",\"position\":3,\"name\":\"Aide \u00e0 la tr\u00e9sorerie\"}]},{\"@type\":\"WebSite\",\"@id\":\"https:\/\/navidor.com\/fr\/#website\",\"url\":\"https:\/\/navidor.com\/fr\/\",\"name\":\"Navidor Payment Solutions\",\"description\":\"Payment solutions done right\",\"publisher\":{\"@id\":\"https:\/\/navidor.com\/fr\/#organization\"},\"potentialAction\":[{\"@type\":\"SearchAction\",\"target\":{\"@type\":\"EntryPoint\",\"urlTemplate\":\"https:\/\/navidor.com\/fr\/?s={search_term_string}\"},\"query-input\":{\"@type\":\"PropertyValueSpecification\",\"valueRequired\":true,\"valueName\":\"search_term_string\"}}],\"inLanguage\":\"fr-FR\"},{\"@type\":\"Organization\",\"@id\":\"https:\/\/navidor.com\/fr\/#organization\",\"name\":\"Navidor Payment Solutions\",\"url\":\"https:\/\/navidor.com\/fr\/\",\"logo\":{\"@type\":\"ImageObject\",\"inLanguage\":\"fr-FR\",\"@id\":\"https:\/\/navidor.com\/fr\/#\/schema\/logo\/image\/\",\"url\":\"https:\/\/navidor.com\/wp-content\/uploads\/2019\/11\/navider-payment-solutions-website.png\",\"contentUrl\":\"https:\/\/navidor.com\/wp-content\/uploads\/2019\/11\/navider-payment-solutions-website.png\",\"width\":1200,\"height\":600,\"caption\":\"Navidor Payment Solutions\"},\"image\":{\"@id\":\"https:\/\/navidor.com\/fr\/#\/schema\/logo\/image\/\"},\"sameAs\":[\"https:\/\/www.facebook.com\/NavidorPaymentsolutions\/\",\"https:\/\/x.com\/NavidorServices\",\"https:\/\/www.linkedin.com\/company\/navidor-merchant-services\/\",\"https:\/\/www.instagram.com\/navidor.payment.solutions\/\"]}]}<\/script>\n<!-- \/ Yoast SEO plugin. -->","yoast_head_json":{"title":"Aide \u00e0 la tr\u00e9sorerie - avance de fonds et pr\u00eats pour votre entreprise","description":"Navidor Payment Services offre des solutions d'avances de fonds et de pr\u00eats pour les besoins de tr\u00e9sorerie de votre entreprise.","robots":{"index":"index","follow":"follow","max-snippet":"max-snippet:-1","max-image-preview":"max-image-preview:large","max-video-preview":"max-video-preview:-1"},"canonical":"https:\/\/navidor.com\/fr\/services\/aide-tresorerie\/","og_locale":"fr_FR","og_type":"article","og_title":"Aide \u00e0 la tr\u00e9sorerie - avance de fonds et pr\u00eats pour votre entreprise","og_description":"Navidor Payment Services offre des solutions d'avances de fonds et de pr\u00eats pour les besoins de tr\u00e9sorerie de votre entreprise.","og_url":"https:\/\/navidor.com\/fr\/services\/aide-tresorerie\/","og_site_name":"Navidor Payment Solutions","article_publisher":"https:\/\/www.facebook.com\/NavidorPaymentsolutions\/","article_modified_time":"2024-04-17T19:29:35+00:00","og_image":[{"width":544,"height":382,"url":"https:\/\/navidor.com\/wp-content\/uploads\/2023\/11\/navidor-payment-solutions-services-cash-flow.png","type":"image\/png"}],"twitter_card":"summary_large_image","twitter_site":"@NavidorServices","twitter_misc":{"Dur\u00e9e de lecture estim\u00e9e":"1 minute"},"schema":{"@context":"https:\/\/schema.org","@graph":[{"@type":"WebPage","@id":"https:\/\/navidor.com\/fr\/services\/aide-tresorerie\/","url":"https:\/\/navidor.com\/fr\/services\/aide-tresorerie\/","name":"Aide \u00e0 la tr\u00e9sorerie - avance de fonds et pr\u00eats pour votre entreprise","isPartOf":{"@id":"https:\/\/navidor.com\/fr\/#website"},"primaryImageOfPage":{"@id":"https:\/\/navidor.com\/fr\/services\/aide-tresorerie\/#primaryimage"},"image":{"@id":"https:\/\/navidor.com\/fr\/services\/aide-tresorerie\/#primaryimage"},"thumbnailUrl":"https:\/\/navidor.com\/wp-content\/uploads\/2023\/11\/navidor-payment-solutions-services-cash-flow.png","datePublished":"2019-01-26T16:42:52+00:00","dateModified":"2024-04-17T19:29:35+00:00","description":"Navidor Payment Services offre des solutions d'avances de fonds et de pr\u00eats pour les besoins de tr\u00e9sorerie de votre entreprise.","breadcrumb":{"@id":"https:\/\/navidor.com\/fr\/services\/aide-tresorerie\/#breadcrumb"},"inLanguage":"fr-FR","potentialAction":[{"@type":"ReadAction","target":["https:\/\/navidor.com\/fr\/services\/aide-tresorerie\/"]}]},{"@type":"ImageObject","inLanguage":"fr-FR","@id":"https:\/\/navidor.com\/fr\/services\/aide-tresorerie\/#primaryimage","url":"https:\/\/navidor.com\/wp-content\/uploads\/2023\/11\/navidor-payment-solutions-services-cash-flow.png","contentUrl":"https:\/\/navidor.com\/wp-content\/uploads\/2023\/11\/navidor-payment-solutions-services-cash-flow.png","width":544,"height":382},{"@type":"BreadcrumbList","@id":"https:\/\/navidor.com\/fr\/services\/aide-tresorerie\/#breadcrumb","itemListElement":[{"@type":"ListItem","position":1,"name":"Navidor","item":"https:\/\/navidor.com\/fr\/"},{"@type":"ListItem","position":2,"name":"Services","item":"https:\/\/navidor.com\/fr\/services\/"},{"@type":"ListItem","position":3,"name":"Aide \u00e0 la tr\u00e9sorerie"}]},{"@type":"WebSite","@id":"https:\/\/navidor.com\/fr\/#website","url":"https:\/\/navidor.com\/fr\/","name":"Navidor Payment Solutions","description":"Payment solutions done right","publisher":{"@id":"https:\/\/navidor.com\/fr\/#organization"},"potentialAction":[{"@type":"SearchAction","target":{"@type":"EntryPoint","urlTemplate":"https:\/\/navidor.com\/fr\/?s={search_term_string}"},"query-input":{"@type":"PropertyValueSpecification","valueRequired":true,"valueName":"search_term_string"}}],"inLanguage":"fr-FR"},{"@type":"Organization","@id":"https:\/\/navidor.com\/fr\/#organization","name":"Navidor Payment Solutions","url":"https:\/\/navidor.com\/fr\/","logo":{"@type":"ImageObject","inLanguage":"fr-FR","@id":"https:\/\/navidor.com\/fr\/#\/schema\/logo\/image\/","url":"https:\/\/navidor.com\/wp-content\/uploads\/2019\/11\/navider-payment-solutions-website.png","contentUrl":"https:\/\/navidor.com\/wp-content\/uploads\/2019\/11\/navider-payment-solutions-website.png","width":1200,"height":600,"caption":"Navidor Payment Solutions"},"image":{"@id":"https:\/\/navidor.com\/fr\/#\/schema\/logo\/image\/"},"sameAs":["https:\/\/www.facebook.com\/NavidorPaymentsolutions\/","https:\/\/x.com\/NavidorServices","https:\/\/www.linkedin.com\/company\/navidor-merchant-services\/","https:\/\/www.instagram.com\/navidor.payment.solutions\/"]}]}},"uagb_featured_image_src":{"full":["https:\/\/navidor.com\/wp-content\/uploads\/2023\/11\/navidor-payment-solutions-services-cash-flow.png",544,382,false],"thumbnail":["https:\/\/navidor.com\/wp-content\/uploads\/2023\/11\/navidor-payment-solutions-services-cash-flow-150x150.png",150,150,true],"medium":["https:\/\/navidor.com\/wp-content\/uploads\/2023\/11\/navidor-payment-solutions-services-cash-flow-300x211.png",300,211,true],"medium_large":["https:\/\/navidor.com\/wp-content\/uploads\/2023\/11\/navidor-payment-solutions-services-cash-flow.png",544,382,false],"large":["https:\/\/navidor.com\/wp-content\/uploads\/2023\/11\/navidor-payment-solutions-services-cash-flow.png",544,382,false],"1536x1536":["https:\/\/navidor.com\/wp-content\/uploads\/2023\/11\/navidor-payment-solutions-services-cash-flow.png",544,382,false],"2048x2048":["https:\/\/navidor.com\/wp-content\/uploads\/2023\/11\/navidor-payment-solutions-services-cash-flow.png",544,382,false],"gform-image-choice-sm":["https:\/\/navidor.com\/wp-content\/uploads\/2023\/11\/navidor-payment-solutions-services-cash-flow.png",300,211,false],"gform-image-choice-md":["https:\/\/navidor.com\/wp-content\/uploads\/2023\/11\/navidor-payment-solutions-services-cash-flow.png",400,281,false],"gform-image-choice-lg":["https:\/\/navidor.com\/wp-content\/uploads\/2023\/11\/navidor-payment-solutions-services-cash-flow.png",544,382,false]},"uagb_author_info":{"display_name":"navidor","author_link":"https:\/\/navidor.com\/fr\/author\/navidor\/"},"uagb_comment_info":0,"uagb_excerpt":"Navidor Payment Solutions offre des solutions d'avances de fonds et de pr\u00eats pour les besoins de tr\u00e9sorerie de votre entreprise.","_links":{"self":[{"href":"https:\/\/navidor.com\/fr\/wp-json\/wp\/v2\/pages\/3047","targetHints":{"allow":["GET"]}}],"collection":[{"href":"https:\/\/navidor.com\/fr\/wp-json\/wp\/v2\/pages"}],"about":[{"href":"https:\/\/navidor.com\/fr\/wp-json\/wp\/v2\/types\/page"}],"author":[{"embeddable":true,"href":"https:\/\/navidor.com\/fr\/wp-json\/wp\/v2\/users\/1"}],"replies":[{"embeddable":true,"href":"https:\/\/navidor.com\/fr\/wp-json\/wp\/v2\/comments?post=3047"}],"version-history":[{"count":5,"href":"https:\/\/navidor.com\/fr\/wp-json\/wp\/v2\/pages\/3047\/revisions"}],"predecessor-version":[{"id":4199,"href":"https:\/\/navidor.com\/fr\/wp-json\/wp\/v2\/pages\/3047\/revisions\/4199"}],"up":[{"embeddable":true,"href":"https:\/\/navidor.com\/fr\/wp-json\/wp\/v2\/pages\/3046"}],"wp:featuredmedia":[{"embeddable":true,"href":"https:\/\/navidor.com\/fr\/wp-json\/wp\/v2\/media\/3994"}],"wp:attachment":[{"href":"https:\/\/navidor.com\/fr\/wp-json\/wp\/v2\/media?parent=3047"}],"curies":[{"name":"wp","href":"https:\/\/api.w.org\/{rel}","templated":true}]}}