{"id":3048,"date":"2019-05-07T23:19:28","date_gmt":"2019-05-07T23:19:28","guid":{"rendered":"https:\/\/navidor.com\/services\/custom-reporting\/"},"modified":"2024-04-17T19:34:57","modified_gmt":"2024-04-17T19:34:57","slug":"rapports-personnalises","status":"publish","type":"page","link":"https:\/\/navidor.com\/fr\/services\/rapports-personnalises\/","title":{"rendered":"Rapports personnalis\u00e9s"},"content":{"rendered":"<style>.kb-image3048_8480f3-67.kb-image-is-ratio-size, .kb-image3048_8480f3-67 .kb-image-is-ratio-size{max-width:325px;width:100%;}.wp-block-kadence-column > .kt-inside-inner-col > .kb-image3048_8480f3-67.kb-image-is-ratio-size, .wp-block-kadence-column > .kt-inside-inner-col > .kb-image3048_8480f3-67 .kb-image-is-ratio-size{align-self:unset;}.kb-image3048_8480f3-67 figure{max-width:325px;}.kb-image3048_8480f3-67 .image-is-svg, .kb-image3048_8480f3-67 .image-is-svg img{width:100%;}.kb-image3048_8480f3-67 .kb-image-has-overlay:after{opacity:0.3;}<\/style>\n<div class=\"wp-block-kadence-image kb-image3048_8480f3-67\"><figure class=\"alignright size-full is-resized\"><img decoding=\"async\" src=\"https:\/\/navidor.com\/wp-content\/uploads\/2023\/11\/navidor-payment-solutions-services-custom-reporting.png\" alt=\"\" class=\"kb-img wp-image-4002\" width=\"350px\" height=\"auto\" srcset=\"https:\/\/navidor.com\/wp-content\/uploads\/2023\/11\/navidor-payment-solutions-services-custom-reporting.png 544w, https:\/\/navidor.com\/wp-content\/uploads\/2023\/11\/navidor-payment-solutions-services-custom-reporting-300x211.png 300w\" sizes=\"(max-width: 544px) 100vw, 544px\" \/><\/figure><\/div>\n\n\n\n<p>Nous allons au-del\u00e0 du reporting standardis\u00e9 fourni par les portails des processeurs.<\/p>\n\n\n\n<p class=\"clearfix\">\u00c0 la demande de nos clients, nous offrons notre assistance pour les t\u00e9l\u00e9collectes, les rapports de rejet de d\u00e9bit, le rapprochement bancaire et les factures mensuelles. Nous examinons avec plaisir TOUTE demande de rapport sp\u00e9cial et y r\u00e9pondons de notre mieux.<\/p>\n\n\n\n<div class=\"wp-block-columns has-2-columns clearfix is-layout-flex wp-container-core-columns-is-layout-9d6595d7 wp-block-columns-is-layout-flex\">\n<div class=\"wp-block-column is-layout-flow wp-block-column-is-layout-flow\">\n<h3 class=\"wp-block-heading\">T\u00e9l\u00e9collectes<\/h3>\n\n\n\n<p>Nous fournissons des rapports d\u00e9taill\u00e9s au niveau des transactions.<\/p>\n<\/div>\n\n\n\n<div class=\"wp-block-column is-layout-flow wp-block-column-is-layout-flow\">\n<h3 class=\"wp-block-heading\">Disputes de paiement<\/h3>\n\n\n\n<p>Nous surveillons et vous informons de tout rejet de d\u00e9bit et \/ ou ajustement affich\u00e9 sur votre compte marchand.<\/p>\n<\/div>\n<\/div>\n\n\n\n<div style=\"height:20px\" aria-hidden=\"true\" class=\"wp-block-spacer\"><\/div>\n\n\n\n<div class=\"wp-block-columns has-2-columns clearfix is-layout-flex wp-container-core-columns-is-layout-9d6595d7 wp-block-columns-is-layout-flex\">\n<div class=\"wp-block-column is-layout-flow wp-block-column-is-layout-flow\">\n<h3 class=\"wp-block-heading\">Rapprochement bancaire<\/h3>\n\n\n\n<p>Nous vous assistons pour faire correspondre les d\u00e9p\u00f4ts bancaires aux t\u00e9l\u00e9collectes. Nous vous aidons \u00e9galement \u00e0 comprendre les d\u00e9bits inconnus sur le relev\u00e9 bancaire ou les frais \/ ajustements de vos relev\u00e9s de traitement.<\/p>\n<\/div>\n\n\n\n<div class=\"wp-block-column is-layout-flow wp-block-column-is-layout-flow\">\n<h3 class=\"wp-block-heading\">Relev\u00e9s mensuels<\/h3>\n\n\n\n<p>Nous pouvons envoyer vos factures directement \u00e0 votre adresse e-mail et r\u00e9pondons \u00e0 toutes vos questions les concernant.<\/p>\n<\/div>\n<\/div>\n\n\n\n<p><em>La fr\u00e9quence des rapports d\u00e9pend du type de rapport et de vos pr\u00e9f\u00e9rences: hebdomadaire \/ bihebdomadaire \/ mensuelle \/ annuelle \/ personnalis\u00e9e. Le co\u00fbt variera en fonction de la complexit\u00e9 des rapports et de leur fr\u00e9quence (les rapports occasionnels sont gratuits).<\/em><\/p>\n","protected":false},"excerpt":{"rendered":"<p>Nous allons au-del\u00e0 du reporting standardis\u00e9 fourni par les portails des processeurs. \u00c0 la demande de nos clients, nous offrons notre assistance pour les t\u00e9l\u00e9collectes, les rapports de rejet de d\u00e9bit, le rapprochement bancaire et les factures mensuelles. Nous examinons avec plaisir TOUTE demande de rapport sp\u00e9cial et y r\u00e9pondons de notre mieux. T\u00e9l\u00e9collectes Nous [&#8230;]\n","protected":false},"author":1,"featured_media":4002,"parent":3046,"menu_order":0,"comment_status":"closed","ping_status":"closed","template":"page-blank-sub-nav-vertical.php","meta":{"_acf_changed":false,"_uag_custom_page_level_css":"","footnotes":""},"class_list":["post-3048","page","type-page","status-publish","has-post-thumbnail","hentry"],"acf":[],"yoast_head":"<!-- This site is optimized with the Yoast SEO plugin v27.2 - https:\/\/yoast.com\/product\/yoast-seo-wordpress\/ -->\n<title>Rapports personnalis\u00e9s pour les commer\u00e7ants - t\u00e9l\u00e9collectes, disputes, rapprochements...<\/title>\n<meta name=\"description\" content=\"Nous allons au devant de vos questions: nous pouvons vous aider \u00e0 mieux comprendre les rapports que les processeurs vous envoient et \u00e0 les personnaliser en fonction de vos besoins sp\u00e9cifiques.\" \/>\n<meta name=\"robots\" content=\"index, follow, max-snippet:-1, max-image-preview:large, max-video-preview:-1\" \/>\n<link rel=\"canonical\" href=\"https:\/\/navidor.com\/fr\/services\/rapports-personnalises\/\" \/>\n<meta property=\"og:locale\" content=\"fr_FR\" \/>\n<meta property=\"og:type\" content=\"article\" \/>\n<meta property=\"og:title\" content=\"Rapports personnalis\u00e9s pour les commer\u00e7ants - t\u00e9l\u00e9collectes, disputes, rapprochements...\" \/>\n<meta property=\"og:description\" content=\"Nous allons au devant de vos questions: nous pouvons vous aider \u00e0 mieux comprendre les rapports que les processeurs vous envoient et \u00e0 les personnaliser en fonction de vos besoins sp\u00e9cifiques.\" \/>\n<meta property=\"og:url\" content=\"https:\/\/navidor.com\/fr\/services\/rapports-personnalises\/\" \/>\n<meta property=\"og:site_name\" content=\"Navidor Payment Solutions\" \/>\n<meta property=\"article:publisher\" content=\"https:\/\/www.facebook.com\/NavidorPaymentsolutions\/\" \/>\n<meta property=\"article:modified_time\" content=\"2024-04-17T19:34:57+00:00\" \/>\n<meta property=\"og:image\" content=\"https:\/\/navidor.com\/wp-content\/uploads\/2023\/11\/navidor-payment-solutions-services-custom-reporting.png\" \/>\n\t<meta property=\"og:image:width\" content=\"544\" \/>\n\t<meta property=\"og:image:height\" content=\"382\" \/>\n\t<meta property=\"og:image:type\" content=\"image\/png\" \/>\n<meta name=\"twitter:card\" content=\"summary_large_image\" \/>\n<meta name=\"twitter:site\" content=\"@NavidorServices\" \/>\n<meta name=\"twitter:label1\" content=\"Dur\u00e9e de lecture estim\u00e9e\" \/>\n\t<meta name=\"twitter:data1\" content=\"2 minutes\" \/>\n<script type=\"application\/ld+json\" class=\"yoast-schema-graph\">{\"@context\":\"https:\/\/schema.org\",\"@graph\":[{\"@type\":\"WebPage\",\"@id\":\"https:\/\/navidor.com\/fr\/services\/rapports-personnalises\/\",\"url\":\"https:\/\/navidor.com\/fr\/services\/rapports-personnalises\/\",\"name\":\"Rapports personnalis\u00e9s pour les commer\u00e7ants - t\u00e9l\u00e9collectes, disputes, rapprochements...\",\"isPartOf\":{\"@id\":\"https:\/\/navidor.com\/fr\/#website\"},\"primaryImageOfPage\":{\"@id\":\"https:\/\/navidor.com\/fr\/services\/rapports-personnalises\/#primaryimage\"},\"image\":{\"@id\":\"https:\/\/navidor.com\/fr\/services\/rapports-personnalises\/#primaryimage\"},\"thumbnailUrl\":\"https:\/\/navidor.com\/wp-content\/uploads\/2023\/11\/navidor-payment-solutions-services-custom-reporting.png\",\"datePublished\":\"2019-05-07T23:19:28+00:00\",\"dateModified\":\"2024-04-17T19:34:57+00:00\",\"description\":\"Nous allons au devant de vos questions: nous pouvons vous aider \u00e0 mieux comprendre les rapports que les processeurs vous envoient et \u00e0 les personnaliser en fonction de vos besoins sp\u00e9cifiques.\",\"breadcrumb\":{\"@id\":\"https:\/\/navidor.com\/fr\/services\/rapports-personnalises\/#breadcrumb\"},\"inLanguage\":\"fr-FR\",\"potentialAction\":[{\"@type\":\"ReadAction\",\"target\":[\"https:\/\/navidor.com\/fr\/services\/rapports-personnalises\/\"]}]},{\"@type\":\"ImageObject\",\"inLanguage\":\"fr-FR\",\"@id\":\"https:\/\/navidor.com\/fr\/services\/rapports-personnalises\/#primaryimage\",\"url\":\"https:\/\/navidor.com\/wp-content\/uploads\/2023\/11\/navidor-payment-solutions-services-custom-reporting.png\",\"contentUrl\":\"https:\/\/navidor.com\/wp-content\/uploads\/2023\/11\/navidor-payment-solutions-services-custom-reporting.png\",\"width\":544,\"height\":382},{\"@type\":\"BreadcrumbList\",\"@id\":\"https:\/\/navidor.com\/fr\/services\/rapports-personnalises\/#breadcrumb\",\"itemListElement\":[{\"@type\":\"ListItem\",\"position\":1,\"name\":\"Navidor\",\"item\":\"https:\/\/navidor.com\/fr\/\"},{\"@type\":\"ListItem\",\"position\":2,\"name\":\"Services\",\"item\":\"https:\/\/navidor.com\/fr\/services\/\"},{\"@type\":\"ListItem\",\"position\":3,\"name\":\"Rapports personnalis\u00e9s\"}]},{\"@type\":\"WebSite\",\"@id\":\"https:\/\/navidor.com\/fr\/#website\",\"url\":\"https:\/\/navidor.com\/fr\/\",\"name\":\"Navidor Payment Solutions\",\"description\":\"Payment solutions done right\",\"publisher\":{\"@id\":\"https:\/\/navidor.com\/fr\/#organization\"},\"potentialAction\":[{\"@type\":\"SearchAction\",\"target\":{\"@type\":\"EntryPoint\",\"urlTemplate\":\"https:\/\/navidor.com\/fr\/?s={search_term_string}\"},\"query-input\":{\"@type\":\"PropertyValueSpecification\",\"valueRequired\":true,\"valueName\":\"search_term_string\"}}],\"inLanguage\":\"fr-FR\"},{\"@type\":\"Organization\",\"@id\":\"https:\/\/navidor.com\/fr\/#organization\",\"name\":\"Navidor Payment Solutions\",\"url\":\"https:\/\/navidor.com\/fr\/\",\"logo\":{\"@type\":\"ImageObject\",\"inLanguage\":\"fr-FR\",\"@id\":\"https:\/\/navidor.com\/fr\/#\/schema\/logo\/image\/\",\"url\":\"https:\/\/navidor.com\/wp-content\/uploads\/2019\/11\/navider-payment-solutions-website.png\",\"contentUrl\":\"https:\/\/navidor.com\/wp-content\/uploads\/2019\/11\/navider-payment-solutions-website.png\",\"width\":1200,\"height\":600,\"caption\":\"Navidor Payment Solutions\"},\"image\":{\"@id\":\"https:\/\/navidor.com\/fr\/#\/schema\/logo\/image\/\"},\"sameAs\":[\"https:\/\/www.facebook.com\/NavidorPaymentsolutions\/\",\"https:\/\/x.com\/NavidorServices\",\"https:\/\/www.linkedin.com\/company\/navidor-merchant-services\/\",\"https:\/\/www.instagram.com\/navidor.payment.solutions\/\"]}]}<\/script>\n<!-- \/ Yoast SEO plugin. -->","yoast_head_json":{"title":"Rapports personnalis\u00e9s pour les commer\u00e7ants - t\u00e9l\u00e9collectes, disputes, rapprochements...","description":"Nous allons au devant de vos questions: nous pouvons vous aider \u00e0 mieux comprendre les rapports que les processeurs vous envoient et \u00e0 les personnaliser en fonction de vos besoins sp\u00e9cifiques.","robots":{"index":"index","follow":"follow","max-snippet":"max-snippet:-1","max-image-preview":"max-image-preview:large","max-video-preview":"max-video-preview:-1"},"canonical":"https:\/\/navidor.com\/fr\/services\/rapports-personnalises\/","og_locale":"fr_FR","og_type":"article","og_title":"Rapports personnalis\u00e9s pour les commer\u00e7ants - t\u00e9l\u00e9collectes, disputes, rapprochements...","og_description":"Nous allons au devant de vos questions: nous pouvons vous aider \u00e0 mieux comprendre les rapports que les processeurs vous envoient et \u00e0 les personnaliser en fonction de vos besoins sp\u00e9cifiques.","og_url":"https:\/\/navidor.com\/fr\/services\/rapports-personnalises\/","og_site_name":"Navidor Payment Solutions","article_publisher":"https:\/\/www.facebook.com\/NavidorPaymentsolutions\/","article_modified_time":"2024-04-17T19:34:57+00:00","og_image":[{"width":544,"height":382,"url":"https:\/\/navidor.com\/wp-content\/uploads\/2023\/11\/navidor-payment-solutions-services-custom-reporting.png","type":"image\/png"}],"twitter_card":"summary_large_image","twitter_site":"@NavidorServices","twitter_misc":{"Dur\u00e9e de lecture estim\u00e9e":"2 minutes"},"schema":{"@context":"https:\/\/schema.org","@graph":[{"@type":"WebPage","@id":"https:\/\/navidor.com\/fr\/services\/rapports-personnalises\/","url":"https:\/\/navidor.com\/fr\/services\/rapports-personnalises\/","name":"Rapports personnalis\u00e9s pour les commer\u00e7ants - t\u00e9l\u00e9collectes, disputes, rapprochements...","isPartOf":{"@id":"https:\/\/navidor.com\/fr\/#website"},"primaryImageOfPage":{"@id":"https:\/\/navidor.com\/fr\/services\/rapports-personnalises\/#primaryimage"},"image":{"@id":"https:\/\/navidor.com\/fr\/services\/rapports-personnalises\/#primaryimage"},"thumbnailUrl":"https:\/\/navidor.com\/wp-content\/uploads\/2023\/11\/navidor-payment-solutions-services-custom-reporting.png","datePublished":"2019-05-07T23:19:28+00:00","dateModified":"2024-04-17T19:34:57+00:00","description":"Nous allons au devant de vos questions: nous pouvons vous aider \u00e0 mieux comprendre les rapports que les processeurs vous envoient et \u00e0 les personnaliser en fonction de vos besoins sp\u00e9cifiques.","breadcrumb":{"@id":"https:\/\/navidor.com\/fr\/services\/rapports-personnalises\/#breadcrumb"},"inLanguage":"fr-FR","potentialAction":[{"@type":"ReadAction","target":["https:\/\/navidor.com\/fr\/services\/rapports-personnalises\/"]}]},{"@type":"ImageObject","inLanguage":"fr-FR","@id":"https:\/\/navidor.com\/fr\/services\/rapports-personnalises\/#primaryimage","url":"https:\/\/navidor.com\/wp-content\/uploads\/2023\/11\/navidor-payment-solutions-services-custom-reporting.png","contentUrl":"https:\/\/navidor.com\/wp-content\/uploads\/2023\/11\/navidor-payment-solutions-services-custom-reporting.png","width":544,"height":382},{"@type":"BreadcrumbList","@id":"https:\/\/navidor.com\/fr\/services\/rapports-personnalises\/#breadcrumb","itemListElement":[{"@type":"ListItem","position":1,"name":"Navidor","item":"https:\/\/navidor.com\/fr\/"},{"@type":"ListItem","position":2,"name":"Services","item":"https:\/\/navidor.com\/fr\/services\/"},{"@type":"ListItem","position":3,"name":"Rapports personnalis\u00e9s"}]},{"@type":"WebSite","@id":"https:\/\/navidor.com\/fr\/#website","url":"https:\/\/navidor.com\/fr\/","name":"Navidor Payment Solutions","description":"Payment solutions done right","publisher":{"@id":"https:\/\/navidor.com\/fr\/#organization"},"potentialAction":[{"@type":"SearchAction","target":{"@type":"EntryPoint","urlTemplate":"https:\/\/navidor.com\/fr\/?s={search_term_string}"},"query-input":{"@type":"PropertyValueSpecification","valueRequired":true,"valueName":"search_term_string"}}],"inLanguage":"fr-FR"},{"@type":"Organization","@id":"https:\/\/navidor.com\/fr\/#organization","name":"Navidor Payment Solutions","url":"https:\/\/navidor.com\/fr\/","logo":{"@type":"ImageObject","inLanguage":"fr-FR","@id":"https:\/\/navidor.com\/fr\/#\/schema\/logo\/image\/","url":"https:\/\/navidor.com\/wp-content\/uploads\/2019\/11\/navider-payment-solutions-website.png","contentUrl":"https:\/\/navidor.com\/wp-content\/uploads\/2019\/11\/navider-payment-solutions-website.png","width":1200,"height":600,"caption":"Navidor Payment Solutions"},"image":{"@id":"https:\/\/navidor.com\/fr\/#\/schema\/logo\/image\/"},"sameAs":["https:\/\/www.facebook.com\/NavidorPaymentsolutions\/","https:\/\/x.com\/NavidorServices","https:\/\/www.linkedin.com\/company\/navidor-merchant-services\/","https:\/\/www.instagram.com\/navidor.payment.solutions\/"]}]}},"uagb_featured_image_src":{"full":["https:\/\/navidor.com\/wp-content\/uploads\/2023\/11\/navidor-payment-solutions-services-custom-reporting.png",544,382,false],"thumbnail":["https:\/\/navidor.com\/wp-content\/uploads\/2023\/11\/navidor-payment-solutions-services-custom-reporting-150x150.png",150,150,true],"medium":["https:\/\/navidor.com\/wp-content\/uploads\/2023\/11\/navidor-payment-solutions-services-custom-reporting-300x211.png",300,211,true],"medium_large":["https:\/\/navidor.com\/wp-content\/uploads\/2023\/11\/navidor-payment-solutions-services-custom-reporting.png",544,382,false],"large":["https:\/\/navidor.com\/wp-content\/uploads\/2023\/11\/navidor-payment-solutions-services-custom-reporting.png",544,382,false],"1536x1536":["https:\/\/navidor.com\/wp-content\/uploads\/2023\/11\/navidor-payment-solutions-services-custom-reporting.png",544,382,false],"2048x2048":["https:\/\/navidor.com\/wp-content\/uploads\/2023\/11\/navidor-payment-solutions-services-custom-reporting.png",544,382,false],"gform-image-choice-sm":["https:\/\/navidor.com\/wp-content\/uploads\/2023\/11\/navidor-payment-solutions-services-custom-reporting.png",300,211,false],"gform-image-choice-md":["https:\/\/navidor.com\/wp-content\/uploads\/2023\/11\/navidor-payment-solutions-services-custom-reporting.png",400,281,false],"gform-image-choice-lg":["https:\/\/navidor.com\/wp-content\/uploads\/2023\/11\/navidor-payment-solutions-services-custom-reporting.png",544,382,false]},"uagb_author_info":{"display_name":"navidor","author_link":"https:\/\/navidor.com\/fr\/author\/navidor\/"},"uagb_comment_info":0,"uagb_excerpt":"Nous allons au-del\u00e0 du reporting standardis\u00e9 fourni par les portails des processeurs. \u00c0 la demande de nos clients, nous offrons notre assistance pour les t\u00e9l\u00e9collectes, les rapports de rejet de d\u00e9bit, le rapprochement bancaire et les factures mensuelles. Nous examinons avec plaisir TOUTE demande de rapport sp\u00e9cial et y r\u00e9pondons de notre mieux. T\u00e9l\u00e9collectes Nous\u2026","_links":{"self":[{"href":"https:\/\/navidor.com\/fr\/wp-json\/wp\/v2\/pages\/3048","targetHints":{"allow":["GET"]}}],"collection":[{"href":"https:\/\/navidor.com\/fr\/wp-json\/wp\/v2\/pages"}],"about":[{"href":"https:\/\/navidor.com\/fr\/wp-json\/wp\/v2\/types\/page"}],"author":[{"embeddable":true,"href":"https:\/\/navidor.com\/fr\/wp-json\/wp\/v2\/users\/1"}],"replies":[{"embeddable":true,"href":"https:\/\/navidor.com\/fr\/wp-json\/wp\/v2\/comments?post=3048"}],"version-history":[{"count":2,"href":"https:\/\/navidor.com\/fr\/wp-json\/wp\/v2\/pages\/3048\/revisions"}],"predecessor-version":[{"id":4210,"href":"https:\/\/navidor.com\/fr\/wp-json\/wp\/v2\/pages\/3048\/revisions\/4210"}],"up":[{"embeddable":true,"href":"https:\/\/navidor.com\/fr\/wp-json\/wp\/v2\/pages\/3046"}],"wp:featuredmedia":[{"embeddable":true,"href":"https:\/\/navidor.com\/fr\/wp-json\/wp\/v2\/media\/4002"}],"wp:attachment":[{"href":"https:\/\/navidor.com\/fr\/wp-json\/wp\/v2\/media?parent=3048"}],"curies":[{"name":"wp","href":"https:\/\/api.w.org\/{rel}","templated":true}]}}