{"id":3049,"date":"2019-02-26T16:41:18","date_gmt":"2019-02-26T16:41:18","guid":{"rendered":"https:\/\/navidor.com\/services\/electronic-invoicing\/"},"modified":"2024-04-17T19:30:37","modified_gmt":"2024-04-17T19:30:37","slug":"facturation-electronique","status":"publish","type":"page","link":"https:\/\/navidor.com\/fr\/services\/facturation-electronique\/","title":{"rendered":"Facturation \u00e9lectronique"},"content":{"rendered":"\n<h1 class=\"wp-block-heading\">Comment \u00e7a marche<\/h1>\n\n\n\n<figure class=\"wp-block-image alignright size-full is-resized\"><img loading=\"lazy\" decoding=\"async\" width=\"544\" height=\"382\" src=\"https:\/\/navidor.com\/wp-content\/uploads\/2023\/11\/navidor-payment-solutions-services-electronic-invoicing.png\" alt=\"\" class=\"wp-image-3996\" style=\"width:325px\" srcset=\"https:\/\/navidor.com\/wp-content\/uploads\/2023\/11\/navidor-payment-solutions-services-electronic-invoicing.png 544w, https:\/\/navidor.com\/wp-content\/uploads\/2023\/11\/navidor-payment-solutions-services-electronic-invoicing-300x211.png 300w\" sizes=\"auto, (max-width: 544px) 100vw, 544px\" \/><\/figure>\n\n\n\n<ol class=\"wp-block-list\">\n<li>Connexion via un <span class='tooltipsall tooltip_post_id_1035 classtoolTips1035'>terminal<\/span> virtuel<\/li>\n\n\n\n<li>Possibilit\u00e9 de cr\u00e9er des factures directement dans le syst\u00e8me ou de t\u00e9l\u00e9charger une facture PDF<\/li>\n\n\n\n<li>Fixez une date d&rsquo;\u00e9ch\u00e9ance pour la facture et\/ou offrez une remise<\/li>\n\n\n\n<li>Option de facturation unique ou r\u00e9currente<\/li>\n\n\n\n<li>La facture est envoy\u00e9e par e-mail au client<\/li>\n\n\n\n<li>\u00c0 r\u00e9ception, le client clique sur un lien pour payer la facture en ligne avec sa carte bancaire.<\/li>\n<\/ol>\n\n\n\n<h1 class=\"wp-block-heading\">Avantages de la facturation \u00e9lectronique<\/h1>\n\n\n\n<ul class=\"two-cols checkmark-list wp-block-list\">\n<li>La facturation \u00e9lectronique \u00e9limine les factures papier inutiles et am\u00e9liore votre processus de facturation en ligne<\/li>\n\n\n\n<li>Possibilit\u00e9 de cr\u00e9er des rappels de facturation automatis\u00e9s<\/li>\n\n\n\n<li>Possibilit\u00e9 de programmer des paiements r\u00e9currents<\/li>\n\n\n\n<li>Gestion ais\u00e9e des informations client<\/li>\n\n\n\n<li>Possibilit\u00e9 de stocker les d\u00e9tails des factures<\/li>\n<\/ul>\n\n\n\r\n<div id=\"cta-block_e78a3e1dfb426155358123887053d556\" class=\"cta iminterested aligncenter\">\r\n    <a href=\"#\">En savoir plus sur la facturation \u00e9lectronique<\/a>\r\n<\/div>","protected":false},"excerpt":{"rendered":"<p>Envoyez vos factures par e-mail \u00e0 vos clients avec un lien de paiement.<\/p>\n","protected":false},"author":1,"featured_media":3996,"parent":3046,"menu_order":0,"comment_status":"closed","ping_status":"closed","template":"page-blank-sub-nav-vertical.php","meta":{"_acf_changed":false,"_uag_custom_page_level_css":"","footnotes":""},"class_list":["post-3049","page","type-page","status-publish","has-post-thumbnail","hentry"],"acf":[],"yoast_head":"<!-- This site is optimized with the Yoast SEO plugin v27.2 - https:\/\/yoast.com\/product\/yoast-seo-wordpress\/ -->\n<title>Solutions de facturation \u00e9lectronique par Navidor Payment Services<\/title>\n<meta name=\"description\" content=\"Envoyez vos factures par e-mail \u00e0 vos clients Cela leur permet d&#039;effectuer leurs paiements en ligne en cliquant simplement sur un lien. R\u00e9duisez les factures en papier qui sont inutiles et simplifiez votre processus de facturation en ligne.\" \/>\n<meta name=\"robots\" content=\"index, follow, max-snippet:-1, max-image-preview:large, max-video-preview:-1\" \/>\n<link rel=\"canonical\" href=\"https:\/\/navidor.com\/fr\/services\/facturation-electronique\/\" \/>\n<meta property=\"og:locale\" content=\"fr_FR\" \/>\n<meta property=\"og:type\" content=\"article\" \/>\n<meta property=\"og:title\" content=\"Solutions de facturation \u00e9lectronique par Navidor Payment Services\" \/>\n<meta property=\"og:description\" content=\"Envoyez vos factures par e-mail \u00e0 vos clients Cela leur permet d&#039;effectuer leurs paiements en ligne en cliquant simplement sur un lien. R\u00e9duisez les factures en papier qui sont inutiles et simplifiez votre processus de facturation en ligne.\" \/>\n<meta property=\"og:url\" content=\"https:\/\/navidor.com\/fr\/services\/facturation-electronique\/\" \/>\n<meta property=\"og:site_name\" content=\"Navidor Payment Solutions\" \/>\n<meta property=\"article:publisher\" content=\"https:\/\/www.facebook.com\/NavidorPaymentsolutions\/\" \/>\n<meta property=\"article:modified_time\" content=\"2024-04-17T19:30:37+00:00\" \/>\n<meta property=\"og:image\" content=\"https:\/\/navidor.com\/wp-content\/uploads\/2023\/11\/navidor-payment-solutions-services-electronic-invoicing.png\" \/>\n\t<meta property=\"og:image:width\" content=\"544\" \/>\n\t<meta property=\"og:image:height\" content=\"382\" \/>\n\t<meta property=\"og:image:type\" content=\"image\/png\" \/>\n<meta name=\"twitter:card\" content=\"summary_large_image\" \/>\n<meta name=\"twitter:site\" content=\"@NavidorServices\" \/>\n<meta name=\"twitter:label1\" content=\"Dur\u00e9e de lecture estim\u00e9e\" \/>\n\t<meta name=\"twitter:data1\" content=\"1 minute\" \/>\n<script type=\"application\/ld+json\" class=\"yoast-schema-graph\">{\"@context\":\"https:\/\/schema.org\",\"@graph\":[{\"@type\":\"WebPage\",\"@id\":\"https:\/\/navidor.com\/fr\/services\/facturation-electronique\/\",\"url\":\"https:\/\/navidor.com\/fr\/services\/facturation-electronique\/\",\"name\":\"Solutions de facturation \u00e9lectronique par Navidor Payment Services\",\"isPartOf\":{\"@id\":\"https:\/\/navidor.com\/fr\/#website\"},\"primaryImageOfPage\":{\"@id\":\"https:\/\/navidor.com\/fr\/services\/facturation-electronique\/#primaryimage\"},\"image\":{\"@id\":\"https:\/\/navidor.com\/fr\/services\/facturation-electronique\/#primaryimage\"},\"thumbnailUrl\":\"https:\/\/navidor.com\/wp-content\/uploads\/2023\/11\/navidor-payment-solutions-services-electronic-invoicing.png\",\"datePublished\":\"2019-02-26T16:41:18+00:00\",\"dateModified\":\"2024-04-17T19:30:37+00:00\",\"description\":\"Envoyez vos factures par e-mail \u00e0 vos clients Cela leur permet d'effectuer leurs paiements en ligne en cliquant simplement sur un lien. R\u00e9duisez les factures en papier qui sont inutiles et simplifiez votre processus de facturation en ligne.\",\"breadcrumb\":{\"@id\":\"https:\/\/navidor.com\/fr\/services\/facturation-electronique\/#breadcrumb\"},\"inLanguage\":\"fr-FR\",\"potentialAction\":[{\"@type\":\"ReadAction\",\"target\":[\"https:\/\/navidor.com\/fr\/services\/facturation-electronique\/\"]}]},{\"@type\":\"ImageObject\",\"inLanguage\":\"fr-FR\",\"@id\":\"https:\/\/navidor.com\/fr\/services\/facturation-electronique\/#primaryimage\",\"url\":\"https:\/\/navidor.com\/wp-content\/uploads\/2023\/11\/navidor-payment-solutions-services-electronic-invoicing.png\",\"contentUrl\":\"https:\/\/navidor.com\/wp-content\/uploads\/2023\/11\/navidor-payment-solutions-services-electronic-invoicing.png\",\"width\":544,\"height\":382},{\"@type\":\"BreadcrumbList\",\"@id\":\"https:\/\/navidor.com\/fr\/services\/facturation-electronique\/#breadcrumb\",\"itemListElement\":[{\"@type\":\"ListItem\",\"position\":1,\"name\":\"Navidor\",\"item\":\"https:\/\/navidor.com\/fr\/\"},{\"@type\":\"ListItem\",\"position\":2,\"name\":\"Services\",\"item\":\"https:\/\/navidor.com\/fr\/services\/\"},{\"@type\":\"ListItem\",\"position\":3,\"name\":\"Facturation \u00e9lectronique\"}]},{\"@type\":\"WebSite\",\"@id\":\"https:\/\/navidor.com\/fr\/#website\",\"url\":\"https:\/\/navidor.com\/fr\/\",\"name\":\"Navidor Payment Solutions\",\"description\":\"Payment solutions done right\",\"publisher\":{\"@id\":\"https:\/\/navidor.com\/fr\/#organization\"},\"potentialAction\":[{\"@type\":\"SearchAction\",\"target\":{\"@type\":\"EntryPoint\",\"urlTemplate\":\"https:\/\/navidor.com\/fr\/?s={search_term_string}\"},\"query-input\":{\"@type\":\"PropertyValueSpecification\",\"valueRequired\":true,\"valueName\":\"search_term_string\"}}],\"inLanguage\":\"fr-FR\"},{\"@type\":\"Organization\",\"@id\":\"https:\/\/navidor.com\/fr\/#organization\",\"name\":\"Navidor Payment Solutions\",\"url\":\"https:\/\/navidor.com\/fr\/\",\"logo\":{\"@type\":\"ImageObject\",\"inLanguage\":\"fr-FR\",\"@id\":\"https:\/\/navidor.com\/fr\/#\/schema\/logo\/image\/\",\"url\":\"https:\/\/navidor.com\/wp-content\/uploads\/2019\/11\/navider-payment-solutions-website.png\",\"contentUrl\":\"https:\/\/navidor.com\/wp-content\/uploads\/2019\/11\/navider-payment-solutions-website.png\",\"width\":1200,\"height\":600,\"caption\":\"Navidor Payment Solutions\"},\"image\":{\"@id\":\"https:\/\/navidor.com\/fr\/#\/schema\/logo\/image\/\"},\"sameAs\":[\"https:\/\/www.facebook.com\/NavidorPaymentsolutions\/\",\"https:\/\/x.com\/NavidorServices\",\"https:\/\/www.linkedin.com\/company\/navidor-merchant-services\/\",\"https:\/\/www.instagram.com\/navidor.payment.solutions\/\"]}]}<\/script>\n<!-- \/ Yoast SEO plugin. -->","yoast_head_json":{"title":"Solutions de facturation \u00e9lectronique par Navidor Payment Services","description":"Envoyez vos factures par e-mail \u00e0 vos clients Cela leur permet d'effectuer leurs paiements en ligne en cliquant simplement sur un lien. R\u00e9duisez les factures en papier qui sont inutiles et simplifiez votre processus de facturation en ligne.","robots":{"index":"index","follow":"follow","max-snippet":"max-snippet:-1","max-image-preview":"max-image-preview:large","max-video-preview":"max-video-preview:-1"},"canonical":"https:\/\/navidor.com\/fr\/services\/facturation-electronique\/","og_locale":"fr_FR","og_type":"article","og_title":"Solutions de facturation \u00e9lectronique par Navidor Payment Services","og_description":"Envoyez vos factures par e-mail \u00e0 vos clients Cela leur permet d'effectuer leurs paiements en ligne en cliquant simplement sur un lien. R\u00e9duisez les factures en papier qui sont inutiles et simplifiez votre processus de facturation en ligne.","og_url":"https:\/\/navidor.com\/fr\/services\/facturation-electronique\/","og_site_name":"Navidor Payment Solutions","article_publisher":"https:\/\/www.facebook.com\/NavidorPaymentsolutions\/","article_modified_time":"2024-04-17T19:30:37+00:00","og_image":[{"width":544,"height":382,"url":"https:\/\/navidor.com\/wp-content\/uploads\/2023\/11\/navidor-payment-solutions-services-electronic-invoicing.png","type":"image\/png"}],"twitter_card":"summary_large_image","twitter_site":"@NavidorServices","twitter_misc":{"Dur\u00e9e de lecture estim\u00e9e":"1 minute"},"schema":{"@context":"https:\/\/schema.org","@graph":[{"@type":"WebPage","@id":"https:\/\/navidor.com\/fr\/services\/facturation-electronique\/","url":"https:\/\/navidor.com\/fr\/services\/facturation-electronique\/","name":"Solutions de facturation \u00e9lectronique par Navidor Payment Services","isPartOf":{"@id":"https:\/\/navidor.com\/fr\/#website"},"primaryImageOfPage":{"@id":"https:\/\/navidor.com\/fr\/services\/facturation-electronique\/#primaryimage"},"image":{"@id":"https:\/\/navidor.com\/fr\/services\/facturation-electronique\/#primaryimage"},"thumbnailUrl":"https:\/\/navidor.com\/wp-content\/uploads\/2023\/11\/navidor-payment-solutions-services-electronic-invoicing.png","datePublished":"2019-02-26T16:41:18+00:00","dateModified":"2024-04-17T19:30:37+00:00","description":"Envoyez vos factures par e-mail \u00e0 vos clients Cela leur permet d'effectuer leurs paiements en ligne en cliquant simplement sur un lien. R\u00e9duisez les factures en papier qui sont inutiles et simplifiez votre processus de facturation en ligne.","breadcrumb":{"@id":"https:\/\/navidor.com\/fr\/services\/facturation-electronique\/#breadcrumb"},"inLanguage":"fr-FR","potentialAction":[{"@type":"ReadAction","target":["https:\/\/navidor.com\/fr\/services\/facturation-electronique\/"]}]},{"@type":"ImageObject","inLanguage":"fr-FR","@id":"https:\/\/navidor.com\/fr\/services\/facturation-electronique\/#primaryimage","url":"https:\/\/navidor.com\/wp-content\/uploads\/2023\/11\/navidor-payment-solutions-services-electronic-invoicing.png","contentUrl":"https:\/\/navidor.com\/wp-content\/uploads\/2023\/11\/navidor-payment-solutions-services-electronic-invoicing.png","width":544,"height":382},{"@type":"BreadcrumbList","@id":"https:\/\/navidor.com\/fr\/services\/facturation-electronique\/#breadcrumb","itemListElement":[{"@type":"ListItem","position":1,"name":"Navidor","item":"https:\/\/navidor.com\/fr\/"},{"@type":"ListItem","position":2,"name":"Services","item":"https:\/\/navidor.com\/fr\/services\/"},{"@type":"ListItem","position":3,"name":"Facturation \u00e9lectronique"}]},{"@type":"WebSite","@id":"https:\/\/navidor.com\/fr\/#website","url":"https:\/\/navidor.com\/fr\/","name":"Navidor Payment Solutions","description":"Payment solutions done right","publisher":{"@id":"https:\/\/navidor.com\/fr\/#organization"},"potentialAction":[{"@type":"SearchAction","target":{"@type":"EntryPoint","urlTemplate":"https:\/\/navidor.com\/fr\/?s={search_term_string}"},"query-input":{"@type":"PropertyValueSpecification","valueRequired":true,"valueName":"search_term_string"}}],"inLanguage":"fr-FR"},{"@type":"Organization","@id":"https:\/\/navidor.com\/fr\/#organization","name":"Navidor Payment Solutions","url":"https:\/\/navidor.com\/fr\/","logo":{"@type":"ImageObject","inLanguage":"fr-FR","@id":"https:\/\/navidor.com\/fr\/#\/schema\/logo\/image\/","url":"https:\/\/navidor.com\/wp-content\/uploads\/2019\/11\/navider-payment-solutions-website.png","contentUrl":"https:\/\/navidor.com\/wp-content\/uploads\/2019\/11\/navider-payment-solutions-website.png","width":1200,"height":600,"caption":"Navidor Payment Solutions"},"image":{"@id":"https:\/\/navidor.com\/fr\/#\/schema\/logo\/image\/"},"sameAs":["https:\/\/www.facebook.com\/NavidorPaymentsolutions\/","https:\/\/x.com\/NavidorServices","https:\/\/www.linkedin.com\/company\/navidor-merchant-services\/","https:\/\/www.instagram.com\/navidor.payment.solutions\/"]}]}},"uagb_featured_image_src":{"full":["https:\/\/navidor.com\/wp-content\/uploads\/2023\/11\/navidor-payment-solutions-services-electronic-invoicing.png",544,382,false],"thumbnail":["https:\/\/navidor.com\/wp-content\/uploads\/2023\/11\/navidor-payment-solutions-services-electronic-invoicing-150x150.png",150,150,true],"medium":["https:\/\/navidor.com\/wp-content\/uploads\/2023\/11\/navidor-payment-solutions-services-electronic-invoicing-300x211.png",300,211,true],"medium_large":["https:\/\/navidor.com\/wp-content\/uploads\/2023\/11\/navidor-payment-solutions-services-electronic-invoicing.png",544,382,false],"large":["https:\/\/navidor.com\/wp-content\/uploads\/2023\/11\/navidor-payment-solutions-services-electronic-invoicing.png",544,382,false],"1536x1536":["https:\/\/navidor.com\/wp-content\/uploads\/2023\/11\/navidor-payment-solutions-services-electronic-invoicing.png",544,382,false],"2048x2048":["https:\/\/navidor.com\/wp-content\/uploads\/2023\/11\/navidor-payment-solutions-services-electronic-invoicing.png",544,382,false],"gform-image-choice-sm":["https:\/\/navidor.com\/wp-content\/uploads\/2023\/11\/navidor-payment-solutions-services-electronic-invoicing.png",300,211,false],"gform-image-choice-md":["https:\/\/navidor.com\/wp-content\/uploads\/2023\/11\/navidor-payment-solutions-services-electronic-invoicing.png",400,281,false],"gform-image-choice-lg":["https:\/\/navidor.com\/wp-content\/uploads\/2023\/11\/navidor-payment-solutions-services-electronic-invoicing.png",544,382,false]},"uagb_author_info":{"display_name":"navidor","author_link":"https:\/\/navidor.com\/fr\/author\/navidor\/"},"uagb_comment_info":0,"uagb_excerpt":"Envoyez vos factures par e-mail \u00e0 vos clients avec un lien de paiement.","_links":{"self":[{"href":"https:\/\/navidor.com\/fr\/wp-json\/wp\/v2\/pages\/3049","targetHints":{"allow":["GET"]}}],"collection":[{"href":"https:\/\/navidor.com\/fr\/wp-json\/wp\/v2\/pages"}],"about":[{"href":"https:\/\/navidor.com\/fr\/wp-json\/wp\/v2\/types\/page"}],"author":[{"embeddable":true,"href":"https:\/\/navidor.com\/fr\/wp-json\/wp\/v2\/users\/1"}],"replies":[{"embeddable":true,"href":"https:\/\/navidor.com\/fr\/wp-json\/wp\/v2\/comments?post=3049"}],"version-history":[{"count":9,"href":"https:\/\/navidor.com\/fr\/wp-json\/wp\/v2\/pages\/3049\/revisions"}],"predecessor-version":[{"id":4200,"href":"https:\/\/navidor.com\/fr\/wp-json\/wp\/v2\/pages\/3049\/revisions\/4200"}],"up":[{"embeddable":true,"href":"https:\/\/navidor.com\/fr\/wp-json\/wp\/v2\/pages\/3046"}],"wp:featuredmedia":[{"embeddable":true,"href":"https:\/\/navidor.com\/fr\/wp-json\/wp\/v2\/media\/3996"}],"wp:attachment":[{"href":"https:\/\/navidor.com\/fr\/wp-json\/wp\/v2\/media?parent=3049"}],"curies":[{"name":"wp","href":"https:\/\/api.w.org\/{rel}","templated":true}]}}