{"id":3050,"date":"2019-03-26T16:43:12","date_gmt":"2019-03-26T16:43:12","guid":{"rendered":"https:\/\/navidor.com\/services\/gift-cards\/"},"modified":"2024-04-17T19:32:05","modified_gmt":"2024-04-17T19:32:05","slug":"cartes-cadeaux","status":"publish","type":"page","link":"https:\/\/navidor.com\/fr\/services\/cartes-cadeaux\/","title":{"rendered":"Cartes-cadeaux"},"content":{"rendered":"\n<figure class=\"wp-block-image alignright size-full is-resized\"><img loading=\"lazy\" decoding=\"async\" width=\"544\" height=\"382\" src=\"https:\/\/navidor.com\/wp-content\/uploads\/2023\/11\/navidor-payment-solutions-services-gift-cards.png\" alt=\"\" class=\"wp-image-3998\" style=\"object-fit:cover;width:325px;height:211px\" srcset=\"https:\/\/navidor.com\/wp-content\/uploads\/2023\/11\/navidor-payment-solutions-services-gift-cards.png 544w, https:\/\/navidor.com\/wp-content\/uploads\/2023\/11\/navidor-payment-solutions-services-gift-cards-300x211.png 300w\" sizes=\"auto, (max-width: 544px) 100vw, 544px\" \/><\/figure>\n\n\n\n<p>Une carte-cadeau est une carte magn\u00e9tique r\u00e9utilisable qui permet aux commer\u00e7ants d\u2019avoir une alternative \u00e9lectronique aux ch\u00e8ques-cadeaux papier. Ces cartes-cadeaux sont compos\u00e9es de PVC de haute qualit\u00e9 format\u00e9 \u00e0 la taille et \u00e0 l\u2019\u00e9paisseur standard de carte de cr\u00e9dit, qui comprend une bande magn\u00e9tique sur le dos contenant diverses informations sur la carte.<\/p>\n\n\n\n<p>Au fil des ans, <strong>le concept de carte-cadeau a prouv\u00e9 sa valeur et son efficacit\u00e9 aupr\u00e8s des d\u00e9taillants<\/strong> de tous types. La technologie des cartes-cadeaux continue de cro\u00eetre et de devenir un outil important et un <strong>g\u00e9n\u00e9rateur de tr\u00e9sorerie<\/strong> pour les commer\u00e7ants.<\/p>\n\n\n\r\n<div id=\"cta-block_c67c4c96a48304c88a9a0dc891ed6b49\" class=\"cta iminterested alignleft\">\r\n    <a href=\"#\">En savoir plus<\/a>\r\n<\/div>\n\n\n<p>Les cartes-cadeaux sont vendues aux clients pour leur propre usage ou peuvent \u00eatre donn\u00e9es \u00e0 la famille ou aux amis. Les cartes peuvent \u00eatre utilis\u00e9es dans les magasins comme une carte de cr\u00e9dit et les soldes peuvent \u00eatre d\u00e9bit\u00e9s de la carte lors de l&rsquo;achat.<\/p>\n\n\n\n<p>Les cartes sont pass\u00e9es dans les terminaux de cartes de cr\u00e9dit traditionnels et les syst\u00e8mes <span class='tooltipsall tooltip_post_id_1013 classtoolTips1013'>POS<\/span> et les paiements sont per\u00e7us par le commer\u00e7ant au moment de la vente.<\/p>\n\n\n\n<h2 class=\"wp-block-heading\">Avantages d&rsquo;un programme de cartes-cadeaux<\/h2>\n\n\n\n<ul class=\"checkmark-list two-cols wp-block-list\">\n<li>Augmenter les ventes et la tr\u00e9sorerie de l&rsquo;entreprise <\/li>\n\n\n\n<li>Provoquer les achats impulsifs et g\u00e9n\u00e9rer des ventes suppl\u00e9mentaires <\/li>\n\n\n\n<li>Am\u00e9liorer la notori\u00e9t\u00e9 de la marque au sein de la communaut\u00e9 <\/li>\n\n\n\n<li>Fournir un suivi et des rapports Web en temps r\u00e9el <\/li>\n\n\n\n<li>Fonctionnalit\u00e9s de s\u00e9curit\u00e9 pour r\u00e9duire la fraude <\/li>\n\n\n\n<li>Rapprochement et reporting faciles pour gagner du temps <\/li>\n\n\n\n<li>Transactions rapides et facilit\u00e9 d&rsquo;utilisation au point de vente <\/li>\n\n\n\n<li>Information en temps r\u00e9els sur les encours <\/li>\n\n\n\n<li>Possibilit\u00e9 d&rsquo;\u00e9mettre des cartes-cadeaux de n&rsquo;importe quelle valeur <\/li>\n\n\n\n<li>Les cartes peuvent \u00eatre r\u00e9utilis\u00e9es et recycl\u00e9es via le syst\u00e8me <\/li>\n\n\n\n<li>Possibilit\u00e9 d&rsquo;\u00e9mettre, \u00e9changer ou v\u00e9rifier le solde d&rsquo;une carte instantan\u00e9ment via un <span class='tooltipsall tooltip_post_id_1035 classtoolTips1035'>terminal<\/span> ou un syst\u00e8me en ligne <\/li>\n\n\n\n<li>Attribution de privil\u00e8ges d&rsquo;utilisateur \u00e0 vos employ\u00e9s<\/li>\n<\/ul>\n\n\n\n<div class=\"wp-block-columns has-6-columns services-menu hide is-layout-flex wp-container-core-columns-is-layout-9d6595d7 wp-block-columns-is-layout-flex\">\n<div class=\"wp-block-column is-layout-flow wp-block-column-is-layout-flow\">\n<p><\/p>\n<\/div>\n\n\n\n<div class=\"wp-block-column is-layout-flow wp-block-column-is-layout-flow\">\n<div class=\"wp-block-image\"><figure class=\"aligncenter is-resized\"><a href=\"https:\/\/navidor.com\/fr\/services\/aide-tresorerie\/\"><img loading=\"lazy\" decoding=\"async\" src=\"https:\/\/navidor.com\/wp-content\/uploads\/2019\/10\/navidor-merchant-services-cash-advances-loans-square-150x150.jpg\" alt=\"Cash Flow Solutions\" class=\"wp-image-2906\" width=\"75\" height=\"75\" srcset=\"https:\/\/navidor.com\/wp-content\/uploads\/2019\/10\/navidor-merchant-services-cash-advances-loans-square-150x150.jpg 150w, https:\/\/navidor.com\/wp-content\/uploads\/2019\/10\/navidor-merchant-services-cash-advances-loans-square-300x300.jpg 300w, https:\/\/navidor.com\/wp-content\/uploads\/2019\/10\/navidor-merchant-services-cash-advances-loans-square-500x500.jpg 500w, https:\/\/navidor.com\/wp-content\/uploads\/2019\/10\/navidor-merchant-services-cash-advances-loans-square-400x400.jpg 400w, https:\/\/navidor.com\/wp-content\/uploads\/2019\/10\/navidor-merchant-services-cash-advances-loans-square.jpg 544w\" sizes=\"auto, (max-width: 75px) 100vw, 75px\" \/><\/a><\/figure><\/div>\n\n\n\n<p class=\"has-text-align-center\"><a href=\"https:\/\/navidor.com\/fr\/services\/aide-tresorerie\/\" data-type=\"page\" data-id=\"3047\">Aide \u00e0 la tr\u00e9sorerie<\/a><\/p>\n<\/div>\n\n\n\n<div class=\"wp-block-column is-layout-flow wp-block-column-is-layout-flow\">\n<div class=\"wp-block-image\"><figure class=\"aligncenter is-resized\"><a href=\"https:\/\/navidor.com\/fr\/moyens-paiements\/transferts-internationaux\/\"><img loading=\"lazy\" decoding=\"async\" src=\"https:\/\/navidor.com\/wp-content\/uploads\/2019\/10\/navidor-merchant-services-international-transfers-exchange-square_1-150x150.jpg\" alt=\"\" class=\"wp-image-2921\" width=\"75\" height=\"75\" srcset=\"https:\/\/navidor.com\/wp-content\/uploads\/2019\/10\/navidor-merchant-services-international-transfers-exchange-square_1-150x150.jpg 150w, https:\/\/navidor.com\/wp-content\/uploads\/2019\/10\/navidor-merchant-services-international-transfers-exchange-square_1-300x300.jpg 300w, https:\/\/navidor.com\/wp-content\/uploads\/2019\/10\/navidor-merchant-services-international-transfers-exchange-square_1-500x500.jpg 500w, https:\/\/navidor.com\/wp-content\/uploads\/2019\/10\/navidor-merchant-services-international-transfers-exchange-square_1.jpg 544w\" sizes=\"auto, (max-width: 75px) 100vw, 75px\" \/><\/a><\/figure><\/div>\n\n\n\n<p class=\"has-text-align-center\"><a href=\"https:\/\/navidor.com\/fr\/moyens-paiements\/transferts-internationaux\/\" data-type=\"page\" data-id=\"3041\">Transferts internationaux<\/a><\/p>\n<\/div>\n\n\n\n<div class=\"wp-block-column is-layout-flow wp-block-column-is-layout-flow\">\n<div class=\"wp-block-image\"><figure class=\"aligncenter is-resized\"><a href=\"https:\/\/navidor.com\/fr\/services\/cartes-cadeaux\/\"><img loading=\"lazy\" decoding=\"async\" src=\"https:\/\/navidor.com\/wp-content\/uploads\/2019\/10\/navidor-merchant-services-gift-cards-square-150x150.jpg\" alt=\"\" class=\"wp-image-2908\" width=\"75\" height=\"75\" srcset=\"https:\/\/navidor.com\/wp-content\/uploads\/2019\/10\/navidor-merchant-services-gift-cards-square-150x150.jpg 150w, https:\/\/navidor.com\/wp-content\/uploads\/2019\/10\/navidor-merchant-services-gift-cards-square-300x300.jpg 300w, https:\/\/navidor.com\/wp-content\/uploads\/2019\/10\/navidor-merchant-services-gift-cards-square-500x500.jpg 500w, https:\/\/navidor.com\/wp-content\/uploads\/2019\/10\/navidor-merchant-services-gift-cards-square-400x400.jpg 400w, https:\/\/navidor.com\/wp-content\/uploads\/2019\/10\/navidor-merchant-services-gift-cards-square.jpg 544w\" sizes=\"auto, (max-width: 75px) 100vw, 75px\" \/><\/a><\/figure><\/div>\n\n\n\n<p class=\"has-text-align-center\"><a href=\"https:\/\/navidor.com\/fr\/services\/cartes-cadeaux\/\" data-type=\"page\">Cartes-cadeaux<\/a><\/p>\n<\/div>\n\n\n\n<div class=\"wp-block-column is-layout-flow wp-block-column-is-layout-flow\">\n<div class=\"wp-block-image\"><figure class=\"aligncenter is-resized\"><a href=\"https:\/\/navidor.com\/fr\/services\/programmes-fidelite\/\"><img loading=\"lazy\" decoding=\"async\" src=\"https:\/\/navidor.com\/wp-content\/uploads\/2019\/10\/navidor-merchant-services-loyalty-programs-square-150x150.jpg\" alt=\"\" class=\"wp-image-2909\" width=\"75\" height=\"75\" srcset=\"https:\/\/navidor.com\/wp-content\/uploads\/2019\/10\/navidor-merchant-services-loyalty-programs-square-150x150.jpg 150w, https:\/\/navidor.com\/wp-content\/uploads\/2019\/10\/navidor-merchant-services-loyalty-programs-square-300x300.jpg 300w, https:\/\/navidor.com\/wp-content\/uploads\/2019\/10\/navidor-merchant-services-loyalty-programs-square-500x500.jpg 500w, https:\/\/navidor.com\/wp-content\/uploads\/2019\/10\/navidor-merchant-services-loyalty-programs-square-400x400.jpg 400w, https:\/\/navidor.com\/wp-content\/uploads\/2019\/10\/navidor-merchant-services-loyalty-programs-square.jpg 544w\" sizes=\"auto, (max-width: 75px) 100vw, 75px\" \/><\/a><\/figure><\/div>\n\n\n\n<p class=\"has-text-align-center\"><a href=\"https:\/\/navidor.com\/fr\/services\/programmes-fidelite\/\" data-type=\"page\" data-id=\"3051\">Programmes de fid\u00e9lit\u00e9<\/a><\/p>\n<\/div>\n\n\n\n<div class=\"wp-block-column is-layout-flow wp-block-column-is-layout-flow\"><\/div>\n<\/div>\n","protected":false},"excerpt":{"rendered":"<p>Les cartes-cadeaux permettent non seulement d&rsquo;augmenter les ventes, mais aussi de fid\u00e9liser les clients\u00a0!<\/p>\n","protected":false},"author":1,"featured_media":3998,"parent":3046,"menu_order":0,"comment_status":"closed","ping_status":"closed","template":"page-blank-sub-nav-vertical.php","meta":{"_acf_changed":false,"_uag_custom_page_level_css":"","footnotes":""},"class_list":["post-3050","page","type-page","status-publish","has-post-thumbnail","hentry"],"acf":[],"yoast_head":"<!-- This site is optimized with the Yoast SEO plugin v27.2 - https:\/\/yoast.com\/product\/yoast-seo-wordpress\/ -->\n<title>Programme de cartes-cadeaux pour les d\u00e9taillants - augmentez les ventes et la profitabilit\u00e9 !<\/title>\n<meta name=\"description\" content=\"Les cartes-cadeaux permettent non seulement d&#039;augmenter les ventes, mais aussi de fid\u00e9liser les clients\u00a0! Nous vous proposons des solutions adapt\u00e9es \u00e0 votre situation.\" \/>\n<meta name=\"robots\" content=\"index, follow, max-snippet:-1, max-image-preview:large, max-video-preview:-1\" \/>\n<link rel=\"canonical\" href=\"https:\/\/navidor.com\/fr\/services\/cartes-cadeaux\/\" \/>\n<meta property=\"og:locale\" content=\"fr_FR\" \/>\n<meta property=\"og:type\" content=\"article\" \/>\n<meta property=\"og:title\" content=\"Programme de cartes-cadeaux pour les d\u00e9taillants - augmentez les ventes et la profitabilit\u00e9 !\" \/>\n<meta property=\"og:description\" content=\"Les cartes-cadeaux permettent non seulement d&#039;augmenter les ventes, mais aussi de fid\u00e9liser les clients\u00a0! Nous vous proposons des solutions adapt\u00e9es \u00e0 votre situation.\" \/>\n<meta property=\"og:url\" content=\"https:\/\/navidor.com\/fr\/services\/cartes-cadeaux\/\" \/>\n<meta property=\"og:site_name\" content=\"Navidor Payment Solutions\" \/>\n<meta property=\"article:publisher\" content=\"https:\/\/www.facebook.com\/NavidorPaymentsolutions\/\" \/>\n<meta property=\"article:modified_time\" content=\"2024-04-17T19:32:05+00:00\" \/>\n<meta property=\"og:image\" content=\"https:\/\/navidor.com\/wp-content\/uploads\/2023\/11\/navidor-payment-solutions-services-gift-cards.png\" \/>\n\t<meta property=\"og:image:width\" content=\"544\" \/>\n\t<meta property=\"og:image:height\" content=\"382\" \/>\n\t<meta property=\"og:image:type\" content=\"image\/png\" \/>\n<meta name=\"twitter:card\" content=\"summary_large_image\" \/>\n<meta name=\"twitter:site\" content=\"@NavidorServices\" \/>\n<meta name=\"twitter:label1\" content=\"Dur\u00e9e de lecture estim\u00e9e\" \/>\n\t<meta name=\"twitter:data1\" content=\"3 minutes\" \/>\n<script type=\"application\/ld+json\" class=\"yoast-schema-graph\">{\"@context\":\"https:\/\/schema.org\",\"@graph\":[{\"@type\":\"WebPage\",\"@id\":\"https:\/\/navidor.com\/fr\/services\/cartes-cadeaux\/\",\"url\":\"https:\/\/navidor.com\/fr\/services\/cartes-cadeaux\/\",\"name\":\"Programme de cartes-cadeaux pour les d\u00e9taillants - augmentez les ventes et la profitabilit\u00e9 !\",\"isPartOf\":{\"@id\":\"https:\/\/navidor.com\/fr\/#website\"},\"primaryImageOfPage\":{\"@id\":\"https:\/\/navidor.com\/fr\/services\/cartes-cadeaux\/#primaryimage\"},\"image\":{\"@id\":\"https:\/\/navidor.com\/fr\/services\/cartes-cadeaux\/#primaryimage\"},\"thumbnailUrl\":\"https:\/\/navidor.com\/wp-content\/uploads\/2023\/11\/navidor-payment-solutions-services-gift-cards.png\",\"datePublished\":\"2019-03-26T16:43:12+00:00\",\"dateModified\":\"2024-04-17T19:32:05+00:00\",\"description\":\"Les cartes-cadeaux permettent non seulement d'augmenter les ventes, mais aussi de fid\u00e9liser les clients\u00a0! Nous vous proposons des solutions adapt\u00e9es \u00e0 votre situation.\",\"breadcrumb\":{\"@id\":\"https:\/\/navidor.com\/fr\/services\/cartes-cadeaux\/#breadcrumb\"},\"inLanguage\":\"fr-FR\",\"potentialAction\":[{\"@type\":\"ReadAction\",\"target\":[\"https:\/\/navidor.com\/fr\/services\/cartes-cadeaux\/\"]}]},{\"@type\":\"ImageObject\",\"inLanguage\":\"fr-FR\",\"@id\":\"https:\/\/navidor.com\/fr\/services\/cartes-cadeaux\/#primaryimage\",\"url\":\"https:\/\/navidor.com\/wp-content\/uploads\/2023\/11\/navidor-payment-solutions-services-gift-cards.png\",\"contentUrl\":\"https:\/\/navidor.com\/wp-content\/uploads\/2023\/11\/navidor-payment-solutions-services-gift-cards.png\",\"width\":544,\"height\":382},{\"@type\":\"BreadcrumbList\",\"@id\":\"https:\/\/navidor.com\/fr\/services\/cartes-cadeaux\/#breadcrumb\",\"itemListElement\":[{\"@type\":\"ListItem\",\"position\":1,\"name\":\"Navidor\",\"item\":\"https:\/\/navidor.com\/fr\/\"},{\"@type\":\"ListItem\",\"position\":2,\"name\":\"Services\",\"item\":\"https:\/\/navidor.com\/fr\/services\/\"},{\"@type\":\"ListItem\",\"position\":3,\"name\":\"Cartes-cadeaux\"}]},{\"@type\":\"WebSite\",\"@id\":\"https:\/\/navidor.com\/fr\/#website\",\"url\":\"https:\/\/navidor.com\/fr\/\",\"name\":\"Navidor Payment Solutions\",\"description\":\"Payment solutions done right\",\"publisher\":{\"@id\":\"https:\/\/navidor.com\/fr\/#organization\"},\"potentialAction\":[{\"@type\":\"SearchAction\",\"target\":{\"@type\":\"EntryPoint\",\"urlTemplate\":\"https:\/\/navidor.com\/fr\/?s={search_term_string}\"},\"query-input\":{\"@type\":\"PropertyValueSpecification\",\"valueRequired\":true,\"valueName\":\"search_term_string\"}}],\"inLanguage\":\"fr-FR\"},{\"@type\":\"Organization\",\"@id\":\"https:\/\/navidor.com\/fr\/#organization\",\"name\":\"Navidor Payment Solutions\",\"url\":\"https:\/\/navidor.com\/fr\/\",\"logo\":{\"@type\":\"ImageObject\",\"inLanguage\":\"fr-FR\",\"@id\":\"https:\/\/navidor.com\/fr\/#\/schema\/logo\/image\/\",\"url\":\"https:\/\/navidor.com\/wp-content\/uploads\/2019\/11\/navider-payment-solutions-website.png\",\"contentUrl\":\"https:\/\/navidor.com\/wp-content\/uploads\/2019\/11\/navider-payment-solutions-website.png\",\"width\":1200,\"height\":600,\"caption\":\"Navidor Payment Solutions\"},\"image\":{\"@id\":\"https:\/\/navidor.com\/fr\/#\/schema\/logo\/image\/\"},\"sameAs\":[\"https:\/\/www.facebook.com\/NavidorPaymentsolutions\/\",\"https:\/\/x.com\/NavidorServices\",\"https:\/\/www.linkedin.com\/company\/navidor-merchant-services\/\",\"https:\/\/www.instagram.com\/navidor.payment.solutions\/\"]}]}<\/script>\n<!-- \/ Yoast SEO plugin. -->","yoast_head_json":{"title":"Programme de cartes-cadeaux pour les d\u00e9taillants - augmentez les ventes et la profitabilit\u00e9 !","description":"Les cartes-cadeaux permettent non seulement d'augmenter les ventes, mais aussi de fid\u00e9liser les clients\u00a0! Nous vous proposons des solutions adapt\u00e9es \u00e0 votre situation.","robots":{"index":"index","follow":"follow","max-snippet":"max-snippet:-1","max-image-preview":"max-image-preview:large","max-video-preview":"max-video-preview:-1"},"canonical":"https:\/\/navidor.com\/fr\/services\/cartes-cadeaux\/","og_locale":"fr_FR","og_type":"article","og_title":"Programme de cartes-cadeaux pour les d\u00e9taillants - augmentez les ventes et la profitabilit\u00e9 !","og_description":"Les cartes-cadeaux permettent non seulement d'augmenter les ventes, mais aussi de fid\u00e9liser les clients\u00a0! Nous vous proposons des solutions adapt\u00e9es \u00e0 votre situation.","og_url":"https:\/\/navidor.com\/fr\/services\/cartes-cadeaux\/","og_site_name":"Navidor Payment Solutions","article_publisher":"https:\/\/www.facebook.com\/NavidorPaymentsolutions\/","article_modified_time":"2024-04-17T19:32:05+00:00","og_image":[{"width":544,"height":382,"url":"https:\/\/navidor.com\/wp-content\/uploads\/2023\/11\/navidor-payment-solutions-services-gift-cards.png","type":"image\/png"}],"twitter_card":"summary_large_image","twitter_site":"@NavidorServices","twitter_misc":{"Dur\u00e9e de lecture estim\u00e9e":"3 minutes"},"schema":{"@context":"https:\/\/schema.org","@graph":[{"@type":"WebPage","@id":"https:\/\/navidor.com\/fr\/services\/cartes-cadeaux\/","url":"https:\/\/navidor.com\/fr\/services\/cartes-cadeaux\/","name":"Programme de cartes-cadeaux pour les d\u00e9taillants - augmentez les ventes et la profitabilit\u00e9 !","isPartOf":{"@id":"https:\/\/navidor.com\/fr\/#website"},"primaryImageOfPage":{"@id":"https:\/\/navidor.com\/fr\/services\/cartes-cadeaux\/#primaryimage"},"image":{"@id":"https:\/\/navidor.com\/fr\/services\/cartes-cadeaux\/#primaryimage"},"thumbnailUrl":"https:\/\/navidor.com\/wp-content\/uploads\/2023\/11\/navidor-payment-solutions-services-gift-cards.png","datePublished":"2019-03-26T16:43:12+00:00","dateModified":"2024-04-17T19:32:05+00:00","description":"Les cartes-cadeaux permettent non seulement d'augmenter les ventes, mais aussi de fid\u00e9liser les clients\u00a0! Nous vous proposons des solutions adapt\u00e9es \u00e0 votre situation.","breadcrumb":{"@id":"https:\/\/navidor.com\/fr\/services\/cartes-cadeaux\/#breadcrumb"},"inLanguage":"fr-FR","potentialAction":[{"@type":"ReadAction","target":["https:\/\/navidor.com\/fr\/services\/cartes-cadeaux\/"]}]},{"@type":"ImageObject","inLanguage":"fr-FR","@id":"https:\/\/navidor.com\/fr\/services\/cartes-cadeaux\/#primaryimage","url":"https:\/\/navidor.com\/wp-content\/uploads\/2023\/11\/navidor-payment-solutions-services-gift-cards.png","contentUrl":"https:\/\/navidor.com\/wp-content\/uploads\/2023\/11\/navidor-payment-solutions-services-gift-cards.png","width":544,"height":382},{"@type":"BreadcrumbList","@id":"https:\/\/navidor.com\/fr\/services\/cartes-cadeaux\/#breadcrumb","itemListElement":[{"@type":"ListItem","position":1,"name":"Navidor","item":"https:\/\/navidor.com\/fr\/"},{"@type":"ListItem","position":2,"name":"Services","item":"https:\/\/navidor.com\/fr\/services\/"},{"@type":"ListItem","position":3,"name":"Cartes-cadeaux"}]},{"@type":"WebSite","@id":"https:\/\/navidor.com\/fr\/#website","url":"https:\/\/navidor.com\/fr\/","name":"Navidor Payment Solutions","description":"Payment solutions done right","publisher":{"@id":"https:\/\/navidor.com\/fr\/#organization"},"potentialAction":[{"@type":"SearchAction","target":{"@type":"EntryPoint","urlTemplate":"https:\/\/navidor.com\/fr\/?s={search_term_string}"},"query-input":{"@type":"PropertyValueSpecification","valueRequired":true,"valueName":"search_term_string"}}],"inLanguage":"fr-FR"},{"@type":"Organization","@id":"https:\/\/navidor.com\/fr\/#organization","name":"Navidor Payment Solutions","url":"https:\/\/navidor.com\/fr\/","logo":{"@type":"ImageObject","inLanguage":"fr-FR","@id":"https:\/\/navidor.com\/fr\/#\/schema\/logo\/image\/","url":"https:\/\/navidor.com\/wp-content\/uploads\/2019\/11\/navider-payment-solutions-website.png","contentUrl":"https:\/\/navidor.com\/wp-content\/uploads\/2019\/11\/navider-payment-solutions-website.png","width":1200,"height":600,"caption":"Navidor Payment Solutions"},"image":{"@id":"https:\/\/navidor.com\/fr\/#\/schema\/logo\/image\/"},"sameAs":["https:\/\/www.facebook.com\/NavidorPaymentsolutions\/","https:\/\/x.com\/NavidorServices","https:\/\/www.linkedin.com\/company\/navidor-merchant-services\/","https:\/\/www.instagram.com\/navidor.payment.solutions\/"]}]}},"uagb_featured_image_src":{"full":["https:\/\/navidor.com\/wp-content\/uploads\/2023\/11\/navidor-payment-solutions-services-gift-cards.png",544,382,false],"thumbnail":["https:\/\/navidor.com\/wp-content\/uploads\/2023\/11\/navidor-payment-solutions-services-gift-cards-150x150.png",150,150,true],"medium":["https:\/\/navidor.com\/wp-content\/uploads\/2023\/11\/navidor-payment-solutions-services-gift-cards-300x211.png",300,211,true],"medium_large":["https:\/\/navidor.com\/wp-content\/uploads\/2023\/11\/navidor-payment-solutions-services-gift-cards.png",544,382,false],"large":["https:\/\/navidor.com\/wp-content\/uploads\/2023\/11\/navidor-payment-solutions-services-gift-cards.png",544,382,false],"1536x1536":["https:\/\/navidor.com\/wp-content\/uploads\/2023\/11\/navidor-payment-solutions-services-gift-cards.png",544,382,false],"2048x2048":["https:\/\/navidor.com\/wp-content\/uploads\/2023\/11\/navidor-payment-solutions-services-gift-cards.png",544,382,false],"gform-image-choice-sm":["https:\/\/navidor.com\/wp-content\/uploads\/2023\/11\/navidor-payment-solutions-services-gift-cards.png",300,211,false],"gform-image-choice-md":["https:\/\/navidor.com\/wp-content\/uploads\/2023\/11\/navidor-payment-solutions-services-gift-cards.png",400,281,false],"gform-image-choice-lg":["https:\/\/navidor.com\/wp-content\/uploads\/2023\/11\/navidor-payment-solutions-services-gift-cards.png",544,382,false]},"uagb_author_info":{"display_name":"navidor","author_link":"https:\/\/navidor.com\/fr\/author\/navidor\/"},"uagb_comment_info":0,"uagb_excerpt":"Les cartes-cadeaux permettent non seulement d'augmenter les ventes, mais aussi de fid\u00e9liser les clients\u00a0!","_links":{"self":[{"href":"https:\/\/navidor.com\/fr\/wp-json\/wp\/v2\/pages\/3050","targetHints":{"allow":["GET"]}}],"collection":[{"href":"https:\/\/navidor.com\/fr\/wp-json\/wp\/v2\/pages"}],"about":[{"href":"https:\/\/navidor.com\/fr\/wp-json\/wp\/v2\/types\/page"}],"author":[{"embeddable":true,"href":"https:\/\/navidor.com\/fr\/wp-json\/wp\/v2\/users\/1"}],"replies":[{"embeddable":true,"href":"https:\/\/navidor.com\/fr\/wp-json\/wp\/v2\/comments?post=3050"}],"version-history":[{"count":11,"href":"https:\/\/navidor.com\/fr\/wp-json\/wp\/v2\/pages\/3050\/revisions"}],"predecessor-version":[{"id":4204,"href":"https:\/\/navidor.com\/fr\/wp-json\/wp\/v2\/pages\/3050\/revisions\/4204"}],"up":[{"embeddable":true,"href":"https:\/\/navidor.com\/fr\/wp-json\/wp\/v2\/pages\/3046"}],"wp:featuredmedia":[{"embeddable":true,"href":"https:\/\/navidor.com\/fr\/wp-json\/wp\/v2\/media\/3998"}],"wp:attachment":[{"href":"https:\/\/navidor.com\/fr\/wp-json\/wp\/v2\/media?parent=3050"}],"curies":[{"name":"wp","href":"https:\/\/api.w.org\/{rel}","templated":true}]}}