{"id":3051,"date":"2019-04-26T16:43:18","date_gmt":"2019-04-26T16:43:18","guid":{"rendered":"https:\/\/navidor.com\/services\/loyalty-programs\/"},"modified":"2024-04-17T19:33:12","modified_gmt":"2024-04-17T19:33:12","slug":"programmes-fidelite","status":"publish","type":"page","link":"https:\/\/navidor.com\/fr\/services\/programmes-fidelite\/","title":{"rendered":"Programmes de fid\u00e9lit\u00e9"},"content":{"rendered":"\n<figure class=\"wp-block-image alignright size-full is-resized\"><img loading=\"lazy\" decoding=\"async\" width=\"544\" height=\"382\" src=\"https:\/\/navidor.com\/wp-content\/uploads\/2023\/11\/navidor-payment-solutions-services-loyalty-programs.png\" alt=\"\" class=\"wp-image-4000\" style=\"width:325px\" srcset=\"https:\/\/navidor.com\/wp-content\/uploads\/2023\/11\/navidor-payment-solutions-services-loyalty-programs.png 544w, https:\/\/navidor.com\/wp-content\/uploads\/2023\/11\/navidor-payment-solutions-services-loyalty-programs-300x211.png 300w\" sizes=\"auto, (max-width: 544px) 100vw, 544px\" \/><\/figure>\n\n\n\n<p>Vos clients sont la cl\u00e9 du succ\u00e8s de votre entreprise, alors pourquoi ne pas les r\u00e9compenser avec un programme de fid\u00e9lit\u00e9 pour vous assurer qu\u2019ils reviennent?<\/p>\n\n\n\n<p>Les programmes de fid\u00e9lit\u00e9 ou de r\u00e9compenses sont lanc\u00e9s \u00e0 l\u2019aide d\u2019une carte en plastique PVC munie d\u2019une bande magn\u00e9tique au dos.<\/p>\n\n\n\r\n<div id=\"cta-block_e984a5f66e66c511b4816a672af69f1b\" class=\"cta iminterested alignleft\">\r\n    <a href=\"#\">En savoir plus<\/a>\r\n<\/div>\n\n\n<p>La carte peut \u00eatre utilis\u00e9e pour accumuler des points, des dollars ou des r\u00e9compenses dans le magasin ou l\u2019entreprise d\u2019un marchand. La carte peut suivre les visites, les produits achet\u00e9s ou le montant total d\u00e9pens\u00e9. Le commer\u00e7ant peut pr\u00e9d\u00e9terminer les niveaux de r\u00e9compenses ou de points du programme. <\/p>\n\n\n\n<h2 class=\"wp-block-heading\">Avantages d&rsquo;un programme de fid\u00e9lit\u00e9<\/h2>\n\n\n\n<ul class=\"two-cols checkmark-list wp-block-list\">\n<li>Renforcement de l&rsquo;image\/de la marque<\/li>\n\n\n\n<li>Les clients fid\u00e8les d\u00e9pensent 33 % de plus que les nouveaux clients<\/li>\n\n\n\n<li>Favorise plus de visites et une <span class='tooltipsall tooltip_post_id_1041 classtoolTips1041'>transaction<\/span> moyenne plus importante au magasin<\/li>\n\n\n\n<li>Possibilit\u00e9 de suivre l&rsquo;historique des achats des clients<\/li>\n\n\n\n<li>Le suivi et les rapports permettent au marchand de g\u00e9rer facilement le programme<\/li>\n\n\n\n<li>Cr\u00e9e de meilleures relations entre les commer\u00e7ants et leurs clients<\/li>\n\n\n\n<li>D\u00e9marque le commer\u00e7ant de sa concurrence locale<\/li>\n\n\n\n<li>Les membres du programme de fid\u00e9lit\u00e9 sont plus susceptibles de recommander le magasin \u00e0 d&rsquo;autres personnes.<\/li>\n\n\n\n<li>Des promotions ou des \u00e9v\u00e9nements sp\u00e9ciaux peuvent \u00e9galement \u00eatre lanc\u00e9s \u00e0 l&rsquo;aide des cartes<\/li>\n\n\n\n<li>Simplifie la proc\u00e9dure de r\u00e8glement au point de vente<\/li>\n<\/ul>\n\n\n\n<div class=\"wp-block-uagb-blockquote uagb-block-1c2784c5 uagb-blockquote__skin-quotation uagb-blockquote__align-left uagb-blockquote__style-style_2 uagb-blockquote__stack-img-none uagb-blockquote__outer-wrap\" id=\"uagb-blockquote-afb8483f-c3ba-40b7-9c86-11ff87c0428f\"><blockquote class=\"uagb-blockquote\"><span class=\"uagb-blockquote__icon\"><\/span><div class=\"uagb-blockquote__content\">Une augmentation de 5 % de la fid\u00e9lisation de la client\u00e8le peut augmenter la rentabilit\u00e9 d&rsquo;une entreprise de 75 %.<\/div><footer><div class=\"uagb-blockquote__author-wrap uagb-blockquote__author-at-left\"><cite class=\"uagb-blockquote__author\">Selon une \u00e9tude du cabinet mondial de conseil en affaires Baines and Company<\/cite><\/div><\/footer><\/blockquote><\/div>\n\n\n\n<h2 class=\"wp-block-heading\">Avantages pour le client<\/h2>\n\n\n\n<p>Les avantages pour le client sont r\u00e9alis\u00e9s lorsque les niveaux de r\u00e9compense sont atteints. Quel que soit le programme pris en charge par le commer\u00e7ant, les consommateurs appr\u00e9cient d&rsquo;\u00eatre r\u00e9compens\u00e9s et de gagner quelque chose en retour sur leurs achats.<\/p>\n\n\n\r\n<div id=\"cta-block_fdc06f895c004f4e3bcb4d42fd830fcf\" class=\"cta iminterested alignright\">\r\n    <a href=\"#\">En savoir plus<\/a>\r\n<\/div>\n\n\n<p>Les programmes offrent au client la flexibilit\u00e9 ultime. Dans l\u2019environnement de vente au d\u00e9tail concurrentiel d\u2019aujourd\u2019hui, les programmes de fid\u00e9lit\u00e9 visent \u00e0 fid\u00e9liser la client\u00e8le actuelle du commer\u00e7ant et \u00e0 s\u2019en servir. Le syst\u00e8me offre un outil puissant pour cr\u00e9er une raison convaincante pour le client de continuer \u00e0 visiter un marchand \u00e0 maintes reprises. Les sp\u00e9cialistes de la mise en \u0153uvre travaillent avec le d\u00e9taillant pour d\u00e9terminer et configurer le syst\u00e8me pour les types de programme de fid\u00e9lit\u00e9 souhait\u00e9s.<\/p>\n\n\n<style>.wp-block-kadence-spacer.kt-block-spacer-3051_42ae42-c0 .kt-block-spacer{height:60px;}.wp-block-kadence-spacer.kt-block-spacer-3051_42ae42-c0 .kt-divider{border-top-width:1px;height:1px;border-top-color:#053679;width:80%;border-top-style:solid;}<\/style>\n<div class=\"wp-block-kadence-spacer aligncenter kt-block-spacer-3051_42ae42-c0\"><div class=\"kt-block-spacer kt-block-spacer-halign-center\"><hr class=\"kt-divider\" \/><\/div><\/div>\n","protected":false},"excerpt":{"rendered":"<p>Les programmes de fid\u00e9lit\u00e9 am\u00e9liorent les ventes et le retour des clients. <\/p>\n","protected":false},"author":1,"featured_media":4000,"parent":3046,"menu_order":0,"comment_status":"closed","ping_status":"closed","template":"page-blank-sub-nav-vertical.php","meta":{"_acf_changed":false,"_uag_custom_page_level_css":"","footnotes":""},"class_list":["post-3051","page","type-page","status-publish","has-post-thumbnail","hentry"],"acf":[],"yoast_head":"<!-- This site is optimized with the Yoast SEO plugin v27.2 - https:\/\/yoast.com\/product\/yoast-seo-wordpress\/ -->\n<title>Programmes de fid\u00e9lit\u00e9 et de r\u00e9compense pour augmenter vos ventes<\/title>\n<meta name=\"description\" content=\"Les programmes de fid\u00e9lit\u00e9 augmentent les ventes et la fid\u00e9lit\u00e9 des clients. Les clients fid\u00e8les d\u00e9pensent 33% de plus que les nouveaux clients!\" \/>\n<meta name=\"robots\" content=\"index, follow, max-snippet:-1, max-image-preview:large, max-video-preview:-1\" \/>\n<link rel=\"canonical\" href=\"https:\/\/navidor.com\/fr\/services\/programmes-fidelite\/\" \/>\n<meta property=\"og:locale\" content=\"fr_FR\" \/>\n<meta property=\"og:type\" content=\"article\" \/>\n<meta property=\"og:title\" content=\"Programmes de fid\u00e9lit\u00e9 et de r\u00e9compense pour augmenter vos ventes\" \/>\n<meta property=\"og:description\" content=\"Les programmes de fid\u00e9lit\u00e9 augmentent les ventes et la fid\u00e9lit\u00e9 des clients. Les clients fid\u00e8les d\u00e9pensent 33% de plus que les nouveaux clients!\" \/>\n<meta property=\"og:url\" content=\"https:\/\/navidor.com\/fr\/services\/programmes-fidelite\/\" \/>\n<meta property=\"og:site_name\" content=\"Navidor Payment Solutions\" \/>\n<meta property=\"article:publisher\" content=\"https:\/\/www.facebook.com\/NavidorPaymentsolutions\/\" \/>\n<meta property=\"article:modified_time\" content=\"2024-04-17T19:33:12+00:00\" \/>\n<meta property=\"og:image\" content=\"https:\/\/navidor.com\/wp-content\/uploads\/2023\/11\/navidor-payment-solutions-services-loyalty-programs.png\" \/>\n\t<meta property=\"og:image:width\" content=\"544\" \/>\n\t<meta property=\"og:image:height\" content=\"382\" \/>\n\t<meta property=\"og:image:type\" content=\"image\/png\" \/>\n<meta name=\"twitter:card\" content=\"summary_large_image\" \/>\n<meta name=\"twitter:site\" content=\"@NavidorServices\" \/>\n<meta name=\"twitter:label1\" content=\"Dur\u00e9e de lecture estim\u00e9e\" \/>\n\t<meta name=\"twitter:data1\" content=\"2 minutes\" \/>\n<script type=\"application\/ld+json\" class=\"yoast-schema-graph\">{\"@context\":\"https:\/\/schema.org\",\"@graph\":[{\"@type\":\"WebPage\",\"@id\":\"https:\/\/navidor.com\/fr\/services\/programmes-fidelite\/\",\"url\":\"https:\/\/navidor.com\/fr\/services\/programmes-fidelite\/\",\"name\":\"Programmes de fid\u00e9lit\u00e9 et de r\u00e9compense pour augmenter vos ventes\",\"isPartOf\":{\"@id\":\"https:\/\/navidor.com\/fr\/#website\"},\"primaryImageOfPage\":{\"@id\":\"https:\/\/navidor.com\/fr\/services\/programmes-fidelite\/#primaryimage\"},\"image\":{\"@id\":\"https:\/\/navidor.com\/fr\/services\/programmes-fidelite\/#primaryimage\"},\"thumbnailUrl\":\"https:\/\/navidor.com\/wp-content\/uploads\/2023\/11\/navidor-payment-solutions-services-loyalty-programs.png\",\"datePublished\":\"2019-04-26T16:43:18+00:00\",\"dateModified\":\"2024-04-17T19:33:12+00:00\",\"description\":\"Les programmes de fid\u00e9lit\u00e9 augmentent les ventes et la fid\u00e9lit\u00e9 des clients. Les clients fid\u00e8les d\u00e9pensent 33% de plus que les nouveaux clients!\",\"breadcrumb\":{\"@id\":\"https:\/\/navidor.com\/fr\/services\/programmes-fidelite\/#breadcrumb\"},\"inLanguage\":\"fr-FR\",\"potentialAction\":[{\"@type\":\"ReadAction\",\"target\":[\"https:\/\/navidor.com\/fr\/services\/programmes-fidelite\/\"]}]},{\"@type\":\"ImageObject\",\"inLanguage\":\"fr-FR\",\"@id\":\"https:\/\/navidor.com\/fr\/services\/programmes-fidelite\/#primaryimage\",\"url\":\"https:\/\/navidor.com\/wp-content\/uploads\/2023\/11\/navidor-payment-solutions-services-loyalty-programs.png\",\"contentUrl\":\"https:\/\/navidor.com\/wp-content\/uploads\/2023\/11\/navidor-payment-solutions-services-loyalty-programs.png\",\"width\":544,\"height\":382},{\"@type\":\"BreadcrumbList\",\"@id\":\"https:\/\/navidor.com\/fr\/services\/programmes-fidelite\/#breadcrumb\",\"itemListElement\":[{\"@type\":\"ListItem\",\"position\":1,\"name\":\"Navidor\",\"item\":\"https:\/\/navidor.com\/fr\/\"},{\"@type\":\"ListItem\",\"position\":2,\"name\":\"Services\",\"item\":\"https:\/\/navidor.com\/fr\/services\/\"},{\"@type\":\"ListItem\",\"position\":3,\"name\":\"Programmes de fid\u00e9lit\u00e9\"}]},{\"@type\":\"WebSite\",\"@id\":\"https:\/\/navidor.com\/fr\/#website\",\"url\":\"https:\/\/navidor.com\/fr\/\",\"name\":\"Navidor Payment Solutions\",\"description\":\"Payment solutions done right\",\"publisher\":{\"@id\":\"https:\/\/navidor.com\/fr\/#organization\"},\"potentialAction\":[{\"@type\":\"SearchAction\",\"target\":{\"@type\":\"EntryPoint\",\"urlTemplate\":\"https:\/\/navidor.com\/fr\/?s={search_term_string}\"},\"query-input\":{\"@type\":\"PropertyValueSpecification\",\"valueRequired\":true,\"valueName\":\"search_term_string\"}}],\"inLanguage\":\"fr-FR\"},{\"@type\":\"Organization\",\"@id\":\"https:\/\/navidor.com\/fr\/#organization\",\"name\":\"Navidor Payment Solutions\",\"url\":\"https:\/\/navidor.com\/fr\/\",\"logo\":{\"@type\":\"ImageObject\",\"inLanguage\":\"fr-FR\",\"@id\":\"https:\/\/navidor.com\/fr\/#\/schema\/logo\/image\/\",\"url\":\"https:\/\/navidor.com\/wp-content\/uploads\/2019\/11\/navider-payment-solutions-website.png\",\"contentUrl\":\"https:\/\/navidor.com\/wp-content\/uploads\/2019\/11\/navider-payment-solutions-website.png\",\"width\":1200,\"height\":600,\"caption\":\"Navidor Payment Solutions\"},\"image\":{\"@id\":\"https:\/\/navidor.com\/fr\/#\/schema\/logo\/image\/\"},\"sameAs\":[\"https:\/\/www.facebook.com\/NavidorPaymentsolutions\/\",\"https:\/\/x.com\/NavidorServices\",\"https:\/\/www.linkedin.com\/company\/navidor-merchant-services\/\",\"https:\/\/www.instagram.com\/navidor.payment.solutions\/\"]}]}<\/script>\n<!-- \/ Yoast SEO plugin. -->","yoast_head_json":{"title":"Programmes de fid\u00e9lit\u00e9 et de r\u00e9compense pour augmenter vos ventes","description":"Les programmes de fid\u00e9lit\u00e9 augmentent les ventes et la fid\u00e9lit\u00e9 des clients. Les clients fid\u00e8les d\u00e9pensent 33% de plus que les nouveaux clients!","robots":{"index":"index","follow":"follow","max-snippet":"max-snippet:-1","max-image-preview":"max-image-preview:large","max-video-preview":"max-video-preview:-1"},"canonical":"https:\/\/navidor.com\/fr\/services\/programmes-fidelite\/","og_locale":"fr_FR","og_type":"article","og_title":"Programmes de fid\u00e9lit\u00e9 et de r\u00e9compense pour augmenter vos ventes","og_description":"Les programmes de fid\u00e9lit\u00e9 augmentent les ventes et la fid\u00e9lit\u00e9 des clients. Les clients fid\u00e8les d\u00e9pensent 33% de plus que les nouveaux clients!","og_url":"https:\/\/navidor.com\/fr\/services\/programmes-fidelite\/","og_site_name":"Navidor Payment Solutions","article_publisher":"https:\/\/www.facebook.com\/NavidorPaymentsolutions\/","article_modified_time":"2024-04-17T19:33:12+00:00","og_image":[{"width":544,"height":382,"url":"https:\/\/navidor.com\/wp-content\/uploads\/2023\/11\/navidor-payment-solutions-services-loyalty-programs.png","type":"image\/png"}],"twitter_card":"summary_large_image","twitter_site":"@NavidorServices","twitter_misc":{"Dur\u00e9e de lecture estim\u00e9e":"2 minutes"},"schema":{"@context":"https:\/\/schema.org","@graph":[{"@type":"WebPage","@id":"https:\/\/navidor.com\/fr\/services\/programmes-fidelite\/","url":"https:\/\/navidor.com\/fr\/services\/programmes-fidelite\/","name":"Programmes de fid\u00e9lit\u00e9 et de r\u00e9compense pour augmenter vos ventes","isPartOf":{"@id":"https:\/\/navidor.com\/fr\/#website"},"primaryImageOfPage":{"@id":"https:\/\/navidor.com\/fr\/services\/programmes-fidelite\/#primaryimage"},"image":{"@id":"https:\/\/navidor.com\/fr\/services\/programmes-fidelite\/#primaryimage"},"thumbnailUrl":"https:\/\/navidor.com\/wp-content\/uploads\/2023\/11\/navidor-payment-solutions-services-loyalty-programs.png","datePublished":"2019-04-26T16:43:18+00:00","dateModified":"2024-04-17T19:33:12+00:00","description":"Les programmes de fid\u00e9lit\u00e9 augmentent les ventes et la fid\u00e9lit\u00e9 des clients. Les clients fid\u00e8les d\u00e9pensent 33% de plus que les nouveaux clients!","breadcrumb":{"@id":"https:\/\/navidor.com\/fr\/services\/programmes-fidelite\/#breadcrumb"},"inLanguage":"fr-FR","potentialAction":[{"@type":"ReadAction","target":["https:\/\/navidor.com\/fr\/services\/programmes-fidelite\/"]}]},{"@type":"ImageObject","inLanguage":"fr-FR","@id":"https:\/\/navidor.com\/fr\/services\/programmes-fidelite\/#primaryimage","url":"https:\/\/navidor.com\/wp-content\/uploads\/2023\/11\/navidor-payment-solutions-services-loyalty-programs.png","contentUrl":"https:\/\/navidor.com\/wp-content\/uploads\/2023\/11\/navidor-payment-solutions-services-loyalty-programs.png","width":544,"height":382},{"@type":"BreadcrumbList","@id":"https:\/\/navidor.com\/fr\/services\/programmes-fidelite\/#breadcrumb","itemListElement":[{"@type":"ListItem","position":1,"name":"Navidor","item":"https:\/\/navidor.com\/fr\/"},{"@type":"ListItem","position":2,"name":"Services","item":"https:\/\/navidor.com\/fr\/services\/"},{"@type":"ListItem","position":3,"name":"Programmes de fid\u00e9lit\u00e9"}]},{"@type":"WebSite","@id":"https:\/\/navidor.com\/fr\/#website","url":"https:\/\/navidor.com\/fr\/","name":"Navidor Payment Solutions","description":"Payment solutions done right","publisher":{"@id":"https:\/\/navidor.com\/fr\/#organization"},"potentialAction":[{"@type":"SearchAction","target":{"@type":"EntryPoint","urlTemplate":"https:\/\/navidor.com\/fr\/?s={search_term_string}"},"query-input":{"@type":"PropertyValueSpecification","valueRequired":true,"valueName":"search_term_string"}}],"inLanguage":"fr-FR"},{"@type":"Organization","@id":"https:\/\/navidor.com\/fr\/#organization","name":"Navidor Payment Solutions","url":"https:\/\/navidor.com\/fr\/","logo":{"@type":"ImageObject","inLanguage":"fr-FR","@id":"https:\/\/navidor.com\/fr\/#\/schema\/logo\/image\/","url":"https:\/\/navidor.com\/wp-content\/uploads\/2019\/11\/navider-payment-solutions-website.png","contentUrl":"https:\/\/navidor.com\/wp-content\/uploads\/2019\/11\/navider-payment-solutions-website.png","width":1200,"height":600,"caption":"Navidor Payment Solutions"},"image":{"@id":"https:\/\/navidor.com\/fr\/#\/schema\/logo\/image\/"},"sameAs":["https:\/\/www.facebook.com\/NavidorPaymentsolutions\/","https:\/\/x.com\/NavidorServices","https:\/\/www.linkedin.com\/company\/navidor-merchant-services\/","https:\/\/www.instagram.com\/navidor.payment.solutions\/"]}]}},"uagb_featured_image_src":{"full":["https:\/\/navidor.com\/wp-content\/uploads\/2023\/11\/navidor-payment-solutions-services-loyalty-programs.png",544,382,false],"thumbnail":["https:\/\/navidor.com\/wp-content\/uploads\/2023\/11\/navidor-payment-solutions-services-loyalty-programs-150x150.png",150,150,true],"medium":["https:\/\/navidor.com\/wp-content\/uploads\/2023\/11\/navidor-payment-solutions-services-loyalty-programs-300x211.png",300,211,true],"medium_large":["https:\/\/navidor.com\/wp-content\/uploads\/2023\/11\/navidor-payment-solutions-services-loyalty-programs.png",544,382,false],"large":["https:\/\/navidor.com\/wp-content\/uploads\/2023\/11\/navidor-payment-solutions-services-loyalty-programs.png",544,382,false],"1536x1536":["https:\/\/navidor.com\/wp-content\/uploads\/2023\/11\/navidor-payment-solutions-services-loyalty-programs.png",544,382,false],"2048x2048":["https:\/\/navidor.com\/wp-content\/uploads\/2023\/11\/navidor-payment-solutions-services-loyalty-programs.png",544,382,false],"gform-image-choice-sm":["https:\/\/navidor.com\/wp-content\/uploads\/2023\/11\/navidor-payment-solutions-services-loyalty-programs.png",300,211,false],"gform-image-choice-md":["https:\/\/navidor.com\/wp-content\/uploads\/2023\/11\/navidor-payment-solutions-services-loyalty-programs.png",400,281,false],"gform-image-choice-lg":["https:\/\/navidor.com\/wp-content\/uploads\/2023\/11\/navidor-payment-solutions-services-loyalty-programs.png",544,382,false]},"uagb_author_info":{"display_name":"navidor","author_link":"https:\/\/navidor.com\/fr\/author\/navidor\/"},"uagb_comment_info":0,"uagb_excerpt":"Les programmes de fid\u00e9lit\u00e9 am\u00e9liorent les ventes et le retour des clients.","_links":{"self":[{"href":"https:\/\/navidor.com\/fr\/wp-json\/wp\/v2\/pages\/3051","targetHints":{"allow":["GET"]}}],"collection":[{"href":"https:\/\/navidor.com\/fr\/wp-json\/wp\/v2\/pages"}],"about":[{"href":"https:\/\/navidor.com\/fr\/wp-json\/wp\/v2\/types\/page"}],"author":[{"embeddable":true,"href":"https:\/\/navidor.com\/fr\/wp-json\/wp\/v2\/users\/1"}],"replies":[{"embeddable":true,"href":"https:\/\/navidor.com\/fr\/wp-json\/wp\/v2\/comments?post=3051"}],"version-history":[{"count":7,"href":"https:\/\/navidor.com\/fr\/wp-json\/wp\/v2\/pages\/3051\/revisions"}],"predecessor-version":[{"id":4207,"href":"https:\/\/navidor.com\/fr\/wp-json\/wp\/v2\/pages\/3051\/revisions\/4207"}],"up":[{"embeddable":true,"href":"https:\/\/navidor.com\/fr\/wp-json\/wp\/v2\/pages\/3046"}],"wp:featuredmedia":[{"embeddable":true,"href":"https:\/\/navidor.com\/fr\/wp-json\/wp\/v2\/media\/4000"}],"wp:attachment":[{"href":"https:\/\/navidor.com\/fr\/wp-json\/wp\/v2\/media?parent=3051"}],"curies":[{"name":"wp","href":"https:\/\/api.w.org\/{rel}","templated":true}]}}