{"id":3052,"date":"2019-07-26T16:43:37","date_gmt":"2019-07-26T16:43:37","guid":{"rendered":"https:\/\/navidor.com\/support\/"},"modified":"2023-11-24T15:17:21","modified_gmt":"2023-11-24T15:17:21","slug":"support","status":"publish","type":"page","link":"https:\/\/navidor.com\/fr\/support\/","title":{"rendered":"Support"},"content":{"rendered":"\n<div style=\"height:40px\" aria-hidden=\"true\" class=\"wp-block-spacer\"><\/div>\n\n\n\n<div class=\"wp-block-columns has-2-columns equipment-page is-layout-flex wp-container-core-columns-is-layout-9d6595d7 wp-block-columns-is-layout-flex\">\n<div class=\"wp-block-column is-layout-flow wp-block-column-is-layout-flow\">\n<section class=\"wp-block-uagb-section uagb-section__wrap uagb-section__background-undefined uagb-block-5e22a3f4\"><div class=\"uagb-section__overlay\"><\/div><div class=\"uagb-section__inner-wrap\">\n<figure class=\"wp-block-image alignleft size-large is-resized\"><img loading=\"lazy\" decoding=\"async\" width=\"1024\" height=\"1024\" src=\"https:\/\/navidor.com\/wp-content\/uploads\/2023\/11\/Navidor_Icons_Support_PhoneNumbers-1024x1024.jpg\" alt=\"\" class=\"wp-image-4084\" style=\"object-fit:cover;width:106px;height:106px\" srcset=\"https:\/\/navidor.com\/wp-content\/uploads\/2023\/11\/Navidor_Icons_Support_PhoneNumbers-1024x1024.jpg 1024w, https:\/\/navidor.com\/wp-content\/uploads\/2023\/11\/Navidor_Icons_Support_PhoneNumbers-300x300.jpg 300w, https:\/\/navidor.com\/wp-content\/uploads\/2023\/11\/Navidor_Icons_Support_PhoneNumbers-150x150.jpg 150w, https:\/\/navidor.com\/wp-content\/uploads\/2023\/11\/Navidor_Icons_Support_PhoneNumbers-768x768.jpg 768w, https:\/\/navidor.com\/wp-content\/uploads\/2023\/11\/Navidor_Icons_Support_PhoneNumbers.jpg 1080w\" sizes=\"auto, (max-width: 1024px) 100vw, 1024px\" \/><\/figure>\n\n\n\n<h3 class=\"wp-block-heading support-title\"><a href=\"https:\/\/navidor.com\/fr\/support\/numeros-importants\/\">Num\u00e9ros importants<\/a><\/h3>\n<\/div><\/section>\n<\/div>\n\n\n\n<div class=\"wp-block-column is-layout-flow wp-block-column-is-layout-flow\">\n<section class=\"wp-block-uagb-section uagb-section__wrap uagb-section__background-undefined uagb-block-1a2625e9\"><div class=\"uagb-section__overlay\"><\/div><div class=\"uagb-section__inner-wrap\">\n<figure class=\"wp-block-image alignleft size-large is-resized\"><img loading=\"lazy\" decoding=\"async\" width=\"1024\" height=\"1024\" src=\"https:\/\/navidor.com\/wp-content\/uploads\/2023\/11\/Navidor_Icons_Support_FAQ-1024x1024.jpg\" alt=\"\" class=\"wp-image-4086\" style=\"object-fit:cover;width:106px;height:106px\" srcset=\"https:\/\/navidor.com\/wp-content\/uploads\/2023\/11\/Navidor_Icons_Support_FAQ-1024x1024.jpg 1024w, https:\/\/navidor.com\/wp-content\/uploads\/2023\/11\/Navidor_Icons_Support_FAQ-300x300.jpg 300w, https:\/\/navidor.com\/wp-content\/uploads\/2023\/11\/Navidor_Icons_Support_FAQ-150x150.jpg 150w, https:\/\/navidor.com\/wp-content\/uploads\/2023\/11\/Navidor_Icons_Support_FAQ-768x768.jpg 768w, https:\/\/navidor.com\/wp-content\/uploads\/2023\/11\/Navidor_Icons_Support_FAQ.jpg 1080w\" sizes=\"auto, (max-width: 1024px) 100vw, 1024px\" \/><\/figure>\n\n\n\n<h3 class=\"wp-block-heading support-title\"><a href=\"https:\/\/navidor.com\/fr\/support\/faq\/\">Questions fr\u00e9quentes<\/a><\/h3>\n<\/div><\/section>\n<\/div>\n<\/div>\n\n\n\n<div class=\"wp-block-columns has-2-columns equipment-page is-layout-flex wp-container-core-columns-is-layout-9d6595d7 wp-block-columns-is-layout-flex\">\n<div class=\"wp-block-column is-layout-flow wp-block-column-is-layout-flow\">\n<section class=\"wp-block-uagb-section uagb-section__wrap uagb-section__background-undefined uagb-block-b2acf8e9\"><div class=\"uagb-section__overlay\"><\/div><div class=\"uagb-section__inner-wrap\">\n<figure class=\"wp-block-image alignleft size-large is-resized\"><img loading=\"lazy\" decoding=\"async\" width=\"1024\" height=\"1024\" src=\"https:\/\/navidor.com\/wp-content\/uploads\/2023\/11\/Navidor_Icons_Support_SupportTicket-1024x1024.jpg\" alt=\"\" class=\"wp-image-4090\" style=\"object-fit:cover;width:106px;height:106px\" srcset=\"https:\/\/navidor.com\/wp-content\/uploads\/2023\/11\/Navidor_Icons_Support_SupportTicket-1024x1024.jpg 1024w, https:\/\/navidor.com\/wp-content\/uploads\/2023\/11\/Navidor_Icons_Support_SupportTicket-300x300.jpg 300w, https:\/\/navidor.com\/wp-content\/uploads\/2023\/11\/Navidor_Icons_Support_SupportTicket-150x150.jpg 150w, https:\/\/navidor.com\/wp-content\/uploads\/2023\/11\/Navidor_Icons_Support_SupportTicket-768x768.jpg 768w, https:\/\/navidor.com\/wp-content\/uploads\/2023\/11\/Navidor_Icons_Support_SupportTicket.jpg 1080w\" sizes=\"auto, (max-width: 1024px) 100vw, 1024px\" \/><\/figure>\n\n\n\n<h3 class=\"wp-block-heading support-title\"><a href=\"https:\/\/navidor.com\/fr\/support\/demande-assistance\/\">Envoyer une demande de support<\/a><\/h3>\n\n\n\n<p><\/p>\n<\/div><\/section>\n\n\n\n<p><\/p>\n<\/div>\n\n\n\n<div class=\"wp-block-column is-layout-flow wp-block-column-is-layout-flow\"><\/div>\n<\/div>\n\n\n\n<div class=\"wp-block-columns has-2-columns equipment-page is-layout-flex wp-container-core-columns-is-layout-9d6595d7 wp-block-columns-is-layout-flex\">\n<div class=\"wp-block-column is-layout-flow wp-block-column-is-layout-flow\"><\/div>\n<\/div>\n\n\n<p><!--EndFragment--><\/p>","protected":false},"excerpt":{"rendered":"","protected":false},"author":1,"featured_media":4090,"parent":0,"menu_order":0,"comment_status":"closed","ping_status":"closed","template":"page-blank-sub-nav-vertical.php","meta":{"_acf_changed":false,"_uag_custom_page_level_css":"","footnotes":""},"class_list":["post-3052","page","type-page","status-publish","has-post-thumbnail","hentry"],"acf":[],"yoast_head":"<!-- This site is optimized with the Yoast SEO plugin v27.2 - https:\/\/yoast.com\/product\/yoast-seo-wordpress\/ -->\n<title>Support clients - questions fr\u00e9quentes et num\u00e9ros de t\u00e9l\u00e9phone.<\/title>\n<meta name=\"description\" content=\"Nos clients peuvent trouver les liens dont ils ont besoin pour obtenir de l&#039;aide dans notre section support : FAQ, les contacts importants, support tickets &amp; glossaire.\" \/>\n<meta name=\"robots\" content=\"index, follow, max-snippet:-1, max-image-preview:large, max-video-preview:-1\" \/>\n<link rel=\"canonical\" href=\"https:\/\/navidor.com\/fr\/support\/\" \/>\n<meta property=\"og:locale\" content=\"fr_FR\" \/>\n<meta property=\"og:type\" content=\"article\" \/>\n<meta property=\"og:title\" content=\"Support clients - questions fr\u00e9quentes et num\u00e9ros de t\u00e9l\u00e9phone.\" \/>\n<meta property=\"og:description\" content=\"Nos clients peuvent trouver les liens dont ils ont besoin pour obtenir de l&#039;aide dans notre section support : FAQ, les contacts importants, support tickets &amp; glossaire.\" \/>\n<meta property=\"og:url\" content=\"https:\/\/navidor.com\/fr\/support\/\" \/>\n<meta property=\"og:site_name\" content=\"Navidor Payment Solutions\" \/>\n<meta property=\"article:publisher\" content=\"https:\/\/www.facebook.com\/NavidorPaymentsolutions\/\" \/>\n<meta property=\"article:modified_time\" content=\"2023-11-24T15:17:21+00:00\" \/>\n<meta property=\"og:image\" content=\"https:\/\/navidor.com\/wp-content\/uploads\/2023\/08\/navidor-logo-2023-215-2.png\" \/>\n\t<meta property=\"og:image:width\" content=\"215\" \/>\n\t<meta property=\"og:image:height\" content=\"136\" \/>\n\t<meta property=\"og:image:type\" content=\"image\/png\" \/>\n<meta name=\"twitter:card\" content=\"summary_large_image\" \/>\n<meta name=\"twitter:site\" content=\"@NavidorServices\" \/>\n<meta name=\"twitter:label1\" content=\"Dur\u00e9e de lecture estim\u00e9e\" \/>\n\t<meta name=\"twitter:data1\" content=\"1 minute\" \/>\n<script type=\"application\/ld+json\" class=\"yoast-schema-graph\">{\"@context\":\"https:\/\/schema.org\",\"@graph\":[{\"@type\":\"WebPage\",\"@id\":\"https:\/\/navidor.com\/fr\/support\/\",\"url\":\"https:\/\/navidor.com\/fr\/support\/\",\"name\":\"Support clients - questions fr\u00e9quentes et num\u00e9ros de t\u00e9l\u00e9phone.\",\"isPartOf\":{\"@id\":\"https:\/\/navidor.com\/fr\/#website\"},\"primaryImageOfPage\":{\"@id\":\"https:\/\/navidor.com\/fr\/support\/#primaryimage\"},\"image\":{\"@id\":\"https:\/\/navidor.com\/fr\/support\/#primaryimage\"},\"thumbnailUrl\":\"https:\/\/navidor.com\/wp-content\/uploads\/2023\/11\/Navidor_Icons_Support_SupportTicket.jpg\",\"datePublished\":\"2019-07-26T16:43:37+00:00\",\"dateModified\":\"2023-11-24T15:17:21+00:00\",\"description\":\"Nos clients peuvent trouver les liens dont ils ont besoin pour obtenir de l'aide dans notre section support : FAQ, les contacts importants, support tickets & glossaire.\",\"breadcrumb\":{\"@id\":\"https:\/\/navidor.com\/fr\/support\/#breadcrumb\"},\"inLanguage\":\"fr-FR\",\"potentialAction\":[{\"@type\":\"ReadAction\",\"target\":[\"https:\/\/navidor.com\/fr\/support\/\"]}]},{\"@type\":\"ImageObject\",\"inLanguage\":\"fr-FR\",\"@id\":\"https:\/\/navidor.com\/fr\/support\/#primaryimage\",\"url\":\"https:\/\/navidor.com\/wp-content\/uploads\/2023\/11\/Navidor_Icons_Support_SupportTicket.jpg\",\"contentUrl\":\"https:\/\/navidor.com\/wp-content\/uploads\/2023\/11\/Navidor_Icons_Support_SupportTicket.jpg\",\"width\":1080,\"height\":1080},{\"@type\":\"BreadcrumbList\",\"@id\":\"https:\/\/navidor.com\/fr\/support\/#breadcrumb\",\"itemListElement\":[{\"@type\":\"ListItem\",\"position\":1,\"name\":\"Navidor\",\"item\":\"https:\/\/navidor.com\/fr\/\"},{\"@type\":\"ListItem\",\"position\":2,\"name\":\"Support\"}]},{\"@type\":\"WebSite\",\"@id\":\"https:\/\/navidor.com\/fr\/#website\",\"url\":\"https:\/\/navidor.com\/fr\/\",\"name\":\"Navidor Payment Solutions\",\"description\":\"Payment solutions done right\",\"publisher\":{\"@id\":\"https:\/\/navidor.com\/fr\/#organization\"},\"potentialAction\":[{\"@type\":\"SearchAction\",\"target\":{\"@type\":\"EntryPoint\",\"urlTemplate\":\"https:\/\/navidor.com\/fr\/?s={search_term_string}\"},\"query-input\":{\"@type\":\"PropertyValueSpecification\",\"valueRequired\":true,\"valueName\":\"search_term_string\"}}],\"inLanguage\":\"fr-FR\"},{\"@type\":\"Organization\",\"@id\":\"https:\/\/navidor.com\/fr\/#organization\",\"name\":\"Navidor Payment Solutions\",\"url\":\"https:\/\/navidor.com\/fr\/\",\"logo\":{\"@type\":\"ImageObject\",\"inLanguage\":\"fr-FR\",\"@id\":\"https:\/\/navidor.com\/fr\/#\/schema\/logo\/image\/\",\"url\":\"https:\/\/navidor.com\/wp-content\/uploads\/2019\/11\/navider-payment-solutions-website.png\",\"contentUrl\":\"https:\/\/navidor.com\/wp-content\/uploads\/2019\/11\/navider-payment-solutions-website.png\",\"width\":1200,\"height\":600,\"caption\":\"Navidor Payment Solutions\"},\"image\":{\"@id\":\"https:\/\/navidor.com\/fr\/#\/schema\/logo\/image\/\"},\"sameAs\":[\"https:\/\/www.facebook.com\/NavidorPaymentsolutions\/\",\"https:\/\/x.com\/NavidorServices\",\"https:\/\/www.linkedin.com\/company\/navidor-merchant-services\/\",\"https:\/\/www.instagram.com\/navidor.payment.solutions\/\"]}]}<\/script>\n<!-- \/ Yoast SEO plugin. -->","yoast_head_json":{"title":"Support clients - questions fr\u00e9quentes et num\u00e9ros de t\u00e9l\u00e9phone.","description":"Nos clients peuvent trouver les liens dont ils ont besoin pour obtenir de l'aide dans notre section support : FAQ, les contacts importants, support tickets & glossaire.","robots":{"index":"index","follow":"follow","max-snippet":"max-snippet:-1","max-image-preview":"max-image-preview:large","max-video-preview":"max-video-preview:-1"},"canonical":"https:\/\/navidor.com\/fr\/support\/","og_locale":"fr_FR","og_type":"article","og_title":"Support clients - questions fr\u00e9quentes et num\u00e9ros de t\u00e9l\u00e9phone.","og_description":"Nos clients peuvent trouver les liens dont ils ont besoin pour obtenir de l'aide dans notre section support : FAQ, les contacts importants, support tickets & glossaire.","og_url":"https:\/\/navidor.com\/fr\/support\/","og_site_name":"Navidor Payment Solutions","article_publisher":"https:\/\/www.facebook.com\/NavidorPaymentsolutions\/","article_modified_time":"2023-11-24T15:17:21+00:00","og_image":[{"width":215,"height":136,"url":"https:\/\/navidor.com\/wp-content\/uploads\/2023\/08\/navidor-logo-2023-215-2.png","type":"image\/png"}],"twitter_card":"summary_large_image","twitter_site":"@NavidorServices","twitter_misc":{"Dur\u00e9e de lecture estim\u00e9e":"1 minute"},"schema":{"@context":"https:\/\/schema.org","@graph":[{"@type":"WebPage","@id":"https:\/\/navidor.com\/fr\/support\/","url":"https:\/\/navidor.com\/fr\/support\/","name":"Support clients - questions fr\u00e9quentes et num\u00e9ros de t\u00e9l\u00e9phone.","isPartOf":{"@id":"https:\/\/navidor.com\/fr\/#website"},"primaryImageOfPage":{"@id":"https:\/\/navidor.com\/fr\/support\/#primaryimage"},"image":{"@id":"https:\/\/navidor.com\/fr\/support\/#primaryimage"},"thumbnailUrl":"https:\/\/navidor.com\/wp-content\/uploads\/2023\/11\/Navidor_Icons_Support_SupportTicket.jpg","datePublished":"2019-07-26T16:43:37+00:00","dateModified":"2023-11-24T15:17:21+00:00","description":"Nos clients peuvent trouver les liens dont ils ont besoin pour obtenir de l'aide dans notre section support : FAQ, les contacts importants, support tickets & glossaire.","breadcrumb":{"@id":"https:\/\/navidor.com\/fr\/support\/#breadcrumb"},"inLanguage":"fr-FR","potentialAction":[{"@type":"ReadAction","target":["https:\/\/navidor.com\/fr\/support\/"]}]},{"@type":"ImageObject","inLanguage":"fr-FR","@id":"https:\/\/navidor.com\/fr\/support\/#primaryimage","url":"https:\/\/navidor.com\/wp-content\/uploads\/2023\/11\/Navidor_Icons_Support_SupportTicket.jpg","contentUrl":"https:\/\/navidor.com\/wp-content\/uploads\/2023\/11\/Navidor_Icons_Support_SupportTicket.jpg","width":1080,"height":1080},{"@type":"BreadcrumbList","@id":"https:\/\/navidor.com\/fr\/support\/#breadcrumb","itemListElement":[{"@type":"ListItem","position":1,"name":"Navidor","item":"https:\/\/navidor.com\/fr\/"},{"@type":"ListItem","position":2,"name":"Support"}]},{"@type":"WebSite","@id":"https:\/\/navidor.com\/fr\/#website","url":"https:\/\/navidor.com\/fr\/","name":"Navidor Payment Solutions","description":"Payment solutions done right","publisher":{"@id":"https:\/\/navidor.com\/fr\/#organization"},"potentialAction":[{"@type":"SearchAction","target":{"@type":"EntryPoint","urlTemplate":"https:\/\/navidor.com\/fr\/?s={search_term_string}"},"query-input":{"@type":"PropertyValueSpecification","valueRequired":true,"valueName":"search_term_string"}}],"inLanguage":"fr-FR"},{"@type":"Organization","@id":"https:\/\/navidor.com\/fr\/#organization","name":"Navidor Payment Solutions","url":"https:\/\/navidor.com\/fr\/","logo":{"@type":"ImageObject","inLanguage":"fr-FR","@id":"https:\/\/navidor.com\/fr\/#\/schema\/logo\/image\/","url":"https:\/\/navidor.com\/wp-content\/uploads\/2019\/11\/navider-payment-solutions-website.png","contentUrl":"https:\/\/navidor.com\/wp-content\/uploads\/2019\/11\/navider-payment-solutions-website.png","width":1200,"height":600,"caption":"Navidor Payment Solutions"},"image":{"@id":"https:\/\/navidor.com\/fr\/#\/schema\/logo\/image\/"},"sameAs":["https:\/\/www.facebook.com\/NavidorPaymentsolutions\/","https:\/\/x.com\/NavidorServices","https:\/\/www.linkedin.com\/company\/navidor-merchant-services\/","https:\/\/www.instagram.com\/navidor.payment.solutions\/"]}]}},"uagb_featured_image_src":{"full":["https:\/\/navidor.com\/wp-content\/uploads\/2023\/11\/Navidor_Icons_Support_SupportTicket.jpg",1080,1080,false],"thumbnail":["https:\/\/navidor.com\/wp-content\/uploads\/2023\/11\/Navidor_Icons_Support_SupportTicket-150x150.jpg",150,150,true],"medium":["https:\/\/navidor.com\/wp-content\/uploads\/2023\/11\/Navidor_Icons_Support_SupportTicket-300x300.jpg",300,300,true],"medium_large":["https:\/\/navidor.com\/wp-content\/uploads\/2023\/11\/Navidor_Icons_Support_SupportTicket-768x768.jpg",768,768,true],"large":["https:\/\/navidor.com\/wp-content\/uploads\/2023\/11\/Navidor_Icons_Support_SupportTicket-1024x1024.jpg",1020,1020,true],"1536x1536":["https:\/\/navidor.com\/wp-content\/uploads\/2023\/11\/Navidor_Icons_Support_SupportTicket.jpg",1080,1080,false],"2048x2048":["https:\/\/navidor.com\/wp-content\/uploads\/2023\/11\/Navidor_Icons_Support_SupportTicket.jpg",1080,1080,false],"gform-image-choice-sm":["https:\/\/navidor.com\/wp-content\/uploads\/2023\/11\/Navidor_Icons_Support_SupportTicket.jpg",300,300,false],"gform-image-choice-md":["https:\/\/navidor.com\/wp-content\/uploads\/2023\/11\/Navidor_Icons_Support_SupportTicket.jpg",400,400,false],"gform-image-choice-lg":["https:\/\/navidor.com\/wp-content\/uploads\/2023\/11\/Navidor_Icons_Support_SupportTicket.jpg",600,600,false]},"uagb_author_info":{"display_name":"navidor","author_link":"https:\/\/navidor.com\/fr\/author\/navidor\/"},"uagb_comment_info":0,"uagb_excerpt":null,"_links":{"self":[{"href":"https:\/\/navidor.com\/fr\/wp-json\/wp\/v2\/pages\/3052","targetHints":{"allow":["GET"]}}],"collection":[{"href":"https:\/\/navidor.com\/fr\/wp-json\/wp\/v2\/pages"}],"about":[{"href":"https:\/\/navidor.com\/fr\/wp-json\/wp\/v2\/types\/page"}],"author":[{"embeddable":true,"href":"https:\/\/navidor.com\/fr\/wp-json\/wp\/v2\/users\/1"}],"replies":[{"embeddable":true,"href":"https:\/\/navidor.com\/fr\/wp-json\/wp\/v2\/comments?post=3052"}],"version-history":[{"count":5,"href":"https:\/\/navidor.com\/fr\/wp-json\/wp\/v2\/pages\/3052\/revisions"}],"predecessor-version":[{"id":4099,"href":"https:\/\/navidor.com\/fr\/wp-json\/wp\/v2\/pages\/3052\/revisions\/4099"}],"wp:featuredmedia":[{"embeddable":true,"href":"https:\/\/navidor.com\/fr\/wp-json\/wp\/v2\/media\/4090"}],"wp:attachment":[{"href":"https:\/\/navidor.com\/fr\/wp-json\/wp\/v2\/media?parent=3052"}],"curies":[{"name":"wp","href":"https:\/\/api.w.org\/{rel}","templated":true}]}}