{"id":3058,"date":"2019-01-12T18:32:39","date_gmt":"2019-01-12T18:32:39","guid":{"rendered":"https:\/\/navidor.com\/support\/support-contact-information\/"},"modified":"2024-11-21T17:46:51","modified_gmt":"2024-11-21T17:46:51","slug":"numeros-importants","status":"publish","type":"page","link":"https:\/\/navidor.com\/fr\/support\/numeros-importants\/","title":{"rendered":"Num\u00e9ros Importants"},"content":{"rendered":"\n<p>Pour toutes questions, appelez-nous au <a href=\"tel:+18886884542\">1 888-688-4542<\/a>, envoyez-nous un courriel \u00e0 <a href=\"mailto:ticket@navidor.com\">ticket@navidor.com<\/a> ou une demande d&rsquo;assistance en <a href=\"https:\/\/navidor.com\/fr\/support\/create-a-ticket\/\">cliquant ici<\/a>.<\/p>\n\n\n<style>.kt-tabs-id3058_71c8ca-f8 > .kt-tabs-content-wrap > .wp-block-kadence-tab{border-top:4px solid #eeeeee;border-right:4px solid #eeeeee;border-bottom:4px solid #eeeeee;border-left:4px solid #eeeeee;border-top-left-radius:0px;border-top-right-radius:0px;border-bottom-right-radius:0px;border-bottom-left-radius:0px;padding-top:20px;padding-right:20px;padding-bottom:20px;padding-left:20px;min-height:400px;background:#ffffff;}.wp-block-kadence-tabs .kt-tabs-id3058_71c8ca-f8 > .kt-tabs-title-list li{margin-top:0px;margin-right:-4px;margin-bottom:10px;margin-left:0px;}.wp-block-kadence-tabs .kt-tabs-id3058_71c8ca-f8 > .kt-tabs-title-list li .kt-tab-title, .wp-block-kadence-tabs .kt-tabs-id3058_71c8ca-f8 > .kt-tabs-content-wrap > .kt-tabs-accordion-title .kt-tab-title{line-height:1.4em;font-weight:regular;font-style:normal;border-top-width:4px;border-right-width:0px;border-bottom-width:4px;border-left-width:4px;border-top-left-radius:10px;border-top-right-radius:0px;border-bottom-right-radius:0px;border-bottom-left-radius:10px;padding-top:12px;padding-right:8px;padding-bottom:12px;padding-left:8px;border-color:#eeeeee;color:#444444;background:#eeeeee;}.wp-block-kadence-tabs .kt-tabs-id3058_71c8ca-f8 > .kt-tabs-content-wrap > .kt-tabs-accordion-title .kt-tab-title{margin-top:0px;margin-right:-4px;margin-bottom:10px;margin-left:0px;}.wp-block-kadence-tabs .kt-tabs-id3058_71c8ca-f8 > .kt-tabs-title-list li .kt-tab-title:hover, .wp-block-kadence-tabs .kt-tabs-id3058_71c8ca-f8 > .kt-tabs-content-wrap > .kt-tabs-accordion-title .kt-tab-title:hover{border-color:#053679;color:#eeeeee;background:#053679;}.wp-block-kadence-tabs .kt-tabs-id3058_71c8ca-f8 > .kt-tabs-title-list li.kt-tab-title-active .kt-tab-title, .wp-block-kadence-tabs .kt-tabs-id3058_71c8ca-f8 > .kt-tabs-content-wrap > .kt-tabs-accordion-title.kt-tab-title-active .kt-tab-title{border-color:#27acd5;color:#ffffff;background:#27acd5;}@media all and (min-width: 1025px){.wp-block-kadence-tabs .kt-tabs-id3058_71c8ca-f8{display:flex;}.wp-block-kadence-tabs .kt-tabs-id3058_71c8ca-f8 > .kt-tabs-title-list{float:none;width:30%;}.wp-block-kadence-tabs .kt-tabs-id3058_71c8ca-f8 > .kt-tabs-content-wrap{float:none;width:auto;-webkit-flex:1;flex:1;}}@media all and (max-width: 1024px){.kt-tabs-id3058_71c8ca-f8 > .kt-tabs-content-wrap > .wp-block-kadence-tab{border-top:4px solid #eeeeee;border-right:4px solid #eeeeee;border-bottom:4px solid #eeeeee;border-left:4px solid #eeeeee;}}@media all and (min-width: 768px) and (max-width: 1024px){.wp-block-kadence-tabs .kt-tabs-id3058_71c8ca-f8{display:flex;}.wp-block-kadence-tabs .kt-tabs-id3058_71c8ca-f8 > .kt-tabs-title-list{float:none;width:30%;}.wp-block-kadence-tabs .kt-tabs-id3058_71c8ca-f8 > .kt-tabs-content-wrap{float:none;width:auto;-webkit-flex:1;flex:1;}}@media all and (max-width: 767px){.kt-tabs-id3058_71c8ca-f8 > .kt-tabs-content-wrap > .wp-block-kadence-tab{border-top:4px solid #eeeeee;border-right:4px solid #eeeeee;border-bottom:4px solid #eeeeee;border-left:4px solid #eeeeee;}}<\/style>\n<div class=\"wp-block-kadence-tabs alignnone contact-tabs\"><div class=\"kt-tabs-wrap kt-tabs-id3058_71c8ca-f8 kt-tabs-has-5-tabs kt-active-tab-1 kt-tabs-layout-vtabs kt-tabs-tablet-layout-inherit kt-tabs-mobile-layout-accordion kt-tab-alignment-left kt-create-accordion\"><ul class=\"kt-tabs-title-list\"><li id=\"tab-lquipenavidor\" class=\"kt-title-item kt-title-item-1 kt-tabs-svg-show-always kt-tabs-icon-side-right kt-tab-title-active\"><a href=\"#tab-lquipenavidor\" data-tab=\"1\" class=\"kt-tab-title kt-tab-title-1 \"><span class=\"kt-title-text\">L&rsquo;\u00e9quipe Navidor<\/span><\/a><\/li><li id=\"tab-supporttechnique\" class=\"kt-title-item kt-title-item-2 kt-tabs-svg-show-always kt-tabs-icon-side-right kt-tab-title-inactive\"><a href=\"#tab-supporttechnique\" data-tab=\"2\" class=\"kt-tab-title kt-tab-title-2 \"><span class=\"kt-title-text\">Support technique<\/span><\/a><\/li><li id=\"tab-associationsdecartes\" class=\"kt-title-item kt-title-item-3 kt-tabs-svg-show-always kt-tabs-icon-side-right kt-tab-title-inactive\"><a href=\"#tab-associationsdecartes\" data-tab=\"3\" class=\"kt-tab-title kt-tab-title-3 \"><span class=\"kt-title-text\">Associations de cartes<\/span><\/a><\/li><li id=\"tab-numrosdautorisationtouches\" class=\"kt-title-item kt-title-item-4 kt-tabs-svg-show-always kt-tabs-icon-side-right kt-tab-title-inactive\"><a href=\"#tab-numrosdautorisationtouches\" data-tab=\"4\" class=\"kt-tab-title kt-tab-title-4 \"><span class=\"kt-title-text\">Num\u00e9ros d&rsquo;autorisation \u00e0 touches<\/span><\/a><\/li><li id=\"tab-autresnumrosimportants\" class=\"kt-title-item kt-title-item-5 kt-tabs-svg-show-always kt-tabs-icon-side-right kt-tab-title-inactive\"><a href=\"#tab-autresnumrosimportants\" data-tab=\"5\" class=\"kt-tab-title kt-tab-title-5 \"><span class=\"kt-title-text\">Autres num\u00e9ros importants<\/span><\/a><\/li><\/ul><div class=\"kt-tabs-content-wrap\">\n<div class=\"wp-block-kadence-tab kt-tab-inner-content kt-inner-tab-1 kt-inner-tab832f3d-cc\"><div class=\"kt-tab-inner-content-inner\">\n<p class=\"has-text-align-center margin-neg-20 has-very-light-gray-color has-text-color has-background\" style=\"background-color:#27acd5\">Lundi-Vendredi 9h \u2013 18h (EST New York)<\/p>\n\n\n\n<p><strong>T\u00e9l\u00e9phone<\/strong> <a href=\"tel:+18886884542\">1 (888) 688-4542<\/a> Ext 2<br><strong>Service commercial<\/strong>  <a href=\"tel:+18886884542\">1 (888) 688-4542<\/a>  Ext 8<br><strong>Traitement des paiements<\/strong>  <a href=\"tel:+18886884542\">1 (888) 688-4542<\/a>  Ext 2<br><strong>Questions techniques <\/strong> <a href=\"tel:+18886884542\">1 (888) 688-4542<\/a>  Ext 5<br><strong>Support terminaux<\/strong>  <a href=\"tel:+18886884542\">1 (888) 688-4542<\/a>  Ext 5<br><strong>Fax<\/strong> <a href=\"tel:+18638805969\">1 (863) 880-5969<\/a><br><strong>Email<\/strong> <a href=\"mailto:ticket@navidor.com\">ticket@navidor.com<\/a><\/p>\n\n\n\n<div class=\"wp-block-columns has-3-columns is-layout-flex wp-container-core-columns-is-layout-9d6595d7 wp-block-columns-is-layout-flex\">\n<div class=\"wp-block-column is-layout-flow wp-block-column-is-layout-flow\">\n<h4 class=\"wp-block-heading\">USA &#8211; Delaware<\/h4>\n\n\n\n<p>4023 Kennett Pike PMB 50001<br>Wilmington, DE 19807<br>United States<\/p>\n<\/div>\n\n\n\n<div class=\"wp-block-column is-layout-flow wp-block-column-is-layout-flow\">\n<h4 class=\"wp-block-heading\"><\/h4>\n\n\n\n<p><\/p>\n<\/div>\n\n\n\n<div class=\"wp-block-column is-layout-flow wp-block-column-is-layout-flow\">\n<h4 class=\"wp-block-heading\">Contact en France<\/h4>\n\n\n\n<p>T: <a href=\"tel:+33535005663\">+33 (0)5 35 00 56 63<\/a> <\/p>\n<\/div>\n<\/div>\n<\/div><\/div>\n\n\n\n<div class=\"wp-block-kadence-tab kt-tab-inner-content kt-inner-tab-2 kt-inner-taba7b271-87\"><div class=\"kt-tab-inner-content-inner\">\n<h3 class=\"wp-block-heading\">USA<\/h3>\n\n\n\n<h4 class=\"wp-block-heading\">Traitement des paiements avec FTS\/CardConnect<\/h4>\n\n\n\n<p><strong>Omaha (First Data Platform)<\/strong> <a href=\"tel:+18008581166\">1 (800) 228-0210<\/a><br><strong>North (First Data Platform)<\/strong> <a href=\"tel:+18003463315\">1 (800) 346-3315<\/a><br><strong>Memphis (First Data Platform)<\/strong> <a href=\"tel:+18002387675\">1 (800) 238-7675<\/a><br><strong>Vital (First Data Platform)<\/strong> <a href=\"tel:+18008472737\">1 (800) 847-2737<\/a><br><strong>Tsys<\/strong> <a href=\"tel:+18005528227\">1 (800) 552-8227<\/a><\/p>\n\n\n\n<h4 class=\"wp-block-heading\">Traitement des paiements avec Data USA<\/h4>\n\n\n\n<p><strong>Data USA<\/strong> <a href=\"tel:+18002280210\">1 (800) 228-0210<\/a><\/p>\n\n\n\n<h4 class=\"wp-block-heading\">Traitement des paiements avec Worldpay<\/h4>\n\n\n\n<p><strong>WORLDPAY<\/strong> <a href=\"tel:+18006832289\">1 (800) 683-2289<\/a><\/p>\n\n\n\n<h4 class=\"wp-block-heading\">Traitement des paiements avec Elavon<\/h4>\n\n\n\n<p><strong>Support technique<\/strong> <a href=\"tel:+18007251243\">1 (800) 725-1243<\/a> <\/p>\n\n\n\n<h4 class=\"wp-block-heading\">Traitement des paiements avec Vivid<\/h4>\n\n\n\n<p><strong>Support technique<\/strong> <a href=\"tel:+18004960437\">1 (800) 496-0437<\/a>  (ext 2)<\/p>\n\n\n\n<h4 class=\"wp-block-heading\"> Traitement des paiements avec NUVEI USA<\/h4>\n\n\n\n<p><strong>NUVEI USA<\/strong> <a href=\"tel:+18777723346\">1 (877) 772-3346<\/a><\/p>\n\n\n\n<h4 class=\"wp-block-heading\">Traitement des paiements avec Secure Bancard<\/h4>\n\n\n\n<p><strong>Secure Bancard<\/strong> <a href=\"tel:+18002711500\">1 (800) 271-1500<\/a> (option 1)<\/p>\n\n\n\n<h3 class=\"wp-block-heading\">CANADA<\/h3>\n\n\n\n<h4 class=\"wp-block-heading\"> Traitement des paiements avec NUVEI Canada<\/h4>\n\n\n\n<p><strong>NUVEI Canada<\/strong> <a href=\"tel:+18666873722\">1 (866) 687-3722<\/a><\/p>\n\n\n\n<h4 class=\"wp-block-heading\"> Traitement des paiements avec Paylite (Elavon Canada)<\/h4>\n\n\n\n<p><strong>Paylite<\/strong> <a href=\"tel:+18776711635\">1 (877) 671-1635<\/a> <\/p>\n<\/div><\/div>\n\n\n\n<div class=\"wp-block-kadence-tab kt-tab-inner-content kt-inner-tab-3 kt-inner-tab9bc92c-25\"><div class=\"kt-tab-inner-content-inner\">\n<h3 class=\"wp-block-heading\">Num\u00e9ros du service client des associations de cartes<\/h3>\n\n\n\n<p><strong>American Express<\/strong> <a href=\"tel:+18005285200\">1 (800) 528-5200<\/a><br><strong>Discover<\/strong> <a href=\"tel:+18003471111\">1 (800) 347-1111<\/a><br><strong>Diners Club<\/strong> <a href=\"tel:+18005259040\">1 (800) 525-9040<\/a><br><strong>JCB<\/strong> <a href=\"tel:+18003664522\">1 (800) 366-4522<\/a> <\/p>\n<\/div><\/div>\n\n\n\n<div class=\"wp-block-kadence-tab kt-tab-inner-content kt-inner-tab-4 kt-inner-tabddbf79-0a\"><div class=\"kt-tab-inner-content-inner\">\n<h3 class=\"wp-block-heading\">Num\u00e9ros d&rsquo;autorisation \u00e0 touches<\/h3>\n\n\n\n<p><strong>Visa\/MC Touchtone<\/strong> <a href=\"tel:+18002281122\">1 (800) 228-1122<\/a><br><strong>American Exp. Touchtone<\/strong> <a href=\"tel:+18005282121\">1 (800) 528-2121<\/a><br><strong>Discover Touchtone<\/strong> <a href=\"tel:+18003471111\">1 (800) 347-1111 <\/a><\/p>\n<\/div><\/div>\n\n\n\n<div class=\"wp-block-kadence-tab kt-tab-inner-content kt-inner-tab-5 kt-inner-tab0b5377-96\"><div class=\"kt-tab-inner-content-inner\">\n<h3 class=\"wp-block-heading\">Autres num\u00e9ros importants de support technique<\/h3>\n\n\n\n<p><strong>Authorize.net Gateway<\/strong> <a href=\"tel:+18774473938\">1 (877) 447-3938<\/a><br><strong>Cardpointe<\/strong> <a href=\"tel:+18778280720\">1 (877) 828-0720<\/a><br><strong>Clover<\/strong> <a href=\"tel:+18448645449\">1 (844) 864-5449<\/a><br><strong>Dejavoo<\/strong> <a href=\"tel:+18773586797\">1 (877) 358-6797<\/a> (ext 2)<br><strong>Elavon<\/strong> <a href=\"tel:+18003773962\">1 (800) 377-3962<\/a> (option 2, puis 2) <br><strong>Eprocessing Network<\/strong> <a href=\"tel:+18885713678\">1 (888) 571-3678<\/a><br><strong>First Data Chargebacks<\/strong> <a href=\"tel:+18006725008\">1 (800) 672-5008<\/a><br><strong>Paya<\/strong> <a href=\"tel:+18774383249\">1 (877) 438-3249<\/a> <br><strong>Swipe Simple<\/strong> <a href=\"tel:+18006158755\">1 (800) 615-8755<\/a> (option 3)<br><strong>Valor<\/strong> <a href=\"tel:+18006158755\">1 (800) 615-8755<\/a> (option 2)<\/p>\n<\/div><\/div>\n<\/div><\/div><\/div>\n","protected":false},"excerpt":{"rendered":"<p>Pour toutes questions, appelez-nous au 1 888-688-4542, envoyez-nous un courriel \u00e0 ticket@navidor.com ou une demande d&rsquo;assistance en cliquant ici.<\/p>\n","protected":false},"author":1,"featured_media":4084,"parent":3052,"menu_order":0,"comment_status":"closed","ping_status":"closed","template":"page-blank-sub-nav-vertical.php","meta":{"_acf_changed":false,"_uag_custom_page_level_css":"","footnotes":""},"class_list":["post-3058","page","type-page","status-publish","has-post-thumbnail","hentry"],"acf":[],"yoast_head":"<!-- This site is optimized with the Yoast SEO plugin v27.2 - https:\/\/yoast.com\/product\/yoast-seo-wordpress\/ -->\n<title>Num\u00e9ros de t\u00e9l\u00e9phone pour le support technique des clients.<\/title>\n<meta name=\"description\" content=\"Num\u00e9ros importants pour les commer\u00e7ants existants: services d&#039;assistance technique, service carte client, Touchtone Authorization.\" \/>\n<meta name=\"robots\" content=\"index, follow, max-snippet:-1, max-image-preview:large, max-video-preview:-1\" \/>\n<link rel=\"canonical\" href=\"https:\/\/navidor.com\/fr\/support\/numeros-importants\/\" \/>\n<meta property=\"og:locale\" content=\"fr_FR\" \/>\n<meta property=\"og:type\" content=\"article\" \/>\n<meta property=\"og:title\" content=\"Num\u00e9ros de t\u00e9l\u00e9phone pour le support technique des clients.\" \/>\n<meta property=\"og:description\" content=\"Num\u00e9ros importants pour les commer\u00e7ants existants: services d&#039;assistance technique, service carte client, Touchtone Authorization.\" \/>\n<meta property=\"og:url\" content=\"https:\/\/navidor.com\/fr\/support\/numeros-importants\/\" \/>\n<meta property=\"og:site_name\" content=\"Navidor Payment Solutions\" \/>\n<meta property=\"article:publisher\" content=\"https:\/\/www.facebook.com\/NavidorPaymentsolutions\/\" \/>\n<meta property=\"article:modified_time\" content=\"2024-11-21T17:46:51+00:00\" \/>\n<meta property=\"og:image\" content=\"https:\/\/navidor.com\/wp-content\/uploads\/2023\/11\/Navidor_Icons_Support_PhoneNumbers.jpg\" \/>\n\t<meta property=\"og:image:width\" content=\"1080\" \/>\n\t<meta property=\"og:image:height\" content=\"1080\" \/>\n\t<meta property=\"og:image:type\" content=\"image\/jpeg\" \/>\n<meta name=\"twitter:card\" content=\"summary_large_image\" \/>\n<meta name=\"twitter:site\" content=\"@NavidorServices\" \/>\n<meta name=\"twitter:label1\" content=\"Dur\u00e9e de lecture estim\u00e9e\" \/>\n\t<meta name=\"twitter:data1\" content=\"2 minutes\" \/>\n<script type=\"application\/ld+json\" class=\"yoast-schema-graph\">{\"@context\":\"https:\/\/schema.org\",\"@graph\":[{\"@type\":\"WebPage\",\"@id\":\"https:\/\/navidor.com\/fr\/support\/numeros-importants\/\",\"url\":\"https:\/\/navidor.com\/fr\/support\/numeros-importants\/\",\"name\":\"Num\u00e9ros de t\u00e9l\u00e9phone pour le support technique des clients.\",\"isPartOf\":{\"@id\":\"https:\/\/navidor.com\/fr\/#website\"},\"primaryImageOfPage\":{\"@id\":\"https:\/\/navidor.com\/fr\/support\/numeros-importants\/#primaryimage\"},\"image\":{\"@id\":\"https:\/\/navidor.com\/fr\/support\/numeros-importants\/#primaryimage\"},\"thumbnailUrl\":\"https:\/\/navidor.com\/wp-content\/uploads\/2023\/11\/Navidor_Icons_Support_PhoneNumbers.jpg\",\"datePublished\":\"2019-01-12T18:32:39+00:00\",\"dateModified\":\"2024-11-21T17:46:51+00:00\",\"description\":\"Num\u00e9ros importants pour les commer\u00e7ants existants: services d'assistance technique, service carte client, Touchtone Authorization.\",\"breadcrumb\":{\"@id\":\"https:\/\/navidor.com\/fr\/support\/numeros-importants\/#breadcrumb\"},\"inLanguage\":\"fr-FR\",\"potentialAction\":[{\"@type\":\"ReadAction\",\"target\":[\"https:\/\/navidor.com\/fr\/support\/numeros-importants\/\"]}]},{\"@type\":\"ImageObject\",\"inLanguage\":\"fr-FR\",\"@id\":\"https:\/\/navidor.com\/fr\/support\/numeros-importants\/#primaryimage\",\"url\":\"https:\/\/navidor.com\/wp-content\/uploads\/2023\/11\/Navidor_Icons_Support_PhoneNumbers.jpg\",\"contentUrl\":\"https:\/\/navidor.com\/wp-content\/uploads\/2023\/11\/Navidor_Icons_Support_PhoneNumbers.jpg\",\"width\":1080,\"height\":1080},{\"@type\":\"BreadcrumbList\",\"@id\":\"https:\/\/navidor.com\/fr\/support\/numeros-importants\/#breadcrumb\",\"itemListElement\":[{\"@type\":\"ListItem\",\"position\":1,\"name\":\"Navidor\",\"item\":\"https:\/\/navidor.com\/fr\/\"},{\"@type\":\"ListItem\",\"position\":2,\"name\":\"Support\",\"item\":\"https:\/\/navidor.com\/fr\/support\/\"},{\"@type\":\"ListItem\",\"position\":3,\"name\":\"Num\u00e9ros Importants\"}]},{\"@type\":\"WebSite\",\"@id\":\"https:\/\/navidor.com\/fr\/#website\",\"url\":\"https:\/\/navidor.com\/fr\/\",\"name\":\"Navidor Payment Solutions\",\"description\":\"Payment solutions done right\",\"publisher\":{\"@id\":\"https:\/\/navidor.com\/fr\/#organization\"},\"potentialAction\":[{\"@type\":\"SearchAction\",\"target\":{\"@type\":\"EntryPoint\",\"urlTemplate\":\"https:\/\/navidor.com\/fr\/?s={search_term_string}\"},\"query-input\":{\"@type\":\"PropertyValueSpecification\",\"valueRequired\":true,\"valueName\":\"search_term_string\"}}],\"inLanguage\":\"fr-FR\"},{\"@type\":\"Organization\",\"@id\":\"https:\/\/navidor.com\/fr\/#organization\",\"name\":\"Navidor Payment Solutions\",\"url\":\"https:\/\/navidor.com\/fr\/\",\"logo\":{\"@type\":\"ImageObject\",\"inLanguage\":\"fr-FR\",\"@id\":\"https:\/\/navidor.com\/fr\/#\/schema\/logo\/image\/\",\"url\":\"https:\/\/navidor.com\/wp-content\/uploads\/2019\/11\/navider-payment-solutions-website.png\",\"contentUrl\":\"https:\/\/navidor.com\/wp-content\/uploads\/2019\/11\/navider-payment-solutions-website.png\",\"width\":1200,\"height\":600,\"caption\":\"Navidor Payment Solutions\"},\"image\":{\"@id\":\"https:\/\/navidor.com\/fr\/#\/schema\/logo\/image\/\"},\"sameAs\":[\"https:\/\/www.facebook.com\/NavidorPaymentsolutions\/\",\"https:\/\/x.com\/NavidorServices\",\"https:\/\/www.linkedin.com\/company\/navidor-merchant-services\/\",\"https:\/\/www.instagram.com\/navidor.payment.solutions\/\"]}]}<\/script>\n<!-- \/ Yoast SEO plugin. -->","yoast_head_json":{"title":"Num\u00e9ros de t\u00e9l\u00e9phone pour le support technique des clients.","description":"Num\u00e9ros importants pour les commer\u00e7ants existants: services d'assistance technique, service carte client, Touchtone Authorization.","robots":{"index":"index","follow":"follow","max-snippet":"max-snippet:-1","max-image-preview":"max-image-preview:large","max-video-preview":"max-video-preview:-1"},"canonical":"https:\/\/navidor.com\/fr\/support\/numeros-importants\/","og_locale":"fr_FR","og_type":"article","og_title":"Num\u00e9ros de t\u00e9l\u00e9phone pour le support technique des clients.","og_description":"Num\u00e9ros importants pour les commer\u00e7ants existants: services d'assistance technique, service carte client, Touchtone Authorization.","og_url":"https:\/\/navidor.com\/fr\/support\/numeros-importants\/","og_site_name":"Navidor Payment Solutions","article_publisher":"https:\/\/www.facebook.com\/NavidorPaymentsolutions\/","article_modified_time":"2024-11-21T17:46:51+00:00","og_image":[{"width":1080,"height":1080,"url":"https:\/\/navidor.com\/wp-content\/uploads\/2023\/11\/Navidor_Icons_Support_PhoneNumbers.jpg","type":"image\/jpeg"}],"twitter_card":"summary_large_image","twitter_site":"@NavidorServices","twitter_misc":{"Dur\u00e9e de lecture estim\u00e9e":"2 minutes"},"schema":{"@context":"https:\/\/schema.org","@graph":[{"@type":"WebPage","@id":"https:\/\/navidor.com\/fr\/support\/numeros-importants\/","url":"https:\/\/navidor.com\/fr\/support\/numeros-importants\/","name":"Num\u00e9ros de t\u00e9l\u00e9phone pour le support technique des clients.","isPartOf":{"@id":"https:\/\/navidor.com\/fr\/#website"},"primaryImageOfPage":{"@id":"https:\/\/navidor.com\/fr\/support\/numeros-importants\/#primaryimage"},"image":{"@id":"https:\/\/navidor.com\/fr\/support\/numeros-importants\/#primaryimage"},"thumbnailUrl":"https:\/\/navidor.com\/wp-content\/uploads\/2023\/11\/Navidor_Icons_Support_PhoneNumbers.jpg","datePublished":"2019-01-12T18:32:39+00:00","dateModified":"2024-11-21T17:46:51+00:00","description":"Num\u00e9ros importants pour les commer\u00e7ants existants: services d'assistance technique, service carte client, Touchtone Authorization.","breadcrumb":{"@id":"https:\/\/navidor.com\/fr\/support\/numeros-importants\/#breadcrumb"},"inLanguage":"fr-FR","potentialAction":[{"@type":"ReadAction","target":["https:\/\/navidor.com\/fr\/support\/numeros-importants\/"]}]},{"@type":"ImageObject","inLanguage":"fr-FR","@id":"https:\/\/navidor.com\/fr\/support\/numeros-importants\/#primaryimage","url":"https:\/\/navidor.com\/wp-content\/uploads\/2023\/11\/Navidor_Icons_Support_PhoneNumbers.jpg","contentUrl":"https:\/\/navidor.com\/wp-content\/uploads\/2023\/11\/Navidor_Icons_Support_PhoneNumbers.jpg","width":1080,"height":1080},{"@type":"BreadcrumbList","@id":"https:\/\/navidor.com\/fr\/support\/numeros-importants\/#breadcrumb","itemListElement":[{"@type":"ListItem","position":1,"name":"Navidor","item":"https:\/\/navidor.com\/fr\/"},{"@type":"ListItem","position":2,"name":"Support","item":"https:\/\/navidor.com\/fr\/support\/"},{"@type":"ListItem","position":3,"name":"Num\u00e9ros Importants"}]},{"@type":"WebSite","@id":"https:\/\/navidor.com\/fr\/#website","url":"https:\/\/navidor.com\/fr\/","name":"Navidor Payment Solutions","description":"Payment solutions done right","publisher":{"@id":"https:\/\/navidor.com\/fr\/#organization"},"potentialAction":[{"@type":"SearchAction","target":{"@type":"EntryPoint","urlTemplate":"https:\/\/navidor.com\/fr\/?s={search_term_string}"},"query-input":{"@type":"PropertyValueSpecification","valueRequired":true,"valueName":"search_term_string"}}],"inLanguage":"fr-FR"},{"@type":"Organization","@id":"https:\/\/navidor.com\/fr\/#organization","name":"Navidor Payment Solutions","url":"https:\/\/navidor.com\/fr\/","logo":{"@type":"ImageObject","inLanguage":"fr-FR","@id":"https:\/\/navidor.com\/fr\/#\/schema\/logo\/image\/","url":"https:\/\/navidor.com\/wp-content\/uploads\/2019\/11\/navider-payment-solutions-website.png","contentUrl":"https:\/\/navidor.com\/wp-content\/uploads\/2019\/11\/navider-payment-solutions-website.png","width":1200,"height":600,"caption":"Navidor Payment Solutions"},"image":{"@id":"https:\/\/navidor.com\/fr\/#\/schema\/logo\/image\/"},"sameAs":["https:\/\/www.facebook.com\/NavidorPaymentsolutions\/","https:\/\/x.com\/NavidorServices","https:\/\/www.linkedin.com\/company\/navidor-merchant-services\/","https:\/\/www.instagram.com\/navidor.payment.solutions\/"]}]}},"uagb_featured_image_src":{"full":["https:\/\/navidor.com\/wp-content\/uploads\/2023\/11\/Navidor_Icons_Support_PhoneNumbers.jpg",1080,1080,false],"thumbnail":["https:\/\/navidor.com\/wp-content\/uploads\/2023\/11\/Navidor_Icons_Support_PhoneNumbers-150x150.jpg",150,150,true],"medium":["https:\/\/navidor.com\/wp-content\/uploads\/2023\/11\/Navidor_Icons_Support_PhoneNumbers-300x300.jpg",300,300,true],"medium_large":["https:\/\/navidor.com\/wp-content\/uploads\/2023\/11\/Navidor_Icons_Support_PhoneNumbers-768x768.jpg",768,768,true],"large":["https:\/\/navidor.com\/wp-content\/uploads\/2023\/11\/Navidor_Icons_Support_PhoneNumbers-1024x1024.jpg",1020,1020,true],"1536x1536":["https:\/\/navidor.com\/wp-content\/uploads\/2023\/11\/Navidor_Icons_Support_PhoneNumbers.jpg",1080,1080,false],"2048x2048":["https:\/\/navidor.com\/wp-content\/uploads\/2023\/11\/Navidor_Icons_Support_PhoneNumbers.jpg",1080,1080,false],"gform-image-choice-sm":["https:\/\/navidor.com\/wp-content\/uploads\/2023\/11\/Navidor_Icons_Support_PhoneNumbers.jpg",300,300,false],"gform-image-choice-md":["https:\/\/navidor.com\/wp-content\/uploads\/2023\/11\/Navidor_Icons_Support_PhoneNumbers.jpg",400,400,false],"gform-image-choice-lg":["https:\/\/navidor.com\/wp-content\/uploads\/2023\/11\/Navidor_Icons_Support_PhoneNumbers.jpg",600,600,false]},"uagb_author_info":{"display_name":"navidor","author_link":"https:\/\/navidor.com\/fr\/author\/navidor\/"},"uagb_comment_info":0,"uagb_excerpt":"Pour toutes questions, appelez-nous au 1 888-688-4542, envoyez-nous un courriel \u00e0 ticket@navidor.com ou une demande d&rsquo;assistance en cliquant ici.","_links":{"self":[{"href":"https:\/\/navidor.com\/fr\/wp-json\/wp\/v2\/pages\/3058","targetHints":{"allow":["GET"]}}],"collection":[{"href":"https:\/\/navidor.com\/fr\/wp-json\/wp\/v2\/pages"}],"about":[{"href":"https:\/\/navidor.com\/fr\/wp-json\/wp\/v2\/types\/page"}],"author":[{"embeddable":true,"href":"https:\/\/navidor.com\/fr\/wp-json\/wp\/v2\/users\/1"}],"replies":[{"embeddable":true,"href":"https:\/\/navidor.com\/fr\/wp-json\/wp\/v2\/comments?post=3058"}],"version-history":[{"count":14,"href":"https:\/\/navidor.com\/fr\/wp-json\/wp\/v2\/pages\/3058\/revisions"}],"predecessor-version":[{"id":4376,"href":"https:\/\/navidor.com\/fr\/wp-json\/wp\/v2\/pages\/3058\/revisions\/4376"}],"up":[{"embeddable":true,"href":"https:\/\/navidor.com\/fr\/wp-json\/wp\/v2\/pages\/3052"}],"wp:featuredmedia":[{"embeddable":true,"href":"https:\/\/navidor.com\/fr\/wp-json\/wp\/v2\/media\/4084"}],"wp:attachment":[{"href":"https:\/\/navidor.com\/fr\/wp-json\/wp\/v2\/media?parent=3058"}],"curies":[{"name":"wp","href":"https:\/\/api.w.org\/{rel}","templated":true}]}}