{"id":3451,"date":"2021-08-24T11:52:14","date_gmt":"2021-08-24T11:52:14","guid":{"rendered":"https:\/\/navidor.com\/moyens-paiements\/transferts-internationaux\/ofx\/"},"modified":"2021-08-24T19:23:58","modified_gmt":"2021-08-24T19:23:58","slug":"ofx","status":"publish","type":"page","link":"https:\/\/navidor.com\/fr\/moyens-paiements\/transferts-internationaux\/ofx\/","title":{"rendered":"OFX"},"content":{"rendered":"\n<div class=\"wp-block-image\"><figure class=\"alignright size-large\"><a href=\"https:\/\/www.ofx.com\/en-us\/p\/us\/navidor\/?PID=14019\" target=\"_blank\" rel=\"noopener\"><img decoding=\"async\" src=\"https:\/\/www.fxcontent.com\/fx\/images\/content\/zUSDEUR.gif?116436\" alt=\"OFX Exchange rate\"\/><\/a><\/figure><\/div>\n\n\n\n<h2 class=\"has-text-align-left wp-block-heading\">Pourquoi choisir OFX?<\/h2>\n\n\n\n<div style=\"height:20px\" aria-hidden=\"true\" class=\"wp-block-spacer\"><\/div>\n\n\n\n<div class=\"wp-block-columns has-2-columns is-layout-flex wp-container-core-columns-is-layout-9d6595d7 wp-block-columns-is-layout-flex\">\n<div class=\"wp-block-column is-layout-flow wp-block-column-is-layout-flow\">\n<div class=\"wp-block-columns has-2-columns blue-column is-layout-flex wp-container-core-columns-is-layout-9d6595d7 wp-block-columns-is-layout-flex\">\n<div class=\"wp-block-column column-100 is-layout-flow wp-block-column-is-layout-flow\">\n<figure class=\"wp-block-image size-full is-resized\"><img loading=\"lazy\" decoding=\"async\" src=\"https:\/\/navidor.com\/wp-content\/uploads\/2021\/08\/Rapid-delivery.png\" alt=\"\" class=\"wp-image-3401\" width=\"100\" height=\"100\" srcset=\"https:\/\/navidor.com\/wp-content\/uploads\/2021\/08\/Rapid-delivery.png 400w, https:\/\/navidor.com\/wp-content\/uploads\/2021\/08\/Rapid-delivery-300x300.png 300w, https:\/\/navidor.com\/wp-content\/uploads\/2021\/08\/Rapid-delivery-150x150.png 150w\" sizes=\"auto, (max-width: 100px) 100vw, 100px\" \/><\/figure>\n<\/div>\n\n\n\n<div class=\"wp-block-column column-100-flex is-layout-flow wp-block-column-is-layout-flow\">\n<h3 class=\"wp-block-heading\">Transferts rapides et s\u00e9curitaires<\/h3>\n\n\n\n<p>Plus de 150 000 clients \u00e0 travers le monde ont confi\u00e9 \u00e0 OFX un total de $19.4 Milliards en transferts l\u2019an pass\u00e9.<\/p>\n<\/div>\n<\/div>\n<\/div>\n\n\n\n<div class=\"wp-block-column is-layout-flow wp-block-column-is-layout-flow\">\n<div class=\"wp-block-columns has-2-columns is-layout-flex wp-container-core-columns-is-layout-9d6595d7 wp-block-columns-is-layout-flex\">\n<div class=\"wp-block-column column-100 is-layout-flow wp-block-column-is-layout-flow\">\n<figure class=\"wp-block-image size-full is-resized\"><img loading=\"lazy\" decoding=\"async\" src=\"https:\/\/navidor.com\/wp-content\/uploads\/2021\/08\/Better-than-bank-exchange-rates.png\" alt=\"\" class=\"wp-image-3407\" width=\"100\" height=\"100\" srcset=\"https:\/\/navidor.com\/wp-content\/uploads\/2021\/08\/Better-than-bank-exchange-rates.png 400w, https:\/\/navidor.com\/wp-content\/uploads\/2021\/08\/Better-than-bank-exchange-rates-300x300.png 300w, https:\/\/navidor.com\/wp-content\/uploads\/2021\/08\/Better-than-bank-exchange-rates-150x150.png 150w\" sizes=\"auto, (max-width: 100px) 100vw, 100px\" \/><\/figure>\n<\/div>\n\n\n\n<div class=\"wp-block-column column-100-flex is-layout-flow wp-block-column-is-layout-flow\">\n<h3 class=\"wp-block-heading\">Taux de change avantageux<\/h3>\n\n\n\n<p>Les taux de OFX sont plus comp\u00e9titifs que ceux des banques.<\/p>\n<\/div>\n<\/div>\n<\/div>\n<\/div>\n\n\n\n<div class=\"wp-block-columns has-2-columns is-layout-flex wp-container-core-columns-is-layout-9d6595d7 wp-block-columns-is-layout-flex\">\n<div class=\"wp-block-column is-layout-flow wp-block-column-is-layout-flow\">\n<div class=\"wp-block-columns has-2-columns blue-column is-layout-flex wp-container-core-columns-is-layout-9d6595d7 wp-block-columns-is-layout-flex\">\n<div class=\"wp-block-column column-100 is-layout-flow wp-block-column-is-layout-flow\">\n<figure class=\"wp-block-image size-full is-resized\"><img loading=\"lazy\" decoding=\"async\" src=\"https:\/\/navidor.com\/wp-content\/uploads\/2021\/08\/Global-Suppoert-team.png\" alt=\"\" class=\"wp-image-3409\" width=\"100\" height=\"100\" srcset=\"https:\/\/navidor.com\/wp-content\/uploads\/2021\/08\/Global-Suppoert-team.png 400w, https:\/\/navidor.com\/wp-content\/uploads\/2021\/08\/Global-Suppoert-team-300x300.png 300w, https:\/\/navidor.com\/wp-content\/uploads\/2021\/08\/Global-Suppoert-team-150x150.png 150w\" sizes=\"auto, (max-width: 100px) 100vw, 100px\" \/><\/figure>\n<\/div>\n\n\n\n<div class=\"wp-block-column column-100-flex is-layout-flow wp-block-column-is-layout-flow\">\n<h3 class=\"wp-block-heading\">Service client expert<\/h3>\n\n\n\n<p>Des experts du march\u00e9 des devises au bout du fil 24\/7.<\/p>\n<\/div>\n<\/div>\n<\/div>\n\n\n\n<div class=\"wp-block-column is-layout-flow wp-block-column-is-layout-flow\">\n<div class=\"wp-block-columns has-2-columns is-layout-flex wp-container-core-columns-is-layout-9d6595d7 wp-block-columns-is-layout-flex\">\n<div class=\"wp-block-column column-100 is-layout-flow wp-block-column-is-layout-flow\">\n<figure class=\"wp-block-image size-full is-resized\"><img loading=\"lazy\" decoding=\"async\" src=\"https:\/\/navidor.com\/wp-content\/uploads\/2021\/08\/Regulated.png\" alt=\"\" class=\"wp-image-3403\" width=\"100\" height=\"100\" srcset=\"https:\/\/navidor.com\/wp-content\/uploads\/2021\/08\/Regulated.png 400w, https:\/\/navidor.com\/wp-content\/uploads\/2021\/08\/Regulated-300x300.png 300w, https:\/\/navidor.com\/wp-content\/uploads\/2021\/08\/Regulated-150x150.png 150w\" sizes=\"auto, (max-width: 100px) 100vw, 100px\" \/><\/figure>\n<\/div>\n\n\n\n<div class=\"wp-block-column column-100-flex is-layout-flow wp-block-column-is-layout-flow\">\n<h3 class=\"wp-block-heading\">Service r\u00e9glement\u00e9<\/h3>\n\n\n\n<p>OFX est cot\u00e9 sur l\u2019ASX et r\u00e9glement\u00e9s par la FINTRAC au Canada.<\/p>\n<\/div>\n<\/div>\n<\/div>\n<\/div>\n\n\n\n<div class=\"wp-block-columns has-2-columns is-layout-flex wp-container-core-columns-is-layout-9d6595d7 wp-block-columns-is-layout-flex\">\n<div class=\"wp-block-column is-layout-flow wp-block-column-is-layout-flow\">\n<div class=\"wp-block-columns has-2-columns blue-column is-layout-flex wp-container-core-columns-is-layout-9d6595d7 wp-block-columns-is-layout-flex\">\n<div class=\"wp-block-column column-100 is-layout-flow wp-block-column-is-layout-flow\">\n<figure class=\"wp-block-image size-full is-resized\"><img loading=\"lazy\" decoding=\"async\" src=\"https:\/\/navidor.com\/wp-content\/uploads\/2021\/08\/55-currencies-and-counting.png\" alt=\"\" class=\"wp-image-3405\" width=\"100\" height=\"100\" srcset=\"https:\/\/navidor.com\/wp-content\/uploads\/2021\/08\/55-currencies-and-counting.png 400w, https:\/\/navidor.com\/wp-content\/uploads\/2021\/08\/55-currencies-and-counting-300x300.png 300w, https:\/\/navidor.com\/wp-content\/uploads\/2021\/08\/55-currencies-and-counting-150x150.png 150w\" sizes=\"auto, (max-width: 100px) 100vw, 100px\" \/><\/figure>\n<\/div>\n\n\n\n<div class=\"wp-block-column column-100-flex is-layout-flow wp-block-column-is-layout-flow\">\n<h3 class=\"wp-block-heading\">55 devises<\/h3>\n\n\n\n<p>Vous pouvez envoyer de l\u2019argent dans 197 pays, dans toutes les devises majeures et plusieurs exotiques.<\/p>\n<\/div>\n<\/div>\n<\/div>\n\n\n\n<div class=\"wp-block-column is-layout-flow wp-block-column-is-layout-flow\">\n<div class=\"wp-block-columns has-2-columns is-layout-flex wp-container-core-columns-is-layout-9d6595d7 wp-block-columns-is-layout-flex\">\n<div class=\"wp-block-column column-100 is-layout-flow wp-block-column-is-layout-flow\">\n<figure class=\"wp-block-image size-full is-resized\"><img loading=\"lazy\" decoding=\"async\" src=\"https:\/\/navidor.com\/wp-content\/uploads\/2021\/08\/No-OFX-fee.png\" alt=\"\" class=\"wp-image-3411\" width=\"100\" height=\"100\" srcset=\"https:\/\/navidor.com\/wp-content\/uploads\/2021\/08\/No-OFX-fee.png 400w, https:\/\/navidor.com\/wp-content\/uploads\/2021\/08\/No-OFX-fee-300x300.png 300w, https:\/\/navidor.com\/wp-content\/uploads\/2021\/08\/No-OFX-fee-150x150.png 150w\" sizes=\"auto, (max-width: 100px) 100vw, 100px\" \/><\/figure>\n<\/div>\n\n\n\n<div class=\"wp-block-column column-100-flex is-layout-flow wp-block-column-is-layout-flow\">\n<h3 class=\"wp-block-heading\">Aucun frais*<\/h3>\n\n\n\n<p>OFX ne vous chargera aucun frais pour les transferts internationaux.<\/p>\n<\/div>\n<\/div>\n<\/div>\n<\/div>\n\n\n\n<p class=\"cta aligncenter\"><a href=\"https:\/\/www.ofx.com\/en-us\/p\/us\/navidor\/?PID=14019\" target=\"_blank\" rel=\"noreferrer noopener\">Commencez \u00e0 transf\u00e9rer maintenant<\/a><\/p>\n\n\n\n<div style=\"height:50px\" aria-hidden=\"true\" class=\"wp-block-spacer\"><\/div>\n\n\n\n<h2 class=\"has-text-align-center wp-block-heading\">Comment fonctionne OFX?<\/h2>\n\n\n\n<div class=\"wp-block-columns is-layout-flex wp-container-core-columns-is-layout-9d6595d7 wp-block-columns-is-layout-flex\">\n<div class=\"wp-block-column is-layout-flow wp-block-column-is-layout-flow\">\n<div class=\"wp-block-image\"><figure class=\"aligncenter size-full is-resized\"><img loading=\"lazy\" decoding=\"async\" src=\"https:\/\/navidor.com\/wp-content\/uploads\/2021\/08\/OFX_RGB_Calculator.png\" alt=\"\" class=\"wp-image-3413\" width=\"105\" height=\"105\" srcset=\"https:\/\/navidor.com\/wp-content\/uploads\/2021\/08\/OFX_RGB_Calculator.png 418w, https:\/\/navidor.com\/wp-content\/uploads\/2021\/08\/OFX_RGB_Calculator-300x300.png 300w, https:\/\/navidor.com\/wp-content\/uploads\/2021\/08\/OFX_RGB_Calculator-150x150.png 150w\" sizes=\"auto, (max-width: 105px) 100vw, 105px\" \/><\/figure><\/div>\n\n\n\n<h3 class=\"has-text-align-center wp-block-heading\">V\u00e9rifiez le taux<\/h3>\n\n\n\n<p class=\"has-text-align-center\">Taux plus comp\u00e9titifs que les banques.<\/p>\n<\/div>\n\n\n\n<div class=\"wp-block-column is-layout-flow wp-block-column-is-layout-flow\">\n<div class=\"wp-block-image\"><figure class=\"aligncenter size-full is-resized\"><img loading=\"lazy\" decoding=\"async\" src=\"https:\/\/navidor.com\/wp-content\/uploads\/2021\/08\/OFX_RGB_Lock.png\" alt=\"\" class=\"wp-image-3415\" width=\"105\" height=\"104\" srcset=\"https:\/\/navidor.com\/wp-content\/uploads\/2021\/08\/OFX_RGB_Lock.png 418w, https:\/\/navidor.com\/wp-content\/uploads\/2021\/08\/OFX_RGB_Lock-300x300.png 300w, https:\/\/navidor.com\/wp-content\/uploads\/2021\/08\/OFX_RGB_Lock-150x150.png 150w\" sizes=\"auto, (max-width: 105px) 100vw, 105px\" \/><\/figure><\/div>\n\n\n\n<h3 class=\"has-text-align-center wp-block-heading\">Enregistrez un paiement<\/h3>\n\n\n\n<p class=\"has-text-align-center\">Entrez les coordonn\u00e9es bancaires de votre b\u00e9n\u00e9ficiaire et bloquez votre transfert.<\/p>\n<\/div>\n\n\n\n<div class=\"wp-block-column is-layout-flow wp-block-column-is-layout-flow\">\n<div class=\"wp-block-image\"><figure class=\"aligncenter size-full is-resized\"><img loading=\"lazy\" decoding=\"async\" src=\"https:\/\/navidor.com\/wp-content\/uploads\/2021\/08\/OFX_RGB_Transfer-pound.png\" alt=\"\" class=\"wp-image-3417\" width=\"105\" height=\"105\" srcset=\"https:\/\/navidor.com\/wp-content\/uploads\/2021\/08\/OFX_RGB_Transfer-pound.png 418w, https:\/\/navidor.com\/wp-content\/uploads\/2021\/08\/OFX_RGB_Transfer-pound-300x300.png 300w, https:\/\/navidor.com\/wp-content\/uploads\/2021\/08\/OFX_RGB_Transfer-pound-150x150.png 150w\" sizes=\"auto, (max-width: 105px) 100vw, 105px\" \/><\/figure><\/div>\n\n\n\n<h3 class=\"has-text-align-center wp-block-heading\">D\u00e9posez les fonds<\/h3>\n\n\n\n<p class=\"has-text-align-center\">Sur le compte d\u2019OFX dans votre pays.<\/p>\n<\/div>\n<\/div>\n\n\n\n<p class=\"cta aligncenter\"><a href=\"https:\/\/www.ofx.com\/en-us\/p\/us\/navidor\/?PID=14019\" target=\"_blank\" rel=\"noreferrer noopener\">Commencez \u00e0 transf\u00e9rer maintenant<\/a><\/p>\n\n\n\n<div style=\"height:50px\" aria-hidden=\"true\" class=\"wp-block-spacer\"><\/div>\n\n\n\n<figure class=\"wp-block-embed is-type-video is-provider-youtube wp-block-embed-youtube wp-embed-aspect-16-9 wp-has-aspect-ratio\"><div class=\"wp-block-embed__wrapper\">\n<iframe loading=\"lazy\" title=\"Hello. We are OFX.\" width=\"1020\" height=\"574\" src=\"https:\/\/www.youtube.com\/embed\/UhEAORNGlu4?feature=oembed\" frameborder=\"0\" allow=\"accelerometer; autoplay; clipboard-write; encrypted-media; gyroscope; picture-in-picture\" allowfullscreen><\/iframe>\n<\/div><\/figure>\n\n\n\n<p>*Il arrive que certaines banques interm\u00e9diaires d\u00e9duisent des frais de votre transfert avant de payer votre b\u00e9n\u00e9ficiaire. Ces frais peuvent varier et OFX n\u2019en re\u00e7oit aucune portion.<\/p>\n\n\n\n<p><\/p>\n","protected":false},"excerpt":{"rendered":"<p>Navidor a nou\u00e9 un partenariat avec OFX pour aider les particuliers et les entreprises \u00e0 transf\u00e9rer de l&rsquo;argent \u00e0 l&rsquo;\u00e9tranger de mani\u00e8re simple et s\u00e9curis\u00e9e : tarifs pr\u00e9f\u00e9rentiels, frais de transaction \u00e0 0 $*, assistance 24h\/24 et 7j\/7 vers plus de 190 pays et plus de 55 devises.<\/p>\n","protected":false},"author":1,"featured_media":3969,"parent":3041,"menu_order":0,"comment_status":"closed","ping_status":"closed","template":"page-blank-sub-nav-vertical.php","meta":{"_acf_changed":false,"_uag_custom_page_level_css":"","footnotes":""},"class_list":["post-3451","page","type-page","status-publish","has-post-thumbnail","hentry"],"acf":[],"yoast_head":"<!-- This site is optimized with the Yoast SEO plugin v27.2 - https:\/\/yoast.com\/product\/yoast-seo-wordpress\/ -->\n<title>Le transfert d&#039;argent \u00e0 l&#039;\u00e9tranger simple et s\u00e9curis\u00e9 avec OFX<\/title>\n<meta name=\"description\" content=\"Navidor a nou\u00e9 un partenariat avec OFX pour aider les particuliers et les entreprises \u00e0 transf\u00e9rer de l&#039;argent \u00e0 l&#039;\u00e9tranger de mani\u00e8re simple et s\u00e9curis\u00e9e.\" \/>\n<meta name=\"robots\" content=\"index, follow, max-snippet:-1, max-image-preview:large, max-video-preview:-1\" \/>\n<link rel=\"canonical\" href=\"https:\/\/navidor.com\/fr\/moyens-paiements\/transferts-internationaux\/ofx\/\" \/>\n<meta property=\"og:locale\" content=\"fr_FR\" \/>\n<meta property=\"og:type\" content=\"article\" \/>\n<meta property=\"og:title\" content=\"Le transfert d&#039;argent \u00e0 l&#039;\u00e9tranger simple et s\u00e9curis\u00e9 avec OFX\" \/>\n<meta property=\"og:description\" content=\"Navidor a nou\u00e9 un partenariat avec OFX pour aider les particuliers et les entreprises \u00e0 transf\u00e9rer de l&#039;argent \u00e0 l&#039;\u00e9tranger de mani\u00e8re simple et s\u00e9curis\u00e9e.\" \/>\n<meta property=\"og:url\" content=\"https:\/\/navidor.com\/fr\/moyens-paiements\/transferts-internationaux\/ofx\/\" \/>\n<meta property=\"og:site_name\" content=\"Navidor Payment Solutions\" \/>\n<meta property=\"article:publisher\" content=\"https:\/\/www.facebook.com\/NavidorPaymentsolutions\/\" \/>\n<meta property=\"article:modified_time\" content=\"2021-08-24T19:23:58+00:00\" \/>\n<meta property=\"og:image\" content=\"https:\/\/navidor.com\/wp-content\/uploads\/2023\/11\/navidor-payment-solutions-international-transfers.png\" \/>\n\t<meta property=\"og:image:width\" content=\"544\" \/>\n\t<meta property=\"og:image:height\" content=\"382\" \/>\n\t<meta property=\"og:image:type\" content=\"image\/png\" \/>\n<meta name=\"twitter:card\" content=\"summary_large_image\" \/>\n<meta name=\"twitter:site\" content=\"@NavidorServices\" \/>\n<meta name=\"twitter:label1\" content=\"Dur\u00e9e de lecture estim\u00e9e\" \/>\n\t<meta name=\"twitter:data1\" content=\"3 minutes\" \/>\n<script type=\"application\/ld+json\" class=\"yoast-schema-graph\">{\"@context\":\"https:\/\/schema.org\",\"@graph\":[{\"@type\":\"WebPage\",\"@id\":\"https:\/\/navidor.com\/fr\/moyens-paiements\/transferts-internationaux\/ofx\/\",\"url\":\"https:\/\/navidor.com\/fr\/moyens-paiements\/transferts-internationaux\/ofx\/\",\"name\":\"Le transfert d'argent \u00e0 l'\u00e9tranger simple et s\u00e9curis\u00e9 avec OFX\",\"isPartOf\":{\"@id\":\"https:\/\/navidor.com\/fr\/#website\"},\"primaryImageOfPage\":{\"@id\":\"https:\/\/navidor.com\/fr\/moyens-paiements\/transferts-internationaux\/ofx\/#primaryimage\"},\"image\":{\"@id\":\"https:\/\/navidor.com\/fr\/moyens-paiements\/transferts-internationaux\/ofx\/#primaryimage\"},\"thumbnailUrl\":\"https:\/\/navidor.com\/wp-content\/uploads\/2023\/11\/navidor-payment-solutions-international-transfers.png\",\"datePublished\":\"2021-08-24T11:52:14+00:00\",\"dateModified\":\"2021-08-24T19:23:58+00:00\",\"description\":\"Navidor a nou\u00e9 un partenariat avec OFX pour aider les particuliers et les entreprises \u00e0 transf\u00e9rer de l'argent \u00e0 l'\u00e9tranger de mani\u00e8re simple et s\u00e9curis\u00e9e.\",\"breadcrumb\":{\"@id\":\"https:\/\/navidor.com\/fr\/moyens-paiements\/transferts-internationaux\/ofx\/#breadcrumb\"},\"inLanguage\":\"fr-FR\",\"potentialAction\":[{\"@type\":\"ReadAction\",\"target\":[\"https:\/\/navidor.com\/fr\/moyens-paiements\/transferts-internationaux\/ofx\/\"]}]},{\"@type\":\"ImageObject\",\"inLanguage\":\"fr-FR\",\"@id\":\"https:\/\/navidor.com\/fr\/moyens-paiements\/transferts-internationaux\/ofx\/#primaryimage\",\"url\":\"https:\/\/navidor.com\/wp-content\/uploads\/2023\/11\/navidor-payment-solutions-international-transfers.png\",\"contentUrl\":\"https:\/\/navidor.com\/wp-content\/uploads\/2023\/11\/navidor-payment-solutions-international-transfers.png\",\"width\":544,\"height\":382},{\"@type\":\"BreadcrumbList\",\"@id\":\"https:\/\/navidor.com\/fr\/moyens-paiements\/transferts-internationaux\/ofx\/#breadcrumb\",\"itemListElement\":[{\"@type\":\"ListItem\",\"position\":1,\"name\":\"Navidor\",\"item\":\"https:\/\/navidor.com\/fr\/\"},{\"@type\":\"ListItem\",\"position\":2,\"name\":\"Moyens de paiements\",\"item\":\"https:\/\/navidor.com\/fr\/moyens-paiements\/\"},{\"@type\":\"ListItem\",\"position\":3,\"name\":\"Transferts internationaux\",\"item\":\"https:\/\/navidor.com\/fr\/moyens-paiements\/transferts-internationaux\/\"},{\"@type\":\"ListItem\",\"position\":4,\"name\":\"OFX\"}]},{\"@type\":\"WebSite\",\"@id\":\"https:\/\/navidor.com\/fr\/#website\",\"url\":\"https:\/\/navidor.com\/fr\/\",\"name\":\"Navidor Payment Solutions\",\"description\":\"Payment solutions done right\",\"publisher\":{\"@id\":\"https:\/\/navidor.com\/fr\/#organization\"},\"potentialAction\":[{\"@type\":\"SearchAction\",\"target\":{\"@type\":\"EntryPoint\",\"urlTemplate\":\"https:\/\/navidor.com\/fr\/?s={search_term_string}\"},\"query-input\":{\"@type\":\"PropertyValueSpecification\",\"valueRequired\":true,\"valueName\":\"search_term_string\"}}],\"inLanguage\":\"fr-FR\"},{\"@type\":\"Organization\",\"@id\":\"https:\/\/navidor.com\/fr\/#organization\",\"name\":\"Navidor Payment Solutions\",\"url\":\"https:\/\/navidor.com\/fr\/\",\"logo\":{\"@type\":\"ImageObject\",\"inLanguage\":\"fr-FR\",\"@id\":\"https:\/\/navidor.com\/fr\/#\/schema\/logo\/image\/\",\"url\":\"https:\/\/navidor.com\/wp-content\/uploads\/2019\/11\/navider-payment-solutions-website.png\",\"contentUrl\":\"https:\/\/navidor.com\/wp-content\/uploads\/2019\/11\/navider-payment-solutions-website.png\",\"width\":1200,\"height\":600,\"caption\":\"Navidor Payment Solutions\"},\"image\":{\"@id\":\"https:\/\/navidor.com\/fr\/#\/schema\/logo\/image\/\"},\"sameAs\":[\"https:\/\/www.facebook.com\/NavidorPaymentsolutions\/\",\"https:\/\/x.com\/NavidorServices\",\"https:\/\/www.linkedin.com\/company\/navidor-merchant-services\/\",\"https:\/\/www.instagram.com\/navidor.payment.solutions\/\"]}]}<\/script>\n<!-- \/ Yoast SEO plugin. -->","yoast_head_json":{"title":"Le transfert d'argent \u00e0 l'\u00e9tranger simple et s\u00e9curis\u00e9 avec OFX","description":"Navidor a nou\u00e9 un partenariat avec OFX pour aider les particuliers et les entreprises \u00e0 transf\u00e9rer de l'argent \u00e0 l'\u00e9tranger de mani\u00e8re simple et s\u00e9curis\u00e9e.","robots":{"index":"index","follow":"follow","max-snippet":"max-snippet:-1","max-image-preview":"max-image-preview:large","max-video-preview":"max-video-preview:-1"},"canonical":"https:\/\/navidor.com\/fr\/moyens-paiements\/transferts-internationaux\/ofx\/","og_locale":"fr_FR","og_type":"article","og_title":"Le transfert d'argent \u00e0 l'\u00e9tranger simple et s\u00e9curis\u00e9 avec OFX","og_description":"Navidor a nou\u00e9 un partenariat avec OFX pour aider les particuliers et les entreprises \u00e0 transf\u00e9rer de l'argent \u00e0 l'\u00e9tranger de mani\u00e8re simple et s\u00e9curis\u00e9e.","og_url":"https:\/\/navidor.com\/fr\/moyens-paiements\/transferts-internationaux\/ofx\/","og_site_name":"Navidor Payment Solutions","article_publisher":"https:\/\/www.facebook.com\/NavidorPaymentsolutions\/","article_modified_time":"2021-08-24T19:23:58+00:00","og_image":[{"width":544,"height":382,"url":"https:\/\/navidor.com\/wp-content\/uploads\/2023\/11\/navidor-payment-solutions-international-transfers.png","type":"image\/png"}],"twitter_card":"summary_large_image","twitter_site":"@NavidorServices","twitter_misc":{"Dur\u00e9e de lecture estim\u00e9e":"3 minutes"},"schema":{"@context":"https:\/\/schema.org","@graph":[{"@type":"WebPage","@id":"https:\/\/navidor.com\/fr\/moyens-paiements\/transferts-internationaux\/ofx\/","url":"https:\/\/navidor.com\/fr\/moyens-paiements\/transferts-internationaux\/ofx\/","name":"Le transfert d'argent \u00e0 l'\u00e9tranger simple et s\u00e9curis\u00e9 avec OFX","isPartOf":{"@id":"https:\/\/navidor.com\/fr\/#website"},"primaryImageOfPage":{"@id":"https:\/\/navidor.com\/fr\/moyens-paiements\/transferts-internationaux\/ofx\/#primaryimage"},"image":{"@id":"https:\/\/navidor.com\/fr\/moyens-paiements\/transferts-internationaux\/ofx\/#primaryimage"},"thumbnailUrl":"https:\/\/navidor.com\/wp-content\/uploads\/2023\/11\/navidor-payment-solutions-international-transfers.png","datePublished":"2021-08-24T11:52:14+00:00","dateModified":"2021-08-24T19:23:58+00:00","description":"Navidor a nou\u00e9 un partenariat avec OFX pour aider les particuliers et les entreprises \u00e0 transf\u00e9rer de l'argent \u00e0 l'\u00e9tranger de mani\u00e8re simple et s\u00e9curis\u00e9e.","breadcrumb":{"@id":"https:\/\/navidor.com\/fr\/moyens-paiements\/transferts-internationaux\/ofx\/#breadcrumb"},"inLanguage":"fr-FR","potentialAction":[{"@type":"ReadAction","target":["https:\/\/navidor.com\/fr\/moyens-paiements\/transferts-internationaux\/ofx\/"]}]},{"@type":"ImageObject","inLanguage":"fr-FR","@id":"https:\/\/navidor.com\/fr\/moyens-paiements\/transferts-internationaux\/ofx\/#primaryimage","url":"https:\/\/navidor.com\/wp-content\/uploads\/2023\/11\/navidor-payment-solutions-international-transfers.png","contentUrl":"https:\/\/navidor.com\/wp-content\/uploads\/2023\/11\/navidor-payment-solutions-international-transfers.png","width":544,"height":382},{"@type":"BreadcrumbList","@id":"https:\/\/navidor.com\/fr\/moyens-paiements\/transferts-internationaux\/ofx\/#breadcrumb","itemListElement":[{"@type":"ListItem","position":1,"name":"Navidor","item":"https:\/\/navidor.com\/fr\/"},{"@type":"ListItem","position":2,"name":"Moyens de paiements","item":"https:\/\/navidor.com\/fr\/moyens-paiements\/"},{"@type":"ListItem","position":3,"name":"Transferts internationaux","item":"https:\/\/navidor.com\/fr\/moyens-paiements\/transferts-internationaux\/"},{"@type":"ListItem","position":4,"name":"OFX"}]},{"@type":"WebSite","@id":"https:\/\/navidor.com\/fr\/#website","url":"https:\/\/navidor.com\/fr\/","name":"Navidor Payment Solutions","description":"Payment solutions done right","publisher":{"@id":"https:\/\/navidor.com\/fr\/#organization"},"potentialAction":[{"@type":"SearchAction","target":{"@type":"EntryPoint","urlTemplate":"https:\/\/navidor.com\/fr\/?s={search_term_string}"},"query-input":{"@type":"PropertyValueSpecification","valueRequired":true,"valueName":"search_term_string"}}],"inLanguage":"fr-FR"},{"@type":"Organization","@id":"https:\/\/navidor.com\/fr\/#organization","name":"Navidor Payment Solutions","url":"https:\/\/navidor.com\/fr\/","logo":{"@type":"ImageObject","inLanguage":"fr-FR","@id":"https:\/\/navidor.com\/fr\/#\/schema\/logo\/image\/","url":"https:\/\/navidor.com\/wp-content\/uploads\/2019\/11\/navider-payment-solutions-website.png","contentUrl":"https:\/\/navidor.com\/wp-content\/uploads\/2019\/11\/navider-payment-solutions-website.png","width":1200,"height":600,"caption":"Navidor Payment Solutions"},"image":{"@id":"https:\/\/navidor.com\/fr\/#\/schema\/logo\/image\/"},"sameAs":["https:\/\/www.facebook.com\/NavidorPaymentsolutions\/","https:\/\/x.com\/NavidorServices","https:\/\/www.linkedin.com\/company\/navidor-merchant-services\/","https:\/\/www.instagram.com\/navidor.payment.solutions\/"]}]}},"uagb_featured_image_src":{"full":["https:\/\/navidor.com\/wp-content\/uploads\/2023\/11\/navidor-payment-solutions-international-transfers.png",544,382,false],"thumbnail":["https:\/\/navidor.com\/wp-content\/uploads\/2023\/11\/navidor-payment-solutions-international-transfers-150x150.png",150,150,true],"medium":["https:\/\/navidor.com\/wp-content\/uploads\/2023\/11\/navidor-payment-solutions-international-transfers-300x211.png",300,211,true],"medium_large":["https:\/\/navidor.com\/wp-content\/uploads\/2023\/11\/navidor-payment-solutions-international-transfers.png",544,382,false],"large":["https:\/\/navidor.com\/wp-content\/uploads\/2023\/11\/navidor-payment-solutions-international-transfers.png",544,382,false],"1536x1536":["https:\/\/navidor.com\/wp-content\/uploads\/2023\/11\/navidor-payment-solutions-international-transfers.png",544,382,false],"2048x2048":["https:\/\/navidor.com\/wp-content\/uploads\/2023\/11\/navidor-payment-solutions-international-transfers.png",544,382,false],"gform-image-choice-sm":["https:\/\/navidor.com\/wp-content\/uploads\/2023\/11\/navidor-payment-solutions-international-transfers.png",300,211,false],"gform-image-choice-md":["https:\/\/navidor.com\/wp-content\/uploads\/2023\/11\/navidor-payment-solutions-international-transfers.png",400,281,false],"gform-image-choice-lg":["https:\/\/navidor.com\/wp-content\/uploads\/2023\/11\/navidor-payment-solutions-international-transfers.png",544,382,false]},"uagb_author_info":{"display_name":"navidor","author_link":"https:\/\/navidor.com\/fr\/author\/navidor\/"},"uagb_comment_info":0,"uagb_excerpt":"Navidor a nou\u00e9 un partenariat avec OFX pour aider les particuliers et les entreprises \u00e0 transf\u00e9rer de l'argent \u00e0 l'\u00e9tranger de mani\u00e8re simple et s\u00e9curis\u00e9e : tarifs pr\u00e9f\u00e9rentiels, frais de transaction \u00e0 0 $*, assistance 24h\/24 et 7j\/7 vers plus de 190 pays et plus de 55 devises.","_links":{"self":[{"href":"https:\/\/navidor.com\/fr\/wp-json\/wp\/v2\/pages\/3451","targetHints":{"allow":["GET"]}}],"collection":[{"href":"https:\/\/navidor.com\/fr\/wp-json\/wp\/v2\/pages"}],"about":[{"href":"https:\/\/navidor.com\/fr\/wp-json\/wp\/v2\/types\/page"}],"author":[{"embeddable":true,"href":"https:\/\/navidor.com\/fr\/wp-json\/wp\/v2\/users\/1"}],"replies":[{"embeddable":true,"href":"https:\/\/navidor.com\/fr\/wp-json\/wp\/v2\/comments?post=3451"}],"version-history":[{"count":4,"href":"https:\/\/navidor.com\/fr\/wp-json\/wp\/v2\/pages\/3451\/revisions"}],"predecessor-version":[{"id":3460,"href":"https:\/\/navidor.com\/fr\/wp-json\/wp\/v2\/pages\/3451\/revisions\/3460"}],"up":[{"embeddable":true,"href":"https:\/\/navidor.com\/fr\/wp-json\/wp\/v2\/pages\/3041"}],"wp:featuredmedia":[{"embeddable":true,"href":"https:\/\/navidor.com\/fr\/wp-json\/wp\/v2\/media\/3969"}],"wp:attachment":[{"href":"https:\/\/navidor.com\/fr\/wp-json\/wp\/v2\/media?parent=3451"}],"curies":[{"name":"wp","href":"https:\/\/api.w.org\/{rel}","templated":true}]}}