{"id":4311,"date":"2024-04-17T18:17:12","date_gmt":"2024-04-17T18:17:12","guid":{"rendered":"https:\/\/navidor.com\/services\/3d-secure\/"},"modified":"2024-11-13T16:55:43","modified_gmt":"2024-11-13T16:55:43","slug":"3d-secure","status":"publish","type":"page","link":"https:\/\/navidor.com\/fr\/services\/3d-secure\/","title":{"rendered":"EMV- 3D secure"},"content":{"rendered":"\n<figure class=\"wp-block-image alignright size-medium is-resized\"><img loading=\"lazy\" decoding=\"async\" width=\"510\" height=\"382\" src=\"https:\/\/navidor.com\/wp-content\/uploads\/2024\/11\/navidor-payment-solutions-services-3d-secure-edited.png\" alt=\"3d Secure\" class=\"wp-image-4269\" style=\"width:325px\" srcset=\"https:\/\/navidor.com\/wp-content\/uploads\/2024\/11\/navidor-payment-solutions-services-3d-secure-edited.png 510w, https:\/\/navidor.com\/wp-content\/uploads\/2024\/11\/navidor-payment-solutions-services-3d-secure-edited-300x225.png 300w\" sizes=\"auto, (max-width: 510px) 100vw, 510px\" \/><\/figure>\n\n\n\n<p>3D Secure (3DS) est une solution permettant de s\u00e9curiser les transactions par cartes bancaires dans un environnement E-commerce ou via des liens de paiement. <\/p>\n\n\n\n<p>Elle est con\u00e7ue pour garantir au commer\u00e7ant qu\u2019un achat est effectu\u00e9 par le titulaire l\u00e9gitime de la carte.<\/p>\n\n\n\n<h2 class=\"wp-block-heading\"><strong>Fonctionnement :<\/strong><\/h2>\n\n\n\n<p>Le 3D Secure (3DS) renforce la s\u00e9curit\u00e9 des transactions en ligne en prenant en compte le comportement habituel du titulaire de la carte. <\/p>\n\n\n\n<p>Le syst\u00e8me effectue des v\u00e9rifications en arri\u00e8re-plan et ne d\u00e9clenche une demande d\u2019authentification que lorsqu&rsquo;il d\u00e9tecte des \u00e9l\u00e9ments inhabituels, comme une adresse IP inconnue, un nouvel ordinateur ou t\u00e9l\u00e9phone, ou encore un montant de <span class='tooltipsall tooltip_post_id_1041 classtoolTips1041'>transaction<\/span> atypique. <\/p>\n\n\n\n<p>Cela garantit que les v\u00e9rifications suppl\u00e9mentaires sont effectu\u00e9es qu\u2019en cas de besoin r\u00e9el, facilitant ainsi le processus pour des transactions usuelles. Lorsque l&rsquo;authentification suppl\u00e9mentaire est requise, le titulaire re\u00e7oit g\u00e9n\u00e9ralement un code unique par SMS\/email ou une invitation \u00e0 fournir une empreinte digitale, etc.<\/p>\n\n\n\n<h2 class=\"wp-block-heading\"><strong>Avantages du 3D Secure :<\/strong><\/h2>\n\n\n\n<ul class=\"wp-block-list\">\n<li><strong>S\u00e9curit\u00e9 renforc\u00e9e :<\/strong> 3D Secure ajoute une protection suppl\u00e9mentaire pour les commer\u00e7ants, en requ\u00e9rant une authentification additionnelle de la part des titulaires de cartes, r\u00e9duisant le risque de transactions non autoris\u00e9es et de fraude en ligne.<\/li>\n\n\n\n<li><strong>Pr\u00e9vention de la fraude <\/strong>: Gr\u00e2ce \u00e0 cette v\u00e9rification, la solution 3D Secure aide \u00e0 pr\u00e9venir les transactions frauduleuses, prot\u00e9geant ainsi les commer\u00e7ants contre les disputes de paiement. Elle prot\u00e8ge dans le m\u00eame temps les titulaires de cartes contre l\u2019utilisation non autoris\u00e9e de leurs cartes.<\/li>\n\n\n\n<li><strong>Pr\u00e9vention des disputes de paiement <\/strong>: Prot\u00e8ge les commer\u00e7ants et les titulaires de cartes contre les litiges li\u00e9s \u00e0 la fraude.<\/li>\n\n\n\n<li><strong>Confiance accrue des consommateurs <\/strong>: Rassure les titulaires de cartes gr\u00e2ce \u00e0 une s\u00e9curit\u00e9 renforc\u00e9e.<\/li>\n\n\n\n<li><strong>Transactions simplifi\u00e9es<\/strong> : R\u00e9duit les frictions pour les achats l\u00e9gitimes.<\/li>\n\n\n\n<li><strong>Acceptation internationale <\/strong>: Largement adopt\u00e9e dans diverses r\u00e9gions et par de nombreux commer\u00e7ants.<\/li>\n<\/ul>\n\n\n\n<p><strong>3D Secure offre une protection flexible et conviviale, assurant une exp\u00e9rience en ligne s\u00e9curis\u00e9e et efficace.<\/strong><\/p>\n\n\n\r\n<div id=\"cta-block_c9228d873bad07f47274a14cbcbeda5d\" class=\"cta iminterested aligncenter\">\r\n    <a href=\"#\">En savoir plus ici<\/a>\r\n<\/div>","protected":false},"excerpt":{"rendered":"<p>La protection suppl\u00e9mentaire contre la fraude <\/p>\n","protected":false},"author":1,"featured_media":4030,"parent":3046,"menu_order":0,"comment_status":"closed","ping_status":"closed","template":"page-blank-sub-nav-vertical.php","meta":{"_acf_changed":false,"_uag_custom_page_level_css":"","footnotes":""},"class_list":["post-4311","page","type-page","status-publish","has-post-thumbnail","hentry"],"acf":[],"yoast_head":"<!-- This site is optimized with the Yoast SEO plugin v27.2 - https:\/\/yoast.com\/product\/yoast-seo-wordpress\/ -->\n<title>EMV- 3D secure - Navidor Payment Solutions<\/title>\n<meta name=\"robots\" content=\"index, follow, max-snippet:-1, max-image-preview:large, max-video-preview:-1\" \/>\n<link rel=\"canonical\" href=\"https:\/\/navidor.com\/fr\/services\/3d-secure\/\" \/>\n<meta property=\"og:locale\" content=\"fr_FR\" \/>\n<meta property=\"og:type\" content=\"article\" \/>\n<meta property=\"og:title\" content=\"EMV- 3D secure - Navidor Payment Solutions\" \/>\n<meta property=\"og:description\" content=\"La protection suppl\u00e9mentaire contre la fraude\" \/>\n<meta property=\"og:url\" content=\"https:\/\/navidor.com\/fr\/services\/3d-secure\/\" \/>\n<meta property=\"og:site_name\" content=\"Navidor Payment Solutions\" \/>\n<meta property=\"article:publisher\" content=\"https:\/\/www.facebook.com\/NavidorPaymentsolutions\/\" \/>\n<meta property=\"article:modified_time\" content=\"2024-11-13T16:55:43+00:00\" \/>\n<meta property=\"og:image\" content=\"https:\/\/navidor.com\/wp-content\/uploads\/2023\/11\/navidor-payment-solutions-services-3d-secure.png\" \/>\n\t<meta property=\"og:image:width\" content=\"544\" \/>\n\t<meta property=\"og:image:height\" content=\"382\" \/>\n\t<meta property=\"og:image:type\" content=\"image\/png\" \/>\n<meta name=\"twitter:card\" content=\"summary_large_image\" \/>\n<meta name=\"twitter:site\" content=\"@NavidorServices\" \/>\n<meta name=\"twitter:label1\" content=\"Dur\u00e9e de lecture estim\u00e9e\" \/>\n\t<meta name=\"twitter:data1\" content=\"2 minutes\" \/>\n<script type=\"application\/ld+json\" class=\"yoast-schema-graph\">{\"@context\":\"https:\/\/schema.org\",\"@graph\":[{\"@type\":\"WebPage\",\"@id\":\"https:\/\/navidor.com\/fr\/services\/3d-secure\/\",\"url\":\"https:\/\/navidor.com\/fr\/services\/3d-secure\/\",\"name\":\"EMV- 3D secure - Navidor Payment Solutions\",\"isPartOf\":{\"@id\":\"https:\/\/navidor.com\/fr\/#website\"},\"primaryImageOfPage\":{\"@id\":\"https:\/\/navidor.com\/fr\/services\/3d-secure\/#primaryimage\"},\"image\":{\"@id\":\"https:\/\/navidor.com\/fr\/services\/3d-secure\/#primaryimage\"},\"thumbnailUrl\":\"https:\/\/navidor.com\/wp-content\/uploads\/2023\/11\/navidor-payment-solutions-services-3d-secure.png\",\"datePublished\":\"2024-04-17T18:17:12+00:00\",\"dateModified\":\"2024-11-13T16:55:43+00:00\",\"breadcrumb\":{\"@id\":\"https:\/\/navidor.com\/fr\/services\/3d-secure\/#breadcrumb\"},\"inLanguage\":\"fr-FR\",\"potentialAction\":[{\"@type\":\"ReadAction\",\"target\":[\"https:\/\/navidor.com\/fr\/services\/3d-secure\/\"]}]},{\"@type\":\"ImageObject\",\"inLanguage\":\"fr-FR\",\"@id\":\"https:\/\/navidor.com\/fr\/services\/3d-secure\/#primaryimage\",\"url\":\"https:\/\/navidor.com\/wp-content\/uploads\/2023\/11\/navidor-payment-solutions-services-3d-secure.png\",\"contentUrl\":\"https:\/\/navidor.com\/wp-content\/uploads\/2023\/11\/navidor-payment-solutions-services-3d-secure.png\",\"width\":544,\"height\":382},{\"@type\":\"BreadcrumbList\",\"@id\":\"https:\/\/navidor.com\/fr\/services\/3d-secure\/#breadcrumb\",\"itemListElement\":[{\"@type\":\"ListItem\",\"position\":1,\"name\":\"Navidor\",\"item\":\"https:\/\/navidor.com\/fr\/\"},{\"@type\":\"ListItem\",\"position\":2,\"name\":\"Services\",\"item\":\"https:\/\/navidor.com\/fr\/services\/\"},{\"@type\":\"ListItem\",\"position\":3,\"name\":\"EMV- 3D secure\"}]},{\"@type\":\"WebSite\",\"@id\":\"https:\/\/navidor.com\/fr\/#website\",\"url\":\"https:\/\/navidor.com\/fr\/\",\"name\":\"Navidor Payment Solutions\",\"description\":\"Payment solutions done right\",\"publisher\":{\"@id\":\"https:\/\/navidor.com\/fr\/#organization\"},\"potentialAction\":[{\"@type\":\"SearchAction\",\"target\":{\"@type\":\"EntryPoint\",\"urlTemplate\":\"https:\/\/navidor.com\/fr\/?s={search_term_string}\"},\"query-input\":{\"@type\":\"PropertyValueSpecification\",\"valueRequired\":true,\"valueName\":\"search_term_string\"}}],\"inLanguage\":\"fr-FR\"},{\"@type\":\"Organization\",\"@id\":\"https:\/\/navidor.com\/fr\/#organization\",\"name\":\"Navidor Payment Solutions\",\"url\":\"https:\/\/navidor.com\/fr\/\",\"logo\":{\"@type\":\"ImageObject\",\"inLanguage\":\"fr-FR\",\"@id\":\"https:\/\/navidor.com\/fr\/#\/schema\/logo\/image\/\",\"url\":\"https:\/\/navidor.com\/wp-content\/uploads\/2019\/11\/navider-payment-solutions-website.png\",\"contentUrl\":\"https:\/\/navidor.com\/wp-content\/uploads\/2019\/11\/navider-payment-solutions-website.png\",\"width\":1200,\"height\":600,\"caption\":\"Navidor Payment Solutions\"},\"image\":{\"@id\":\"https:\/\/navidor.com\/fr\/#\/schema\/logo\/image\/\"},\"sameAs\":[\"https:\/\/www.facebook.com\/NavidorPaymentsolutions\/\",\"https:\/\/x.com\/NavidorServices\",\"https:\/\/www.linkedin.com\/company\/navidor-merchant-services\/\",\"https:\/\/www.instagram.com\/navidor.payment.solutions\/\"]}]}<\/script>\n<!-- \/ Yoast SEO plugin. -->","yoast_head_json":{"title":"EMV- 3D secure - Navidor Payment Solutions","robots":{"index":"index","follow":"follow","max-snippet":"max-snippet:-1","max-image-preview":"max-image-preview:large","max-video-preview":"max-video-preview:-1"},"canonical":"https:\/\/navidor.com\/fr\/services\/3d-secure\/","og_locale":"fr_FR","og_type":"article","og_title":"EMV- 3D secure - Navidor Payment Solutions","og_description":"La protection suppl\u00e9mentaire contre la fraude","og_url":"https:\/\/navidor.com\/fr\/services\/3d-secure\/","og_site_name":"Navidor Payment Solutions","article_publisher":"https:\/\/www.facebook.com\/NavidorPaymentsolutions\/","article_modified_time":"2024-11-13T16:55:43+00:00","og_image":[{"width":544,"height":382,"url":"https:\/\/navidor.com\/wp-content\/uploads\/2023\/11\/navidor-payment-solutions-services-3d-secure.png","type":"image\/png"}],"twitter_card":"summary_large_image","twitter_site":"@NavidorServices","twitter_misc":{"Dur\u00e9e de lecture estim\u00e9e":"2 minutes"},"schema":{"@context":"https:\/\/schema.org","@graph":[{"@type":"WebPage","@id":"https:\/\/navidor.com\/fr\/services\/3d-secure\/","url":"https:\/\/navidor.com\/fr\/services\/3d-secure\/","name":"EMV- 3D secure - Navidor Payment Solutions","isPartOf":{"@id":"https:\/\/navidor.com\/fr\/#website"},"primaryImageOfPage":{"@id":"https:\/\/navidor.com\/fr\/services\/3d-secure\/#primaryimage"},"image":{"@id":"https:\/\/navidor.com\/fr\/services\/3d-secure\/#primaryimage"},"thumbnailUrl":"https:\/\/navidor.com\/wp-content\/uploads\/2023\/11\/navidor-payment-solutions-services-3d-secure.png","datePublished":"2024-04-17T18:17:12+00:00","dateModified":"2024-11-13T16:55:43+00:00","breadcrumb":{"@id":"https:\/\/navidor.com\/fr\/services\/3d-secure\/#breadcrumb"},"inLanguage":"fr-FR","potentialAction":[{"@type":"ReadAction","target":["https:\/\/navidor.com\/fr\/services\/3d-secure\/"]}]},{"@type":"ImageObject","inLanguage":"fr-FR","@id":"https:\/\/navidor.com\/fr\/services\/3d-secure\/#primaryimage","url":"https:\/\/navidor.com\/wp-content\/uploads\/2023\/11\/navidor-payment-solutions-services-3d-secure.png","contentUrl":"https:\/\/navidor.com\/wp-content\/uploads\/2023\/11\/navidor-payment-solutions-services-3d-secure.png","width":544,"height":382},{"@type":"BreadcrumbList","@id":"https:\/\/navidor.com\/fr\/services\/3d-secure\/#breadcrumb","itemListElement":[{"@type":"ListItem","position":1,"name":"Navidor","item":"https:\/\/navidor.com\/fr\/"},{"@type":"ListItem","position":2,"name":"Services","item":"https:\/\/navidor.com\/fr\/services\/"},{"@type":"ListItem","position":3,"name":"EMV- 3D secure"}]},{"@type":"WebSite","@id":"https:\/\/navidor.com\/fr\/#website","url":"https:\/\/navidor.com\/fr\/","name":"Navidor Payment Solutions","description":"Payment solutions done right","publisher":{"@id":"https:\/\/navidor.com\/fr\/#organization"},"potentialAction":[{"@type":"SearchAction","target":{"@type":"EntryPoint","urlTemplate":"https:\/\/navidor.com\/fr\/?s={search_term_string}"},"query-input":{"@type":"PropertyValueSpecification","valueRequired":true,"valueName":"search_term_string"}}],"inLanguage":"fr-FR"},{"@type":"Organization","@id":"https:\/\/navidor.com\/fr\/#organization","name":"Navidor Payment Solutions","url":"https:\/\/navidor.com\/fr\/","logo":{"@type":"ImageObject","inLanguage":"fr-FR","@id":"https:\/\/navidor.com\/fr\/#\/schema\/logo\/image\/","url":"https:\/\/navidor.com\/wp-content\/uploads\/2019\/11\/navider-payment-solutions-website.png","contentUrl":"https:\/\/navidor.com\/wp-content\/uploads\/2019\/11\/navider-payment-solutions-website.png","width":1200,"height":600,"caption":"Navidor Payment Solutions"},"image":{"@id":"https:\/\/navidor.com\/fr\/#\/schema\/logo\/image\/"},"sameAs":["https:\/\/www.facebook.com\/NavidorPaymentsolutions\/","https:\/\/x.com\/NavidorServices","https:\/\/www.linkedin.com\/company\/navidor-merchant-services\/","https:\/\/www.instagram.com\/navidor.payment.solutions\/"]}]}},"uagb_featured_image_src":{"full":["https:\/\/navidor.com\/wp-content\/uploads\/2023\/11\/navidor-payment-solutions-services-3d-secure.png",544,382,false],"thumbnail":["https:\/\/navidor.com\/wp-content\/uploads\/2023\/11\/navidor-payment-solutions-services-3d-secure-150x150.png",150,150,true],"medium":["https:\/\/navidor.com\/wp-content\/uploads\/2023\/11\/navidor-payment-solutions-services-3d-secure-300x211.png",300,211,true],"medium_large":["https:\/\/navidor.com\/wp-content\/uploads\/2023\/11\/navidor-payment-solutions-services-3d-secure.png",544,382,false],"large":["https:\/\/navidor.com\/wp-content\/uploads\/2023\/11\/navidor-payment-solutions-services-3d-secure.png",544,382,false],"1536x1536":["https:\/\/navidor.com\/wp-content\/uploads\/2023\/11\/navidor-payment-solutions-services-3d-secure.png",544,382,false],"2048x2048":["https:\/\/navidor.com\/wp-content\/uploads\/2023\/11\/navidor-payment-solutions-services-3d-secure.png",544,382,false],"gform-image-choice-sm":["https:\/\/navidor.com\/wp-content\/uploads\/2023\/11\/navidor-payment-solutions-services-3d-secure.png",300,211,false],"gform-image-choice-md":["https:\/\/navidor.com\/wp-content\/uploads\/2023\/11\/navidor-payment-solutions-services-3d-secure.png",400,281,false],"gform-image-choice-lg":["https:\/\/navidor.com\/wp-content\/uploads\/2023\/11\/navidor-payment-solutions-services-3d-secure.png",544,382,false]},"uagb_author_info":{"display_name":"navidor","author_link":"https:\/\/navidor.com\/fr\/author\/navidor\/"},"uagb_comment_info":0,"uagb_excerpt":"La protection suppl\u00e9mentaire contre la fraude","_links":{"self":[{"href":"https:\/\/navidor.com\/fr\/wp-json\/wp\/v2\/pages\/4311","targetHints":{"allow":["GET"]}}],"collection":[{"href":"https:\/\/navidor.com\/fr\/wp-json\/wp\/v2\/pages"}],"about":[{"href":"https:\/\/navidor.com\/fr\/wp-json\/wp\/v2\/types\/page"}],"author":[{"embeddable":true,"href":"https:\/\/navidor.com\/fr\/wp-json\/wp\/v2\/users\/1"}],"replies":[{"embeddable":true,"href":"https:\/\/navidor.com\/fr\/wp-json\/wp\/v2\/comments?post=4311"}],"version-history":[{"count":1,"href":"https:\/\/navidor.com\/fr\/wp-json\/wp\/v2\/pages\/4311\/revisions"}],"predecessor-version":[{"id":4313,"href":"https:\/\/navidor.com\/fr\/wp-json\/wp\/v2\/pages\/4311\/revisions\/4313"}],"up":[{"embeddable":true,"href":"https:\/\/navidor.com\/fr\/wp-json\/wp\/v2\/pages\/3046"}],"wp:featuredmedia":[{"embeddable":true,"href":"https:\/\/navidor.com\/fr\/wp-json\/wp\/v2\/media\/4030"}],"wp:attachment":[{"href":"https:\/\/navidor.com\/fr\/wp-json\/wp\/v2\/media?parent=4311"}],"curies":[{"name":"wp","href":"https:\/\/api.w.org\/{rel}","templated":true}]}}