{"id":4321,"date":"2024-04-17T18:23:53","date_gmt":"2024-04-17T18:23:53","guid":{"rendered":"https:\/\/navidor.com\/services\/surcharging-cash-discount-dual-pricing\/"},"modified":"2024-11-13T17:05:08","modified_gmt":"2024-11-13T17:05:08","slug":"surcharging-cash-discount-dual-pricing","status":"publish","type":"page","link":"https:\/\/navidor.com\/fr\/services\/surcharging-cash-discount-dual-pricing\/","title":{"rendered":"Cash Discount, Dual Pricing &amp; Surcharging"},"content":{"rendered":"\n<figure class=\"wp-block-image alignright size-full is-resized is-style-default\"><img loading=\"lazy\" decoding=\"async\" width=\"1080\" height=\"810\" src=\"https:\/\/navidor.com\/wp-content\/uploads\/2024\/11\/Navidor_Icons_Services_Surcharging-edited.jpg\" alt=\"\" class=\"wp-image-4264\" style=\"width:325px\" srcset=\"https:\/\/navidor.com\/wp-content\/uploads\/2024\/11\/Navidor_Icons_Services_Surcharging-edited.jpg 1080w, https:\/\/navidor.com\/wp-content\/uploads\/2024\/11\/Navidor_Icons_Services_Surcharging-edited-300x225.jpg 300w, https:\/\/navidor.com\/wp-content\/uploads\/2024\/11\/Navidor_Icons_Services_Surcharging-edited-1024x768.jpg 1024w, https:\/\/navidor.com\/wp-content\/uploads\/2024\/11\/Navidor_Icons_Services_Surcharging-edited-768x576.jpg 768w\" sizes=\"auto, (max-width: 1080px) 100vw, 1080px\" \/><\/figure>\n\n\n\n<p>Vous avez peut-\u00eatre entendu parler des diff\u00e9rentes m\u00e9thodes qui vous aideront \u00e0 supprimer ou r\u00e9duire vos frais d\u2019encaissement de cartes bancaires:<\/p>\n\n\n\n<p><strong>Surcharging<\/strong> : Appliquer des frais suppl\u00e9mentaires aux clients r\u00e9glant par carte bancaire.<br><strong>Cash Discount <\/strong>: Offrir une remise aux clients r\u00e9glant en esp\u00e8ces,<br><strong>Dual Pricing <\/strong>: Montrer les 2 prix possibles en fonction du mode de paiement choisi<\/p>\n\n\n\n<p>Mais comment savoir laquelle convient le mieux \u00e0 votre entreprise ?<\/p>\n\n\n\n<p>Navidor vous guide \u00e0 travers ces choix en quelques \u00e9tapes simples.<\/p>\n\n\n\n<p>Illustrons cela par un exemple :<\/p>\n\n\n\n<p>Consid\u00e9rons que vous poss\u00e9dez un magasin qui accepte \u00e0 la fois les paiements par carte de cr\u00e9dit et en esp\u00e8ces. Comme la plupart des entreprises, vous supportez des frais d\u2019acceptation des cartes de cr\u00e9dit, et vous pr\u00e9f\u00e9reriez les r\u00e9percuter sur vos clients plut\u00f4t que de les absorber vous-m\u00eame.<\/p>\n\n\n\n<p>C&rsquo;est l\u00e0 que ces m\u00e9thodes interviennent :<\/p>\n\n\n\n<ol class=\"wp-block-list\">\n<li><strong>Surcharging <\/strong>: Cette option consiste \u00e0 ajouter un petit pourcentage (jusqu&rsquo;\u00e0 3 %) au montant total d\u00fb par le client, mais uniquement sur les encaissements par carte bancaire. Attention cet \u00ab extra \u00bb ne peut s&rsquo;appliquer qu&rsquo;aux cartes de CREDIT, et non aux cartes de DEBIT, et vos frais d\u2019encaissement ne seront donc que partiellement couverts.<\/li>\n\n\n\n<li><strong>Cash Discount<\/strong> : Si vous souhaitez encourager les paiements en esp\u00e8ces et accro\u00eetre vos liquidit\u00e9s, vous pouvez offrir une remise aux clients qui paient en cash. Cette m\u00e9thode vous permet de r\u00e9duire votre d\u00e9pendance aux cartes de cr\u00e9dit et de supprimer vos frais d\u2019encaissements.<\/li>\n\n\n\n<li><strong>Dual Pricing<\/strong> : Avec cette option, vous proposez deux prix diff\u00e9rents : un pour les paiements en esp\u00e8ces et un autre (l\u00e9g\u00e8rement plus \u00e9lev\u00e9) pour les paiements par carte. Cela donne aux clients la flexibilit\u00e9 de choisir leur m\u00e9thode de paiement pr\u00e9f\u00e9r\u00e9e tout en indiquant clairement que les paiements par carte entra\u00eenent un co\u00fbt suppl\u00e9mentaire.<\/li>\n<\/ol>\n\n\n\n<p>En r\u00e9sum\u00e9, \u00ab Surcharging \u00bb augmente le co\u00fbt total affich\u00e9, tandis que \u00ab Cash Discount \u00bb et \u00ab Dual Pricing \u00bb le r\u00e9duisent. Cette distinction est importante, car chaque approche peut influencer la perception des clients.<\/p>\n\n\n\n<p>De plus, \u00ab Cash Discount \u00bb et \u00ab Dual Pricing \u00bb sont des m\u00e9thodes l\u00e9gales dans tous les \u00e9tats (USA), tandis que \u00ab Surcharging \u00bb est interdite dans certains \u00e9tats (comme \u00e0 New York), et r\u00e9glement\u00e9e dans d&rsquo;autres, avec des limites variables sur les taux de surcharge maximum. De plus, les prestataires de cartes de cr\u00e9dit peuvent avoir leurs propres directives concernant les pratiques de frais suppl\u00e9mentaires.<\/p>\n\n\n\n<p>Chacune de ces m\u00e9thodes poursuit le m\u00eame objectif : encourager les paiements en esp\u00e8ces et r\u00e9cup\u00e9rer les frais d\u2019encaissement en cartes bancaires. Toutefois, elles n\u00e9cessitent toutes une communication claire, notamment par un affichage \/ signal\u00e9tique en magasin, afin que les clients soient inform\u00e9s de leurs options de paiement. Par ailleurs, tous les terminaux ou syst\u00e8mes de point de vente (<span class='tooltipsall tooltip_post_id_1013 classtoolTips1013'>POS<\/span>) ne prennent pas forc\u00e9ment en charge ces trois fonctionnalit\u00e9s.<\/p>\n\n\n\n<p><strong>Vous h\u00e9sitez encore sur la m\u00e9thode qui convient le mieux \u00e0 votre entreprise ? Contactez Navidor aujourd\u2019hui, et nous vous aiderons \u00e0 faire le bon choix.<\/strong><\/p>\n\n\n\r\n<div id=\"cta-block_43b691d7926b46847ab41db4cf15468f\" class=\"cta iminterested aligncenter\">\r\n    <a href=\"#\">En savoir plus ici<\/a>\r\n<\/div>","protected":false},"excerpt":{"rendered":"<p>Quelle est la diff\u00e9rence ? Comment savoir laquelle convient le mieux \u00e0 votre entreprise ? <\/p>\n","protected":false},"author":1,"featured_media":4028,"parent":3046,"menu_order":0,"comment_status":"closed","ping_status":"closed","template":"page-blank-sub-nav-vertical.php","meta":{"_acf_changed":false,"_uag_custom_page_level_css":"","footnotes":""},"class_list":["post-4321","page","type-page","status-publish","has-post-thumbnail","hentry"],"acf":[],"yoast_head":"<!-- This site is optimized with the Yoast SEO plugin v27.2 - https:\/\/yoast.com\/product\/yoast-seo-wordpress\/ -->\n<title>Cash Discount, Dual Pricing &amp; Surcharging<\/title>\n<meta name=\"robots\" content=\"index, follow, max-snippet:-1, max-image-preview:large, max-video-preview:-1\" \/>\n<link rel=\"canonical\" href=\"https:\/\/navidor.com\/fr\/services\/surcharging-cash-discount-dual-pricing\/\" \/>\n<meta property=\"og:locale\" content=\"fr_FR\" \/>\n<meta property=\"og:type\" content=\"article\" \/>\n<meta property=\"og:title\" content=\"Cash Discount, Dual Pricing &amp; Surcharging\" \/>\n<meta property=\"og:description\" content=\"Quelle est la diff\u00e9rence ? Comment savoir laquelle convient le mieux \u00e0 votre entreprise ?\" \/>\n<meta property=\"og:url\" content=\"https:\/\/navidor.com\/fr\/services\/surcharging-cash-discount-dual-pricing\/\" \/>\n<meta property=\"og:site_name\" content=\"Navidor Payment Solutions\" \/>\n<meta property=\"article:publisher\" content=\"https:\/\/www.facebook.com\/NavidorPaymentsolutions\/\" \/>\n<meta property=\"article:modified_time\" content=\"2024-11-13T17:05:08+00:00\" \/>\n<meta property=\"og:image\" content=\"https:\/\/navidor.com\/wp-content\/uploads\/2023\/11\/navidor-payment-solutions-services-surcharging.png\" \/>\n\t<meta property=\"og:image:width\" content=\"544\" \/>\n\t<meta property=\"og:image:height\" content=\"382\" \/>\n\t<meta property=\"og:image:type\" content=\"image\/png\" \/>\n<meta name=\"twitter:card\" content=\"summary_large_image\" \/>\n<meta name=\"twitter:site\" content=\"@NavidorServices\" \/>\n<meta name=\"twitter:label1\" content=\"Dur\u00e9e de lecture estim\u00e9e\" \/>\n\t<meta name=\"twitter:data1\" content=\"3 minutes\" \/>\n<script type=\"application\/ld+json\" class=\"yoast-schema-graph\">{\"@context\":\"https:\/\/schema.org\",\"@graph\":[{\"@type\":\"WebPage\",\"@id\":\"https:\/\/navidor.com\/fr\/services\/surcharging-cash-discount-dual-pricing\/\",\"url\":\"https:\/\/navidor.com\/fr\/services\/surcharging-cash-discount-dual-pricing\/\",\"name\":\"Cash Discount, Dual Pricing & Surcharging\",\"isPartOf\":{\"@id\":\"https:\/\/navidor.com\/fr\/#website\"},\"primaryImageOfPage\":{\"@id\":\"https:\/\/navidor.com\/fr\/services\/surcharging-cash-discount-dual-pricing\/#primaryimage\"},\"image\":{\"@id\":\"https:\/\/navidor.com\/fr\/services\/surcharging-cash-discount-dual-pricing\/#primaryimage\"},\"thumbnailUrl\":\"https:\/\/navidor.com\/wp-content\/uploads\/2023\/11\/navidor-payment-solutions-services-surcharging.png\",\"datePublished\":\"2024-04-17T18:23:53+00:00\",\"dateModified\":\"2024-11-13T17:05:08+00:00\",\"breadcrumb\":{\"@id\":\"https:\/\/navidor.com\/fr\/services\/surcharging-cash-discount-dual-pricing\/#breadcrumb\"},\"inLanguage\":\"fr-FR\",\"potentialAction\":[{\"@type\":\"ReadAction\",\"target\":[\"https:\/\/navidor.com\/fr\/services\/surcharging-cash-discount-dual-pricing\/\"]}]},{\"@type\":\"ImageObject\",\"inLanguage\":\"fr-FR\",\"@id\":\"https:\/\/navidor.com\/fr\/services\/surcharging-cash-discount-dual-pricing\/#primaryimage\",\"url\":\"https:\/\/navidor.com\/wp-content\/uploads\/2023\/11\/navidor-payment-solutions-services-surcharging.png\",\"contentUrl\":\"https:\/\/navidor.com\/wp-content\/uploads\/2023\/11\/navidor-payment-solutions-services-surcharging.png\",\"width\":544,\"height\":382},{\"@type\":\"BreadcrumbList\",\"@id\":\"https:\/\/navidor.com\/fr\/services\/surcharging-cash-discount-dual-pricing\/#breadcrumb\",\"itemListElement\":[{\"@type\":\"ListItem\",\"position\":1,\"name\":\"Navidor\",\"item\":\"https:\/\/navidor.com\/fr\/\"},{\"@type\":\"ListItem\",\"position\":2,\"name\":\"Services\",\"item\":\"https:\/\/navidor.com\/fr\/services\/\"},{\"@type\":\"ListItem\",\"position\":3,\"name\":\"Cash Discount, Dual Pricing &amp; Surcharging\"}]},{\"@type\":\"WebSite\",\"@id\":\"https:\/\/navidor.com\/fr\/#website\",\"url\":\"https:\/\/navidor.com\/fr\/\",\"name\":\"Navidor Payment Solutions\",\"description\":\"Payment solutions done right\",\"publisher\":{\"@id\":\"https:\/\/navidor.com\/fr\/#organization\"},\"potentialAction\":[{\"@type\":\"SearchAction\",\"target\":{\"@type\":\"EntryPoint\",\"urlTemplate\":\"https:\/\/navidor.com\/fr\/?s={search_term_string}\"},\"query-input\":{\"@type\":\"PropertyValueSpecification\",\"valueRequired\":true,\"valueName\":\"search_term_string\"}}],\"inLanguage\":\"fr-FR\"},{\"@type\":\"Organization\",\"@id\":\"https:\/\/navidor.com\/fr\/#organization\",\"name\":\"Navidor Payment Solutions\",\"url\":\"https:\/\/navidor.com\/fr\/\",\"logo\":{\"@type\":\"ImageObject\",\"inLanguage\":\"fr-FR\",\"@id\":\"https:\/\/navidor.com\/fr\/#\/schema\/logo\/image\/\",\"url\":\"https:\/\/navidor.com\/wp-content\/uploads\/2019\/11\/navider-payment-solutions-website.png\",\"contentUrl\":\"https:\/\/navidor.com\/wp-content\/uploads\/2019\/11\/navider-payment-solutions-website.png\",\"width\":1200,\"height\":600,\"caption\":\"Navidor Payment Solutions\"},\"image\":{\"@id\":\"https:\/\/navidor.com\/fr\/#\/schema\/logo\/image\/\"},\"sameAs\":[\"https:\/\/www.facebook.com\/NavidorPaymentsolutions\/\",\"https:\/\/x.com\/NavidorServices\",\"https:\/\/www.linkedin.com\/company\/navidor-merchant-services\/\",\"https:\/\/www.instagram.com\/navidor.payment.solutions\/\"]}]}<\/script>\n<!-- \/ Yoast SEO plugin. -->","yoast_head_json":{"title":"Cash Discount, Dual Pricing & Surcharging","robots":{"index":"index","follow":"follow","max-snippet":"max-snippet:-1","max-image-preview":"max-image-preview:large","max-video-preview":"max-video-preview:-1"},"canonical":"https:\/\/navidor.com\/fr\/services\/surcharging-cash-discount-dual-pricing\/","og_locale":"fr_FR","og_type":"article","og_title":"Cash Discount, Dual Pricing & Surcharging","og_description":"Quelle est la diff\u00e9rence ? Comment savoir laquelle convient le mieux \u00e0 votre entreprise ?","og_url":"https:\/\/navidor.com\/fr\/services\/surcharging-cash-discount-dual-pricing\/","og_site_name":"Navidor Payment Solutions","article_publisher":"https:\/\/www.facebook.com\/NavidorPaymentsolutions\/","article_modified_time":"2024-11-13T17:05:08+00:00","og_image":[{"width":544,"height":382,"url":"https:\/\/navidor.com\/wp-content\/uploads\/2023\/11\/navidor-payment-solutions-services-surcharging.png","type":"image\/png"}],"twitter_card":"summary_large_image","twitter_site":"@NavidorServices","twitter_misc":{"Dur\u00e9e de lecture estim\u00e9e":"3 minutes"},"schema":{"@context":"https:\/\/schema.org","@graph":[{"@type":"WebPage","@id":"https:\/\/navidor.com\/fr\/services\/surcharging-cash-discount-dual-pricing\/","url":"https:\/\/navidor.com\/fr\/services\/surcharging-cash-discount-dual-pricing\/","name":"Cash Discount, Dual Pricing & Surcharging","isPartOf":{"@id":"https:\/\/navidor.com\/fr\/#website"},"primaryImageOfPage":{"@id":"https:\/\/navidor.com\/fr\/services\/surcharging-cash-discount-dual-pricing\/#primaryimage"},"image":{"@id":"https:\/\/navidor.com\/fr\/services\/surcharging-cash-discount-dual-pricing\/#primaryimage"},"thumbnailUrl":"https:\/\/navidor.com\/wp-content\/uploads\/2023\/11\/navidor-payment-solutions-services-surcharging.png","datePublished":"2024-04-17T18:23:53+00:00","dateModified":"2024-11-13T17:05:08+00:00","breadcrumb":{"@id":"https:\/\/navidor.com\/fr\/services\/surcharging-cash-discount-dual-pricing\/#breadcrumb"},"inLanguage":"fr-FR","potentialAction":[{"@type":"ReadAction","target":["https:\/\/navidor.com\/fr\/services\/surcharging-cash-discount-dual-pricing\/"]}]},{"@type":"ImageObject","inLanguage":"fr-FR","@id":"https:\/\/navidor.com\/fr\/services\/surcharging-cash-discount-dual-pricing\/#primaryimage","url":"https:\/\/navidor.com\/wp-content\/uploads\/2023\/11\/navidor-payment-solutions-services-surcharging.png","contentUrl":"https:\/\/navidor.com\/wp-content\/uploads\/2023\/11\/navidor-payment-solutions-services-surcharging.png","width":544,"height":382},{"@type":"BreadcrumbList","@id":"https:\/\/navidor.com\/fr\/services\/surcharging-cash-discount-dual-pricing\/#breadcrumb","itemListElement":[{"@type":"ListItem","position":1,"name":"Navidor","item":"https:\/\/navidor.com\/fr\/"},{"@type":"ListItem","position":2,"name":"Services","item":"https:\/\/navidor.com\/fr\/services\/"},{"@type":"ListItem","position":3,"name":"Cash Discount, Dual Pricing &amp; Surcharging"}]},{"@type":"WebSite","@id":"https:\/\/navidor.com\/fr\/#website","url":"https:\/\/navidor.com\/fr\/","name":"Navidor Payment Solutions","description":"Payment solutions done right","publisher":{"@id":"https:\/\/navidor.com\/fr\/#organization"},"potentialAction":[{"@type":"SearchAction","target":{"@type":"EntryPoint","urlTemplate":"https:\/\/navidor.com\/fr\/?s={search_term_string}"},"query-input":{"@type":"PropertyValueSpecification","valueRequired":true,"valueName":"search_term_string"}}],"inLanguage":"fr-FR"},{"@type":"Organization","@id":"https:\/\/navidor.com\/fr\/#organization","name":"Navidor Payment Solutions","url":"https:\/\/navidor.com\/fr\/","logo":{"@type":"ImageObject","inLanguage":"fr-FR","@id":"https:\/\/navidor.com\/fr\/#\/schema\/logo\/image\/","url":"https:\/\/navidor.com\/wp-content\/uploads\/2019\/11\/navider-payment-solutions-website.png","contentUrl":"https:\/\/navidor.com\/wp-content\/uploads\/2019\/11\/navider-payment-solutions-website.png","width":1200,"height":600,"caption":"Navidor Payment Solutions"},"image":{"@id":"https:\/\/navidor.com\/fr\/#\/schema\/logo\/image\/"},"sameAs":["https:\/\/www.facebook.com\/NavidorPaymentsolutions\/","https:\/\/x.com\/NavidorServices","https:\/\/www.linkedin.com\/company\/navidor-merchant-services\/","https:\/\/www.instagram.com\/navidor.payment.solutions\/"]}]}},"uagb_featured_image_src":{"full":["https:\/\/navidor.com\/wp-content\/uploads\/2023\/11\/navidor-payment-solutions-services-surcharging.png",544,382,false],"thumbnail":["https:\/\/navidor.com\/wp-content\/uploads\/2023\/11\/navidor-payment-solutions-services-surcharging-150x150.png",150,150,true],"medium":["https:\/\/navidor.com\/wp-content\/uploads\/2023\/11\/navidor-payment-solutions-services-surcharging-300x211.png",300,211,true],"medium_large":["https:\/\/navidor.com\/wp-content\/uploads\/2023\/11\/navidor-payment-solutions-services-surcharging.png",544,382,false],"large":["https:\/\/navidor.com\/wp-content\/uploads\/2023\/11\/navidor-payment-solutions-services-surcharging.png",544,382,false],"1536x1536":["https:\/\/navidor.com\/wp-content\/uploads\/2023\/11\/navidor-payment-solutions-services-surcharging.png",544,382,false],"2048x2048":["https:\/\/navidor.com\/wp-content\/uploads\/2023\/11\/navidor-payment-solutions-services-surcharging.png",544,382,false],"gform-image-choice-sm":["https:\/\/navidor.com\/wp-content\/uploads\/2023\/11\/navidor-payment-solutions-services-surcharging.png",300,211,false],"gform-image-choice-md":["https:\/\/navidor.com\/wp-content\/uploads\/2023\/11\/navidor-payment-solutions-services-surcharging.png",400,281,false],"gform-image-choice-lg":["https:\/\/navidor.com\/wp-content\/uploads\/2023\/11\/navidor-payment-solutions-services-surcharging.png",544,382,false]},"uagb_author_info":{"display_name":"navidor","author_link":"https:\/\/navidor.com\/fr\/author\/navidor\/"},"uagb_comment_info":0,"uagb_excerpt":"Quelle est la diff\u00e9rence ? Comment savoir laquelle convient le mieux \u00e0 votre entreprise ?","_links":{"self":[{"href":"https:\/\/navidor.com\/fr\/wp-json\/wp\/v2\/pages\/4321","targetHints":{"allow":["GET"]}}],"collection":[{"href":"https:\/\/navidor.com\/fr\/wp-json\/wp\/v2\/pages"}],"about":[{"href":"https:\/\/navidor.com\/fr\/wp-json\/wp\/v2\/types\/page"}],"author":[{"embeddable":true,"href":"https:\/\/navidor.com\/fr\/wp-json\/wp\/v2\/users\/1"}],"replies":[{"embeddable":true,"href":"https:\/\/navidor.com\/fr\/wp-json\/wp\/v2\/comments?post=4321"}],"version-history":[{"count":1,"href":"https:\/\/navidor.com\/fr\/wp-json\/wp\/v2\/pages\/4321\/revisions"}],"predecessor-version":[{"id":4323,"href":"https:\/\/navidor.com\/fr\/wp-json\/wp\/v2\/pages\/4321\/revisions\/4323"}],"up":[{"embeddable":true,"href":"https:\/\/navidor.com\/fr\/wp-json\/wp\/v2\/pages\/3046"}],"wp:featuredmedia":[{"embeddable":true,"href":"https:\/\/navidor.com\/fr\/wp-json\/wp\/v2\/media\/4028"}],"wp:attachment":[{"href":"https:\/\/navidor.com\/fr\/wp-json\/wp\/v2\/media?parent=4321"}],"curies":[{"name":"wp","href":"https:\/\/api.w.org\/{rel}","templated":true}]}}