{"id":4326,"date":"2024-04-17T18:24:11","date_gmt":"2024-04-17T18:24:11","guid":{"rendered":"https:\/\/navidor.com\/services\/accounting-integration\/"},"modified":"2024-11-13T17:13:02","modified_gmt":"2024-11-13T17:13:02","slug":"synchronisation-automatique-encaissements-comptabilite","status":"publish","type":"page","link":"https:\/\/navidor.com\/fr\/services\/synchronisation-automatique-encaissements-comptabilite\/","title":{"rendered":"Synchronisation automatique des encaissements en comptabilit\u00e9"},"content":{"rendered":"\n<figure class=\"wp-block-image alignright size-full is-resized\"><img loading=\"lazy\" decoding=\"async\" width=\"1080\" height=\"810\" src=\"https:\/\/navidor.com\/wp-content\/uploads\/2024\/11\/Navidor_Icons_Services_Accounting_Adjusted-1-edited.jpg\" alt=\"\" class=\"wp-image-4259\" style=\"width:325px\" srcset=\"https:\/\/navidor.com\/wp-content\/uploads\/2024\/11\/Navidor_Icons_Services_Accounting_Adjusted-1-edited.jpg 1080w, https:\/\/navidor.com\/wp-content\/uploads\/2024\/11\/Navidor_Icons_Services_Accounting_Adjusted-1-edited-300x225.jpg 300w, https:\/\/navidor.com\/wp-content\/uploads\/2024\/11\/Navidor_Icons_Services_Accounting_Adjusted-1-edited-1024x768.jpg 1024w, https:\/\/navidor.com\/wp-content\/uploads\/2024\/11\/Navidor_Icons_Services_Accounting_Adjusted-1-edited-768x576.jpg 768w\" sizes=\"auto, (max-width: 1080px) 100vw, 1080px\" \/><\/figure>\n\n\n\n<p>Chez Navidor, nous comprenons les complexit\u00e9s de la gestion des transactions financi\u00e8res. Nos partenaires d\u2019int\u00e9gration comptable connectent votre solution de traitement des paiements aux principaux syst\u00e8mes comptables tels que <strong>QuickBooks<\/strong>, <strong>FreshBooks<\/strong> ou <strong>Xero<\/strong>, offrant une solution de gestion financi\u00e8re unifi\u00e9e et efficace.<\/p>\n\n\n\n<h2 class=\"wp-block-heading\"><strong>Avantages<\/strong> :<\/h2>\n\n\n\n<ul class=\"wp-block-list\">\n<li><strong>Enregistrement automatique des transactions <\/strong>: \u00c9liminez les saisies manuelles en enregistrant chaque <span class='tooltipsall tooltip_post_id_1041 classtoolTips1041'>transaction<\/span> directement dans votre logiciel comptable, \u00e9conomisant du temps et r\u00e9duisant les erreurs.<\/li>\n\n\n\n<li><strong>Efficacit\u00e9 accrue <\/strong>: L&rsquo;automatisation permet \u00e0 votre \u00e9quipe financi\u00e8re de se concentrer sur des activit\u00e9s strat\u00e9giques, comme l&rsquo;analyse et la prise de d\u00e9cision, au lieu de t\u00e2ches redondantes.<\/li>\n\n\n\n<li><strong>Adaptabilit\u00e9 et \u00e9volutivit\u00e9 <\/strong>: Que votre entreprise se d\u00e9veloppe rapidement ou traverse des changements, les solutions d&rsquo;int\u00e9gration comptable s&rsquo;adaptent pour r\u00e9pondre \u00e0 vos besoins.<\/li>\n\n\n\n<li><strong>Int\u00e9gration sans interruption <\/strong>: Un logiciel peut \u00eatre ajout\u00e9 ou int\u00e9gr\u00e9 dans votre processus sans perturber ni impacter n\u00e9gativement vos applications existantes. Le processus est fluide et sans erreur.<\/li>\n<\/ul>\n\n\n\n<h2 class=\"wp-block-heading\"><strong>Fonctionnement<\/strong> :<\/h2>\n\n\n\n<ol class=\"wp-block-list\">\n<li><strong>Consultation <\/strong>: Nous commen\u00e7ons par comprendre vos besoins commerciaux, vos syst\u00e8mes existants, et vos logiciels comptables pr\u00e9f\u00e9r\u00e9s.<\/li>\n\n\n\n<li><strong>\u00c9valuation du syst\u00e8me <\/strong>: Nos experts analysent votre configuration actuelle et identifient la meilleure approche d&rsquo;int\u00e9gration.<\/li>\n\n\n\n<li><strong>Mise en place de l&rsquo;int\u00e9gration personnalis\u00e9e <\/strong>: Des experts vous assistent pour l&rsquo;installation technique, \u00e9tablissant une connexion fluide entre vos syst\u00e8mes de paiement et votre logiciel comptable.<\/li>\n\n\n\n<li><strong>Support continu <\/strong>: Assistance d\u00e9di\u00e9e en continu pour r\u00e9pondre \u00e0 vos questions ou pr\u00e9occupations.<\/li>\n<\/ol>\n\n\n\n<p><strong>En choisissant Navidor pour vos besoins d&rsquo;int\u00e9gration comptable, vous misez sur un partenariat strat\u00e9gique d\u00e9di\u00e9 \u00e0 l&rsquo;optimisation de vos processus financiers, vous permettant ainsi de vous consacrer \u00e0 la croissance de votre entreprise.<\/strong><\/p>\n\n\n\r\n<div id=\"cta-block_9e6c26c12574e1030112df81ce6be581\" class=\"cta iminterested aligncenter\">\r\n    <a href=\"#\">En savoir plus<\/a>\r\n<\/div>","protected":false},"excerpt":{"rendered":"<p>Simplifiez vos transactions et am\u00e9liorez la pr\u00e9cision avec une int\u00e9gration comptable fluide, con\u00e7ue pour rendre vos process plus intelligents et plus efficaces.<\/p>\n","protected":false},"author":1,"featured_media":4022,"parent":3046,"menu_order":0,"comment_status":"closed","ping_status":"closed","template":"page-blank-sub-nav-vertical.php","meta":{"_acf_changed":false,"_uag_custom_page_level_css":"","footnotes":""},"class_list":["post-4326","page","type-page","status-publish","has-post-thumbnail","hentry"],"acf":[],"yoast_head":"<!-- This site is optimized with the Yoast SEO plugin v27.2 - https:\/\/yoast.com\/product\/yoast-seo-wordpress\/ -->\n<title>Synchronisation automatique des encaissements en comptabilit\u00e9<\/title>\n<meta name=\"robots\" content=\"index, follow, max-snippet:-1, max-image-preview:large, max-video-preview:-1\" \/>\n<link rel=\"canonical\" href=\"https:\/\/navidor.com\/fr\/services\/synchronisation-automatique-encaissements-comptabilite\/\" \/>\n<meta property=\"og:locale\" content=\"fr_FR\" \/>\n<meta property=\"og:type\" content=\"article\" \/>\n<meta property=\"og:title\" content=\"Synchronisation automatique des encaissements en comptabilit\u00e9\" \/>\n<meta property=\"og:description\" content=\"Simplifiez vos transactions et am\u00e9liorez la pr\u00e9cision avec une int\u00e9gration comptable fluide, con\u00e7ue pour rendre vos process plus intelligents et plus efficaces.\" \/>\n<meta property=\"og:url\" content=\"https:\/\/navidor.com\/fr\/services\/synchronisation-automatique-encaissements-comptabilite\/\" \/>\n<meta property=\"og:site_name\" content=\"Navidor Payment Solutions\" \/>\n<meta property=\"article:publisher\" content=\"https:\/\/www.facebook.com\/NavidorPaymentsolutions\/\" \/>\n<meta property=\"article:modified_time\" content=\"2024-11-13T17:13:02+00:00\" \/>\n<meta property=\"og:image\" content=\"https:\/\/navidor.com\/wp-content\/uploads\/2023\/11\/navidor-payment-solutions-services-accounting.png\" \/>\n\t<meta property=\"og:image:width\" content=\"544\" \/>\n\t<meta property=\"og:image:height\" content=\"382\" \/>\n\t<meta property=\"og:image:type\" content=\"image\/png\" \/>\n<meta name=\"twitter:card\" content=\"summary_large_image\" \/>\n<meta name=\"twitter:site\" content=\"@NavidorServices\" \/>\n<meta name=\"twitter:label1\" content=\"Dur\u00e9e de lecture estim\u00e9e\" \/>\n\t<meta name=\"twitter:data1\" content=\"2 minutes\" \/>\n<script type=\"application\/ld+json\" class=\"yoast-schema-graph\">{\"@context\":\"https:\/\/schema.org\",\"@graph\":[{\"@type\":\"WebPage\",\"@id\":\"https:\/\/navidor.com\/fr\/services\/synchronisation-automatique-encaissements-comptabilite\/\",\"url\":\"https:\/\/navidor.com\/fr\/services\/synchronisation-automatique-encaissements-comptabilite\/\",\"name\":\"Synchronisation automatique des encaissements en comptabilit\u00e9\",\"isPartOf\":{\"@id\":\"https:\/\/navidor.com\/fr\/#website\"},\"primaryImageOfPage\":{\"@id\":\"https:\/\/navidor.com\/fr\/services\/synchronisation-automatique-encaissements-comptabilite\/#primaryimage\"},\"image\":{\"@id\":\"https:\/\/navidor.com\/fr\/services\/synchronisation-automatique-encaissements-comptabilite\/#primaryimage\"},\"thumbnailUrl\":\"https:\/\/navidor.com\/wp-content\/uploads\/2023\/11\/navidor-payment-solutions-services-accounting.png\",\"datePublished\":\"2024-04-17T18:24:11+00:00\",\"dateModified\":\"2024-11-13T17:13:02+00:00\",\"breadcrumb\":{\"@id\":\"https:\/\/navidor.com\/fr\/services\/synchronisation-automatique-encaissements-comptabilite\/#breadcrumb\"},\"inLanguage\":\"fr-FR\",\"potentialAction\":[{\"@type\":\"ReadAction\",\"target\":[\"https:\/\/navidor.com\/fr\/services\/synchronisation-automatique-encaissements-comptabilite\/\"]}]},{\"@type\":\"ImageObject\",\"inLanguage\":\"fr-FR\",\"@id\":\"https:\/\/navidor.com\/fr\/services\/synchronisation-automatique-encaissements-comptabilite\/#primaryimage\",\"url\":\"https:\/\/navidor.com\/wp-content\/uploads\/2023\/11\/navidor-payment-solutions-services-accounting.png\",\"contentUrl\":\"https:\/\/navidor.com\/wp-content\/uploads\/2023\/11\/navidor-payment-solutions-services-accounting.png\",\"width\":544,\"height\":382},{\"@type\":\"BreadcrumbList\",\"@id\":\"https:\/\/navidor.com\/fr\/services\/synchronisation-automatique-encaissements-comptabilite\/#breadcrumb\",\"itemListElement\":[{\"@type\":\"ListItem\",\"position\":1,\"name\":\"Navidor\",\"item\":\"https:\/\/navidor.com\/fr\/\"},{\"@type\":\"ListItem\",\"position\":2,\"name\":\"Services\",\"item\":\"https:\/\/navidor.com\/fr\/services\/\"},{\"@type\":\"ListItem\",\"position\":3,\"name\":\"Synchronisation automatique des encaissements en comptabilit\u00e9\"}]},{\"@type\":\"WebSite\",\"@id\":\"https:\/\/navidor.com\/fr\/#website\",\"url\":\"https:\/\/navidor.com\/fr\/\",\"name\":\"Navidor Payment Solutions\",\"description\":\"Payment solutions done right\",\"publisher\":{\"@id\":\"https:\/\/navidor.com\/fr\/#organization\"},\"potentialAction\":[{\"@type\":\"SearchAction\",\"target\":{\"@type\":\"EntryPoint\",\"urlTemplate\":\"https:\/\/navidor.com\/fr\/?s={search_term_string}\"},\"query-input\":{\"@type\":\"PropertyValueSpecification\",\"valueRequired\":true,\"valueName\":\"search_term_string\"}}],\"inLanguage\":\"fr-FR\"},{\"@type\":\"Organization\",\"@id\":\"https:\/\/navidor.com\/fr\/#organization\",\"name\":\"Navidor Payment Solutions\",\"url\":\"https:\/\/navidor.com\/fr\/\",\"logo\":{\"@type\":\"ImageObject\",\"inLanguage\":\"fr-FR\",\"@id\":\"https:\/\/navidor.com\/fr\/#\/schema\/logo\/image\/\",\"url\":\"https:\/\/navidor.com\/wp-content\/uploads\/2019\/11\/navider-payment-solutions-website.png\",\"contentUrl\":\"https:\/\/navidor.com\/wp-content\/uploads\/2019\/11\/navider-payment-solutions-website.png\",\"width\":1200,\"height\":600,\"caption\":\"Navidor Payment Solutions\"},\"image\":{\"@id\":\"https:\/\/navidor.com\/fr\/#\/schema\/logo\/image\/\"},\"sameAs\":[\"https:\/\/www.facebook.com\/NavidorPaymentsolutions\/\",\"https:\/\/x.com\/NavidorServices\",\"https:\/\/www.linkedin.com\/company\/navidor-merchant-services\/\",\"https:\/\/www.instagram.com\/navidor.payment.solutions\/\"]}]}<\/script>\n<!-- \/ Yoast SEO plugin. -->","yoast_head_json":{"title":"Synchronisation automatique des encaissements en comptabilit\u00e9","robots":{"index":"index","follow":"follow","max-snippet":"max-snippet:-1","max-image-preview":"max-image-preview:large","max-video-preview":"max-video-preview:-1"},"canonical":"https:\/\/navidor.com\/fr\/services\/synchronisation-automatique-encaissements-comptabilite\/","og_locale":"fr_FR","og_type":"article","og_title":"Synchronisation automatique des encaissements en comptabilit\u00e9","og_description":"Simplifiez vos transactions et am\u00e9liorez la pr\u00e9cision avec une int\u00e9gration comptable fluide, con\u00e7ue pour rendre vos process plus intelligents et plus efficaces.","og_url":"https:\/\/navidor.com\/fr\/services\/synchronisation-automatique-encaissements-comptabilite\/","og_site_name":"Navidor Payment Solutions","article_publisher":"https:\/\/www.facebook.com\/NavidorPaymentsolutions\/","article_modified_time":"2024-11-13T17:13:02+00:00","og_image":[{"width":544,"height":382,"url":"https:\/\/navidor.com\/wp-content\/uploads\/2023\/11\/navidor-payment-solutions-services-accounting.png","type":"image\/png"}],"twitter_card":"summary_large_image","twitter_site":"@NavidorServices","twitter_misc":{"Dur\u00e9e de lecture estim\u00e9e":"2 minutes"},"schema":{"@context":"https:\/\/schema.org","@graph":[{"@type":"WebPage","@id":"https:\/\/navidor.com\/fr\/services\/synchronisation-automatique-encaissements-comptabilite\/","url":"https:\/\/navidor.com\/fr\/services\/synchronisation-automatique-encaissements-comptabilite\/","name":"Synchronisation automatique des encaissements en comptabilit\u00e9","isPartOf":{"@id":"https:\/\/navidor.com\/fr\/#website"},"primaryImageOfPage":{"@id":"https:\/\/navidor.com\/fr\/services\/synchronisation-automatique-encaissements-comptabilite\/#primaryimage"},"image":{"@id":"https:\/\/navidor.com\/fr\/services\/synchronisation-automatique-encaissements-comptabilite\/#primaryimage"},"thumbnailUrl":"https:\/\/navidor.com\/wp-content\/uploads\/2023\/11\/navidor-payment-solutions-services-accounting.png","datePublished":"2024-04-17T18:24:11+00:00","dateModified":"2024-11-13T17:13:02+00:00","breadcrumb":{"@id":"https:\/\/navidor.com\/fr\/services\/synchronisation-automatique-encaissements-comptabilite\/#breadcrumb"},"inLanguage":"fr-FR","potentialAction":[{"@type":"ReadAction","target":["https:\/\/navidor.com\/fr\/services\/synchronisation-automatique-encaissements-comptabilite\/"]}]},{"@type":"ImageObject","inLanguage":"fr-FR","@id":"https:\/\/navidor.com\/fr\/services\/synchronisation-automatique-encaissements-comptabilite\/#primaryimage","url":"https:\/\/navidor.com\/wp-content\/uploads\/2023\/11\/navidor-payment-solutions-services-accounting.png","contentUrl":"https:\/\/navidor.com\/wp-content\/uploads\/2023\/11\/navidor-payment-solutions-services-accounting.png","width":544,"height":382},{"@type":"BreadcrumbList","@id":"https:\/\/navidor.com\/fr\/services\/synchronisation-automatique-encaissements-comptabilite\/#breadcrumb","itemListElement":[{"@type":"ListItem","position":1,"name":"Navidor","item":"https:\/\/navidor.com\/fr\/"},{"@type":"ListItem","position":2,"name":"Services","item":"https:\/\/navidor.com\/fr\/services\/"},{"@type":"ListItem","position":3,"name":"Synchronisation automatique des encaissements en comptabilit\u00e9"}]},{"@type":"WebSite","@id":"https:\/\/navidor.com\/fr\/#website","url":"https:\/\/navidor.com\/fr\/","name":"Navidor Payment Solutions","description":"Payment solutions done right","publisher":{"@id":"https:\/\/navidor.com\/fr\/#organization"},"potentialAction":[{"@type":"SearchAction","target":{"@type":"EntryPoint","urlTemplate":"https:\/\/navidor.com\/fr\/?s={search_term_string}"},"query-input":{"@type":"PropertyValueSpecification","valueRequired":true,"valueName":"search_term_string"}}],"inLanguage":"fr-FR"},{"@type":"Organization","@id":"https:\/\/navidor.com\/fr\/#organization","name":"Navidor Payment Solutions","url":"https:\/\/navidor.com\/fr\/","logo":{"@type":"ImageObject","inLanguage":"fr-FR","@id":"https:\/\/navidor.com\/fr\/#\/schema\/logo\/image\/","url":"https:\/\/navidor.com\/wp-content\/uploads\/2019\/11\/navider-payment-solutions-website.png","contentUrl":"https:\/\/navidor.com\/wp-content\/uploads\/2019\/11\/navider-payment-solutions-website.png","width":1200,"height":600,"caption":"Navidor Payment Solutions"},"image":{"@id":"https:\/\/navidor.com\/fr\/#\/schema\/logo\/image\/"},"sameAs":["https:\/\/www.facebook.com\/NavidorPaymentsolutions\/","https:\/\/x.com\/NavidorServices","https:\/\/www.linkedin.com\/company\/navidor-merchant-services\/","https:\/\/www.instagram.com\/navidor.payment.solutions\/"]}]}},"uagb_featured_image_src":{"full":["https:\/\/navidor.com\/wp-content\/uploads\/2023\/11\/navidor-payment-solutions-services-accounting.png",544,382,false],"thumbnail":["https:\/\/navidor.com\/wp-content\/uploads\/2023\/11\/navidor-payment-solutions-services-accounting-150x150.png",150,150,true],"medium":["https:\/\/navidor.com\/wp-content\/uploads\/2023\/11\/navidor-payment-solutions-services-accounting-300x211.png",300,211,true],"medium_large":["https:\/\/navidor.com\/wp-content\/uploads\/2023\/11\/navidor-payment-solutions-services-accounting.png",544,382,false],"large":["https:\/\/navidor.com\/wp-content\/uploads\/2023\/11\/navidor-payment-solutions-services-accounting.png",544,382,false],"1536x1536":["https:\/\/navidor.com\/wp-content\/uploads\/2023\/11\/navidor-payment-solutions-services-accounting.png",544,382,false],"2048x2048":["https:\/\/navidor.com\/wp-content\/uploads\/2023\/11\/navidor-payment-solutions-services-accounting.png",544,382,false],"gform-image-choice-sm":["https:\/\/navidor.com\/wp-content\/uploads\/2023\/11\/navidor-payment-solutions-services-accounting.png",300,211,false],"gform-image-choice-md":["https:\/\/navidor.com\/wp-content\/uploads\/2023\/11\/navidor-payment-solutions-services-accounting.png",400,281,false],"gform-image-choice-lg":["https:\/\/navidor.com\/wp-content\/uploads\/2023\/11\/navidor-payment-solutions-services-accounting.png",544,382,false]},"uagb_author_info":{"display_name":"navidor","author_link":"https:\/\/navidor.com\/fr\/author\/navidor\/"},"uagb_comment_info":0,"uagb_excerpt":"Simplifiez vos transactions et am\u00e9liorez la pr\u00e9cision avec une int\u00e9gration comptable fluide, con\u00e7ue pour rendre vos process plus intelligents et plus efficaces.","_links":{"self":[{"href":"https:\/\/navidor.com\/fr\/wp-json\/wp\/v2\/pages\/4326","targetHints":{"allow":["GET"]}}],"collection":[{"href":"https:\/\/navidor.com\/fr\/wp-json\/wp\/v2\/pages"}],"about":[{"href":"https:\/\/navidor.com\/fr\/wp-json\/wp\/v2\/types\/page"}],"author":[{"embeddable":true,"href":"https:\/\/navidor.com\/fr\/wp-json\/wp\/v2\/users\/1"}],"replies":[{"embeddable":true,"href":"https:\/\/navidor.com\/fr\/wp-json\/wp\/v2\/comments?post=4326"}],"version-history":[{"count":1,"href":"https:\/\/navidor.com\/fr\/wp-json\/wp\/v2\/pages\/4326\/revisions"}],"predecessor-version":[{"id":4328,"href":"https:\/\/navidor.com\/fr\/wp-json\/wp\/v2\/pages\/4326\/revisions\/4328"}],"up":[{"embeddable":true,"href":"https:\/\/navidor.com\/fr\/wp-json\/wp\/v2\/pages\/3046"}],"wp:featuredmedia":[{"embeddable":true,"href":"https:\/\/navidor.com\/fr\/wp-json\/wp\/v2\/media\/4022"}],"wp:attachment":[{"href":"https:\/\/navidor.com\/fr\/wp-json\/wp\/v2\/media?parent=4326"}],"curies":[{"name":"wp","href":"https:\/\/api.w.org\/{rel}","templated":true}]}}