{"id":4332,"date":"2024-04-17T18:24:04","date_gmt":"2024-04-17T18:24:04","guid":{"rendered":"https:\/\/navidor.com\/services\/l2-l3-processing\/"},"modified":"2024-11-13T17:21:30","modified_gmt":"2024-11-13T17:21:30","slug":"methodes-l2-l3","status":"publish","type":"page","link":"https:\/\/navidor.com\/fr\/services\/methodes-l2-l3\/","title":{"rendered":"Level 2 et Level 3 Processing"},"content":{"rendered":"\n<figure class=\"wp-block-image alignright size-full is-resized\"><img loading=\"lazy\" decoding=\"async\" width=\"544\" height=\"382\" src=\"https:\/\/navidor.com\/wp-content\/uploads\/2023\/11\/navidor-payment-solutions-services-l2-l3-processing.png\" alt=\"\" class=\"wp-image-4023\" style=\"width:325px\" srcset=\"https:\/\/navidor.com\/wp-content\/uploads\/2023\/11\/navidor-payment-solutions-services-l2-l3-processing.png 544w, https:\/\/navidor.com\/wp-content\/uploads\/2023\/11\/navidor-payment-solutions-services-l2-l3-processing-300x211.png 300w\" sizes=\"auto, (max-width: 544px) 100vw, 544px\" \/><\/figure>\n\n\n\n<p>Navidor Payment Solutions va au-del\u00e0 des services de base pour proposer des solutions avanc\u00e9es et automatis\u00e9es, con\u00e7ues pour am\u00e9liorer vos transactions et optimiser vos b\u00e9n\u00e9fices. La m\u00e9thode du \u00ab Level 2 et Level 3 \u00bb est sp\u00e9cialement adapt\u00e9e aux entreprises qui op\u00e8rent dans le B2B (Business-to-Business) et le B2G (Business-to-Government), et traitent g\u00e9n\u00e9ralement des volumes importants, mais pas exclusivement.<\/p>\n\n\n\n<h2 class=\"wp-block-heading\"><strong>R\u00e9duire les co\u00fbts gr\u00e2ce aux donn\u00e9es<\/strong><\/h2>\n\n\n\n<p>Les frais d\u2019interchange associ\u00e9s \u00e0 l&rsquo;acceptation des cartes de cr\u00e9dit font partie de l\u2019activit\u00e9 commerciale. Cependant, les entreprises peuvent r\u00e9duire ces co\u00fbts en collectant et en transmettant les donn\u00e9es de <span class='tooltipsall tooltip_post_id_1041 classtoolTips1041'>transaction<\/span> ad\u00e9quates. Ces informations suppl\u00e9mentaires r\u00e9duisent le risque de fraude, ce qui rend les transactions plus s\u00fbres et moins co\u00fbteuses.<\/p>\n\n\n\n<h2 class=\"wp-block-heading\"><strong>Avantage des Donn\u00e9es<\/strong><\/h2>\n\n\n\n<div class=\"wp-block-group is-layout-constrained wp-block-group-is-layout-constrained\">\n<div class=\"wp-block-group is-layout-constrained wp-block-group-is-layout-constrained\">\n<figure class=\"wp-block-table is-style-regular\"><table><tbody><tr><td><strong>Niveau<\/strong><\/td><td><strong>Donn\u00e9es requises<br><\/strong>(non exhaustives)<\/td><td><strong>Type de carte<\/strong><\/td><td><strong>Taux d&rsquo;<span class='tooltipsall tooltip_post_id_993 classtoolTips993'>interchange<\/span><\/strong><\/td><\/tr><tr><td><strong>Level 1<\/strong><\/td><td>Nom du titulaire de la carte<br>Num\u00e9ro de carte<br>Date d&rsquo;expiration<br>Code CVV<\/td><td>Toutes les cartes de cr\u00e9dit principales<\/td><td>Tr\u00e8s \u00e9lev\u00e9<\/td><\/tr><tr><td><strong>Level 2<\/strong><\/td><td>Donn\u00e9es de niveau 1 +<br>Nom du commer\u00e7ant<br>Montant de la transaction<br>Montant de la taxe de vente \/ droits<br>Code client<br>Code postal du commer\u00e7ant<br>Num\u00e9ro d&rsquo;identification fiscale \/ indicateur fiscal<br>Code de l&rsquo;\u00c9tat du commer\u00e7ant<\/td><td>Toutes les cartes de cr\u00e9dit principales<\/td><td><strong>Plus bas<\/strong><\/td><\/tr><tr><td><strong>Level 3<\/strong><\/td><td>Donn\u00e9es de niveau 2<br>Code produit<br>Description du produit<br>Quantit\u00e9 du produit<br>Montant de la remise<br>Montant du fret \/ exp\u00e9dition<br>Quantit\u00e9<br>Remise par ligne du produit<br>et BIEN PLUS ENCORE !!<\/td><td>Cartes Visa et Mastercard professionnelles<\/td><td>Le plus bas<\/td><\/tr><\/tbody><\/table><figcaption class=\"wp-element-caption\"><br>En r\u00e9sum\u00e9, plus vous transmettez de donn\u00e9es avec la transaction, plus vous \u00e9conomisez !<\/figcaption><\/figure>\n<\/div>\n<\/div>\n\n\n\n<h2 class=\"wp-block-heading\"><strong>Avantages Cl\u00e9s<\/strong><\/h2>\n\n\n\n<p>La m\u00e9thode du \u00ab Level 2 et Level 3 \u00bb est b\u00e9n\u00e9fique pour un large \u00e9ventail de commer\u00e7ants, quel que soit leur secteur d&rsquo;activit\u00e9.<\/p>\n\n\n\n<ul class=\"wp-block-list\">\n<li><strong>R\u00e9ductions des Co\u00fbts <\/strong>: B\u00e9n\u00e9ficiez de frais d\u2019interchange r\u00e9duits, optimisant ainsi vos co\u00fbts de transaction.<\/li>\n\n\n\n<li><strong>Expertise Sectorielle <\/strong>: Exploitez notre expertise pour naviguer facilement dans la complexit\u00e9 de ces m\u00e9thodes.<\/li>\n<\/ul>\n\n\n\n<p>Choisissez Navidor Payment Solutions pour plus que du simple traitement de paiements : b\u00e9n\u00e9ficiez d\u2019un partenaire strat\u00e9gique engag\u00e9 \u00e0 optimiser le co\u00fbt de vos transactions.<\/p>\n\n\n\r\n<div id=\"cta-block_6d9f58f0598ab46b7d1ea7696ef1fbf2\" class=\"cta iminterested aligncenter\">\r\n    <a href=\"#\">En savoir plus<\/a>\r\n<\/div>","protected":false},"excerpt":{"rendered":"<p>Des \u00e9conomies accrues avec les m\u00e9thodes \u00ab Level 2 et Level 3 Processing \u00bb <\/p>\n","protected":false},"author":1,"featured_media":4024,"parent":3046,"menu_order":0,"comment_status":"closed","ping_status":"closed","template":"page-blank-sub-nav-vertical.php","meta":{"_acf_changed":false,"_uag_custom_page_level_css":"","footnotes":""},"class_list":["post-4332","page","type-page","status-publish","has-post-thumbnail","hentry"],"acf":[],"yoast_head":"<!-- This site is optimized with the Yoast SEO plugin v27.2 - https:\/\/yoast.com\/product\/yoast-seo-wordpress\/ -->\n<title>M\u00e9thodes de paiement Level 2 et Level 3 : \u00e9conomies accrues<\/title>\n<meta name=\"robots\" content=\"index, follow, max-snippet:-1, max-image-preview:large, max-video-preview:-1\" \/>\n<link rel=\"canonical\" href=\"https:\/\/navidor.com\/fr\/services\/methodes-l2-l3\/\" \/>\n<meta property=\"og:locale\" content=\"fr_FR\" \/>\n<meta property=\"og:type\" content=\"article\" \/>\n<meta property=\"og:title\" content=\"M\u00e9thodes de paiement Level 2 et Level 3 : \u00e9conomies accrues\" \/>\n<meta property=\"og:description\" content=\"Des \u00e9conomies accrues avec les m\u00e9thodes \u00ab Level 2 et Level 3 Processing \u00bb\" \/>\n<meta property=\"og:url\" content=\"https:\/\/navidor.com\/fr\/services\/methodes-l2-l3\/\" \/>\n<meta property=\"og:site_name\" content=\"Navidor Payment Solutions\" \/>\n<meta property=\"article:publisher\" content=\"https:\/\/www.facebook.com\/NavidorPaymentsolutions\/\" \/>\n<meta property=\"article:modified_time\" content=\"2024-11-13T17:21:30+00:00\" \/>\n<meta property=\"og:image\" content=\"https:\/\/navidor.com\/wp-content\/uploads\/2023\/11\/navidor-payment-solutions-services-l2-l3-processing.png\" \/>\n\t<meta property=\"og:image:width\" content=\"544\" \/>\n\t<meta property=\"og:image:height\" content=\"382\" \/>\n\t<meta property=\"og:image:type\" content=\"image\/png\" \/>\n<meta name=\"twitter:card\" content=\"summary_large_image\" \/>\n<meta name=\"twitter:site\" content=\"@NavidorServices\" \/>\n<meta name=\"twitter:label1\" content=\"Dur\u00e9e de lecture estim\u00e9e\" \/>\n\t<meta name=\"twitter:data1\" content=\"2 minutes\" \/>\n<script type=\"application\/ld+json\" class=\"yoast-schema-graph\">{\"@context\":\"https:\/\/schema.org\",\"@graph\":[{\"@type\":\"WebPage\",\"@id\":\"https:\/\/navidor.com\/fr\/services\/methodes-l2-l3\/\",\"url\":\"https:\/\/navidor.com\/fr\/services\/methodes-l2-l3\/\",\"name\":\"M\u00e9thodes de paiement Level 2 et Level 3 : \u00e9conomies accrues\",\"isPartOf\":{\"@id\":\"https:\/\/navidor.com\/fr\/#website\"},\"primaryImageOfPage\":{\"@id\":\"https:\/\/navidor.com\/fr\/services\/methodes-l2-l3\/#primaryimage\"},\"image\":{\"@id\":\"https:\/\/navidor.com\/fr\/services\/methodes-l2-l3\/#primaryimage\"},\"thumbnailUrl\":\"https:\/\/navidor.com\/wp-content\/uploads\/2023\/11\/navidor-payment-solutions-services-l2-l3-processing.png\",\"datePublished\":\"2024-04-17T18:24:04+00:00\",\"dateModified\":\"2024-11-13T17:21:30+00:00\",\"breadcrumb\":{\"@id\":\"https:\/\/navidor.com\/fr\/services\/methodes-l2-l3\/#breadcrumb\"},\"inLanguage\":\"fr-FR\",\"potentialAction\":[{\"@type\":\"ReadAction\",\"target\":[\"https:\/\/navidor.com\/fr\/services\/methodes-l2-l3\/\"]}]},{\"@type\":\"ImageObject\",\"inLanguage\":\"fr-FR\",\"@id\":\"https:\/\/navidor.com\/fr\/services\/methodes-l2-l3\/#primaryimage\",\"url\":\"https:\/\/navidor.com\/wp-content\/uploads\/2023\/11\/navidor-payment-solutions-services-l2-l3-processing.png\",\"contentUrl\":\"https:\/\/navidor.com\/wp-content\/uploads\/2023\/11\/navidor-payment-solutions-services-l2-l3-processing.png\",\"width\":544,\"height\":382},{\"@type\":\"BreadcrumbList\",\"@id\":\"https:\/\/navidor.com\/fr\/services\/methodes-l2-l3\/#breadcrumb\",\"itemListElement\":[{\"@type\":\"ListItem\",\"position\":1,\"name\":\"Navidor\",\"item\":\"https:\/\/navidor.com\/fr\/\"},{\"@type\":\"ListItem\",\"position\":2,\"name\":\"Services\",\"item\":\"https:\/\/navidor.com\/fr\/services\/\"},{\"@type\":\"ListItem\",\"position\":3,\"name\":\"Level 2 et Level 3 Processing\"}]},{\"@type\":\"WebSite\",\"@id\":\"https:\/\/navidor.com\/fr\/#website\",\"url\":\"https:\/\/navidor.com\/fr\/\",\"name\":\"Navidor Payment Solutions\",\"description\":\"Payment solutions done right\",\"publisher\":{\"@id\":\"https:\/\/navidor.com\/fr\/#organization\"},\"potentialAction\":[{\"@type\":\"SearchAction\",\"target\":{\"@type\":\"EntryPoint\",\"urlTemplate\":\"https:\/\/navidor.com\/fr\/?s={search_term_string}\"},\"query-input\":{\"@type\":\"PropertyValueSpecification\",\"valueRequired\":true,\"valueName\":\"search_term_string\"}}],\"inLanguage\":\"fr-FR\"},{\"@type\":\"Organization\",\"@id\":\"https:\/\/navidor.com\/fr\/#organization\",\"name\":\"Navidor Payment Solutions\",\"url\":\"https:\/\/navidor.com\/fr\/\",\"logo\":{\"@type\":\"ImageObject\",\"inLanguage\":\"fr-FR\",\"@id\":\"https:\/\/navidor.com\/fr\/#\/schema\/logo\/image\/\",\"url\":\"https:\/\/navidor.com\/wp-content\/uploads\/2019\/11\/navider-payment-solutions-website.png\",\"contentUrl\":\"https:\/\/navidor.com\/wp-content\/uploads\/2019\/11\/navider-payment-solutions-website.png\",\"width\":1200,\"height\":600,\"caption\":\"Navidor Payment Solutions\"},\"image\":{\"@id\":\"https:\/\/navidor.com\/fr\/#\/schema\/logo\/image\/\"},\"sameAs\":[\"https:\/\/www.facebook.com\/NavidorPaymentsolutions\/\",\"https:\/\/x.com\/NavidorServices\",\"https:\/\/www.linkedin.com\/company\/navidor-merchant-services\/\",\"https:\/\/www.instagram.com\/navidor.payment.solutions\/\"]}]}<\/script>\n<!-- \/ Yoast SEO plugin. -->","yoast_head_json":{"title":"M\u00e9thodes de paiement Level 2 et Level 3 : \u00e9conomies accrues","robots":{"index":"index","follow":"follow","max-snippet":"max-snippet:-1","max-image-preview":"max-image-preview:large","max-video-preview":"max-video-preview:-1"},"canonical":"https:\/\/navidor.com\/fr\/services\/methodes-l2-l3\/","og_locale":"fr_FR","og_type":"article","og_title":"M\u00e9thodes de paiement Level 2 et Level 3 : \u00e9conomies accrues","og_description":"Des \u00e9conomies accrues avec les m\u00e9thodes \u00ab Level 2 et Level 3 Processing \u00bb","og_url":"https:\/\/navidor.com\/fr\/services\/methodes-l2-l3\/","og_site_name":"Navidor Payment Solutions","article_publisher":"https:\/\/www.facebook.com\/NavidorPaymentsolutions\/","article_modified_time":"2024-11-13T17:21:30+00:00","og_image":[{"width":544,"height":382,"url":"https:\/\/navidor.com\/wp-content\/uploads\/2023\/11\/navidor-payment-solutions-services-l2-l3-processing.png","type":"image\/png"}],"twitter_card":"summary_large_image","twitter_site":"@NavidorServices","twitter_misc":{"Dur\u00e9e de lecture estim\u00e9e":"2 minutes"},"schema":{"@context":"https:\/\/schema.org","@graph":[{"@type":"WebPage","@id":"https:\/\/navidor.com\/fr\/services\/methodes-l2-l3\/","url":"https:\/\/navidor.com\/fr\/services\/methodes-l2-l3\/","name":"M\u00e9thodes de paiement Level 2 et Level 3 : \u00e9conomies accrues","isPartOf":{"@id":"https:\/\/navidor.com\/fr\/#website"},"primaryImageOfPage":{"@id":"https:\/\/navidor.com\/fr\/services\/methodes-l2-l3\/#primaryimage"},"image":{"@id":"https:\/\/navidor.com\/fr\/services\/methodes-l2-l3\/#primaryimage"},"thumbnailUrl":"https:\/\/navidor.com\/wp-content\/uploads\/2023\/11\/navidor-payment-solutions-services-l2-l3-processing.png","datePublished":"2024-04-17T18:24:04+00:00","dateModified":"2024-11-13T17:21:30+00:00","breadcrumb":{"@id":"https:\/\/navidor.com\/fr\/services\/methodes-l2-l3\/#breadcrumb"},"inLanguage":"fr-FR","potentialAction":[{"@type":"ReadAction","target":["https:\/\/navidor.com\/fr\/services\/methodes-l2-l3\/"]}]},{"@type":"ImageObject","inLanguage":"fr-FR","@id":"https:\/\/navidor.com\/fr\/services\/methodes-l2-l3\/#primaryimage","url":"https:\/\/navidor.com\/wp-content\/uploads\/2023\/11\/navidor-payment-solutions-services-l2-l3-processing.png","contentUrl":"https:\/\/navidor.com\/wp-content\/uploads\/2023\/11\/navidor-payment-solutions-services-l2-l3-processing.png","width":544,"height":382},{"@type":"BreadcrumbList","@id":"https:\/\/navidor.com\/fr\/services\/methodes-l2-l3\/#breadcrumb","itemListElement":[{"@type":"ListItem","position":1,"name":"Navidor","item":"https:\/\/navidor.com\/fr\/"},{"@type":"ListItem","position":2,"name":"Services","item":"https:\/\/navidor.com\/fr\/services\/"},{"@type":"ListItem","position":3,"name":"Level 2 et Level 3 Processing"}]},{"@type":"WebSite","@id":"https:\/\/navidor.com\/fr\/#website","url":"https:\/\/navidor.com\/fr\/","name":"Navidor Payment Solutions","description":"Payment solutions done right","publisher":{"@id":"https:\/\/navidor.com\/fr\/#organization"},"potentialAction":[{"@type":"SearchAction","target":{"@type":"EntryPoint","urlTemplate":"https:\/\/navidor.com\/fr\/?s={search_term_string}"},"query-input":{"@type":"PropertyValueSpecification","valueRequired":true,"valueName":"search_term_string"}}],"inLanguage":"fr-FR"},{"@type":"Organization","@id":"https:\/\/navidor.com\/fr\/#organization","name":"Navidor Payment Solutions","url":"https:\/\/navidor.com\/fr\/","logo":{"@type":"ImageObject","inLanguage":"fr-FR","@id":"https:\/\/navidor.com\/fr\/#\/schema\/logo\/image\/","url":"https:\/\/navidor.com\/wp-content\/uploads\/2019\/11\/navider-payment-solutions-website.png","contentUrl":"https:\/\/navidor.com\/wp-content\/uploads\/2019\/11\/navider-payment-solutions-website.png","width":1200,"height":600,"caption":"Navidor Payment Solutions"},"image":{"@id":"https:\/\/navidor.com\/fr\/#\/schema\/logo\/image\/"},"sameAs":["https:\/\/www.facebook.com\/NavidorPaymentsolutions\/","https:\/\/x.com\/NavidorServices","https:\/\/www.linkedin.com\/company\/navidor-merchant-services\/","https:\/\/www.instagram.com\/navidor.payment.solutions\/"]}]}},"uagb_featured_image_src":{"full":["https:\/\/navidor.com\/wp-content\/uploads\/2023\/11\/navidor-payment-solutions-services-l2-l3-processing.png",544,382,false],"thumbnail":["https:\/\/navidor.com\/wp-content\/uploads\/2023\/11\/navidor-payment-solutions-services-l2-l3-processing-150x150.png",150,150,true],"medium":["https:\/\/navidor.com\/wp-content\/uploads\/2023\/11\/navidor-payment-solutions-services-l2-l3-processing-300x211.png",300,211,true],"medium_large":["https:\/\/navidor.com\/wp-content\/uploads\/2023\/11\/navidor-payment-solutions-services-l2-l3-processing.png",544,382,false],"large":["https:\/\/navidor.com\/wp-content\/uploads\/2023\/11\/navidor-payment-solutions-services-l2-l3-processing.png",544,382,false],"1536x1536":["https:\/\/navidor.com\/wp-content\/uploads\/2023\/11\/navidor-payment-solutions-services-l2-l3-processing.png",544,382,false],"2048x2048":["https:\/\/navidor.com\/wp-content\/uploads\/2023\/11\/navidor-payment-solutions-services-l2-l3-processing.png",544,382,false],"gform-image-choice-sm":["https:\/\/navidor.com\/wp-content\/uploads\/2023\/11\/navidor-payment-solutions-services-l2-l3-processing.png",300,211,false],"gform-image-choice-md":["https:\/\/navidor.com\/wp-content\/uploads\/2023\/11\/navidor-payment-solutions-services-l2-l3-processing.png",400,281,false],"gform-image-choice-lg":["https:\/\/navidor.com\/wp-content\/uploads\/2023\/11\/navidor-payment-solutions-services-l2-l3-processing.png",544,382,false]},"uagb_author_info":{"display_name":"navidor","author_link":"https:\/\/navidor.com\/fr\/author\/navidor\/"},"uagb_comment_info":0,"uagb_excerpt":"Des \u00e9conomies accrues avec les m\u00e9thodes \u00ab Level 2 et Level 3 Processing \u00bb","_links":{"self":[{"href":"https:\/\/navidor.com\/fr\/wp-json\/wp\/v2\/pages\/4332","targetHints":{"allow":["GET"]}}],"collection":[{"href":"https:\/\/navidor.com\/fr\/wp-json\/wp\/v2\/pages"}],"about":[{"href":"https:\/\/navidor.com\/fr\/wp-json\/wp\/v2\/types\/page"}],"author":[{"embeddable":true,"href":"https:\/\/navidor.com\/fr\/wp-json\/wp\/v2\/users\/1"}],"replies":[{"embeddable":true,"href":"https:\/\/navidor.com\/fr\/wp-json\/wp\/v2\/comments?post=4332"}],"version-history":[{"count":1,"href":"https:\/\/navidor.com\/fr\/wp-json\/wp\/v2\/pages\/4332\/revisions"}],"predecessor-version":[{"id":4334,"href":"https:\/\/navidor.com\/fr\/wp-json\/wp\/v2\/pages\/4332\/revisions\/4334"}],"up":[{"embeddable":true,"href":"https:\/\/navidor.com\/fr\/wp-json\/wp\/v2\/pages\/3046"}],"wp:featuredmedia":[{"embeddable":true,"href":"https:\/\/navidor.com\/fr\/wp-json\/wp\/v2\/media\/4024"}],"wp:attachment":[{"href":"https:\/\/navidor.com\/fr\/wp-json\/wp\/v2\/media?parent=4332"}],"curies":[{"name":"wp","href":"https:\/\/api.w.org\/{rel}","templated":true}]}}