{"id":4337,"date":"2024-04-17T18:23:57","date_gmt":"2024-04-17T18:23:57","guid":{"rendered":"https:\/\/navidor.com\/services\/payment-links-pay-by-link\/"},"modified":"2024-11-13T17:28:22","modified_gmt":"2024-11-13T17:28:22","slug":"paiements-links-pay-by-link","status":"publish","type":"page","link":"https:\/\/navidor.com\/fr\/services\/paiements-links-pay-by-link\/","title":{"rendered":"Transformez vos paiements avec \u201cPay by Link\u201d"},"content":{"rendered":"\n<figure class=\"wp-block-image alignright size-full is-resized\"><img loading=\"lazy\" decoding=\"async\" width=\"1080\" height=\"810\" src=\"https:\/\/navidor.com\/wp-content\/uploads\/2024\/11\/Navidor_Icons_Services_PaymentLink-edited.jpg\" alt=\"\" class=\"wp-image-4275\" style=\"width:325px\" srcset=\"https:\/\/navidor.com\/wp-content\/uploads\/2024\/11\/Navidor_Icons_Services_PaymentLink-edited.jpg 1080w, https:\/\/navidor.com\/wp-content\/uploads\/2024\/11\/Navidor_Icons_Services_PaymentLink-edited-300x225.jpg 300w, https:\/\/navidor.com\/wp-content\/uploads\/2024\/11\/Navidor_Icons_Services_PaymentLink-edited-1024x768.jpg 1024w, https:\/\/navidor.com\/wp-content\/uploads\/2024\/11\/Navidor_Icons_Services_PaymentLink-edited-768x576.jpg 768w\" sizes=\"auto, (max-width: 1080px) 100vw, 1080px\" \/><\/figure>\n\n\n\n<p>Dans une \u00e9conomie num\u00e9rique en \u00e9volution constante, il est essentiel pour les entreprises de proposer des solutions de paiement adaptables, s\u00e9curis\u00e9es et faciles \u00e0 utiliser, pour r\u00e9pondre aux divers besoins de leurs clients.<\/p>\n\n\n\n<p>Une option de plus en plus populaire est le service \u00ab Pay by Link \u00bb. Cette approche permet aux entreprises d\u2019encaisser des paiements rapidement et en toute s\u00e9curit\u00e9, et cela sans n\u00e9cessiter une configuration complexe.<\/p>\n\n\n\n<p>Avec cette solution, vous pouvez solliciter un paiement de la part de vos clients, que vous vendiez des produits, des services, y compris de fa\u00e7on r\u00e9currente.<\/p>\n\n\n\n<p>Le processus est simple: envoyez le lien par e-mail, SMS ou sur les r\u00e9seaux sociaux, et le client peut finaliser son paiement facilement, sans longs formulaires ou inscriptions compliqu\u00e9es. Les liens de paiement sont enti\u00e8rement personnalisables pour refl\u00e9ter votre marque, assurant une exp\u00e9rience fluide et professionnelle.<\/p>\n\n\n\n<p>Votre tranquillit\u00e9 d\u2019esprit -et celle de vos clients- est assur\u00e9e gr\u00e2ce au cryptage des transactions. Le r\u00e9sultat est un processus de paiement plus rapide et plus efficace qui am\u00e9liore l&rsquo;exp\u00e9rience client globale.<\/p>\n\n\n\n<h2 class=\"wp-block-heading\"><strong>Avantages<\/strong> :<\/h2>\n\n\n\n<ul class=\"wp-block-list\">\n<li><strong>Simple et rapide<\/strong> : Les liens de paiement simplifient le processus pour les commer\u00e7ants, leur permettant de g\u00e9n\u00e9rer des liens g\u00e9n\u00e9riques ou pour des factures sp\u00e9cifiques, tandis que les clients appr\u00e9cient la fluidit\u00e9 du processus.<\/li>\n\n\n\n<li><strong>Flexibilit\u00e9 <\/strong>: Les liens de paiement sont polyvalents et peuvent \u00eatre personnalis\u00e9s pour divers usages, y compris les paiements uniques, la facturation r\u00e9currente ou les achats sp\u00e9cifiques. Ils peuvent \u00eatre configur\u00e9s pour divers moyens de paiement (cartes de cr\u00e9dit, portefeuilles \u00e9lectroniques, pr\u00e9l\u00e8vement <span class='tooltipsall tooltip_post_id_955 classtoolTips955'>ACH<\/span>, etc.).<\/li>\n\n\n\n<li><strong>Efficacit\u00e9 dans la collecte<\/strong> : Pour les entreprises qui envoient des factures ou per\u00e7oivent des paiements pour services rendus, les liens de paiement offrent un moyen efficace de demander et de recevoir des fonds. Ils peuvent \u00e9galement \u00eatre coupl\u00e9s \u00e0 des outils de synchronisation comptable pour faciliter encore plus la vie des entreprises !<\/li>\n\n\n\n<li><strong>S\u00e9curit\u00e9 <\/strong>: \u00ab Pay by Link \u00bb n\u00e9cessite l\u2019utilisation de plateformes de paiement employant des protocoles de s\u00e9curit\u00e9 \u00e9lev\u00e9s, en particulier le cryptage des donn\u00e9es. Les informations bancaires du client ne sont donc pas partag\u00e9es directement avec l\u2019entreprise, mais trait\u00e9es par des interm\u00e9diaires de confiance sp\u00e9cialis\u00e9s dans la protection des transactions. Enrichi avec une solution 3DSecure, \u00ab Pay by Link \u00bb est un excellent outil de pr\u00e9vention contre la fraude.<\/li>\n\n\n\n<li><strong>Optimisez votre tr\u00e9sorerie<\/strong> : Gr\u00e2ce \u00e0 la facilit\u00e9 d&rsquo;utilisation et de transmission des liens de paiement, vous \u00eates pay\u00e9 plus rapidement.<\/li>\n\n\n\n<li><strong>Nouvelles opportunit\u00e9s commerciales<\/strong> : Gr\u00e2ce \u00e0 sa flexibilit\u00e9 et son accessibilit\u00e9, \u00ab Pay by Link \u00bb favorise le d\u00e9veloppement de nouvelles opportunit\u00e9s commerciales, domestiques ou internationales : certains \u00ab Pay by Link \u00bb peuvent prendre en charge diff\u00e9rentes devises et m\u00e9thodes de paiement locales, facilitant ainsi les encaissements de clients partout dans le monde.<\/li>\n<\/ul>\n\n\n\n<p><strong>En r\u00e9sum\u00e9, les liens de paiement simplifient les transactions en ligne, offrent une grande polyvalence et am\u00e9liorent l&rsquo;efficacit\u00e9 des encaissements pour les commer\u00e7ants.<\/strong><\/p>\n\n\n\r\n<div id=\"cta-block_ba9578bf5587d35df819f7c7046720cb\" class=\"cta iminterested aligncenter\">\r\n    <a href=\"#\">En savoir plus ici<\/a>\r\n<\/div>","protected":false},"excerpt":{"rendered":"<p>Des solutions de paiement adaptables, s\u00e9curis\u00e9es et faciles \u00e0 utiliser<\/p>\n","protected":false},"author":1,"featured_media":4026,"parent":3046,"menu_order":0,"comment_status":"closed","ping_status":"closed","template":"page-blank-sub-nav-vertical.php","meta":{"_acf_changed":false,"_uag_custom_page_level_css":"","footnotes":""},"class_list":["post-4337","page","type-page","status-publish","has-post-thumbnail","hentry"],"acf":[],"yoast_head":"<!-- This site is optimized with the Yoast SEO plugin v27.2 - https:\/\/yoast.com\/product\/yoast-seo-wordpress\/ -->\n<title>Transformez vos paiements avec \u201cPay by Link\u201d<\/title>\n<meta name=\"robots\" content=\"index, follow, max-snippet:-1, max-image-preview:large, max-video-preview:-1\" \/>\n<link rel=\"canonical\" href=\"https:\/\/navidor.com\/fr\/services\/paiements-links-pay-by-link\/\" \/>\n<meta property=\"og:locale\" content=\"fr_FR\" \/>\n<meta property=\"og:type\" content=\"article\" \/>\n<meta property=\"og:title\" content=\"Transformez vos paiements avec \u201cPay by Link\u201d\" \/>\n<meta property=\"og:description\" content=\"Des solutions de paiement adaptables, s\u00e9curis\u00e9es et faciles \u00e0 utiliser\" \/>\n<meta property=\"og:url\" content=\"https:\/\/navidor.com\/fr\/services\/paiements-links-pay-by-link\/\" \/>\n<meta property=\"og:site_name\" content=\"Navidor Payment Solutions\" \/>\n<meta property=\"article:publisher\" content=\"https:\/\/www.facebook.com\/NavidorPaymentsolutions\/\" \/>\n<meta property=\"article:modified_time\" content=\"2024-11-13T17:28:22+00:00\" \/>\n<meta property=\"og:image\" content=\"https:\/\/navidor.com\/wp-content\/uploads\/2023\/11\/navidor-payment-solutions-services-payment-links.png\" \/>\n\t<meta property=\"og:image:width\" content=\"544\" \/>\n\t<meta property=\"og:image:height\" content=\"382\" \/>\n\t<meta property=\"og:image:type\" content=\"image\/png\" \/>\n<meta name=\"twitter:card\" content=\"summary_large_image\" \/>\n<meta name=\"twitter:site\" content=\"@NavidorServices\" \/>\n<meta name=\"twitter:label1\" content=\"Dur\u00e9e de lecture estim\u00e9e\" \/>\n\t<meta name=\"twitter:data1\" content=\"3 minutes\" \/>\n<script type=\"application\/ld+json\" class=\"yoast-schema-graph\">{\"@context\":\"https:\/\/schema.org\",\"@graph\":[{\"@type\":\"WebPage\",\"@id\":\"https:\/\/navidor.com\/fr\/services\/paiements-links-pay-by-link\/\",\"url\":\"https:\/\/navidor.com\/fr\/services\/paiements-links-pay-by-link\/\",\"name\":\"Transformez vos paiements avec \u201cPay by Link\u201d\",\"isPartOf\":{\"@id\":\"https:\/\/navidor.com\/fr\/#website\"},\"primaryImageOfPage\":{\"@id\":\"https:\/\/navidor.com\/fr\/services\/paiements-links-pay-by-link\/#primaryimage\"},\"image\":{\"@id\":\"https:\/\/navidor.com\/fr\/services\/paiements-links-pay-by-link\/#primaryimage\"},\"thumbnailUrl\":\"https:\/\/navidor.com\/wp-content\/uploads\/2023\/11\/navidor-payment-solutions-services-payment-links.png\",\"datePublished\":\"2024-04-17T18:23:57+00:00\",\"dateModified\":\"2024-11-13T17:28:22+00:00\",\"breadcrumb\":{\"@id\":\"https:\/\/navidor.com\/fr\/services\/paiements-links-pay-by-link\/#breadcrumb\"},\"inLanguage\":\"fr-FR\",\"potentialAction\":[{\"@type\":\"ReadAction\",\"target\":[\"https:\/\/navidor.com\/fr\/services\/paiements-links-pay-by-link\/\"]}]},{\"@type\":\"ImageObject\",\"inLanguage\":\"fr-FR\",\"@id\":\"https:\/\/navidor.com\/fr\/services\/paiements-links-pay-by-link\/#primaryimage\",\"url\":\"https:\/\/navidor.com\/wp-content\/uploads\/2023\/11\/navidor-payment-solutions-services-payment-links.png\",\"contentUrl\":\"https:\/\/navidor.com\/wp-content\/uploads\/2023\/11\/navidor-payment-solutions-services-payment-links.png\",\"width\":544,\"height\":382},{\"@type\":\"BreadcrumbList\",\"@id\":\"https:\/\/navidor.com\/fr\/services\/paiements-links-pay-by-link\/#breadcrumb\",\"itemListElement\":[{\"@type\":\"ListItem\",\"position\":1,\"name\":\"Navidor\",\"item\":\"https:\/\/navidor.com\/fr\/\"},{\"@type\":\"ListItem\",\"position\":2,\"name\":\"Services\",\"item\":\"https:\/\/navidor.com\/fr\/services\/\"},{\"@type\":\"ListItem\",\"position\":3,\"name\":\"Transformez vos paiements avec \u201cPay by Link\u201d\"}]},{\"@type\":\"WebSite\",\"@id\":\"https:\/\/navidor.com\/fr\/#website\",\"url\":\"https:\/\/navidor.com\/fr\/\",\"name\":\"Navidor Payment Solutions\",\"description\":\"Payment solutions done right\",\"publisher\":{\"@id\":\"https:\/\/navidor.com\/fr\/#organization\"},\"potentialAction\":[{\"@type\":\"SearchAction\",\"target\":{\"@type\":\"EntryPoint\",\"urlTemplate\":\"https:\/\/navidor.com\/fr\/?s={search_term_string}\"},\"query-input\":{\"@type\":\"PropertyValueSpecification\",\"valueRequired\":true,\"valueName\":\"search_term_string\"}}],\"inLanguage\":\"fr-FR\"},{\"@type\":\"Organization\",\"@id\":\"https:\/\/navidor.com\/fr\/#organization\",\"name\":\"Navidor Payment Solutions\",\"url\":\"https:\/\/navidor.com\/fr\/\",\"logo\":{\"@type\":\"ImageObject\",\"inLanguage\":\"fr-FR\",\"@id\":\"https:\/\/navidor.com\/fr\/#\/schema\/logo\/image\/\",\"url\":\"https:\/\/navidor.com\/wp-content\/uploads\/2019\/11\/navider-payment-solutions-website.png\",\"contentUrl\":\"https:\/\/navidor.com\/wp-content\/uploads\/2019\/11\/navider-payment-solutions-website.png\",\"width\":1200,\"height\":600,\"caption\":\"Navidor Payment Solutions\"},\"image\":{\"@id\":\"https:\/\/navidor.com\/fr\/#\/schema\/logo\/image\/\"},\"sameAs\":[\"https:\/\/www.facebook.com\/NavidorPaymentsolutions\/\",\"https:\/\/x.com\/NavidorServices\",\"https:\/\/www.linkedin.com\/company\/navidor-merchant-services\/\",\"https:\/\/www.instagram.com\/navidor.payment.solutions\/\"]}]}<\/script>\n<!-- \/ Yoast SEO plugin. -->","yoast_head_json":{"title":"Transformez vos paiements avec \u201cPay by Link\u201d","robots":{"index":"index","follow":"follow","max-snippet":"max-snippet:-1","max-image-preview":"max-image-preview:large","max-video-preview":"max-video-preview:-1"},"canonical":"https:\/\/navidor.com\/fr\/services\/paiements-links-pay-by-link\/","og_locale":"fr_FR","og_type":"article","og_title":"Transformez vos paiements avec \u201cPay by Link\u201d","og_description":"Des solutions de paiement adaptables, s\u00e9curis\u00e9es et faciles \u00e0 utiliser","og_url":"https:\/\/navidor.com\/fr\/services\/paiements-links-pay-by-link\/","og_site_name":"Navidor Payment Solutions","article_publisher":"https:\/\/www.facebook.com\/NavidorPaymentsolutions\/","article_modified_time":"2024-11-13T17:28:22+00:00","og_image":[{"width":544,"height":382,"url":"https:\/\/navidor.com\/wp-content\/uploads\/2023\/11\/navidor-payment-solutions-services-payment-links.png","type":"image\/png"}],"twitter_card":"summary_large_image","twitter_site":"@NavidorServices","twitter_misc":{"Dur\u00e9e de lecture estim\u00e9e":"3 minutes"},"schema":{"@context":"https:\/\/schema.org","@graph":[{"@type":"WebPage","@id":"https:\/\/navidor.com\/fr\/services\/paiements-links-pay-by-link\/","url":"https:\/\/navidor.com\/fr\/services\/paiements-links-pay-by-link\/","name":"Transformez vos paiements avec \u201cPay by Link\u201d","isPartOf":{"@id":"https:\/\/navidor.com\/fr\/#website"},"primaryImageOfPage":{"@id":"https:\/\/navidor.com\/fr\/services\/paiements-links-pay-by-link\/#primaryimage"},"image":{"@id":"https:\/\/navidor.com\/fr\/services\/paiements-links-pay-by-link\/#primaryimage"},"thumbnailUrl":"https:\/\/navidor.com\/wp-content\/uploads\/2023\/11\/navidor-payment-solutions-services-payment-links.png","datePublished":"2024-04-17T18:23:57+00:00","dateModified":"2024-11-13T17:28:22+00:00","breadcrumb":{"@id":"https:\/\/navidor.com\/fr\/services\/paiements-links-pay-by-link\/#breadcrumb"},"inLanguage":"fr-FR","potentialAction":[{"@type":"ReadAction","target":["https:\/\/navidor.com\/fr\/services\/paiements-links-pay-by-link\/"]}]},{"@type":"ImageObject","inLanguage":"fr-FR","@id":"https:\/\/navidor.com\/fr\/services\/paiements-links-pay-by-link\/#primaryimage","url":"https:\/\/navidor.com\/wp-content\/uploads\/2023\/11\/navidor-payment-solutions-services-payment-links.png","contentUrl":"https:\/\/navidor.com\/wp-content\/uploads\/2023\/11\/navidor-payment-solutions-services-payment-links.png","width":544,"height":382},{"@type":"BreadcrumbList","@id":"https:\/\/navidor.com\/fr\/services\/paiements-links-pay-by-link\/#breadcrumb","itemListElement":[{"@type":"ListItem","position":1,"name":"Navidor","item":"https:\/\/navidor.com\/fr\/"},{"@type":"ListItem","position":2,"name":"Services","item":"https:\/\/navidor.com\/fr\/services\/"},{"@type":"ListItem","position":3,"name":"Transformez vos paiements avec \u201cPay by Link\u201d"}]},{"@type":"WebSite","@id":"https:\/\/navidor.com\/fr\/#website","url":"https:\/\/navidor.com\/fr\/","name":"Navidor Payment Solutions","description":"Payment solutions done right","publisher":{"@id":"https:\/\/navidor.com\/fr\/#organization"},"potentialAction":[{"@type":"SearchAction","target":{"@type":"EntryPoint","urlTemplate":"https:\/\/navidor.com\/fr\/?s={search_term_string}"},"query-input":{"@type":"PropertyValueSpecification","valueRequired":true,"valueName":"search_term_string"}}],"inLanguage":"fr-FR"},{"@type":"Organization","@id":"https:\/\/navidor.com\/fr\/#organization","name":"Navidor Payment Solutions","url":"https:\/\/navidor.com\/fr\/","logo":{"@type":"ImageObject","inLanguage":"fr-FR","@id":"https:\/\/navidor.com\/fr\/#\/schema\/logo\/image\/","url":"https:\/\/navidor.com\/wp-content\/uploads\/2019\/11\/navider-payment-solutions-website.png","contentUrl":"https:\/\/navidor.com\/wp-content\/uploads\/2019\/11\/navider-payment-solutions-website.png","width":1200,"height":600,"caption":"Navidor Payment Solutions"},"image":{"@id":"https:\/\/navidor.com\/fr\/#\/schema\/logo\/image\/"},"sameAs":["https:\/\/www.facebook.com\/NavidorPaymentsolutions\/","https:\/\/x.com\/NavidorServices","https:\/\/www.linkedin.com\/company\/navidor-merchant-services\/","https:\/\/www.instagram.com\/navidor.payment.solutions\/"]}]}},"uagb_featured_image_src":{"full":["https:\/\/navidor.com\/wp-content\/uploads\/2023\/11\/navidor-payment-solutions-services-payment-links.png",544,382,false],"thumbnail":["https:\/\/navidor.com\/wp-content\/uploads\/2023\/11\/navidor-payment-solutions-services-payment-links-150x150.png",150,150,true],"medium":["https:\/\/navidor.com\/wp-content\/uploads\/2023\/11\/navidor-payment-solutions-services-payment-links-300x211.png",300,211,true],"medium_large":["https:\/\/navidor.com\/wp-content\/uploads\/2023\/11\/navidor-payment-solutions-services-payment-links.png",544,382,false],"large":["https:\/\/navidor.com\/wp-content\/uploads\/2023\/11\/navidor-payment-solutions-services-payment-links.png",544,382,false],"1536x1536":["https:\/\/navidor.com\/wp-content\/uploads\/2023\/11\/navidor-payment-solutions-services-payment-links.png",544,382,false],"2048x2048":["https:\/\/navidor.com\/wp-content\/uploads\/2023\/11\/navidor-payment-solutions-services-payment-links.png",544,382,false],"gform-image-choice-sm":["https:\/\/navidor.com\/wp-content\/uploads\/2023\/11\/navidor-payment-solutions-services-payment-links.png",300,211,false],"gform-image-choice-md":["https:\/\/navidor.com\/wp-content\/uploads\/2023\/11\/navidor-payment-solutions-services-payment-links.png",400,281,false],"gform-image-choice-lg":["https:\/\/navidor.com\/wp-content\/uploads\/2023\/11\/navidor-payment-solutions-services-payment-links.png",544,382,false]},"uagb_author_info":{"display_name":"navidor","author_link":"https:\/\/navidor.com\/fr\/author\/navidor\/"},"uagb_comment_info":0,"uagb_excerpt":"Des solutions de paiement adaptables, s\u00e9curis\u00e9es et faciles \u00e0 utiliser","_links":{"self":[{"href":"https:\/\/navidor.com\/fr\/wp-json\/wp\/v2\/pages\/4337","targetHints":{"allow":["GET"]}}],"collection":[{"href":"https:\/\/navidor.com\/fr\/wp-json\/wp\/v2\/pages"}],"about":[{"href":"https:\/\/navidor.com\/fr\/wp-json\/wp\/v2\/types\/page"}],"author":[{"embeddable":true,"href":"https:\/\/navidor.com\/fr\/wp-json\/wp\/v2\/users\/1"}],"replies":[{"embeddable":true,"href":"https:\/\/navidor.com\/fr\/wp-json\/wp\/v2\/comments?post=4337"}],"version-history":[{"count":1,"href":"https:\/\/navidor.com\/fr\/wp-json\/wp\/v2\/pages\/4337\/revisions"}],"predecessor-version":[{"id":4339,"href":"https:\/\/navidor.com\/fr\/wp-json\/wp\/v2\/pages\/4337\/revisions\/4339"}],"up":[{"embeddable":true,"href":"https:\/\/navidor.com\/fr\/wp-json\/wp\/v2\/pages\/3046"}],"wp:featuredmedia":[{"embeddable":true,"href":"https:\/\/navidor.com\/fr\/wp-json\/wp\/v2\/media\/4026"}],"wp:attachment":[{"href":"https:\/\/navidor.com\/fr\/wp-json\/wp\/v2\/media?parent=4337"}],"curies":[{"name":"wp","href":"https:\/\/api.w.org\/{rel}","templated":true}]}}